{"id":5212,"date":"2020-04-07T22:22:16","date_gmt":"2020-04-07T20:22:16","guid":{"rendered":"https:\/\/koszur.net\/?post_type=product&#038;p=5212"},"modified":"2022-07-01T22:13:09","modified_gmt":"2022-07-01T20:13:09","slug":"bach-stuttgarter-kammerorchester-benjamin-hudson-concertos-vol-ii-bwv-1041-1043-1056-1060-1064","status":"publish","type":"product","link":"https:\/\/koszur.net\/index.php\/product\/bach-stuttgarter-kammerorchester-benjamin-hudson-concertos-vol-ii-bwv-1041-1043-1056-1060-1064\/","title":{"rendered":"BACH, Stuttgarter Kammerorchester, Benjamin Hudson <br \/>Concertos Vol. II &#8211; BWV 1041-1043, 1056, 1060, 1064"},"content":{"rendered":"<h1 class=\"page_subtitle\">Concertos Vol. II &#8211; BWV 1041-1043, 1056, 1060, 1064<\/h1>\n<p>&nbsp;<\/p>\n<h3>See reviews for this production<\/h3>\n<p><img decoding=\"async\" src=\"http:\/\/www.ccd.pl\/covery\/DE.gif\" \/> <a href=\"http:\/\/www.klassikheute.de\" target=\"_blank\" rel=\"noopener\">Klassik heute<\/a> (05\/24\/2002):<\/p>\n<p>&#8222;Das Stuttgarter Kammerorchester ist ein Musterbeispiel f\u00fcr ein Ensemble, bei dem die Trennung von historischem und modernem Instrumentarium, historischer und moderner Stilistik schlichtweg kein Thema mehr ist: Hier ist zusammengewachsen, was, wenn man Musik interpretierend mit Emotion und Ausdruck f\u00fcllen will, ohnehin zusammengeh\u00f6rt. <a href=\"http:\/\/www.tacet.de\/main\/seite1.php?language=en&amp;filename=kritiken.php&amp;id=296&amp;bestnr=01110\">more&#8230;<\/a><\/p>\n<p><img decoding=\"async\" src=\"http:\/\/www.ccd.pl\/covery\/DE.gif\" \/> <a href=\"http:\/\/www.fonoforum.de\/\" target=\"_blank\" rel=\"noopener\">Fono Forum<\/a> (01\/01\/2002):<\/p>\n<p>&#8222;Mit rundem Ton:<br \/>\nViele Violinkonzerte hat Bach uns leider nicht \u00fcberliefert; dieses Statement gilt selbst dann, wenn auch die mutma\u00dflichen Vorlagen der Cembalokonzerte ber\u00fccksichtigt werden. <a href=\"http:\/\/www.tacet.de\/main\/seite1.php?language=en&amp;filename=kritiken.php&amp;id=295&amp;bestnr=01110\">more&#8230;<\/a><\/p>\n<p>Bach &#8211; TACET 111 Concertos Vol.2, BWV 1041-1043, 1056, 1060, 1064 (Disk1)<\/p>\n<p>01. Violin concerto in G minor, (Allegro) (3:20)<br \/>\n02. Violin concerto in G minor, Largo (3:24)<br \/>\n03. Violin concerto in G minor, Presto (3:37)<\/p>\n<p>04. Concerto for oboe and violin in C minor, Allegro (4:50)<br \/>\n05. Concerto for oboe and violin in C minor, Adagio (6:13)<br \/>\n06. Concerto for oboe and violin in C minor, Allegro (3:35)<\/p>\n<p>07. Violin concerto in A minor BWV 1041, (Allegro) (3:51)<br \/>\n08. Violin concerto in A minor BWV 1041, Andante (6:01)<br \/>\n09. Violin concerto in A minor BWV 1041,Allegro assai (3:23)<\/p>\n<p>Johann Sebastian Bach &#8211; TACET 111 Concertos Vol.2, BWV 1041-1043, 1056, 1060, 1064 CD 2<br \/>\n01. Concerto for 2 violins in D minor BWV 1043, Vivace (3:59)<br \/>\n02. Concerto for 2 violins in D minor BWV 1043, Largo ma non tanto (6:30)<br \/>\n03. Concerto for 2 violins in D minor BWV 1043, Allegro (4:53)<\/p>\n<p>04. Violin concerto in E major BWV 1042, Allegro (7:56)<br \/>\n05. Violin concerto in E major BWV 1042, Adagio (6:09)<br \/>\n06. Violin concerto in E major BWV 1042, Allegro assai (2:46)<\/p>\n<p>07. Concerto for 3 violins in D major, (Allegro) (5:57)<br \/>\n08. Concerto for 3 violins in D major, Adagio (6:26)<br \/>\n09. Concerto for 3 violins in D major, Allegro (4:08)<\/p>\n<p>&nbsp;<\/p>\n<div class=\"samples\" id=\"mainwrap\">\n                <div id=\"nowPlay\">\n                    <span id=\"npAction\">Paused...<\/span><span id=\"npTitle\"><\/span>\n                <\/div>\n                <div id=\"audiowrap\" class=\"row\">\n                    <div id=\"audio0\" class=\"col-md-9\">\n                        <audio id=\"audio1\" preload controls>Your browser does not support HTML5 Audio! \ud83d\ude22<\/audio>\n                    <\/div>\n                    <div id=\"tracks\" class=\"col-md-3\">\n                        <a id=\"btnPrev\">&larr;<\/a><a id=\"btnNext\">&rarr;<\/a>\n                    <\/div>\n                <\/div>\n                <div id=\"plwrap\">\n                    <ul id=\"plList\"><\/ul>\n                <\/div>\n            <\/div>\n<p>&nbsp;<\/p>\n","protected":false},"excerpt":{"rendered":"<p>Concertos Vol. II &#8211; BWV 1041-1043, 1056, 1060, 1064 &nbsp; See reviews for this production Klassik heute (05\/24\/2002): &#8222;Das Stuttgarter Kammerorchester ist ein Musterbeispiel f\u00fcr ein Ensemble, bei dem die Trennung von historischem und modernem Instrumentarium, historischer und moderner Stilistik schlichtweg kein Thema mehr ist: Hier ist zusammengewachsen, was, wenn man Musik interpretierend mit Emotion [&hellip;]<\/p>\n","protected":false},"featured_media":5213,"comment_status":"open","ping_status":"closed","template":"","meta":[],"product_brand":[],"product_cat":[156],"product_tag":[172,174,173,161],"class_list":{"0":"post-5212","1":"product","2":"type-product","3":"status-publish","4":"has-post-thumbnail","6":"product_cat-muzyka-dawna","7":"product_tag-bach","8":"product_tag-benjamin-hudson","9":"product_tag-stuttgarter-kammerorchester","10":"product_tag-tacet","11":"product_shipping_class-cd-box","13":"first","14":"instock","15":"shipping-taxable","16":"purchasable","17":"product-type-variable"},"yoast_head":"<!-- This site is optimized with the Yoast SEO plugin v27.5 - https:\/\/yoast.com\/product\/yoast-seo-wordpress\/ -->\n<title>BACH, Stuttgarter Kammerorchester, Benjamin Hudson Concertos Vol. II - BWV 1041-1043, 1056, 1060, 1064 - Marek Koszur<\/title>\n<meta name=\"robots\" content=\"index, follow, max-snippet:-1, max-image-preview:large, max-video-preview:-1\" \/>\n<link rel=\"canonical\" href=\"https:\/\/koszur.net\/index.php\/product\/bach-stuttgarter-kammerorchester-benjamin-hudson-concertos-vol-ii-bwv-1041-1043-1056-1060-1064\/\" \/>\n<meta property=\"og:locale\" content=\"pl_PL\" \/>\n<meta property=\"og:type\" content=\"article\" \/>\n<meta property=\"og:title\" content=\"BACH, Stuttgarter Kammerorchester, Benjamin Hudson Concertos Vol. II - BWV 1041-1043, 1056, 1060, 1064 - Marek Koszur\" \/>\n<meta property=\"og:description\" content=\"Concertos Vol. II &#8211; BWV 1041-1043, 1056, 1060, 1064 &nbsp; See reviews for this production Klassik heute (05\/24\/2002): &#8222;Das Stuttgarter Kammerorchester ist ein Musterbeispiel f\u00fcr ein Ensemble, bei dem die Trennung von historischem und modernem Instrumentarium, historischer und moderner Stilistik schlichtweg kein Thema mehr ist: Hier ist zusammengewachsen, was, wenn man Musik interpretierend mit Emotion [&hellip;]\" \/>\n<meta property=\"og:url\" content=\"https:\/\/koszur.net\/index.php\/product\/bach-stuttgarter-kammerorchester-benjamin-hudson-concertos-vol-ii-bwv-1041-1043-1056-1060-1064\/\" \/>\n<meta property=\"og:site_name\" content=\"Marek Koszur\" \/>\n<meta property=\"article:modified_time\" content=\"2022-07-01T20:13:09+00:00\" \/>\n<meta property=\"og:image\" content=\"https:\/\/koszur.net\/wp-content\/uploads\/2020\/04\/TAC111.jpg\" \/>\n\t<meta property=\"og:image:width\" content=\"800\" \/>\n\t<meta property=\"og:image:height\" content=\"800\" \/>\n\t<meta property=\"og:image:type\" content=\"image\/jpeg\" \/>\n<meta name=\"twitter:card\" content=\"summary_large_image\" \/>\n<meta name=\"twitter:label1\" content=\"Szacowany czas czytania\" \/>\n\t<meta name=\"twitter:data1\" content=\"2 minuty\" \/>\n<script type=\"application\/ld+json\" class=\"yoast-schema-graph\">{\"@context\":\"https:\\\/\\\/schema.org\",\"@graph\":[{\"@type\":\"WebPage\",\"@id\":\"https:\\\/\\\/koszur.net\\\/index.php\\\/product\\\/bach-stuttgarter-kammerorchester-benjamin-hudson-concertos-vol-ii-bwv-1041-1043-1056-1060-1064\\\/\",\"url\":\"https:\\\/\\\/koszur.net\\\/index.php\\\/product\\\/bach-stuttgarter-kammerorchester-benjamin-hudson-concertos-vol-ii-bwv-1041-1043-1056-1060-1064\\\/\",\"name\":\"BACH, Stuttgarter Kammerorchester, Benjamin Hudson Concertos Vol. II - BWV 1041-1043, 1056, 1060, 1064 - Marek Koszur\",\"isPartOf\":{\"@id\":\"https:\\\/\\\/koszur.net\\\/#website\"},\"primaryImageOfPage\":{\"@id\":\"https:\\\/\\\/koszur.net\\\/index.php\\\/product\\\/bach-stuttgarter-kammerorchester-benjamin-hudson-concertos-vol-ii-bwv-1041-1043-1056-1060-1064\\\/#primaryimage\"},\"image\":{\"@id\":\"https:\\\/\\\/koszur.net\\\/index.php\\\/product\\\/bach-stuttgarter-kammerorchester-benjamin-hudson-concertos-vol-ii-bwv-1041-1043-1056-1060-1064\\\/#primaryimage\"},\"thumbnailUrl\":\"https:\\\/\\\/koszur.net\\\/wp-content\\\/uploads\\\/2020\\\/04\\\/TAC111.jpg\",\"datePublished\":\"2020-04-07T20:22:16+00:00\",\"dateModified\":\"2022-07-01T20:13:09+00:00\",\"breadcrumb\":{\"@id\":\"https:\\\/\\\/koszur.net\\\/index.php\\\/product\\\/bach-stuttgarter-kammerorchester-benjamin-hudson-concertos-vol-ii-bwv-1041-1043-1056-1060-1064\\\/#breadcrumb\"},\"inLanguage\":\"pl-PL\",\"potentialAction\":[{\"@type\":\"ReadAction\",\"target\":[\"https:\\\/\\\/koszur.net\\\/index.php\\\/product\\\/bach-stuttgarter-kammerorchester-benjamin-hudson-concertos-vol-ii-bwv-1041-1043-1056-1060-1064\\\/\"]}]},{\"@type\":\"ImageObject\",\"inLanguage\":\"pl-PL\",\"@id\":\"https:\\\/\\\/koszur.net\\\/index.php\\\/product\\\/bach-stuttgarter-kammerorchester-benjamin-hudson-concertos-vol-ii-bwv-1041-1043-1056-1060-1064\\\/#primaryimage\",\"url\":\"https:\\\/\\\/koszur.net\\\/wp-content\\\/uploads\\\/2020\\\/04\\\/TAC111.jpg\",\"contentUrl\":\"https:\\\/\\\/koszur.net\\\/wp-content\\\/uploads\\\/2020\\\/04\\\/TAC111.jpg\",\"width\":800,\"height\":800},{\"@type\":\"BreadcrumbList\",\"@id\":\"https:\\\/\\\/koszur.net\\\/index.php\\\/product\\\/bach-stuttgarter-kammerorchester-benjamin-hudson-concertos-vol-ii-bwv-1041-1043-1056-1060-1064\\\/#breadcrumb\",\"itemListElement\":[{\"@type\":\"ListItem\",\"position\":1,\"name\":\"Strona g\u0142\u00f3wna\",\"item\":\"https:\\\/\\\/koszur.net\\\/\"},{\"@type\":\"ListItem\",\"position\":2,\"name\":\"Shop\",\"item\":\"https:\\\/\\\/koszur.net\\\/?page_id=435\"},{\"@type\":\"ListItem\",\"position\":3,\"name\":\"BACH, Stuttgarter Kammerorchester, Benjamin Hudson Concertos Vol. II &#8211; BWV 1041-1043, 1056, 1060, 1064\"}]},{\"@type\":\"WebSite\",\"@id\":\"https:\\\/\\\/koszur.net\\\/#website\",\"url\":\"https:\\\/\\\/koszur.net\\\/\",\"name\":\"Marek Koszur\",\"description\":\"\",\"potentialAction\":[{\"@type\":\"SearchAction\",\"target\":{\"@type\":\"EntryPoint\",\"urlTemplate\":\"https:\\\/\\\/koszur.net\\\/?s={search_term_string}\"},\"query-input\":{\"@type\":\"PropertyValueSpecification\",\"valueRequired\":true,\"valueName\":\"search_term_string\"}}],\"inLanguage\":\"pl-PL\"}]}<\/script>\n<!-- \/ Yoast SEO plugin. -->","yoast_head_json":{"title":"BACH, Stuttgarter Kammerorchester, Benjamin Hudson Concertos Vol. II - BWV 1041-1043, 1056, 1060, 1064 - Marek Koszur","robots":{"index":"index","follow":"follow","max-snippet":"max-snippet:-1","max-image-preview":"max-image-preview:large","max-video-preview":"max-video-preview:-1"},"canonical":"https:\/\/koszur.net\/index.php\/product\/bach-stuttgarter-kammerorchester-benjamin-hudson-concertos-vol-ii-bwv-1041-1043-1056-1060-1064\/","og_locale":"pl_PL","og_type":"article","og_title":"BACH, Stuttgarter Kammerorchester, Benjamin Hudson Concertos Vol. II - BWV 1041-1043, 1056, 1060, 1064 - Marek Koszur","og_description":"Concertos Vol. II &#8211; BWV 1041-1043, 1056, 1060, 1064 &nbsp; See reviews for this production Klassik heute (05\/24\/2002): &#8222;Das Stuttgarter Kammerorchester ist ein Musterbeispiel f\u00fcr ein Ensemble, bei dem die Trennung von historischem und modernem Instrumentarium, historischer und moderner Stilistik schlichtweg kein Thema mehr ist: Hier ist zusammengewachsen, was, wenn man Musik interpretierend mit Emotion [&hellip;]","og_url":"https:\/\/koszur.net\/index.php\/product\/bach-stuttgarter-kammerorchester-benjamin-hudson-concertos-vol-ii-bwv-1041-1043-1056-1060-1064\/","og_site_name":"Marek Koszur","article_modified_time":"2022-07-01T20:13:09+00:00","og_image":[{"width":800,"height":800,"url":"https:\/\/koszur.net\/wp-content\/uploads\/2020\/04\/TAC111.jpg","type":"image\/jpeg"}],"twitter_card":"summary_large_image","twitter_misc":{"Szacowany czas czytania":"2 minuty"},"schema":{"@context":"https:\/\/schema.org","@graph":[{"@type":"WebPage","@id":"https:\/\/koszur.net\/index.php\/product\/bach-stuttgarter-kammerorchester-benjamin-hudson-concertos-vol-ii-bwv-1041-1043-1056-1060-1064\/","url":"https:\/\/koszur.net\/index.php\/product\/bach-stuttgarter-kammerorchester-benjamin-hudson-concertos-vol-ii-bwv-1041-1043-1056-1060-1064\/","name":"BACH, Stuttgarter Kammerorchester, Benjamin Hudson Concertos Vol. II - BWV 1041-1043, 1056, 1060, 1064 - Marek Koszur","isPartOf":{"@id":"https:\/\/koszur.net\/#website"},"primaryImageOfPage":{"@id":"https:\/\/koszur.net\/index.php\/product\/bach-stuttgarter-kammerorchester-benjamin-hudson-concertos-vol-ii-bwv-1041-1043-1056-1060-1064\/#primaryimage"},"image":{"@id":"https:\/\/koszur.net\/index.php\/product\/bach-stuttgarter-kammerorchester-benjamin-hudson-concertos-vol-ii-bwv-1041-1043-1056-1060-1064\/#primaryimage"},"thumbnailUrl":"https:\/\/koszur.net\/wp-content\/uploads\/2020\/04\/TAC111.jpg","datePublished":"2020-04-07T20:22:16+00:00","dateModified":"2022-07-01T20:13:09+00:00","breadcrumb":{"@id":"https:\/\/koszur.net\/index.php\/product\/bach-stuttgarter-kammerorchester-benjamin-hudson-concertos-vol-ii-bwv-1041-1043-1056-1060-1064\/#breadcrumb"},"inLanguage":"pl-PL","potentialAction":[{"@type":"ReadAction","target":["https:\/\/koszur.net\/index.php\/product\/bach-stuttgarter-kammerorchester-benjamin-hudson-concertos-vol-ii-bwv-1041-1043-1056-1060-1064\/"]}]},{"@type":"ImageObject","inLanguage":"pl-PL","@id":"https:\/\/koszur.net\/index.php\/product\/bach-stuttgarter-kammerorchester-benjamin-hudson-concertos-vol-ii-bwv-1041-1043-1056-1060-1064\/#primaryimage","url":"https:\/\/koszur.net\/wp-content\/uploads\/2020\/04\/TAC111.jpg","contentUrl":"https:\/\/koszur.net\/wp-content\/uploads\/2020\/04\/TAC111.jpg","width":800,"height":800},{"@type":"BreadcrumbList","@id":"https:\/\/koszur.net\/index.php\/product\/bach-stuttgarter-kammerorchester-benjamin-hudson-concertos-vol-ii-bwv-1041-1043-1056-1060-1064\/#breadcrumb","itemListElement":[{"@type":"ListItem","position":1,"name":"Strona g\u0142\u00f3wna","item":"https:\/\/koszur.net\/"},{"@type":"ListItem","position":2,"name":"Shop","item":"https:\/\/koszur.net\/?page_id=435"},{"@type":"ListItem","position":3,"name":"BACH, Stuttgarter Kammerorchester, Benjamin Hudson Concertos Vol. II &#8211; BWV 1041-1043, 1056, 1060, 1064"}]},{"@type":"WebSite","@id":"https:\/\/koszur.net\/#website","url":"https:\/\/koszur.net\/","name":"Marek Koszur","description":"","potentialAction":[{"@type":"SearchAction","target":{"@type":"EntryPoint","urlTemplate":"https:\/\/koszur.net\/?s={search_term_string}"},"query-input":{"@type":"PropertyValueSpecification","valueRequired":true,"valueName":"search_term_string"}}],"inLanguage":"pl-PL"}]}},"_links":{"self":[{"href":"https:\/\/koszur.net\/index.php\/wp-json\/wp\/v2\/product\/5212","targetHints":{"allow":["GET"]}}],"collection":[{"href":"https:\/\/koszur.net\/index.php\/wp-json\/wp\/v2\/product"}],"about":[{"href":"https:\/\/koszur.net\/index.php\/wp-json\/wp\/v2\/types\/product"}],"replies":[{"embeddable":true,"href":"https:\/\/koszur.net\/index.php\/wp-json\/wp\/v2\/comments?post=5212"}],"wp:featuredmedia":[{"embeddable":true,"href":"https:\/\/koszur.net\/index.php\/wp-json\/wp\/v2\/media\/5213"}],"wp:attachment":[{"href":"https:\/\/koszur.net\/index.php\/wp-json\/wp\/v2\/media?parent=5212"}],"wp:term":[{"taxonomy":"product_brand","embeddable":true,"href":"https:\/\/koszur.net\/index.php\/wp-json\/wp\/v2\/product_brand?post=5212"},{"taxonomy":"product_cat","embeddable":true,"href":"https:\/\/koszur.net\/index.php\/wp-json\/wp\/v2\/product_cat?post=5212"},{"taxonomy":"product_tag","embeddable":true,"href":"https:\/\/koszur.net\/index.php\/wp-json\/wp\/v2\/product_tag?post=5212"}],"curies":[{"name":"wp","href":"https:\/\/api.w.org\/{rel}","templated":true}]}}