{"id":3273,"date":"2020-02-08T15:36:37","date_gmt":"2020-02-08T14:36:37","guid":{"rendered":"http:\/\/koszur.net\/?post_type=product&#038;p=3273"},"modified":"2021-12-07T23:34:36","modified_gmt":"2021-12-07T22:34:36","slug":"debussy-preludes-krystian-zimerman","status":"publish","type":"product","link":"https:\/\/koszur.net\/index.php\/product\/debussy-preludes-krystian-zimerman\/","title":{"rendered":"DEBUSSY <br \/> Preludes <br\/> Krystian Zimerman"},"content":{"rendered":"<p><a class=\"OpisTekstSample\" href=\"http:\/\/ccd.pl\/search-results\/find-krystian-zimerman\/search-in-artist\/\" target=\"_blank\" rel=\"noopener noreferrer\"><u> Krystian Zimerman &#8211; w naszej ofercie <\/u><\/a><\/p>\n<table style=\"width: 270px; height: 150px;\" border=\"1\" cellspacing=\"11\">\n<tbody>\n<tr>\n<td>&nbsp;<\/p>\n<div class=\"picture down\" style=\"width: 290px;\"><center><img decoding=\"async\" src=\"http:\/\/www.ccd.pl\/covery\/logo_SHMCD1.jpg\" alt=\"Tekst alternatywny\" \/><br \/>\n<span style=\"color: green; font-size: xx-small;\"><br \/>\nP\u0142yty SHM-CD do odtworzenia we wszystkich typach czytnik\u00f3w CD oraz DVD. Gwarantuj\u0105 niespotykan\u0105 wcze\u015bniej analogow\u0105 jako\u015b\u0107 brzmienia, odwzorowuj\u0105 wszystkie walory ta\u015bmy-matki. Zdaniem specjalist\u00f3w &#8211; ten no\u015bnik i ta technologia najlepiej &#8211; bo natywnie, przenosi na kr\u0105\u017cek CD wszystkie walory nagrania analogowego.<br \/>\n<\/span><\/center><\/div>\n<\/td>\n<\/tr>\n<\/tbody>\n<\/table>\n<p>Krystian Zimerman &#8211; Debussy: Preludes (Disc 1)<\/p>\n<p>01. Danseuses de Delphes (3:38)<br \/>\n02. Voiles (4:28)<br \/>\n03. Le vent dans la plaine (2:07)<br \/>\n04. Les sons et les parfums tournent dans l&#8217;air du soir (3:55)<br \/>\n05. Les collines d&#8217;Anacapri (3:32)<br \/>\n06. Des pas sur la neige (4:25)<br \/>\n07. Ce qu&#8217;a vu le vent d&#8217;ouest (3:14)<br \/>\n08. La fille aux cheveux de lin (3:09)<br \/>\n09. La s\u00e9r\u00e9nade interrompue (2:30)<br \/>\n10. La cath\u00e9drale engloutie (7:27)<br \/>\n11. La danse de Puck (2:34)<br \/>\n12. Minstrels (2:28)<\/p>\n<p>Krystian Zimerman &#8211; Debussy: Preludes (Disc 2)<\/p>\n<p>01. I. Brouillards (3:31)<br \/>\n02. II. Feuilles mortes (4:00)<br \/>\n03. III. La puerta del vino (3:08)<br \/>\n04. IV. Les f\u00e9es sont d&#8217;exquises danseuses (3:14)<br \/>\n05. V. Bruy\u00e8res (3:06)<br \/>\n06. VI. \u00ab General Lavine\u00bb &#8211; excentric (2:38)<br \/>\n07. VII. La terasse des audiences du clair de lune (4:32)<br \/>\n08. VIII. Ondine (3:24)<br \/>\n09. IX. Hommage \u00e0 S. Pickwick Esq. P.P.M.P.C. (2:25)<br \/>\n10. X. Canope (3:15)<br \/>\n11. XI. Les tierces altern\u00e9es (2:47)<br \/>\n12. XII. Feux d&#8217;artifice (4:37)<\/p>\n<div class=\"samples\" id=\"mainwrap\">\n                <div id=\"nowPlay\">\n                    <span id=\"npAction\">Paused...<\/span><span id=\"npTitle\"><\/span>\n                <\/div>\n                <div id=\"audiowrap\" class=\"row\">\n                    <div id=\"audio0\" class=\"col-md-9\">\n                        <audio id=\"audio1\" preload controls>Your browser does not support HTML5 Audio! \ud83d\ude22<\/audio>\n                    <\/div>\n                    <div id=\"tracks\" class=\"col-md-3\">\n                        <a id=\"btnPrev\">&larr;<\/a><a id=\"btnNext\">&rarr;<\/a>\n                    <\/div>\n                <\/div>\n                <div id=\"plwrap\">\n                    <ul id=\"plList\"><\/ul>\n                <\/div>\n            <\/div>\n","protected":false},"excerpt":{"rendered":"<p>Krystian Zimerman &#8211; w naszej ofercie &nbsp; P\u0142yty SHM-CD do odtworzenia we wszystkich typach czytnik\u00f3w CD oraz DVD. Gwarantuj\u0105 niespotykan\u0105 wcze\u015bniej analogow\u0105 jako\u015b\u0107 brzmienia, odwzorowuj\u0105 wszystkie walory ta\u015bmy-matki. Zdaniem specjalist\u00f3w &#8211; ten no\u015bnik i ta technologia najlepiej &#8211; bo natywnie, przenosi na kr\u0105\u017cek CD wszystkie walory nagrania analogowego. Krystian Zimerman &#8211; Debussy: Preludes (Disc 1) [&hellip;]<\/p>\n","protected":false},"featured_media":3274,"comment_status":"open","ping_status":"closed","template":"","meta":[],"product_brand":[],"product_cat":[94],"product_tag":[105,106,101],"class_list":{"0":"post-3273","1":"product","2":"type-product","3":"status-publish","4":"has-post-thumbnail","6":"product_cat-kameralna","7":"product_tag-debussy","8":"product_tag-krystian-zimerman","9":"product_tag-preludes","10":"product_shipping_class-cd","12":"first","13":"outofstock","14":"shipping-taxable","15":"purchasable","16":"product-type-simple"},"yoast_head":"<!-- This site is optimized with the Yoast SEO plugin v27.4 - https:\/\/yoast.com\/product\/yoast-seo-wordpress\/ -->\n<title>DEBUSSY  Preludes  Krystian Zimerman - Marek Koszur<\/title>\n<meta name=\"robots\" content=\"index, follow, max-snippet:-1, max-image-preview:large, max-video-preview:-1\" \/>\n<link rel=\"canonical\" href=\"https:\/\/koszur.net\/index.php\/product\/debussy-preludes-krystian-zimerman\/\" \/>\n<meta property=\"og:locale\" content=\"pl_PL\" \/>\n<meta property=\"og:type\" content=\"article\" \/>\n<meta property=\"og:title\" content=\"DEBUSSY  Preludes  Krystian Zimerman - Marek Koszur\" \/>\n<meta property=\"og:description\" content=\"Krystian Zimerman &#8211; w naszej ofercie &nbsp; P\u0142yty SHM-CD do odtworzenia we wszystkich typach czytnik\u00f3w CD oraz DVD. Gwarantuj\u0105 niespotykan\u0105 wcze\u015bniej analogow\u0105 jako\u015b\u0107 brzmienia, odwzorowuj\u0105 wszystkie walory ta\u015bmy-matki. Zdaniem specjalist\u00f3w &#8211; ten no\u015bnik i ta technologia najlepiej &#8211; bo natywnie, przenosi na kr\u0105\u017cek CD wszystkie walory nagrania analogowego. Krystian Zimerman &#8211; Debussy: Preludes (Disc 1) [&hellip;]\" \/>\n<meta property=\"og:url\" content=\"https:\/\/koszur.net\/index.php\/product\/debussy-preludes-krystian-zimerman\/\" \/>\n<meta property=\"og:site_name\" content=\"Marek Koszur\" \/>\n<meta property=\"article:modified_time\" content=\"2021-12-07T22:34:36+00:00\" \/>\n<meta property=\"og:image\" content=\"https:\/\/koszur.net\/wp-content\/uploads\/2020\/02\/UCCG6269.jpg\" \/>\n\t<meta property=\"og:image:width\" content=\"700\" \/>\n\t<meta property=\"og:image:height\" content=\"622\" \/>\n\t<meta property=\"og:image:type\" content=\"image\/jpeg\" \/>\n<meta name=\"twitter:card\" content=\"summary_large_image\" \/>\n<meta name=\"twitter:label1\" content=\"Szacowany czas czytania\" \/>\n\t<meta name=\"twitter:data1\" content=\"1 minuta\" \/>\n<script type=\"application\/ld+json\" class=\"yoast-schema-graph\">{\"@context\":\"https:\\\/\\\/schema.org\",\"@graph\":[{\"@type\":\"WebPage\",\"@id\":\"https:\\\/\\\/koszur.net\\\/index.php\\\/product\\\/debussy-preludes-krystian-zimerman\\\/\",\"url\":\"https:\\\/\\\/koszur.net\\\/index.php\\\/product\\\/debussy-preludes-krystian-zimerman\\\/\",\"name\":\"DEBUSSY Preludes Krystian Zimerman - Marek Koszur\",\"isPartOf\":{\"@id\":\"https:\\\/\\\/koszur.net\\\/#website\"},\"primaryImageOfPage\":{\"@id\":\"https:\\\/\\\/koszur.net\\\/index.php\\\/product\\\/debussy-preludes-krystian-zimerman\\\/#primaryimage\"},\"image\":{\"@id\":\"https:\\\/\\\/koszur.net\\\/index.php\\\/product\\\/debussy-preludes-krystian-zimerman\\\/#primaryimage\"},\"thumbnailUrl\":\"https:\\\/\\\/koszur.net\\\/wp-content\\\/uploads\\\/2020\\\/02\\\/UCCG6269.jpg\",\"datePublished\":\"2020-02-08T14:36:37+00:00\",\"dateModified\":\"2021-12-07T22:34:36+00:00\",\"breadcrumb\":{\"@id\":\"https:\\\/\\\/koszur.net\\\/index.php\\\/product\\\/debussy-preludes-krystian-zimerman\\\/#breadcrumb\"},\"inLanguage\":\"pl-PL\",\"potentialAction\":[{\"@type\":\"ReadAction\",\"target\":[\"https:\\\/\\\/koszur.net\\\/index.php\\\/product\\\/debussy-preludes-krystian-zimerman\\\/\"]}]},{\"@type\":\"ImageObject\",\"inLanguage\":\"pl-PL\",\"@id\":\"https:\\\/\\\/koszur.net\\\/index.php\\\/product\\\/debussy-preludes-krystian-zimerman\\\/#primaryimage\",\"url\":\"https:\\\/\\\/koszur.net\\\/wp-content\\\/uploads\\\/2020\\\/02\\\/UCCG6269.jpg\",\"contentUrl\":\"https:\\\/\\\/koszur.net\\\/wp-content\\\/uploads\\\/2020\\\/02\\\/UCCG6269.jpg\",\"width\":700,\"height\":622},{\"@type\":\"BreadcrumbList\",\"@id\":\"https:\\\/\\\/koszur.net\\\/index.php\\\/product\\\/debussy-preludes-krystian-zimerman\\\/#breadcrumb\",\"itemListElement\":[{\"@type\":\"ListItem\",\"position\":1,\"name\":\"Strona g\u0142\u00f3wna\",\"item\":\"https:\\\/\\\/koszur.net\\\/\"},{\"@type\":\"ListItem\",\"position\":2,\"name\":\"Shop\",\"item\":\"https:\\\/\\\/koszur.net\\\/?page_id=435\"},{\"@type\":\"ListItem\",\"position\":3,\"name\":\"DEBUSSY Preludes Krystian Zimerman\"}]},{\"@type\":\"WebSite\",\"@id\":\"https:\\\/\\\/koszur.net\\\/#website\",\"url\":\"https:\\\/\\\/koszur.net\\\/\",\"name\":\"Marek Koszur\",\"description\":\"\",\"potentialAction\":[{\"@type\":\"SearchAction\",\"target\":{\"@type\":\"EntryPoint\",\"urlTemplate\":\"https:\\\/\\\/koszur.net\\\/?s={search_term_string}\"},\"query-input\":{\"@type\":\"PropertyValueSpecification\",\"valueRequired\":true,\"valueName\":\"search_term_string\"}}],\"inLanguage\":\"pl-PL\"}]}<\/script>\n<!-- \/ Yoast SEO plugin. -->","yoast_head_json":{"title":"DEBUSSY  Preludes  Krystian Zimerman - Marek Koszur","robots":{"index":"index","follow":"follow","max-snippet":"max-snippet:-1","max-image-preview":"max-image-preview:large","max-video-preview":"max-video-preview:-1"},"canonical":"https:\/\/koszur.net\/index.php\/product\/debussy-preludes-krystian-zimerman\/","og_locale":"pl_PL","og_type":"article","og_title":"DEBUSSY  Preludes  Krystian Zimerman - Marek Koszur","og_description":"Krystian Zimerman &#8211; w naszej ofercie &nbsp; P\u0142yty SHM-CD do odtworzenia we wszystkich typach czytnik\u00f3w CD oraz DVD. Gwarantuj\u0105 niespotykan\u0105 wcze\u015bniej analogow\u0105 jako\u015b\u0107 brzmienia, odwzorowuj\u0105 wszystkie walory ta\u015bmy-matki. Zdaniem specjalist\u00f3w &#8211; ten no\u015bnik i ta technologia najlepiej &#8211; bo natywnie, przenosi na kr\u0105\u017cek CD wszystkie walory nagrania analogowego. Krystian Zimerman &#8211; Debussy: Preludes (Disc 1) [&hellip;]","og_url":"https:\/\/koszur.net\/index.php\/product\/debussy-preludes-krystian-zimerman\/","og_site_name":"Marek Koszur","article_modified_time":"2021-12-07T22:34:36+00:00","og_image":[{"width":700,"height":622,"url":"https:\/\/koszur.net\/wp-content\/uploads\/2020\/02\/UCCG6269.jpg","type":"image\/jpeg"}],"twitter_card":"summary_large_image","twitter_misc":{"Szacowany czas czytania":"1 minuta"},"schema":{"@context":"https:\/\/schema.org","@graph":[{"@type":"WebPage","@id":"https:\/\/koszur.net\/index.php\/product\/debussy-preludes-krystian-zimerman\/","url":"https:\/\/koszur.net\/index.php\/product\/debussy-preludes-krystian-zimerman\/","name":"DEBUSSY Preludes Krystian Zimerman - Marek Koszur","isPartOf":{"@id":"https:\/\/koszur.net\/#website"},"primaryImageOfPage":{"@id":"https:\/\/koszur.net\/index.php\/product\/debussy-preludes-krystian-zimerman\/#primaryimage"},"image":{"@id":"https:\/\/koszur.net\/index.php\/product\/debussy-preludes-krystian-zimerman\/#primaryimage"},"thumbnailUrl":"https:\/\/koszur.net\/wp-content\/uploads\/2020\/02\/UCCG6269.jpg","datePublished":"2020-02-08T14:36:37+00:00","dateModified":"2021-12-07T22:34:36+00:00","breadcrumb":{"@id":"https:\/\/koszur.net\/index.php\/product\/debussy-preludes-krystian-zimerman\/#breadcrumb"},"inLanguage":"pl-PL","potentialAction":[{"@type":"ReadAction","target":["https:\/\/koszur.net\/index.php\/product\/debussy-preludes-krystian-zimerman\/"]}]},{"@type":"ImageObject","inLanguage":"pl-PL","@id":"https:\/\/koszur.net\/index.php\/product\/debussy-preludes-krystian-zimerman\/#primaryimage","url":"https:\/\/koszur.net\/wp-content\/uploads\/2020\/02\/UCCG6269.jpg","contentUrl":"https:\/\/koszur.net\/wp-content\/uploads\/2020\/02\/UCCG6269.jpg","width":700,"height":622},{"@type":"BreadcrumbList","@id":"https:\/\/koszur.net\/index.php\/product\/debussy-preludes-krystian-zimerman\/#breadcrumb","itemListElement":[{"@type":"ListItem","position":1,"name":"Strona g\u0142\u00f3wna","item":"https:\/\/koszur.net\/"},{"@type":"ListItem","position":2,"name":"Shop","item":"https:\/\/koszur.net\/?page_id=435"},{"@type":"ListItem","position":3,"name":"DEBUSSY Preludes Krystian Zimerman"}]},{"@type":"WebSite","@id":"https:\/\/koszur.net\/#website","url":"https:\/\/koszur.net\/","name":"Marek Koszur","description":"","potentialAction":[{"@type":"SearchAction","target":{"@type":"EntryPoint","urlTemplate":"https:\/\/koszur.net\/?s={search_term_string}"},"query-input":{"@type":"PropertyValueSpecification","valueRequired":true,"valueName":"search_term_string"}}],"inLanguage":"pl-PL"}]}},"_links":{"self":[{"href":"https:\/\/koszur.net\/index.php\/wp-json\/wp\/v2\/product\/3273","targetHints":{"allow":["GET"]}}],"collection":[{"href":"https:\/\/koszur.net\/index.php\/wp-json\/wp\/v2\/product"}],"about":[{"href":"https:\/\/koszur.net\/index.php\/wp-json\/wp\/v2\/types\/product"}],"replies":[{"embeddable":true,"href":"https:\/\/koszur.net\/index.php\/wp-json\/wp\/v2\/comments?post=3273"}],"wp:featuredmedia":[{"embeddable":true,"href":"https:\/\/koszur.net\/index.php\/wp-json\/wp\/v2\/media\/3274"}],"wp:attachment":[{"href":"https:\/\/koszur.net\/index.php\/wp-json\/wp\/v2\/media?parent=3273"}],"wp:term":[{"taxonomy":"product_brand","embeddable":true,"href":"https:\/\/koszur.net\/index.php\/wp-json\/wp\/v2\/product_brand?post=3273"},{"taxonomy":"product_cat","embeddable":true,"href":"https:\/\/koszur.net\/index.php\/wp-json\/wp\/v2\/product_cat?post=3273"},{"taxonomy":"product_tag","embeddable":true,"href":"https:\/\/koszur.net\/index.php\/wp-json\/wp\/v2\/product_tag?post=3273"}],"curies":[{"name":"wp","href":"https:\/\/api.w.org\/{rel}","templated":true}]}}