{"id":9537,"date":"2022-09-19T18:20:15","date_gmt":"2022-09-19T16:20:15","guid":{"rendered":"https:\/\/koszur.net\/?page_id=9537"},"modified":"2022-09-30T21:14:38","modified_gmt":"2022-09-30T19:14:38","slug":"listy-bez-adresata","status":"publish","type":"page","link":"https:\/\/koszur.net\/index.php\/listy-bez-adresata\/","title":{"rendered":"Listy bez Adresata&#8230;"},"content":{"rendered":"<p>[vc_row][vc_column]<div class=\"sc_section\"><div class=\"sc_section_inner\"><\/div><\/div>[vc_column_text]Szanowna Pani,<\/p>\n<p>Pisz\u0119 w prze\u015bwiadczeniu, \u017ce na moje listy nie otrzymam odpowiedzi&#8230;<\/p>\n<p>Przyznaj\u0119, te Twoje awiza podsy\u0142anych do mnie kwestii i pyta\u0144 jednak uwieraj\u0105, niepokoj\u0105, jak nieoczekiwane zawiadomienie o przesy\u0142ce z s\u0105du, urz\u0119du skarbowego czy nieznanego nadawcy, kt\u00f3ry \u017c\u0105da potwierdzenia, \u017ce list dor\u0119czono.<\/p>\n<p>Pami\u0119tam, jak wielkie, cho\u0107 do dzi\u015b niewyt\u0142umaczalne wra\u017cenie zrobi\u0142o na mnie to pierwsze zdane z Procesu: <em>Kto\u015b musia\u0142 zrobi\u0107 doniesienie na J\u00f3zefa K., bo mimo \u017ce nic z\u0142ego nie pope\u0142ni\u0142, zosta\u0142 pewnego ranka po prostu aresztowany.<\/em><\/p>\n<blockquote><p>Twoje pytania s\u0105 niekiedy jak wi\u0119zienna cela.<\/p><\/blockquote>\n<p>Przyzna\u0107 jednak musz\u0119, \u017ce pojawia\u0142y si\u0119 od zawsze, ale teraz ich oczywisto\u015b\u0107 i cz\u0119stotliwo\u015b\u0107 staj\u0105 si\u0119 wr\u0119cz norm\u0105. Kiedy\u015b by\u0142y to nie zawsze wyraziste konstatacje na marginesie poch\u0142anianych tekst\u00f3w, z Rozmow\u0105 z katem czy w\u0142a\u015bnie Procesem na czele &#8211; p\u00f3\u017aniej &#8211; d\u0142ugie nocne godziny w samolocie wioz\u0105cym mnie na drugi koniec \u015bwiata, ocieraj\u0105c si\u0119 niemal\u017ce o ten \u015bwiat trzeci&#8230;<\/p>\n<p>Jak ka\u017cdy, im wi\u0119cej wiem, tym z wi\u0119kszym trudem przychodzi mi udzielanie sobie odpowiedzi na coraz prostsze pytania. A ka\u017cda z nich wydaje si\u0119 by\u0107 mniej trafna od poprzedniej; nie dotyka istoty spraw, nie przywraca snu, wr\u0119cz dr\u0119czy, irytuje i zmusza do nowych poszukiwa\u0144. Zazwyczaj po omacku, bo ksi\u0105\u017cki ich w sobie nie kryj\u0105, a \u017caden z m\u0119drc\u00f3w podpowiedzi nawet nie zasugeruje. Wi\u0119c gdzie i kogo pyta\u0107, jak formu\u0142owa\u0107 w\u0105tpliwo\u015b\u0107?<\/p>\n<p>Notatki gin\u0105 w\u015br\u00f3d zapisk\u00f3w, te pi\u0119trz\u0105 si\u0119 w r\u00f3\u017cnych miejscach, inne umykaj\u0105, bo nie wci\u0105gn\u0105\u0142em atramentu do pi\u00f3ra i d\u0142o\u0144 zatrzyma\u0142a si\u0119 w biegu widz\u0105c, \u017ce my\u015bl nie pozostawia \u015bladu na kartce notesu a ledwie s\u0142yszalny pisk stal\u00f3wki o ten\u017ce papier przypomina chichot &#8211; wiadomo, kogo&#8230;<\/p>\n<p>Wi\u0119c mo\u017ce zamiast list\u00f3w pisa\u0107 b\u0119d\u0119 donosy. Wtedy przynajmniej wiedzie\u0107 b\u0119d\u0119, kto stoi za moim aresztowaniem? Donosy na siebie samego, do w\u0142adz i nienazwanych instancji, kt\u00f3re ostatecznie zdecyduj\u0105 o moim losie. Zamkn\u0105 mnie w labiryncie w\u0105tpliwo\u015bci i domys\u0142\u00f3w, przedsionku Wyzwalaj\u0105cego Zagubienia\u2026<\/p>\n<p>Jak zawsze niepokorny i szorstki wobec Pani &#8211;<\/p>\n<p>MK<\/p>\n<p>p.s. co\u015b mi si\u0119 jednak zdaje, \u017ce donosz\u0105c na siebie &#8211; sam b\u0119d\u0119 jedynym s\u0119dzi\u0105 w mojej sprawie.[\/vc_column_text][vc_empty_space][vc_text_separator title=&#8221;Listy bez Odpowiedzi&#8221; i_icon_fontawesome=&#8221;fa fa-envelope&#8221; i_background_style=&#8221;boxed&#8221; title_align=&#8221;separator_align_left&#8221; add_icon=&#8221;true&#8221;][vc_empty_space]<div class=\"evc-post-carousel evc-shortcode  evc-pc-sliding-excerpt  evc-carousel-skin-light\">\n\t<div class=\"evc-pc-slider evc-owl-carousel\" data-number-of-items=\"1\" data-enable-loop=\"yes\" data-enable-autoplay=\"yes\" data-enable-autoplay-hover-pause=\"no\" data-carousel-speed=\"5000\" data-carousel-speed-animation=\"600\" data-carousel-margin=\"30\" data-enable-navigation=\"yes\" data-enable-pagination=\"yes\">\n\t\t<div class=\"evc-pc-item\">\n\t<div class=\"evc-pci-inner\">\n\t\t\t<div class=\"evc-pci-image\">\n\t\t<a href=\"https:\/\/koszur.net\/index.php\/2022\/03\/23\/ogien\/\">\n\t\t\t<img decoding=\"async\" width=\"1024\" height=\"507\" src=\"https:\/\/koszur.net\/wp-content\/uploads\/2022\/03\/cal_ogien-1024x507.jpg\" class=\"attachment-large size-large wp-post-image\" alt=\"przechodzenie przez ogie\u0144\" srcset=\"https:\/\/koszur.net\/wp-content\/uploads\/2022\/03\/cal_ogien-1024x507.jpg 1024w, https:\/\/koszur.net\/wp-content\/uploads\/2022\/03\/cal_ogien-300x148.jpg 300w, https:\/\/koszur.net\/wp-content\/uploads\/2022\/03\/cal_ogien-768x380.jpg 768w, https:\/\/koszur.net\/wp-content\/uploads\/2022\/03\/cal_ogien-1536x760.jpg 1536w, https:\/\/koszur.net\/wp-content\/uploads\/2022\/03\/cal_ogien-650x322.jpg 650w, https:\/\/koszur.net\/wp-content\/uploads\/2022\/03\/cal_ogien.jpg 1920w\" sizes=\"(max-width: 1024px) 100vw, 1024px\" \/>\t\t\t\t<div class=\"evc-pci-date evc-pci-date-on-image entry-date published updated\">\n\t\t<span class=\"evc-pci-date-day\">23<\/span>\n\t\t<span class=\"evc-pci-date-month\">mar<\/span>\n\t<\/div>\n\t\t<\/a>\n\t<\/div>\n\t\t<div class=\"evc-pci-content\">\n\t\t\t<h4 class=\"evc-pci-title entry-title\"><a href=\"https:\/\/koszur.net\/index.php\/2022\/03\/23\/ogien\/\">Ogie\u0144<\/a><\/h4>\t\t\t\t<p class=\"evc-pci-excerpt\">Jest ogie\u0144, kt\u00f3ry nie spopiela. Jest taki, kt\u00f3ry nie parzy. Nawet taki, kt\u00f3ry w gruncie rze<\/p>\n\t\t<\/div>\n\t\t<a class=\"evc-pci-link\" href=\"https:\/\/koszur.net\/index.php\/2022\/03\/23\/ogien\/\"><\/a>\n\t<\/div>\n<\/div><div class=\"evc-pc-item\">\n\t<div class=\"evc-pci-inner\">\n\t\t\t<div class=\"evc-pci-image\">\n\t\t<a href=\"https:\/\/koszur.net\/index.php\/2022\/09\/19\/dojrzale-sliwki\/\">\n\t\t\t<img decoding=\"async\" width=\"1024\" height=\"576\" src=\"https:\/\/koszur.net\/wp-content\/uploads\/2022\/09\/sliwki13-1024x576.jpg\" class=\"attachment-large size-large wp-post-image\" alt=\"\" srcset=\"https:\/\/koszur.net\/wp-content\/uploads\/2022\/09\/sliwki13-1024x576.jpg 1024w, https:\/\/koszur.net\/wp-content\/uploads\/2022\/09\/sliwki13-300x169.jpg 300w, https:\/\/koszur.net\/wp-content\/uploads\/2022\/09\/sliwki13-768x432.jpg 768w, https:\/\/koszur.net\/wp-content\/uploads\/2022\/09\/sliwki13-1536x864.jpg 1536w, https:\/\/koszur.net\/wp-content\/uploads\/2022\/09\/sliwki13-650x366.jpg 650w, https:\/\/koszur.net\/wp-content\/uploads\/2022\/09\/sliwki13.jpg 1920w\" sizes=\"(max-width: 1024px) 100vw, 1024px\" \/>\t\t\t\t<div class=\"evc-pci-date evc-pci-date-on-image entry-date published updated\">\n\t\t<span class=\"evc-pci-date-day\">19<\/span>\n\t\t<span class=\"evc-pci-date-month\">wrz<\/span>\n\t<\/div>\n\t\t<\/a>\n\t<\/div>\n\t\t<div class=\"evc-pci-content\">\n\t\t\t<h4 class=\"evc-pci-title entry-title\"><a href=\"https:\/\/koszur.net\/index.php\/2022\/09\/19\/dojrzale-sliwki\/\">Dojrza\u0142e \u015bliwki<\/a><\/h4>\t\t\t\t<p class=\"evc-pci-excerpt\">Wiesz, zada\u0142em googlowi pytanie \u2013 najwa\u017cniejszy cel w \u017cyciu cz\u0142owieka? Wiele odpowiedzi o<\/p>\n\t\t<\/div>\n\t\t<a class=\"evc-pci-link\" href=\"https:\/\/koszur.net\/index.php\/2022\/09\/19\/dojrzale-sliwki\/\"><\/a>\n\t<\/div>\n<\/div><div class=\"evc-pc-item\">\n\t<div class=\"evc-pci-inner\">\n\t\t\t<div class=\"evc-pci-image\">\n\t\t<a href=\"https:\/\/koszur.net\/index.php\/2022\/09\/25\/dredy-z-tasmy-radiowej\/\">\n\t\t\t<img decoding=\"async\" width=\"1024\" height=\"576\" src=\"https:\/\/koszur.net\/wp-content\/uploads\/2022\/09\/zdzichu-1024x576.jpg\" class=\"attachment-large size-large wp-post-image\" alt=\"\" srcset=\"https:\/\/koszur.net\/wp-content\/uploads\/2022\/09\/zdzichu-1024x576.jpg 1024w, https:\/\/koszur.net\/wp-content\/uploads\/2022\/09\/zdzichu-300x169.jpg 300w, https:\/\/koszur.net\/wp-content\/uploads\/2022\/09\/zdzichu-768x432.jpg 768w, https:\/\/koszur.net\/wp-content\/uploads\/2022\/09\/zdzichu-1536x864.jpg 1536w, https:\/\/koszur.net\/wp-content\/uploads\/2022\/09\/zdzichu-650x366.jpg 650w, https:\/\/koszur.net\/wp-content\/uploads\/2022\/09\/zdzichu.jpg 1920w\" sizes=\"(max-width: 1024px) 100vw, 1024px\" \/>\t\t\t\t<div class=\"evc-pci-date evc-pci-date-on-image entry-date published updated\">\n\t\t<span class=\"evc-pci-date-day\">25<\/span>\n\t\t<span class=\"evc-pci-date-month\">wrz<\/span>\n\t<\/div>\n\t\t<\/a>\n\t<\/div>\n\t\t<div class=\"evc-pci-content\">\n\t\t\t<h4 class=\"evc-pci-title entry-title\"><a href=\"https:\/\/koszur.net\/index.php\/2022\/09\/25\/dredy-z-tasmy-radiowej\/\">Dredy z ta\u015bmy radiowej<\/a><\/h4>\t\t\t\t<p class=\"evc-pci-excerpt\">Hm\u2026 Ale czy On ju\u017c o tym wie? Nawa kaplicy zwielokrotni\u0142a d\u017awi\u0119ki jednych, a po chwili dr<\/p>\n\t\t<\/div>\n\t\t<a class=\"evc-pci-link\" href=\"https:\/\/koszur.net\/index.php\/2022\/09\/25\/dredy-z-tasmy-radiowej\/\"><\/a>\n\t<\/div>\n<\/div><div class=\"evc-pc-item\">\n\t<div class=\"evc-pci-inner\">\n\t\t\t<div class=\"evc-pci-image\">\n\t\t<a href=\"https:\/\/koszur.net\/index.php\/2022\/10\/21\/zycia-w-zyciu-zycia\/\">\n\t\t\t<img decoding=\"async\" width=\"1024\" height=\"768\" src=\"https:\/\/koszur.net\/wp-content\/uploads\/2022\/10\/zycia_w_zyciu_zycia_02-1024x768.jpg\" class=\"attachment-large size-large wp-post-image\" alt=\"\" srcset=\"https:\/\/koszur.net\/wp-content\/uploads\/2022\/10\/zycia_w_zyciu_zycia_02-1024x768.jpg 1024w, https:\/\/koszur.net\/wp-content\/uploads\/2022\/10\/zycia_w_zyciu_zycia_02-300x225.jpg 300w, https:\/\/koszur.net\/wp-content\/uploads\/2022\/10\/zycia_w_zyciu_zycia_02-768x576.jpg 768w, https:\/\/koszur.net\/wp-content\/uploads\/2022\/10\/zycia_w_zyciu_zycia_02-1536x1152.jpg 1536w, https:\/\/koszur.net\/wp-content\/uploads\/2022\/10\/zycia_w_zyciu_zycia_02-650x488.jpg 650w, https:\/\/koszur.net\/wp-content\/uploads\/2022\/10\/zycia_w_zyciu_zycia_02.jpg 1920w\" sizes=\"(max-width: 1024px) 100vw, 1024px\" \/>\t\t\t\t<div class=\"evc-pci-date evc-pci-date-on-image entry-date published updated\">\n\t\t<span class=\"evc-pci-date-day\">21<\/span>\n\t\t<span class=\"evc-pci-date-month\">pa\u017a<\/span>\n\t<\/div>\n\t\t<\/a>\n\t<\/div>\n\t\t<div class=\"evc-pci-content\">\n\t\t\t<h4 class=\"evc-pci-title entry-title\"><a href=\"https:\/\/koszur.net\/index.php\/2022\/10\/21\/zycia-w-zyciu-zycia\/\">\u017bycia w \u017cyciu \u017cycia<\/a><\/h4>\t\t\t\t<p class=\"evc-pci-excerpt\"><\/p>\n\t\t<\/div>\n\t\t<a class=\"evc-pci-link\" href=\"https:\/\/koszur.net\/index.php\/2022\/10\/21\/zycia-w-zyciu-zycia\/\"><\/a>\n\t<\/div>\n<\/div><div class=\"evc-pc-item\">\n\t<div class=\"evc-pci-inner\">\n\t\t\t<div class=\"evc-pci-image\">\n\t\t<a href=\"https:\/\/koszur.net\/index.php\/2023\/01\/13\/zycie-w-kisielu\/\">\n\t\t\t<img decoding=\"async\" width=\"1024\" height=\"576\" src=\"https:\/\/koszur.net\/wp-content\/uploads\/2023\/01\/zycie-w-kisielu-a-1024x576.jpg\" class=\"attachment-large size-large wp-post-image\" alt=\"\" srcset=\"https:\/\/koszur.net\/wp-content\/uploads\/2023\/01\/zycie-w-kisielu-a-1024x576.jpg 1024w, https:\/\/koszur.net\/wp-content\/uploads\/2023\/01\/zycie-w-kisielu-a-300x169.jpg 300w, https:\/\/koszur.net\/wp-content\/uploads\/2023\/01\/zycie-w-kisielu-a-768x432.jpg 768w, https:\/\/koszur.net\/wp-content\/uploads\/2023\/01\/zycie-w-kisielu-a-1536x864.jpg 1536w, https:\/\/koszur.net\/wp-content\/uploads\/2023\/01\/zycie-w-kisielu-a-650x366.jpg 650w, https:\/\/koszur.net\/wp-content\/uploads\/2023\/01\/zycie-w-kisielu-a.jpg 1920w\" sizes=\"(max-width: 1024px) 100vw, 1024px\" \/>\t\t\t\t<div class=\"evc-pci-date evc-pci-date-on-image entry-date published updated\">\n\t\t<span class=\"evc-pci-date-day\">13<\/span>\n\t\t<span class=\"evc-pci-date-month\">sty<\/span>\n\t<\/div>\n\t\t<\/a>\n\t<\/div>\n\t\t<div class=\"evc-pci-content\">\n\t\t\t<h4 class=\"evc-pci-title entry-title\"><a href=\"https:\/\/koszur.net\/index.php\/2023\/01\/13\/zycie-w-kisielu\/\">\u017bycie w kisielu<\/a><\/h4>\t\t\t\t<p class=\"evc-pci-excerpt\">Nazbiera\u0142o si\u0119 tej korespondencji, oj nawarstwi\u0142o. Wobec wi\u0119kszej cz\u0119\u015bci wysy\u0142anych prze<\/p>\n\t\t<\/div>\n\t\t<a class=\"evc-pci-link\" href=\"https:\/\/koszur.net\/index.php\/2023\/01\/13\/zycie-w-kisielu\/\"><\/a>\n\t<\/div>\n<\/div><div class=\"evc-pc-item\">\n\t<div class=\"evc-pci-inner\">\n\t\t\t<div class=\"evc-pci-image\">\n\t\t<a href=\"https:\/\/koszur.net\/index.php\/2023\/03\/04\/jestes-poslancem\/\">\n\t\t\t<img decoding=\"async\" width=\"1024\" height=\"576\" src=\"https:\/\/koszur.net\/wp-content\/uploads\/2023\/03\/listy_poslaniec_03-1024x576.jpg\" class=\"attachment-large size-large wp-post-image\" alt=\"\" srcset=\"https:\/\/koszur.net\/wp-content\/uploads\/2023\/03\/listy_poslaniec_03-1024x576.jpg 1024w, https:\/\/koszur.net\/wp-content\/uploads\/2023\/03\/listy_poslaniec_03-300x169.jpg 300w, https:\/\/koszur.net\/wp-content\/uploads\/2023\/03\/listy_poslaniec_03-768x432.jpg 768w, https:\/\/koszur.net\/wp-content\/uploads\/2023\/03\/listy_poslaniec_03-1536x864.jpg 1536w, https:\/\/koszur.net\/wp-content\/uploads\/2023\/03\/listy_poslaniec_03-650x366.jpg 650w, https:\/\/koszur.net\/wp-content\/uploads\/2023\/03\/listy_poslaniec_03.jpg 1920w\" sizes=\"(max-width: 1024px) 100vw, 1024px\" \/>\t\t\t\t<div class=\"evc-pci-date evc-pci-date-on-image entry-date published updated\">\n\t\t<span class=\"evc-pci-date-day\">04<\/span>\n\t\t<span class=\"evc-pci-date-month\">mar<\/span>\n\t<\/div>\n\t\t<\/a>\n\t<\/div>\n\t\t<div class=\"evc-pci-content\">\n\t\t\t<h4 class=\"evc-pci-title entry-title\"><a href=\"https:\/\/koszur.net\/index.php\/2023\/03\/04\/jestes-poslancem\/\">Jeste\u015b pos\u0142a\u0144cem&#8230;<\/a><\/h4>\t\t\t\t<p class=\"evc-pci-excerpt\">Goethe, Faust, t\u0142um. F. Konopka, PIW, Cz\u0119\u015b\u0107 II, Akt Pierwszy\u2026 Urocza okolica. Faust le\u017cy<\/p>\n\t\t<\/div>\n\t\t<a class=\"evc-pci-link\" href=\"https:\/\/koszur.net\/index.php\/2023\/03\/04\/jestes-poslancem\/\"><\/a>\n\t<\/div>\n<\/div>\t<\/div>\n<\/div>[vc_text_separator title=&#8221;Listy bez Adresata&#8221; i_icon_fontawesome=&#8221;fa fa-pencil-square-o&#8221; border_width=&#8221;4&#8243; add_icon=&#8221;true&#8221;][vc_empty_space]\n<div class=\"wpcf7 no-js\" id=\"wpcf7-f7212-o1\" lang=\"pl-PL\" dir=\"ltr\" data-wpcf7-id=\"7212\">\n<div class=\"screen-reader-response\"><p role=\"status\" aria-live=\"polite\" aria-atomic=\"true\"><\/p> <ul><\/ul><\/div>\n<form action=\"\/index.php\/wp-json\/wp\/v2\/pages\/9537#wpcf7-f7212-o1\" method=\"post\" class=\"wpcf7-form init\" aria-label=\"Formularz kontaktowy\" novalidate=\"novalidate\" data-status=\"init\">\n<fieldset class=\"hidden-fields-container\"><input type=\"hidden\" name=\"_wpcf7\" value=\"7212\" \/><input type=\"hidden\" name=\"_wpcf7_version\" value=\"6.1.5\" \/><input type=\"hidden\" name=\"_wpcf7_locale\" value=\"pl_PL\" \/><input type=\"hidden\" name=\"_wpcf7_unit_tag\" value=\"wpcf7-f7212-o1\" \/><input type=\"hidden\" name=\"_wpcf7_container_post\" value=\"0\" \/><input type=\"hidden\" name=\"_wpcf7_posted_data_hash\" value=\"\" \/><input type=\"hidden\" name=\"_wpcf7_recaptcha_response\" value=\"\" \/>\n<\/fieldset>\n<div class=\"form_info\">\n\t<p><span class=\"wpcf7-form-control-wrap\" data-name=\"text-173\"><input size=\"40\" maxlength=\"400\" class=\"wpcf7-form-control wpcf7-text wpcf7-validates-as-required\" aria-required=\"true\" aria-invalid=\"false\" placeholder=\"Imie i nazwisko*\" value=\"\" type=\"text\" name=\"text-173\" \/><\/span><span class=\"wpcf7-form-control-wrap\" data-name=\"email-273\"><input size=\"40\" maxlength=\"400\" class=\"wpcf7-form-control wpcf7-email wpcf7-validates-as-required wpcf7-text wpcf7-validates-as-email\" aria-required=\"true\" aria-invalid=\"false\" placeholder=\"E-mail*\" value=\"\" type=\"email\" name=\"email-273\" \/><\/span>\n\t<\/p>\n<\/div>\n<div class=\"form_subject\">\n\t<p><span class=\"wpcf7-form-control-wrap\" data-name=\"your-subject\"><input size=\"40\" maxlength=\"400\" class=\"wpcf7-form-control wpcf7-text\" aria-invalid=\"false\" placeholder=\"Temat\" value=\"\" type=\"text\" name=\"your-subject\" \/><\/span>\n\t<\/p>\n<\/div>\n<p><span class=\"wpcf7-form-control-wrap\" data-name=\"textarea-472\"><textarea cols=\"40\" rows=\"10\" maxlength=\"2000\" class=\"wpcf7-form-control wpcf7-textarea wpcf7-validates-as-required\" aria-required=\"true\" aria-invalid=\"false\" placeholder=\"Message\" name=\"textarea-472\"><\/textarea><\/span><br \/>\n<span class=\"wpcf7-form-control-wrap\" data-name=\"acceptance-381\"><span class=\"wpcf7-form-control wpcf7-acceptance\"><span class=\"wpcf7-list-item\"><label><input type=\"checkbox\" name=\"acceptance-381\" value=\"1\" aria-invalid=\"false\" \/><span class=\"wpcf7-list-item-label\">Wyra\u017cam zgod\u0119 na gromadzenie i przechowywanie moich danych adresowych na potrzeby tej korespondencji.<\/span><\/label><\/span><\/span><\/span>\n<\/p>\n<div class=\"form_button\">\n\t<p><input class=\"wpcf7-form-control wpcf7-submit has-spinner\" type=\"submit\" value=\"Wysy\u0142am\" \/>\n\t<\/p>\n<\/div><div class=\"wpcf7-response-output\" aria-hidden=\"true\"><\/div>\n<\/form>\n<\/div>\n[vc_empty_space][vc_empty_space][\/vc_column][\/vc_row][vc_row][vc_column][vc_column_text][\/vc_column_text][\/vc_column][\/vc_row]<\/p>\n","protected":false},"excerpt":{"rendered":"<p>[vc_row][vc_column][vc_column_text]Szanowna Pani, Pisz\u0119 w prze\u015bwiadczeniu, \u017ce na moje listy nie otrzymam odpowiedzi&#8230; Przyznaj\u0119, te Twoje awiza podsy\u0142anych do mnie kwestii i pyta\u0144 jednak uwieraj\u0105, niepokoj\u0105, jak nieoczekiwane zawiadomienie o przesy\u0142ce z s\u0105du, urz\u0119du skarbowego czy nieznanego nadawcy, kt\u00f3ry \u017c\u0105da potwierdzenia, \u017ce list dor\u0119czono. Pami\u0119tam, jak wielkie, cho\u0107 do dzi\u015b niewyt\u0142umaczalne wra\u017cenie zrobi\u0142o na mnie to [&hellip;]<\/p>\n","protected":false},"author":990004,"featured_media":9610,"parent":0,"menu_order":0,"comment_status":"closed","ping_status":"closed","template":"","meta":{"footnotes":""},"class_list":["post-9537","page","type-page","status-publish","has-post-thumbnail","hentry"],"yoast_head":"<!-- This site is optimized with the Yoast SEO plugin v27.5 - https:\/\/yoast.com\/product\/yoast-seo-wordpress\/ -->\n<title>Listy bez Adresata... - Marek Koszur<\/title>\n<meta name=\"robots\" content=\"index, follow, max-snippet:-1, max-image-preview:large, max-video-preview:-1\" \/>\n<link rel=\"canonical\" href=\"https:\/\/koszur.net\/index.php\/listy-bez-adresata\/\" \/>\n<meta property=\"og:locale\" content=\"pl_PL\" \/>\n<meta property=\"og:type\" content=\"article\" \/>\n<meta property=\"og:title\" content=\"Listy bez Adresata... - Marek Koszur\" \/>\n<meta property=\"og:description\" content=\"[vc_row][vc_column][vc_column_text]Szanowna Pani, Pisz\u0119 w prze\u015bwiadczeniu, \u017ce na moje listy nie otrzymam odpowiedzi&#8230; Przyznaj\u0119, te Twoje awiza podsy\u0142anych do mnie kwestii i pyta\u0144 jednak uwieraj\u0105, niepokoj\u0105, jak nieoczekiwane zawiadomienie o przesy\u0142ce z s\u0105du, urz\u0119du skarbowego czy nieznanego nadawcy, kt\u00f3ry \u017c\u0105da potwierdzenia, \u017ce list dor\u0119czono. Pami\u0119tam, jak wielkie, cho\u0107 do dzi\u015b niewyt\u0142umaczalne wra\u017cenie zrobi\u0142o na mnie to [&hellip;]\" \/>\n<meta property=\"og:url\" content=\"https:\/\/koszur.net\/index.php\/listy-bez-adresata\/\" \/>\n<meta property=\"og:site_name\" content=\"Marek Koszur\" \/>\n<meta property=\"article:modified_time\" content=\"2022-09-30T19:14:38+00:00\" \/>\n<meta property=\"og:image\" content=\"https:\/\/koszur.net\/wp-content\/uploads\/2022\/09\/listy_do_mnie_02.jpg\" \/>\n\t<meta property=\"og:image:width\" content=\"1920\" \/>\n\t<meta property=\"og:image:height\" content=\"1440\" \/>\n\t<meta property=\"og:image:type\" content=\"image\/jpeg\" \/>\n<meta name=\"twitter:card\" content=\"summary_large_image\" \/>\n<meta name=\"twitter:label1\" content=\"Szacowany czas czytania\" \/>\n\t<meta name=\"twitter:data1\" content=\"3 minuty\" \/>\n<script type=\"application\/ld+json\" class=\"yoast-schema-graph\">{\"@context\":\"https:\\\/\\\/schema.org\",\"@graph\":[{\"@type\":\"WebPage\",\"@id\":\"https:\\\/\\\/koszur.net\\\/index.php\\\/listy-bez-adresata\\\/\",\"url\":\"https:\\\/\\\/koszur.net\\\/index.php\\\/listy-bez-adresata\\\/\",\"name\":\"Listy bez Adresata... - Marek Koszur\",\"isPartOf\":{\"@id\":\"https:\\\/\\\/koszur.net\\\/#website\"},\"primaryImageOfPage\":{\"@id\":\"https:\\\/\\\/koszur.net\\\/index.php\\\/listy-bez-adresata\\\/#primaryimage\"},\"image\":{\"@id\":\"https:\\\/\\\/koszur.net\\\/index.php\\\/listy-bez-adresata\\\/#primaryimage\"},\"thumbnailUrl\":\"https:\\\/\\\/koszur.net\\\/wp-content\\\/uploads\\\/2022\\\/09\\\/listy_do_mnie_02.jpg\",\"datePublished\":\"2022-09-19T16:20:15+00:00\",\"dateModified\":\"2022-09-30T19:14:38+00:00\",\"breadcrumb\":{\"@id\":\"https:\\\/\\\/koszur.net\\\/index.php\\\/listy-bez-adresata\\\/#breadcrumb\"},\"inLanguage\":\"pl-PL\",\"potentialAction\":[{\"@type\":\"ReadAction\",\"target\":[\"https:\\\/\\\/koszur.net\\\/index.php\\\/listy-bez-adresata\\\/\"]}]},{\"@type\":\"ImageObject\",\"inLanguage\":\"pl-PL\",\"@id\":\"https:\\\/\\\/koszur.net\\\/index.php\\\/listy-bez-adresata\\\/#primaryimage\",\"url\":\"https:\\\/\\\/koszur.net\\\/wp-content\\\/uploads\\\/2022\\\/09\\\/listy_do_mnie_02.jpg\",\"contentUrl\":\"https:\\\/\\\/koszur.net\\\/wp-content\\\/uploads\\\/2022\\\/09\\\/listy_do_mnie_02.jpg\",\"width\":1920,\"height\":1440},{\"@type\":\"BreadcrumbList\",\"@id\":\"https:\\\/\\\/koszur.net\\\/index.php\\\/listy-bez-adresata\\\/#breadcrumb\",\"itemListElement\":[{\"@type\":\"ListItem\",\"position\":1,\"name\":\"Strona g\u0142\u00f3wna\",\"item\":\"https:\\\/\\\/koszur.net\\\/\"},{\"@type\":\"ListItem\",\"position\":2,\"name\":\"Listy bez Adresata&#8230;\"}]},{\"@type\":\"WebSite\",\"@id\":\"https:\\\/\\\/koszur.net\\\/#website\",\"url\":\"https:\\\/\\\/koszur.net\\\/\",\"name\":\"Marek Koszur\",\"description\":\"\",\"potentialAction\":[{\"@type\":\"SearchAction\",\"target\":{\"@type\":\"EntryPoint\",\"urlTemplate\":\"https:\\\/\\\/koszur.net\\\/?s={search_term_string}\"},\"query-input\":{\"@type\":\"PropertyValueSpecification\",\"valueRequired\":true,\"valueName\":\"search_term_string\"}}],\"inLanguage\":\"pl-PL\"}]}<\/script>\n<!-- \/ Yoast SEO plugin. -->","yoast_head_json":{"title":"Listy bez Adresata... - Marek Koszur","robots":{"index":"index","follow":"follow","max-snippet":"max-snippet:-1","max-image-preview":"max-image-preview:large","max-video-preview":"max-video-preview:-1"},"canonical":"https:\/\/koszur.net\/index.php\/listy-bez-adresata\/","og_locale":"pl_PL","og_type":"article","og_title":"Listy bez Adresata... - Marek Koszur","og_description":"[vc_row][vc_column][vc_column_text]Szanowna Pani, Pisz\u0119 w prze\u015bwiadczeniu, \u017ce na moje listy nie otrzymam odpowiedzi&#8230; Przyznaj\u0119, te Twoje awiza podsy\u0142anych do mnie kwestii i pyta\u0144 jednak uwieraj\u0105, niepokoj\u0105, jak nieoczekiwane zawiadomienie o przesy\u0142ce z s\u0105du, urz\u0119du skarbowego czy nieznanego nadawcy, kt\u00f3ry \u017c\u0105da potwierdzenia, \u017ce list dor\u0119czono. Pami\u0119tam, jak wielkie, cho\u0107 do dzi\u015b niewyt\u0142umaczalne wra\u017cenie zrobi\u0142o na mnie to [&hellip;]","og_url":"https:\/\/koszur.net\/index.php\/listy-bez-adresata\/","og_site_name":"Marek Koszur","article_modified_time":"2022-09-30T19:14:38+00:00","og_image":[{"width":1920,"height":1440,"url":"https:\/\/koszur.net\/wp-content\/uploads\/2022\/09\/listy_do_mnie_02.jpg","type":"image\/jpeg"}],"twitter_card":"summary_large_image","twitter_misc":{"Szacowany czas czytania":"3 minuty"},"schema":{"@context":"https:\/\/schema.org","@graph":[{"@type":"WebPage","@id":"https:\/\/koszur.net\/index.php\/listy-bez-adresata\/","url":"https:\/\/koszur.net\/index.php\/listy-bez-adresata\/","name":"Listy bez Adresata... - Marek Koszur","isPartOf":{"@id":"https:\/\/koszur.net\/#website"},"primaryImageOfPage":{"@id":"https:\/\/koszur.net\/index.php\/listy-bez-adresata\/#primaryimage"},"image":{"@id":"https:\/\/koszur.net\/index.php\/listy-bez-adresata\/#primaryimage"},"thumbnailUrl":"https:\/\/koszur.net\/wp-content\/uploads\/2022\/09\/listy_do_mnie_02.jpg","datePublished":"2022-09-19T16:20:15+00:00","dateModified":"2022-09-30T19:14:38+00:00","breadcrumb":{"@id":"https:\/\/koszur.net\/index.php\/listy-bez-adresata\/#breadcrumb"},"inLanguage":"pl-PL","potentialAction":[{"@type":"ReadAction","target":["https:\/\/koszur.net\/index.php\/listy-bez-adresata\/"]}]},{"@type":"ImageObject","inLanguage":"pl-PL","@id":"https:\/\/koszur.net\/index.php\/listy-bez-adresata\/#primaryimage","url":"https:\/\/koszur.net\/wp-content\/uploads\/2022\/09\/listy_do_mnie_02.jpg","contentUrl":"https:\/\/koszur.net\/wp-content\/uploads\/2022\/09\/listy_do_mnie_02.jpg","width":1920,"height":1440},{"@type":"BreadcrumbList","@id":"https:\/\/koszur.net\/index.php\/listy-bez-adresata\/#breadcrumb","itemListElement":[{"@type":"ListItem","position":1,"name":"Strona g\u0142\u00f3wna","item":"https:\/\/koszur.net\/"},{"@type":"ListItem","position":2,"name":"Listy bez Adresata&#8230;"}]},{"@type":"WebSite","@id":"https:\/\/koszur.net\/#website","url":"https:\/\/koszur.net\/","name":"Marek Koszur","description":"","potentialAction":[{"@type":"SearchAction","target":{"@type":"EntryPoint","urlTemplate":"https:\/\/koszur.net\/?s={search_term_string}"},"query-input":{"@type":"PropertyValueSpecification","valueRequired":true,"valueName":"search_term_string"}}],"inLanguage":"pl-PL"}]}},"_links":{"self":[{"href":"https:\/\/koszur.net\/index.php\/wp-json\/wp\/v2\/pages\/9537","targetHints":{"allow":["GET"]}}],"collection":[{"href":"https:\/\/koszur.net\/index.php\/wp-json\/wp\/v2\/pages"}],"about":[{"href":"https:\/\/koszur.net\/index.php\/wp-json\/wp\/v2\/types\/page"}],"author":[{"embeddable":true,"href":"https:\/\/koszur.net\/index.php\/wp-json\/wp\/v2\/users\/990004"}],"replies":[{"embeddable":true,"href":"https:\/\/koszur.net\/index.php\/wp-json\/wp\/v2\/comments?post=9537"}],"version-history":[{"count":32,"href":"https:\/\/koszur.net\/index.php\/wp-json\/wp\/v2\/pages\/9537\/revisions"}],"predecessor-version":[{"id":9759,"href":"https:\/\/koszur.net\/index.php\/wp-json\/wp\/v2\/pages\/9537\/revisions\/9759"}],"wp:featuredmedia":[{"embeddable":true,"href":"https:\/\/koszur.net\/index.php\/wp-json\/wp\/v2\/media\/9610"}],"wp:attachment":[{"href":"https:\/\/koszur.net\/index.php\/wp-json\/wp\/v2\/media?parent=9537"}],"curies":[{"name":"wp","href":"https:\/\/api.w.org\/{rel}","templated":true}]}}