{"id":7162,"date":"2021-10-23T23:20:58","date_gmt":"2021-10-23T21:20:58","guid":{"rendered":"https:\/\/koszur.net\/?page_id=7162"},"modified":"2021-10-24T00:21:36","modified_gmt":"2021-10-23T22:21:36","slug":"zwierciadlo-morza-wersja-wspolczesna","status":"publish","type":"page","link":"https:\/\/koszur.net\/index.php\/zwierciadlo-morza-wersja-wspolczesna\/","title":{"rendered":"Zwierciad\u0142o morza &#8211; wersja wsp\u00f3\u0142czesna"},"content":{"rendered":"<p>[vc_row][vc_column]<div class=\"sc_section\"><div class=\"sc_section_inner\">[vc_video link=&#8221;https:\/\/vimeo.com\/490212104&#8243;]<\/div><\/div>[vc_empty_space][vc_separator border_width=&#8221;3&#8243;][vc_empty_space]<div id=\"sc_blogger_206359433\" class=\"sc_blogger layout_grid_4 template_portfolio no_margins sc_blogger_horizontal\"><h6 class=\"sc_blogger_subtitle sc_item_subtitle\">NIedorzeczny tytu\u0142. Zwierciad\u0142o?<\/h6><h2 class=\"sc_blogger_title sc_item_title\">Zwierciad\u0142o morza - wersja wsp\u00f3\u0142czesna<\/h2><div class=\"sc_blogger_descr sc_item_descr\">Albo jeste\u015b \u015bwini\u0105, albo porz\u0105dnym cz\u0142owiekiem. Po co miesza\u0107 w te sprawy morze? Jak\u0105 ma ono przewag\u0119 nad pustyni\u0105 czy \u015bci\u0119tym chmurami \u0142a\u0144cuchem g\u00f3rskim? A kabina widny, biuro, kolejka do sklepowej kasy? Poza tym, \u017ce mokre, g\u0142\u0119bokie, dalekie od domu i wiecznie szumi\u0105ce - nie ma najmniejszego wp\u0142ywu na to czy ukradn\u0119, zabij\u0119, wykorzystam, nie pomog\u0119. Nie wzmocni we mnie si\u0142y woli, determinacji, zdecydowania i skuteczno\u015bci.<br \/>\nZwierciad\u0142o... Bujdy jakie\u015b.<\/div><div class=\"isotope_wrap\" data-columns=\"4\">\t\t\t<div class=\"isotope_item isotope_item_grid isotope_item_grid_4 isotope_column_4\t\t\t\t\t\t\">\n\t\t\t\t<div class=\"post_item post_item_grid post_item_grid_4\t\t\t\t\tpost_format_standard odd\">\n\t\n\t\t\t\t\t<div class=\"post_content isotope_item_content ih-item colored square effect_shift left_to_right\">\n\t\t\t\t\t\t\t\t\t\t\t\t<div class=\"post_featured img\">\n\t\t\t\t\t\t\t\t\t\t\t\t\t<\/div>\n\t\t\t\t\t\t\t\t\n\t\t\t\t\t\t\t<div class=\"post_info_wrap info\"><div class=\"info-back\">\n\t\t\n\t\t\t\t\t\t\t\t<h4 class=\"post_title\"><a href=\"https:\/\/koszur.net\/\">Home<\/a><\/h4>\t\t\n\t\t\t\t\t\t\t\t<div class=\"post_descr\">\n\t\t\t\t\t\t\t\t\t\t\t\t\t\t<p class=\"post_info\">\n\t\t\t\t\t\t\t\t\t<span class=\"post_info_item post_info_posted\"> <a href=\"https:\/\/koszur.net\/\" class=\"post_info_date\">2 February 2016<\/a><\/span>\n\t\t\t\t\t\t\t\t\t\t<span class=\"post_info_item post_info_counters\">\t<a class=\"post_counters_item post_counters_comments icon-chat\" title=\"Comments - 0\" href=\"https:\/\/koszur.net\/#respond\"><span class=\"post_counters_number\">0 Comments<\/span><\/a>\n\t<\/span>\n\t\t\t\t\t\t\t\t<\/p>\n<p><a href=\"https:\/\/koszur.net\/\">[vc_row content_placement=&#8221;middle&#8221; css=&#8221;.vc_custom_1777224800288{margin-top...<\/a><\/p><p class=\"post_buttons\"><\/p>\t\t\t\t\t\t\t\t<\/div>\n\t\t\t\t\t\t\t<\/div><\/div>\t<!-- \/.info-back \/.info -->\n\t\t\t\t\t\t\t\t\t\t\t\t\t\t\t\t\t\t<\/div>\t\t\t\t<!-- \/.post_content -->\n\t\t\t\t<\/div>\t<!-- \/.post_item -->\n\t\t\t<\/div>\t\t\t\t\t\t<!-- \/.isotope_item -->\n\t\t\t\t\t\t<div class=\"isotope_item isotope_item_grid isotope_item_grid_4 isotope_column_4\t\t\t\t\t\t\">\n\t\t\t\t<div class=\"post_item post_item_grid post_item_grid_4\t\t\t\t\tpost_format_standard even\">\n\t\n\t\t\t\t\t<div class=\"post_content isotope_item_content ih-item colored square effect_shift left_to_right\">\n\t\t\t\t\t\t\t\t\t\t\t\t<div class=\"post_featured img\">\n\t\t\t\t\t\t\t\t\t\t\t\t\t<\/div>\n\t\t\t\t\t\t\t\t\n\t\t\t\t\t\t\t<div class=\"post_info_wrap info\"><div class=\"info-back\">\n\t\t\n\t\t\t\t\t\t\t\t<h4 class=\"post_title\"><a href=\"https:\/\/koszur.net\/index.php\/masonry\/\">Masonry<\/a><\/h4>\t\t\n\t\t\t\t\t\t\t\t<div class=\"post_descr\">\n\t\t\t\t\t\t\t\t\t\t\t\t\t\t<p class=\"post_info\">\n\t\t\t\t\t\t\t\t\t<span class=\"post_info_item post_info_posted\"> <a href=\"https:\/\/koszur.net\/index.php\/masonry\/\" class=\"post_info_date\">2 February 2016<\/a><\/span>\n\t\t\t\t\t\t\t\t\t\t<span class=\"post_info_item post_info_counters\">\t<a class=\"post_counters_item post_counters_comments icon-chat\" title=\"Comments - 0\" href=\"https:\/\/koszur.net\/index.php\/masonry\/#respond\"><span class=\"post_counters_number\">0 Comments<\/span><\/a>\n\t<\/span>\n\t\t\t\t\t\t\t\t<\/p>\n<p><a href=\"https:\/\/koszur.net\/index.php\/masonry\/\">[vc_row][vc_column][\/vc_column][\/vc_row][vc_row...<\/a><\/p><p class=\"post_buttons\"><\/p>\t\t\t\t\t\t\t\t<\/div>\n\t\t\t\t\t\t\t<\/div><\/div>\t<!-- \/.info-back \/.info -->\n\t\t\t\t\t\t\t\t\t\t\t\t\t\t\t\t\t\t<\/div>\t\t\t\t<!-- \/.post_content -->\n\t\t\t\t<\/div>\t<!-- \/.post_item -->\n\t\t\t<\/div>\t\t\t\t\t\t<!-- \/.isotope_item -->\n\t\t\t\t\t\t<div class=\"isotope_item isotope_item_grid isotope_item_grid_4 isotope_column_4\t\t\t\t\t\t\">\n\t\t\t\t<div class=\"post_item post_item_grid post_item_grid_4\t\t\t\t\tpost_format_standard odd last\">\n\t\n\t\t\t\t\t<div class=\"post_content isotope_item_content ih-item colored square effect_shift left_to_right\">\n\t\t\t\t\t\t\t\t\t\t\t\t<div class=\"post_featured img\">\n\t\t\t\t\t\t\t\t\t\t\t\t\t<\/div>\n\t\t\t\t\t\t\t\t\n\t\t\t\t\t\t\t<div class=\"post_info_wrap info\"><div class=\"info-back\">\n\t\t\n\t\t\t\t\t\t\t\t<h4 class=\"post_title\"><a href=\"https:\/\/koszur.net\/index.php\/cobbles\/\">Cobbles<\/a><\/h4>\t\t\n\t\t\t\t\t\t\t\t<div class=\"post_descr\">\n\t\t\t\t\t\t\t\t\t\t\t\t\t\t<p class=\"post_info\">\n\t\t\t\t\t\t\t\t\t<span class=\"post_info_item post_info_posted\"> <a href=\"https:\/\/koszur.net\/index.php\/cobbles\/\" class=\"post_info_date\">2 February 2016<\/a><\/span>\n\t\t\t\t\t\t\t\t\t\t<span class=\"post_info_item post_info_counters\">\t<a class=\"post_counters_item post_counters_comments icon-chat\" title=\"Comments - 0\" href=\"https:\/\/koszur.net\/index.php\/cobbles\/#respond\"><span class=\"post_counters_number\">0 Comments<\/span><\/a>\n\t<\/span>\n\t\t\t\t\t\t\t\t<\/p>\n<p><a href=\"https:\/\/koszur.net\/index.php\/cobbles\/\">[vc_row][vc_column][\/vc_column][\/vc_row][vc_row...<\/a><\/p><p class=\"post_buttons\"><\/p>\t\t\t\t\t\t\t\t<\/div>\n\t\t\t\t\t\t\t<\/div><\/div>\t<!-- \/.info-back \/.info -->\n\t\t\t\t\t\t\t\t\t\t\t\t\t\t\t\t\t\t<\/div>\t\t\t\t<!-- \/.post_content -->\n\t\t\t\t<\/div>\t<!-- \/.post_item -->\n\t\t\t<\/div>\t\t\t\t\t\t<!-- \/.isotope_item -->\n\t\t\t<\/div><\/div>[vc_separator border_width=&#8221;3&#8243;][\/vc_column][\/vc_row][vc_row][vc_column width=&#8221;1\/2&#8243;]<div class=\"evc-image-with-text evc-shortcode  evc-shortcode-has-link\">\n\t<div class=\"evc-iwt-image \">\n\t\t\t\t\t<a href=\"https:\/\/koszur.net\/index.php\/a-wstazka-byla-czerwona\/\" target=\"_blank\" title=\"A wst\u0105\u017cka by\u0142a czerwona\u2026\">\n\t\t\t\t\n\t\t\t\t\n\t\t<img decoding=\"async\" width=\"1920\" height=\"907\" src=\"https:\/\/koszur.net\/wp-content\/uploads\/2020\/08\/zdedykacja.jpg\" class=\"attachment-full size-full\" alt=\"a wst\u0105\u017cka by\u0142a czerwona\" srcset=\"https:\/\/koszur.net\/wp-content\/uploads\/2020\/08\/zdedykacja.jpg 1920w, https:\/\/koszur.net\/wp-content\/uploads\/2020\/08\/zdedykacja-650x307.jpg 650w, https:\/\/koszur.net\/wp-content\/uploads\/2020\/08\/zdedykacja-300x142.jpg 300w, https:\/\/koszur.net\/wp-content\/uploads\/2020\/08\/zdedykacja-1024x484.jpg 1024w, https:\/\/koszur.net\/wp-content\/uploads\/2020\/08\/zdedykacja-768x363.jpg 768w, https:\/\/koszur.net\/wp-content\/uploads\/2020\/08\/zdedykacja-1536x726.jpg 1536w\" sizes=\"(max-width: 1920px) 100vw, 1920px\" \/>\t\t\n\t\t\t\t\t<\/a>\n\t\t\t<\/div>\n\t<div class=\"evc-iwt-content\">\n\t\t\t\t\t<h4 class=\"evc-iwt-title\" >\n\t\t\t\tA wst\u0105\u017cka by\u0142a czerwona...\t\t\t<\/h4>\n\t\t\t\t\t\t\t<p class=\"evc-iwt-text\" >Najmocniej odcisn\u0119\u0142a si\u0119 na tym pierwszym li\u015bcie, z jesieni 1923 i ostatnim w pakiecie \u2013 z 1932 roku. Po\u017c\u00f3\u0142k\u0142e, w wielu miejscach nie do odczytania \u2013 kartki przetarte od wielokrotnego przek\u0142adania, nie utraci\u0142y zakl\u0119tych w nich uczu\u0107, wielkiej nami\u0119tno\u015bci, marze\u0144, rozterek i bezgranicznej wiary, \u017ce B\u00f3g, \u017ce ona, \u017ce mi\u0142o\u015b\u0107\u2026<\/p>\n\t\t\t<\/div>\n<\/div>\n[\/vc_column][vc_column width=&#8221;1\/2&#8243;]<div class=\"evc-image-with-text evc-shortcode  evc-shortcode-has-link\">\n\t<div class=\"evc-iwt-image \">\n\t\t\t\t\t<a href=\"https:\/\/koszur.net\/index.php\/moje-morze\/ludzie-morza\/kazimierz-bay\/\" target=\"_blank\" title=\"Kazimierz Bay\">\n\t\t\t\t\n\t\t\t\t\n\t\t<img decoding=\"async\" width=\"1920\" height=\"1233\" src=\"https:\/\/koszur.net\/wp-content\/uploads\/2020\/07\/wojenne-Kazimierz-Bay-01.jpg\" class=\"attachment-full size-full\" alt=\"Kazimierz Bay\" srcset=\"https:\/\/koszur.net\/wp-content\/uploads\/2020\/07\/wojenne-Kazimierz-Bay-01.jpg 1920w, https:\/\/koszur.net\/wp-content\/uploads\/2020\/07\/wojenne-Kazimierz-Bay-01-650x417.jpg 650w, https:\/\/koszur.net\/wp-content\/uploads\/2020\/07\/wojenne-Kazimierz-Bay-01-300x193.jpg 300w, https:\/\/koszur.net\/wp-content\/uploads\/2020\/07\/wojenne-Kazimierz-Bay-01-1024x658.jpg 1024w, https:\/\/koszur.net\/wp-content\/uploads\/2020\/07\/wojenne-Kazimierz-Bay-01-768x493.jpg 768w, https:\/\/koszur.net\/wp-content\/uploads\/2020\/07\/wojenne-Kazimierz-Bay-01-1536x986.jpg 1536w\" sizes=\"(max-width: 1920px) 100vw, 1920px\" \/>\t\t\n\t\t\t\t\t<\/a>\n\t\t\t<\/div>\n\t<div class=\"evc-iwt-content\">\n\t\t\t\t\t<h4 class=\"evc-iwt-title\" >\n\t\t\t\tChief gunnery officer\t\t\t<\/h4>\n\t\t\t\t\t\t\t<p class=\"evc-iwt-text\" >Ta\u015bma by\u0142a cierpliwa. Rejestrowa\u0142a w\u0105tki, epizody a przede wszystkim oddechy\u2026 W radiu oddech jest jak\u017ce wymownym \u015brodkiem wyrazu. Ile\u017c mo\u017cna powiedzie\u0107 jednym westchnieniem, gwa\u0142townym wydechem czy sykni\u0119ciem.<\/p>\n\t\t\t<\/div>\n<\/div>\n[\/vc_column][\/vc_row][vc_row][vc_column width=&#8221;1\/2&#8243;]<div class=\"evc-image-with-text evc-shortcode  evc-shortcode-has-link\">\n\t<div class=\"evc-iwt-image \">\n\t\t\t\t\t<a href=\"https:\/\/www.youtube.com\/watch?v=5Q8s08Ev5t0\" target=\"_blank\" title=\"i \u015blubuj\u0119... morze...\">\n\t\t\t\t\n\t\t\t\t\n\t\t<img decoding=\"async\" width=\"666\" height=\"1284\" src=\"https:\/\/koszur.net\/wp-content\/uploads\/2020\/12\/nienawidze-cz-1-youtube-3.jpg\" class=\"attachment-full size-full\" alt=\"zwierciad\u0142o morza wersja wsp\u00f3\u0142czesna cz 1\" srcset=\"https:\/\/koszur.net\/wp-content\/uploads\/2020\/12\/nienawidze-cz-1-youtube-3.jpg 666w, https:\/\/koszur.net\/wp-content\/uploads\/2020\/12\/nienawidze-cz-1-youtube-3-650x1253.jpg 650w, https:\/\/koszur.net\/wp-content\/uploads\/2020\/12\/nienawidze-cz-1-youtube-3-156x300.jpg 156w, https:\/\/koszur.net\/wp-content\/uploads\/2020\/12\/nienawidze-cz-1-youtube-3-531x1024.jpg 531w\" sizes=\"(max-width: 666px) 100vw, 666px\" \/>\t\t\n\t\t\t\t\t<\/a>\n\t\t\t<\/div>\n\t<div class=\"evc-iwt-content\">\n\t\t\t\t\t<h4 class=\"evc-iwt-title\" >\n\t\t\t\t... i \u015blubuj\u0119... morze\t\t\t<\/h4>\n\t\t\t\t\t\t\t<p class=\"evc-iwt-text\" >Gdyby\u015b w \u015brodku dnia, w najbardziej ruchliwym miejscu miasta m\u00f3g\u0142 ka\u017cdemu zajrze\u0107 w oczy \u2013 odgadniesz, kto jest marynarzem, kto jego \u017con\u0105, synem lub c\u00f3rk\u0105.<\/p>\n\t\t\t<\/div>\n<\/div>\n[\/vc_column][vc_column width=&#8221;1\/2&#8243;][\/vc_column][\/vc_row]<\/p>\n","protected":false},"excerpt":{"rendered":"<p>[vc_row][vc_column][vc_empty_space][vc_separator border_width=&#8221;3&#8243;][vc_empty_space][vc_separator border_width=&#8221;3&#8243;][\/vc_column][\/vc_row][vc_row][vc_column width=&#8221;1\/2&#8243;][\/vc_column][vc_column width=&#8221;1\/2&#8243;][\/vc_column][\/vc_row][vc_row][vc_column width=&#8221;1\/2&#8243;][\/vc_column][vc_column width=&#8221;1\/2&#8243;][\/vc_column][\/vc_row]<\/p>\n","protected":false},"author":990004,"featured_media":0,"parent":0,"menu_order":0,"comment_status":"closed","ping_status":"closed","template":"","meta":{"footnotes":""},"class_list":["post-7162","page","type-page","status-publish","hentry"],"yoast_head":"<!-- This site is optimized with the Yoast SEO plugin v27.4 - https:\/\/yoast.com\/product\/yoast-seo-wordpress\/ -->\n<title>Zwierciad\u0142o morza - wersja wsp\u00f3\u0142czesna - Marek Koszur<\/title>\n<meta name=\"description\" content=\"losy fascynacje dramaty uniesienia natchnienia wynikaj\u0105ce z obcowania cz\u0142owieka z morzem jeden z niezmiennych kontekst\u00f3w dla naszych los\u00f3w\" \/>\n<meta name=\"robots\" content=\"index, follow, max-snippet:-1, max-image-preview:large, max-video-preview:-1\" \/>\n<link rel=\"canonical\" href=\"https:\/\/koszur.net\/index.php\/zwierciadlo-morza-wersja-wspolczesna\/\" \/>\n<meta property=\"og:locale\" content=\"pl_PL\" \/>\n<meta property=\"og:type\" content=\"article\" \/>\n<meta property=\"og:title\" content=\"Zwierciad\u0142o morza - wersja wsp\u00f3\u0142czesna - Marek Koszur\" \/>\n<meta property=\"og:description\" content=\"losy fascynacje dramaty uniesienia natchnienia wynikaj\u0105ce z obcowania cz\u0142owieka z morzem jeden z niezmiennych kontekst\u00f3w dla naszych los\u00f3w\" \/>\n<meta property=\"og:url\" content=\"https:\/\/koszur.net\/index.php\/zwierciadlo-morza-wersja-wspolczesna\/\" \/>\n<meta property=\"og:site_name\" content=\"Marek Koszur\" \/>\n<meta property=\"article:modified_time\" content=\"2021-10-23T22:21:36+00:00\" \/>\n<meta name=\"twitter:card\" content=\"summary_large_image\" \/>\n<meta name=\"twitter:label1\" content=\"Szacowany czas czytania\" \/>\n\t<meta name=\"twitter:data1\" content=\"1 minuta\" \/>\n<script type=\"application\/ld+json\" class=\"yoast-schema-graph\">{\"@context\":\"https:\\\/\\\/schema.org\",\"@graph\":[{\"@type\":\"WebPage\",\"@id\":\"https:\\\/\\\/koszur.net\\\/index.php\\\/zwierciadlo-morza-wersja-wspolczesna\\\/\",\"url\":\"https:\\\/\\\/koszur.net\\\/index.php\\\/zwierciadlo-morza-wersja-wspolczesna\\\/\",\"name\":\"Zwierciad\u0142o morza - wersja wsp\u00f3\u0142czesna - Marek Koszur\",\"isPartOf\":{\"@id\":\"https:\\\/\\\/koszur.net\\\/#website\"},\"datePublished\":\"2021-10-23T21:20:58+00:00\",\"dateModified\":\"2021-10-23T22:21:36+00:00\",\"description\":\"losy fascynacje dramaty uniesienia natchnienia wynikaj\u0105ce z obcowania cz\u0142owieka z morzem jeden z niezmiennych kontekst\u00f3w dla naszych los\u00f3w\",\"breadcrumb\":{\"@id\":\"https:\\\/\\\/koszur.net\\\/index.php\\\/zwierciadlo-morza-wersja-wspolczesna\\\/#breadcrumb\"},\"inLanguage\":\"pl-PL\",\"potentialAction\":[{\"@type\":\"ReadAction\",\"target\":[\"https:\\\/\\\/koszur.net\\\/index.php\\\/zwierciadlo-morza-wersja-wspolczesna\\\/\"]}]},{\"@type\":\"BreadcrumbList\",\"@id\":\"https:\\\/\\\/koszur.net\\\/index.php\\\/zwierciadlo-morza-wersja-wspolczesna\\\/#breadcrumb\",\"itemListElement\":[{\"@type\":\"ListItem\",\"position\":1,\"name\":\"Strona g\u0142\u00f3wna\",\"item\":\"https:\\\/\\\/koszur.net\\\/\"},{\"@type\":\"ListItem\",\"position\":2,\"name\":\"Zwierciad\u0142o morza &#8211; wersja wsp\u00f3\u0142czesna\"}]},{\"@type\":\"WebSite\",\"@id\":\"https:\\\/\\\/koszur.net\\\/#website\",\"url\":\"https:\\\/\\\/koszur.net\\\/\",\"name\":\"Marek Koszur\",\"description\":\"\",\"potentialAction\":[{\"@type\":\"SearchAction\",\"target\":{\"@type\":\"EntryPoint\",\"urlTemplate\":\"https:\\\/\\\/koszur.net\\\/?s={search_term_string}\"},\"query-input\":{\"@type\":\"PropertyValueSpecification\",\"valueRequired\":true,\"valueName\":\"search_term_string\"}}],\"inLanguage\":\"pl-PL\"}]}<\/script>\n<!-- \/ Yoast SEO plugin. -->","yoast_head_json":{"title":"Zwierciad\u0142o morza - wersja wsp\u00f3\u0142czesna - Marek Koszur","description":"losy fascynacje dramaty uniesienia natchnienia wynikaj\u0105ce z obcowania cz\u0142owieka z morzem jeden z niezmiennych kontekst\u00f3w dla naszych los\u00f3w","robots":{"index":"index","follow":"follow","max-snippet":"max-snippet:-1","max-image-preview":"max-image-preview:large","max-video-preview":"max-video-preview:-1"},"canonical":"https:\/\/koszur.net\/index.php\/zwierciadlo-morza-wersja-wspolczesna\/","og_locale":"pl_PL","og_type":"article","og_title":"Zwierciad\u0142o morza - wersja wsp\u00f3\u0142czesna - Marek Koszur","og_description":"losy fascynacje dramaty uniesienia natchnienia wynikaj\u0105ce z obcowania cz\u0142owieka z morzem jeden z niezmiennych kontekst\u00f3w dla naszych los\u00f3w","og_url":"https:\/\/koszur.net\/index.php\/zwierciadlo-morza-wersja-wspolczesna\/","og_site_name":"Marek Koszur","article_modified_time":"2021-10-23T22:21:36+00:00","twitter_card":"summary_large_image","twitter_misc":{"Szacowany czas czytania":"1 minuta"},"schema":{"@context":"https:\/\/schema.org","@graph":[{"@type":"WebPage","@id":"https:\/\/koszur.net\/index.php\/zwierciadlo-morza-wersja-wspolczesna\/","url":"https:\/\/koszur.net\/index.php\/zwierciadlo-morza-wersja-wspolczesna\/","name":"Zwierciad\u0142o morza - wersja wsp\u00f3\u0142czesna - Marek Koszur","isPartOf":{"@id":"https:\/\/koszur.net\/#website"},"datePublished":"2021-10-23T21:20:58+00:00","dateModified":"2021-10-23T22:21:36+00:00","description":"losy fascynacje dramaty uniesienia natchnienia wynikaj\u0105ce z obcowania cz\u0142owieka z morzem jeden z niezmiennych kontekst\u00f3w dla naszych los\u00f3w","breadcrumb":{"@id":"https:\/\/koszur.net\/index.php\/zwierciadlo-morza-wersja-wspolczesna\/#breadcrumb"},"inLanguage":"pl-PL","potentialAction":[{"@type":"ReadAction","target":["https:\/\/koszur.net\/index.php\/zwierciadlo-morza-wersja-wspolczesna\/"]}]},{"@type":"BreadcrumbList","@id":"https:\/\/koszur.net\/index.php\/zwierciadlo-morza-wersja-wspolczesna\/#breadcrumb","itemListElement":[{"@type":"ListItem","position":1,"name":"Strona g\u0142\u00f3wna","item":"https:\/\/koszur.net\/"},{"@type":"ListItem","position":2,"name":"Zwierciad\u0142o morza &#8211; wersja wsp\u00f3\u0142czesna"}]},{"@type":"WebSite","@id":"https:\/\/koszur.net\/#website","url":"https:\/\/koszur.net\/","name":"Marek Koszur","description":"","potentialAction":[{"@type":"SearchAction","target":{"@type":"EntryPoint","urlTemplate":"https:\/\/koszur.net\/?s={search_term_string}"},"query-input":{"@type":"PropertyValueSpecification","valueRequired":true,"valueName":"search_term_string"}}],"inLanguage":"pl-PL"}]}},"_links":{"self":[{"href":"https:\/\/koszur.net\/index.php\/wp-json\/wp\/v2\/pages\/7162","targetHints":{"allow":["GET"]}}],"collection":[{"href":"https:\/\/koszur.net\/index.php\/wp-json\/wp\/v2\/pages"}],"about":[{"href":"https:\/\/koszur.net\/index.php\/wp-json\/wp\/v2\/types\/page"}],"author":[{"embeddable":true,"href":"https:\/\/koszur.net\/index.php\/wp-json\/wp\/v2\/users\/990004"}],"replies":[{"embeddable":true,"href":"https:\/\/koszur.net\/index.php\/wp-json\/wp\/v2\/comments?post=7162"}],"version-history":[{"count":11,"href":"https:\/\/koszur.net\/index.php\/wp-json\/wp\/v2\/pages\/7162\/revisions"}],"predecessor-version":[{"id":7190,"href":"https:\/\/koszur.net\/index.php\/wp-json\/wp\/v2\/pages\/7162\/revisions\/7190"}],"wp:attachment":[{"href":"https:\/\/koszur.net\/index.php\/wp-json\/wp\/v2\/media?parent=7162"}],"curies":[{"name":"wp","href":"https:\/\/api.w.org\/{rel}","templated":true}]}}