{"id":6638,"date":"2020-08-29T21:36:02","date_gmt":"2020-08-29T19:36:02","guid":{"rendered":"https:\/\/koszur.net\/?page_id=6638"},"modified":"2021-11-04T21:46:40","modified_gmt":"2021-11-04T20:46:40","slug":"sierpien-1980","status":"publish","type":"page","link":"https:\/\/koszur.net\/index.php\/moje-morze\/sierpien-1980\/","title":{"rendered":"Sierpie\u0144 1980"},"content":{"rendered":"<p>[vc_row][vc_column]<div class=\"sc_section\"><div class=\"sc_section_inner\"><div class=\"evc-blog-list evc-shortcode evc-element-has-columns  evc-bl-gallery  evc-one-columns evc-normal-space  \" data-options=\"{&quot;module&quot;:&quot;shortcodes&quot;,&quot;shortcode_name&quot;:&quot;blog-list&quot;,&quot;post_type&quot;:&quot;post&quot;,&quot;next_page&quot;:&quot;2&quot;,&quot;max_pages_num&quot;:1,&quot;type&quot;:&quot;gallery&quot;,&quot;number_of_posts&quot;:&quot;3&quot;,&quot;number_of_columns&quot;:&quot;one&quot;,&quot;space_between_items&quot;:&quot;normal&quot;,&quot;category&quot;:&quot;sierpien-1980&quot;,&quot;orderby&quot;:&quot;date&quot;,&quot;order&quot;:&quot;ASC&quot;,&quot;image_proportions&quot;:&quot;full&quot;,&quot;title_tag&quot;:&quot;h4&quot;,&quot;enable_excerpt&quot;:&quot;yes&quot;,&quot;enable_category&quot;:&quot;yes&quot;,&quot;enable_author&quot;:&quot;yes&quot;,&quot;enable_date&quot;:&quot;yes&quot;,&quot;button_text&quot;:&quot;Load More&quot;}\">\n\t<div class=\"evc-bl-wrapper evc-element-wrapper\">\n\t\t<div class=\"evc-bl-item evc-element-item\">\n\t<div class=\"evc-bli-inner\">\n\t\t\t<div class=\"evc-bli-image \">\n\t\t<a href=\"https:\/\/koszur.net\/index.php\/2020\/08\/20\/kto-co-gdzie-kiedy-dlaczego\/\">\n\t\t\t<img decoding=\"async\" width=\"1920\" height=\"1440\" src=\"https:\/\/koszur.net\/wp-content\/uploads\/2020\/08\/strajk1980_01.jpg\" class=\"attachment-full size-full wp-post-image\" alt=\"\" srcset=\"https:\/\/koszur.net\/wp-content\/uploads\/2020\/08\/strajk1980_01.jpg 1920w, https:\/\/koszur.net\/wp-content\/uploads\/2020\/08\/strajk1980_01-650x488.jpg 650w, https:\/\/koszur.net\/wp-content\/uploads\/2020\/08\/strajk1980_01-300x225.jpg 300w, https:\/\/koszur.net\/wp-content\/uploads\/2020\/08\/strajk1980_01-1024x768.jpg 1024w, https:\/\/koszur.net\/wp-content\/uploads\/2020\/08\/strajk1980_01-768x576.jpg 768w, https:\/\/koszur.net\/wp-content\/uploads\/2020\/08\/strajk1980_01-1536x1152.jpg 1536w\" sizes=\"(max-width: 1920px) 100vw, 1920px\" \/>\t\t\t\t<div class=\"evc-bli-date evc-bli-date-on-image entry-date published updated\">\n\t\t<span class=\"evc-bli-date-day\">20<\/span>\n\t\t<span class=\"evc-bli-date-month\">sie<\/span>\n\t<\/div>\n\t\t<\/a>\n\t<\/div>\n\t\t<div class=\"evc-bli-content\">\n\t\t\t<h4 class=\"evc-bli-title entry-title\"><a href=\"https:\/\/koszur.net\/index.php\/2020\/08\/20\/kto-co-gdzie-kiedy-dlaczego\/\">Sierpie\u0144 1980 &#8211; Kto, co, gdzie, kiedy, dlaczego &#8211; cz. 1<\/a><\/h4>\t\t\t\t<p class=\"evc-bli-excerpt\">1980. Do Stoczni Warskiego wchodzi\u0142em \u201ena telefon\u201d. Przepustka zawsze czeka\u0142a na mnie w biurze<\/p>\n\t\t<\/div>\n\t\t<a class=\"evc-bli-link\" href=\"https:\/\/koszur.net\/index.php\/2020\/08\/20\/kto-co-gdzie-kiedy-dlaczego\/\"><\/a>\n\t<\/div>\n<\/div><div class=\"evc-bl-item evc-element-item\">\n\t<div class=\"evc-bli-inner\">\n\t\t\t<div class=\"evc-bli-image \">\n\t\t<a href=\"https:\/\/koszur.net\/index.php\/2020\/08\/24\/sierpien-1980-kto-co-gdzie-kiedy-dlaczego-cz-2\/\">\n\t\t\t<img decoding=\"async\" width=\"1920\" height=\"1440\" src=\"https:\/\/koszur.net\/wp-content\/uploads\/2020\/08\/strajk-sierpien-1980-B.jpg\" class=\"attachment-full size-full wp-post-image\" alt=\"\" srcset=\"https:\/\/koszur.net\/wp-content\/uploads\/2020\/08\/strajk-sierpien-1980-B.jpg 1920w, https:\/\/koszur.net\/wp-content\/uploads\/2020\/08\/strajk-sierpien-1980-B-650x488.jpg 650w, https:\/\/koszur.net\/wp-content\/uploads\/2020\/08\/strajk-sierpien-1980-B-300x225.jpg 300w, https:\/\/koszur.net\/wp-content\/uploads\/2020\/08\/strajk-sierpien-1980-B-1024x768.jpg 1024w, https:\/\/koszur.net\/wp-content\/uploads\/2020\/08\/strajk-sierpien-1980-B-768x576.jpg 768w, https:\/\/koszur.net\/wp-content\/uploads\/2020\/08\/strajk-sierpien-1980-B-1536x1152.jpg 1536w\" sizes=\"(max-width: 1920px) 100vw, 1920px\" \/>\t\t\t\t<div class=\"evc-bli-date evc-bli-date-on-image entry-date published updated\">\n\t\t<span class=\"evc-bli-date-day\">24<\/span>\n\t\t<span class=\"evc-bli-date-month\">sie<\/span>\n\t<\/div>\n\t\t<\/a>\n\t<\/div>\n\t\t<div class=\"evc-bli-content\">\n\t\t\t<h4 class=\"evc-bli-title entry-title\"><a href=\"https:\/\/koszur.net\/index.php\/2020\/08\/24\/sierpien-1980-kto-co-gdzie-kiedy-dlaczego-cz-2\/\">Sierpie\u0144 1980 &#8211; Kto, co, gdzie, kiedy, dlaczego &#8211; cz. 2<\/a><\/h4>\t\t\t\t<p class=\"evc-bli-excerpt\">\u2013 Bo to wa\u017cne, \u017ceby wiedzie\u0107! Naczelny, Zbigniew Puchalski poda\u0142 mi kartk\u0119 z tak charakteryst<\/p>\n\t\t<\/div>\n\t\t<a class=\"evc-bli-link\" href=\"https:\/\/koszur.net\/index.php\/2020\/08\/24\/sierpien-1980-kto-co-gdzie-kiedy-dlaczego-cz-2\/\"><\/a>\n\t<\/div>\n<\/div><div class=\"evc-bl-item evc-element-item\">\n\t<div class=\"evc-bli-inner\">\n\t\t\t<div class=\"evc-bli-image \">\n\t\t<a href=\"https:\/\/koszur.net\/index.php\/2020\/08\/29\/sierpien-1980-kto-co-gdzie-kiedy-dlaczego-cz-3\/\">\n\t\t\t<img decoding=\"async\" width=\"1920\" height=\"1440\" src=\"https:\/\/koszur.net\/wp-content\/uploads\/2020\/08\/strajk-1980-03.jpg\" class=\"attachment-full size-full wp-post-image\" alt=\"notatki reportera\" srcset=\"https:\/\/koszur.net\/wp-content\/uploads\/2020\/08\/strajk-1980-03.jpg 1920w, https:\/\/koszur.net\/wp-content\/uploads\/2020\/08\/strajk-1980-03-650x488.jpg 650w, https:\/\/koszur.net\/wp-content\/uploads\/2020\/08\/strajk-1980-03-300x225.jpg 300w, https:\/\/koszur.net\/wp-content\/uploads\/2020\/08\/strajk-1980-03-1024x768.jpg 1024w, https:\/\/koszur.net\/wp-content\/uploads\/2020\/08\/strajk-1980-03-768x576.jpg 768w, https:\/\/koszur.net\/wp-content\/uploads\/2020\/08\/strajk-1980-03-1536x1152.jpg 1536w\" sizes=\"(max-width: 1920px) 100vw, 1920px\" \/>\t\t\t\t<div class=\"evc-bli-date evc-bli-date-on-image entry-date published updated\">\n\t\t<span class=\"evc-bli-date-day\">29<\/span>\n\t\t<span class=\"evc-bli-date-month\">sie<\/span>\n\t<\/div>\n\t\t<\/a>\n\t<\/div>\n\t\t<div class=\"evc-bli-content\">\n\t\t\t<h4 class=\"evc-bli-title entry-title\"><a href=\"https:\/\/koszur.net\/index.php\/2020\/08\/29\/sierpien-1980-kto-co-gdzie-kiedy-dlaczego-cz-3\/\">Sierpie\u0144 1980 \u2013 Kto, co, gdzie, kiedy, dlaczego \u2013 cz. 3<\/a><\/h4>\t\t\t\t<p class=\"evc-bli-excerpt\">My\u015bla\u0142em &#8211; mo\u017ce to jaka\u015b ch\u0142opska przebieg\u0142a zawzi\u0119to\u015b\u0107, cz\u0119sto mylona z zawzi\u0119t\u0105 <\/p>\n\t\t<\/div>\n\t\t<a class=\"evc-bli-link\" href=\"https:\/\/koszur.net\/index.php\/2020\/08\/29\/sierpien-1980-kto-co-gdzie-kiedy-dlaczego-cz-3\/\"><\/a>\n\t<\/div>\n<\/div>\t<\/div>\n\t<\/div><\/div><\/div>[vc_empty_space][vc_text_separator title=&#8221;Nasze Sierpnie&#8230;&#8221; i_icon_fontawesome=&#8221;fa fa-history&#8221; border_width=&#8221;3&#8243; add_icon=&#8221;true&#8221;][vc_empty_space]\n<div class=\"wpcf7 no-js\" id=\"wpcf7-f7212-o1\" lang=\"pl-PL\" dir=\"ltr\" data-wpcf7-id=\"7212\">\n<div class=\"screen-reader-response\"><p role=\"status\" aria-live=\"polite\" aria-atomic=\"true\"><\/p> <ul><\/ul><\/div>\n<form action=\"\/index.php\/wp-json\/wp\/v2\/pages\/6638#wpcf7-f7212-o1\" method=\"post\" class=\"wpcf7-form init\" aria-label=\"Formularz kontaktowy\" novalidate=\"novalidate\" data-status=\"init\">\n<fieldset class=\"hidden-fields-container\"><input type=\"hidden\" name=\"_wpcf7\" value=\"7212\" \/><input type=\"hidden\" name=\"_wpcf7_version\" value=\"6.1.5\" \/><input type=\"hidden\" name=\"_wpcf7_locale\" value=\"pl_PL\" \/><input type=\"hidden\" name=\"_wpcf7_unit_tag\" value=\"wpcf7-f7212-o1\" \/><input type=\"hidden\" name=\"_wpcf7_container_post\" value=\"0\" \/><input type=\"hidden\" name=\"_wpcf7_posted_data_hash\" value=\"\" \/><input type=\"hidden\" name=\"_wpcf7_recaptcha_response\" value=\"\" \/>\n<\/fieldset>\n<div class=\"form_info\">\n\t<p><span class=\"wpcf7-form-control-wrap\" data-name=\"text-173\"><input size=\"40\" maxlength=\"400\" class=\"wpcf7-form-control wpcf7-text wpcf7-validates-as-required\" aria-required=\"true\" aria-invalid=\"false\" placeholder=\"Imie i nazwisko*\" value=\"\" type=\"text\" name=\"text-173\" \/><\/span><span class=\"wpcf7-form-control-wrap\" data-name=\"email-273\"><input size=\"40\" maxlength=\"400\" class=\"wpcf7-form-control wpcf7-email wpcf7-validates-as-required wpcf7-text wpcf7-validates-as-email\" aria-required=\"true\" aria-invalid=\"false\" placeholder=\"E-mail*\" value=\"\" type=\"email\" name=\"email-273\" \/><\/span>\n\t<\/p>\n<\/div>\n<div class=\"form_subject\">\n\t<p><span class=\"wpcf7-form-control-wrap\" data-name=\"your-subject\"><input size=\"40\" maxlength=\"400\" class=\"wpcf7-form-control wpcf7-text\" aria-invalid=\"false\" placeholder=\"Temat\" value=\"\" type=\"text\" name=\"your-subject\" \/><\/span>\n\t<\/p>\n<\/div>\n<p><span class=\"wpcf7-form-control-wrap\" data-name=\"textarea-472\"><textarea cols=\"40\" rows=\"10\" maxlength=\"2000\" class=\"wpcf7-form-control wpcf7-textarea wpcf7-validates-as-required\" aria-required=\"true\" aria-invalid=\"false\" placeholder=\"Message\" name=\"textarea-472\"><\/textarea><\/span><br \/>\n<span class=\"wpcf7-form-control-wrap\" data-name=\"acceptance-381\"><span class=\"wpcf7-form-control wpcf7-acceptance\"><span class=\"wpcf7-list-item\"><label><input type=\"checkbox\" name=\"acceptance-381\" value=\"1\" aria-invalid=\"false\" \/><span class=\"wpcf7-list-item-label\">Wyra\u017cam zgod\u0119 na gromadzenie i przechowywanie moich danych adresowych na potrzeby tej korespondencji.<\/span><\/label><\/span><\/span><\/span>\n<\/p>\n<div class=\"form_button\">\n\t<p><input class=\"wpcf7-form-control wpcf7-submit has-spinner\" type=\"submit\" value=\"Wysy\u0142am\" \/>\n\t<\/p>\n<\/div><div class=\"wpcf7-response-output\" aria-hidden=\"true\"><\/div>\n<\/form>\n<\/div>\n[\/vc_column][\/vc_row]<\/p>\n","protected":false},"excerpt":{"rendered":"<p>[vc_row][vc_column][vc_empty_space][vc_text_separator title=&#8221;Nasze Sierpnie&#8230;&#8221; i_icon_fontawesome=&#8221;fa fa-history&#8221; border_width=&#8221;3&#8243; add_icon=&#8221;true&#8221;][vc_empty_space][\/vc_column][\/vc_row]<\/p>\n","protected":false},"author":990004,"featured_media":0,"parent":2994,"menu_order":0,"comment_status":"closed","ping_status":"closed","template":"","meta":{"footnotes":""},"class_list":["post-6638","page","type-page","status-publish","hentry"],"yoast_head":"<!-- This site is optimized with the Yoast SEO plugin v27.5 - https:\/\/yoast.com\/product\/yoast-seo-wordpress\/ -->\n<title>Sierpie\u0144 1980 - Marek Koszur<\/title>\n<meta name=\"description\" content=\"Sierpie\u0144 1980 strajk w Stoczni Warskiego relacje z posiedzenia komisji rz\u0105dowej z komitetem strajkowym relacja radiowa z zako\u0144czenia strajku\" \/>\n<meta name=\"robots\" content=\"index, follow, max-snippet:-1, max-image-preview:large, max-video-preview:-1\" \/>\n<link rel=\"canonical\" href=\"https:\/\/koszur.net\/index.php\/moje-morze\/sierpien-1980\/\" \/>\n<meta property=\"og:locale\" content=\"pl_PL\" \/>\n<meta property=\"og:type\" content=\"article\" \/>\n<meta property=\"og:title\" content=\"Sierpie\u0144 1980 - Marek Koszur\" \/>\n<meta property=\"og:description\" content=\"Sierpie\u0144 1980 strajk w Stoczni Warskiego relacje z posiedzenia komisji rz\u0105dowej z komitetem strajkowym relacja radiowa z zako\u0144czenia strajku\" \/>\n<meta property=\"og:url\" content=\"https:\/\/koszur.net\/index.php\/moje-morze\/sierpien-1980\/\" \/>\n<meta property=\"og:site_name\" content=\"Marek Koszur\" \/>\n<meta property=\"article:modified_time\" content=\"2021-11-04T20:46:40+00:00\" \/>\n<meta name=\"twitter:card\" content=\"summary_large_image\" \/>\n<script type=\"application\/ld+json\" class=\"yoast-schema-graph\">{\"@context\":\"https:\\\/\\\/schema.org\",\"@graph\":[{\"@type\":\"WebPage\",\"@id\":\"https:\\\/\\\/koszur.net\\\/index.php\\\/moje-morze\\\/sierpien-1980\\\/\",\"url\":\"https:\\\/\\\/koszur.net\\\/index.php\\\/moje-morze\\\/sierpien-1980\\\/\",\"name\":\"Sierpie\u0144 1980 - Marek Koszur\",\"isPartOf\":{\"@id\":\"https:\\\/\\\/koszur.net\\\/#website\"},\"datePublished\":\"2020-08-29T19:36:02+00:00\",\"dateModified\":\"2021-11-04T20:46:40+00:00\",\"description\":\"Sierpie\u0144 1980 strajk w Stoczni Warskiego relacje z posiedzenia komisji rz\u0105dowej z komitetem strajkowym relacja radiowa z zako\u0144czenia strajku\",\"breadcrumb\":{\"@id\":\"https:\\\/\\\/koszur.net\\\/index.php\\\/moje-morze\\\/sierpien-1980\\\/#breadcrumb\"},\"inLanguage\":\"pl-PL\",\"potentialAction\":[{\"@type\":\"ReadAction\",\"target\":[\"https:\\\/\\\/koszur.net\\\/index.php\\\/moje-morze\\\/sierpien-1980\\\/\"]}]},{\"@type\":\"BreadcrumbList\",\"@id\":\"https:\\\/\\\/koszur.net\\\/index.php\\\/moje-morze\\\/sierpien-1980\\\/#breadcrumb\",\"itemListElement\":[{\"@type\":\"ListItem\",\"position\":1,\"name\":\"Strona g\u0142\u00f3wna\",\"item\":\"https:\\\/\\\/koszur.net\\\/\"},{\"@type\":\"ListItem\",\"position\":2,\"name\":\"Moje morze\",\"item\":\"https:\\\/\\\/koszur.net\\\/index.php\\\/moje-morze\\\/\"},{\"@type\":\"ListItem\",\"position\":3,\"name\":\"Sierpie\u0144 1980\"}]},{\"@type\":\"WebSite\",\"@id\":\"https:\\\/\\\/koszur.net\\\/#website\",\"url\":\"https:\\\/\\\/koszur.net\\\/\",\"name\":\"Marek Koszur\",\"description\":\"\",\"potentialAction\":[{\"@type\":\"SearchAction\",\"target\":{\"@type\":\"EntryPoint\",\"urlTemplate\":\"https:\\\/\\\/koszur.net\\\/?s={search_term_string}\"},\"query-input\":{\"@type\":\"PropertyValueSpecification\",\"valueRequired\":true,\"valueName\":\"search_term_string\"}}],\"inLanguage\":\"pl-PL\"}]}<\/script>\n<!-- \/ Yoast SEO plugin. -->","yoast_head_json":{"title":"Sierpie\u0144 1980 - Marek Koszur","description":"Sierpie\u0144 1980 strajk w Stoczni Warskiego relacje z posiedzenia komisji rz\u0105dowej z komitetem strajkowym relacja radiowa z zako\u0144czenia strajku","robots":{"index":"index","follow":"follow","max-snippet":"max-snippet:-1","max-image-preview":"max-image-preview:large","max-video-preview":"max-video-preview:-1"},"canonical":"https:\/\/koszur.net\/index.php\/moje-morze\/sierpien-1980\/","og_locale":"pl_PL","og_type":"article","og_title":"Sierpie\u0144 1980 - Marek Koszur","og_description":"Sierpie\u0144 1980 strajk w Stoczni Warskiego relacje z posiedzenia komisji rz\u0105dowej z komitetem strajkowym relacja radiowa z zako\u0144czenia strajku","og_url":"https:\/\/koszur.net\/index.php\/moje-morze\/sierpien-1980\/","og_site_name":"Marek Koszur","article_modified_time":"2021-11-04T20:46:40+00:00","twitter_card":"summary_large_image","schema":{"@context":"https:\/\/schema.org","@graph":[{"@type":"WebPage","@id":"https:\/\/koszur.net\/index.php\/moje-morze\/sierpien-1980\/","url":"https:\/\/koszur.net\/index.php\/moje-morze\/sierpien-1980\/","name":"Sierpie\u0144 1980 - Marek Koszur","isPartOf":{"@id":"https:\/\/koszur.net\/#website"},"datePublished":"2020-08-29T19:36:02+00:00","dateModified":"2021-11-04T20:46:40+00:00","description":"Sierpie\u0144 1980 strajk w Stoczni Warskiego relacje z posiedzenia komisji rz\u0105dowej z komitetem strajkowym relacja radiowa z zako\u0144czenia strajku","breadcrumb":{"@id":"https:\/\/koszur.net\/index.php\/moje-morze\/sierpien-1980\/#breadcrumb"},"inLanguage":"pl-PL","potentialAction":[{"@type":"ReadAction","target":["https:\/\/koszur.net\/index.php\/moje-morze\/sierpien-1980\/"]}]},{"@type":"BreadcrumbList","@id":"https:\/\/koszur.net\/index.php\/moje-morze\/sierpien-1980\/#breadcrumb","itemListElement":[{"@type":"ListItem","position":1,"name":"Strona g\u0142\u00f3wna","item":"https:\/\/koszur.net\/"},{"@type":"ListItem","position":2,"name":"Moje morze","item":"https:\/\/koszur.net\/index.php\/moje-morze\/"},{"@type":"ListItem","position":3,"name":"Sierpie\u0144 1980"}]},{"@type":"WebSite","@id":"https:\/\/koszur.net\/#website","url":"https:\/\/koszur.net\/","name":"Marek Koszur","description":"","potentialAction":[{"@type":"SearchAction","target":{"@type":"EntryPoint","urlTemplate":"https:\/\/koszur.net\/?s={search_term_string}"},"query-input":{"@type":"PropertyValueSpecification","valueRequired":true,"valueName":"search_term_string"}}],"inLanguage":"pl-PL"}]}},"_links":{"self":[{"href":"https:\/\/koszur.net\/index.php\/wp-json\/wp\/v2\/pages\/6638","targetHints":{"allow":["GET"]}}],"collection":[{"href":"https:\/\/koszur.net\/index.php\/wp-json\/wp\/v2\/pages"}],"about":[{"href":"https:\/\/koszur.net\/index.php\/wp-json\/wp\/v2\/types\/page"}],"author":[{"embeddable":true,"href":"https:\/\/koszur.net\/index.php\/wp-json\/wp\/v2\/users\/990004"}],"replies":[{"embeddable":true,"href":"https:\/\/koszur.net\/index.php\/wp-json\/wp\/v2\/comments?post=6638"}],"version-history":[{"count":5,"href":"https:\/\/koszur.net\/index.php\/wp-json\/wp\/v2\/pages\/6638\/revisions"}],"predecessor-version":[{"id":7294,"href":"https:\/\/koszur.net\/index.php\/wp-json\/wp\/v2\/pages\/6638\/revisions\/7294"}],"up":[{"embeddable":true,"href":"https:\/\/koszur.net\/index.php\/wp-json\/wp\/v2\/pages\/2994"}],"wp:attachment":[{"href":"https:\/\/koszur.net\/index.php\/wp-json\/wp\/v2\/media?parent=6638"}],"curies":[{"name":"wp","href":"https:\/\/api.w.org\/{rel}","templated":true}]}}