{"id":6479,"date":"2021-11-06T20:20:24","date_gmt":"2021-11-06T19:20:24","guid":{"rendered":"https:\/\/koszur.net\/?page_id=6479"},"modified":"2022-06-10T22:33:45","modified_gmt":"2022-06-10T20:33:45","slug":"nauciarze","status":"publish","type":"page","link":"https:\/\/koszur.net\/index.php\/nauciarze\/","title":{"rendered":"Nauciarze"},"content":{"rendered":"<p>[vc_row][vc_column]<div class=\"sc_section\"><div class=\"sc_section_inner\"><\/div><\/div>[vc_empty_space][vc_empty_space]<div class=\"columns_wrap sc_columns columns_nofluid sc_columns_count_2\"><div class=\"column-1_2 sc_column_item sc_column_item_1 odd first\"><span class=\"sc_highlight\"><\/p>\n<p style=\"text-align: left;\"><span style=\"font-family: helvetica, arial, sans-serif; font-size: 36pt;\"><strong>Pierwsze wy nauciarze, <\/strong><\/span><\/p>\n<p style=\"text-align: left;\"><span style=\"font-family: helvetica, arial, sans-serif; font-size: 36pt;\"><strong>pierwsze okr\u0119tniki&#8230;<\/strong><\/span><\/p>\n<p><\/span>[vc_empty_space][evc_flip_image image=&#8221;6483&#8243; image_size=&#8221;large&#8221; title=&#8221;Statek szkolny &#8222;Lw\u00f3w&#8222;&#8221;]<\/div><div class=\"column-1_2 sc_column_item sc_column_item_2 even\">[vc_column_text]<\/p>\n<p>W pierwszej paczce dosta\u0142em &#8222;co\u015b do czytania&#8221;&#8230;<\/p>\n<p>Dlaczego t\u0119 w\u0142a\u015bnie ksi\u0105\u017ck\u0119 Ojciec wybra\u0142 z wielu, kt\u00f3re w ostatnim rzucie przywi\u00f3z\u0142 z Krzeszyc &#8211; nie wiem. Mo\u017ce szuka\u0142 czego\u015b, co w jakikolwiek spos\u00f3b mog\u0142oby nawi\u0105zywa\u0107 od mojej sytuacji? Po\u0142o\u017cy\u0142em si\u0119 po wieczornym apelu na pi\u0119trowe \u0142\u00f3\u017cko w podchor\u0105\u017cackiej sali, pe\u0142nej gwaru, tubalnych g\u0142os\u00f3w, przechwa\u0142ek i bezkompromisowych dowcip\u00f3w. Zaczynali\u015bmy rok wojskowego obowi\u0105zku. Jak za\u0142oga statku, odci\u0119ci w okresie unitarnym od reszty \u015bwiata, n\u0119kani musztr\u0105, zaj\u0119ciami z budowy dzidy bojowej czy poddawani indoktrynacji politycznej, maj\u0105cej utwierdzi\u0107 w nas niez\u0142omn\u0105 wol\u0119 obrony socjalizmu. By\u0142 rok 1977&#8230;<\/p>\n<p>&#8222;Na morze po chleb i przygod\u0119&#8221;&#8230;<\/p>\n<p>A ja zbiera\u0142em w\u0142a\u015bnie na malucha, uzupe\u0142nia\u0142em wk\u0142ad na mieszkanie, rozwa\u017ca\u0142em lokat\u0119 na ksi\u0105\u017ceczce PKO, \u017ceby za rok mie\u0107 tych 6-7% z zamro\u017conego kapita\u0142u &#8211; klucz do n iezale\u017cno\u015bci. Krok dalej by\u0142 ju\u017c tylko \u015bwiat, egzotyka, mo\u017ce rodzina?<\/p>\n<p>Ten \u015bwiat&#8230; Uwiera\u0142 mnie zawsze. \u017be niby taki w zasi\u0119gu raki, a przecie\u017c nieosi\u0105galny. Nie lecia\u0142em jeszcze wtedy samolotem, nie p\u0142yn\u0105\u0142em statkiem przez otwarte morze, ale zna\u0142em Berlin, Lipsk, Drezno, Budapeszt, Prag\u0119, Leningrad&#8230; Ale to nie by\u0142 &#8222;ten&#8221; \u015bwiat, cho\u0107 wielu ludzi o odwiedzeniu tych miejsc nawet marzy\u0107 nie mog\u0142o. Ja chcia\u0142em zagubi\u0107 si\u0119 w przestrzeni, wbi\u0107 si\u0119 w ost\u0119p, zatraci\u0107 w bezkresie. G\u00f3ry, nurkowanie, noc na pla\u017cy, po\u015br\u00f3d zamieraj\u0105cego \u0142oskotu oceanicznych fal, z poczuciem, \u017ce na barkach trzymam ca\u0142y niebosk\u0142on!<\/p>\n<p>Ale jedyny drogowskaz, jaki sta\u0142 wtedy przede mn\u0105 podpowiada\u0142: po chleb!<\/p>\n<p>Nie wiedzia\u0142em jeszcze wtedy, \u017ce \u017cycie &#8222;za chlebem&#8221; uskrzydla i motywuje w spos\u00f3b nie daj\u0105cy si\u0119 por\u00f3wna\u0107 z jakimkolwiek marzeniem. Chleb otwiera nie tylko \u015bwiat zewn\u0119trzny, ale przede wszystkim kosmos wewn\u0119trzny. Mo\u017cna przej\u015b\u0107 przez pustyni\u0119, wdrapa\u0107 si\u0119 na \u015bcian\u0119 lodowca, ale nie ka\u017cdy pokona zw\u0105tpienie, gdy resztki si\u0142 ju\u017c dawno wygas\u0142y. Jak wiele upokorze\u0144, wyrzecze\u0144 i niekiedy godno\u015bci trzeba po\u0142o\u017cy\u0107 na szal\u0119, by zyska\u0107 prawo wst\u0119pu do \u015bwiata ludzi wolnych, spe\u0142nionych i do\u015bwiadczonych. Maj\u0105cych chleb.<\/p>\n<p>Pozna\u0142em tych ludzi. Wpatrywa\u0142em si\u0119 w ich oczy, rejestrowa\u0142em najmniejszy gest r\u0119ki, powieki, nerwu. Nic. Nigdy, w czasie wielu godzin rozm\u00f3w, nie dostrzeg\u0142em najmniejszego \u017calu, udr\u0119ki, znoju czy minionej grozy. Wszystko to zostawili za sob\u0105. Razem z m\u0142odo\u015bci\u0105.[\/vc_column_text]<\/div><\/div>[vc_empty_space][vc_separator border_width=&#8221;3&#8243;][vc_empty_space][\/vc_column][\/vc_row][vc_row][vc_column]<div class=\"sc_section\"><div class=\"sc_section_inner\"><\/div><\/div><div class=\"columns_wrap sc_columns columns_nofluid sc_columns_count_2\"><div class=\"column-1_2 sc_column_item sc_column_item_1 odd first\"><\/div><div class=\"column-1_2 sc_column_item sc_column_item_2 even\"><\/div><\/div>[vc_column_text]<\/p>\n<p class=\"page_title\"><span style=\"font-size: 14pt;\"><a href=\"https:\/\/koszur.net\/index.php\/nauciarze-od-autora\/\">Nauciarze \u2013 Od Autora<\/a><\/span><\/p>\n<p><span style=\"font-size: 14pt;\"><a href=\"https:\/\/koszur.net\/index.php\/zamiast-wstepu\/\">Zamiast wst\u0119pu<\/a><\/span><\/p>\n<hr \/>\n<p>Rozdzia\u0142 1<\/p>\n<p>Rozdzia\u0142 2<\/p>\n<p>Rozdzia\u0142 3<\/p>\n<p><a href=\"https:\/\/koszur.net\/index.php\/nauciarze\/nauciarze-rozdzial-iv\/\">Rozdzia\u0142 4<\/a><\/p>\n<p>Rozdzia\u0142 5[\/vc_column_text][\/vc_column][\/vc_row][vc_row][vc_column][vc_empty_space][vc_text_separator title=&#8221;Pierwsze wy nauciarze, pierwsze okr\u0119tniki &#8211; uzupe\u0142nienia i komentarze&#8221; i_icon_fontawesome=&#8221;fa fa-anchor&#8221; add_icon=&#8221;true&#8221;][vc_empty_space]\n<div class=\"wpcf7 no-js\" id=\"wpcf7-f7212-o1\" lang=\"pl-PL\" dir=\"ltr\" data-wpcf7-id=\"7212\">\n<div class=\"screen-reader-response\"><p role=\"status\" aria-live=\"polite\" aria-atomic=\"true\"><\/p> <ul><\/ul><\/div>\n<form action=\"\/index.php\/wp-json\/wp\/v2\/pages\/6479#wpcf7-f7212-o1\" method=\"post\" class=\"wpcf7-form init\" aria-label=\"Formularz kontaktowy\" novalidate=\"novalidate\" data-status=\"init\">\n<fieldset class=\"hidden-fields-container\"><input type=\"hidden\" name=\"_wpcf7\" value=\"7212\" \/><input type=\"hidden\" name=\"_wpcf7_version\" value=\"6.1.5\" \/><input type=\"hidden\" name=\"_wpcf7_locale\" value=\"pl_PL\" \/><input type=\"hidden\" name=\"_wpcf7_unit_tag\" value=\"wpcf7-f7212-o1\" \/><input type=\"hidden\" name=\"_wpcf7_container_post\" value=\"0\" \/><input type=\"hidden\" name=\"_wpcf7_posted_data_hash\" value=\"\" \/><input type=\"hidden\" name=\"_wpcf7_recaptcha_response\" value=\"\" \/>\n<\/fieldset>\n<div class=\"form_info\">\n\t<p><span class=\"wpcf7-form-control-wrap\" data-name=\"text-173\"><input size=\"40\" maxlength=\"400\" class=\"wpcf7-form-control wpcf7-text wpcf7-validates-as-required\" aria-required=\"true\" aria-invalid=\"false\" placeholder=\"Imie i nazwisko*\" value=\"\" type=\"text\" name=\"text-173\" \/><\/span><span class=\"wpcf7-form-control-wrap\" data-name=\"email-273\"><input size=\"40\" maxlength=\"400\" class=\"wpcf7-form-control wpcf7-email wpcf7-validates-as-required wpcf7-text wpcf7-validates-as-email\" aria-required=\"true\" aria-invalid=\"false\" placeholder=\"E-mail*\" value=\"\" type=\"email\" name=\"email-273\" \/><\/span>\n\t<\/p>\n<\/div>\n<div class=\"form_subject\">\n\t<p><span class=\"wpcf7-form-control-wrap\" data-name=\"your-subject\"><input size=\"40\" maxlength=\"400\" class=\"wpcf7-form-control wpcf7-text\" aria-invalid=\"false\" placeholder=\"Temat\" value=\"\" type=\"text\" name=\"your-subject\" \/><\/span>\n\t<\/p>\n<\/div>\n<p><span class=\"wpcf7-form-control-wrap\" data-name=\"textarea-472\"><textarea cols=\"40\" rows=\"10\" maxlength=\"2000\" class=\"wpcf7-form-control wpcf7-textarea wpcf7-validates-as-required\" aria-required=\"true\" aria-invalid=\"false\" placeholder=\"Message\" name=\"textarea-472\"><\/textarea><\/span><br \/>\n<span class=\"wpcf7-form-control-wrap\" data-name=\"acceptance-381\"><span class=\"wpcf7-form-control wpcf7-acceptance\"><span class=\"wpcf7-list-item\"><label><input type=\"checkbox\" name=\"acceptance-381\" value=\"1\" aria-invalid=\"false\" \/><span class=\"wpcf7-list-item-label\">Wyra\u017cam zgod\u0119 na gromadzenie i przechowywanie moich danych adresowych na potrzeby tej korespondencji.<\/span><\/label><\/span><\/span><\/span>\n<\/p>\n<div class=\"form_button\">\n\t<p><input class=\"wpcf7-form-control wpcf7-submit has-spinner\" type=\"submit\" value=\"Wysy\u0142am\" \/>\n\t<\/p>\n<\/div><div class=\"wpcf7-response-output\" aria-hidden=\"true\"><\/div>\n<\/form>\n<\/div>\n[\/vc_column][\/vc_row]<\/p>\n","protected":false},"excerpt":{"rendered":"<p>[vc_row][vc_column][vc_empty_space][vc_empty_space][vc_empty_space][vc_separator border_width=&#8221;3&#8243;][vc_empty_space][\/vc_column][\/vc_row][vc_row][vc_column][vc_column_text] Nauciarze \u2013 Od Autora Zamiast wst\u0119pu Rozdzia\u0142 1 Rozdzia\u0142 2 Rozdzia\u0142 3 Rozdzia\u0142 4 Rozdzia\u0142 5[\/vc_column_text][\/vc_column][\/vc_row][vc_row][vc_column][vc_empty_space][vc_text_separator title=&#8221;Pierwsze wy nauciarze, pierwsze okr\u0119tniki &#8211; uzupe\u0142nienia i komentarze&#8221; i_icon_fontawesome=&#8221;fa fa-anchor&#8221; add_icon=&#8221;true&#8221;][vc_empty_space][\/vc_column][\/vc_row]<\/p>\n","protected":false},"author":990004,"featured_media":6484,"parent":0,"menu_order":0,"comment_status":"closed","ping_status":"closed","template":"","meta":{"footnotes":""},"class_list":["post-6479","page","type-page","status-publish","has-post-thumbnail","hentry"],"_links":{"self":[{"href":"https:\/\/koszur.net\/index.php\/wp-json\/wp\/v2\/pages\/6479","targetHints":{"allow":["GET"]}}],"collection":[{"href":"https:\/\/koszur.net\/index.php\/wp-json\/wp\/v2\/pages"}],"about":[{"href":"https:\/\/koszur.net\/index.php\/wp-json\/wp\/v2\/types\/page"}],"author":[{"embeddable":true,"href":"https:\/\/koszur.net\/index.php\/wp-json\/wp\/v2\/users\/990004"}],"replies":[{"embeddable":true,"href":"https:\/\/koszur.net\/index.php\/wp-json\/wp\/v2\/comments?post=6479"}],"version-history":[{"count":14,"href":"https:\/\/koszur.net\/index.php\/wp-json\/wp\/v2\/pages\/6479\/revisions"}],"predecessor-version":[{"id":8804,"href":"https:\/\/koszur.net\/index.php\/wp-json\/wp\/v2\/pages\/6479\/revisions\/8804"}],"wp:featuredmedia":[{"embeddable":true,"href":"https:\/\/koszur.net\/index.php\/wp-json\/wp\/v2\/media\/6484"}],"wp:attachment":[{"href":"https:\/\/koszur.net\/index.php\/wp-json\/wp\/v2\/media?parent=6479"}],"curies":[{"name":"wp","href":"https:\/\/api.w.org\/{rel}","templated":true}]}}