{"id":6187,"date":"2020-05-09T21:48:24","date_gmt":"2020-05-09T19:48:24","guid":{"rendered":"https:\/\/koszur.net\/?page_id=6187"},"modified":"2021-11-05T21:40:20","modified_gmt":"2021-11-05T20:40:20","slug":"za-kulisa-teatru","status":"publish","type":"page","link":"https:\/\/koszur.net\/index.php\/za-kulisa-teatru\/","title":{"rendered":"Za kulis\u0105 teatru&#8230;"},"content":{"rendered":"<p>[vc_row][vc_column]<div class=\"sc_section\"><div class=\"sc_section_inner\"><\/div><\/div>[vc_empty_space]<div class=\"evc-blog-list evc-shortcode evc-element-has-columns  evc-bl-gallery  evc-one-columns evc-normal-space evc-has-pagination evc-load-more evc-bl-skin-light\" data-options=\"{&quot;module&quot;:&quot;shortcodes&quot;,&quot;shortcode_name&quot;:&quot;blog-list&quot;,&quot;post_type&quot;:&quot;post&quot;,&quot;next_page&quot;:&quot;2&quot;,&quot;max_pages_num&quot;:1,&quot;type&quot;:&quot;gallery&quot;,&quot;number_of_posts&quot;:&quot;10&quot;,&quot;number_of_columns&quot;:&quot;one&quot;,&quot;space_between_items&quot;:&quot;normal&quot;,&quot;category&quot;:&quot;za-kulisa-teatru&quot;,&quot;orderby&quot;:&quot;date&quot;,&quot;order&quot;:&quot;ASC&quot;,&quot;pagination_type&quot;:&quot;load-more&quot;,&quot;skin&quot;:&quot;light&quot;,&quot;image_proportions&quot;:&quot;full&quot;,&quot;title_tag&quot;:&quot;h1&quot;,&quot;enable_excerpt&quot;:&quot;yes&quot;,&quot;excerpt_length&quot;:&quot;300&quot;,&quot;enable_category&quot;:&quot;yes&quot;,&quot;enable_author&quot;:&quot;yes&quot;,&quot;enable_date&quot;:&quot;yes&quot;,&quot;button_text&quot;:&quot;Przeczyta\\u0142e\\u015b? Odpisz!&quot;,&quot;button_type&quot;:&quot;solid&quot;,&quot;button_size&quot;:&quot;large&quot;,&quot;button_font_size&quot;:&quot;20px&quot;,&quot;button_color&quot;:&quot;#1e73be&quot;}\">\n\t<div class=\"evc-bl-wrapper evc-element-wrapper\">\n\t\t<div class=\"evc-bl-item evc-element-item\">\n\t<div class=\"evc-bli-inner\">\n\t\t\t<div class=\"evc-bli-image \">\n\t\t<a href=\"https:\/\/koszur.net\/index.php\/2020\/08\/15\/chodzenie-po-linie-do-gory-nogami\/\">\n\t\t\t<img decoding=\"async\" width=\"1920\" height=\"1440\" src=\"https:\/\/koszur.net\/wp-content\/uploads\/2020\/08\/przesluchanie-slowicki.jpg\" class=\"attachment-full size-full wp-post-image\" alt=\"Ryszard S\u0142owicki Przes\u0142uchanie\" srcset=\"https:\/\/koszur.net\/wp-content\/uploads\/2020\/08\/przesluchanie-slowicki.jpg 1920w, https:\/\/koszur.net\/wp-content\/uploads\/2020\/08\/przesluchanie-slowicki-650x488.jpg 650w, https:\/\/koszur.net\/wp-content\/uploads\/2020\/08\/przesluchanie-slowicki-300x225.jpg 300w, https:\/\/koszur.net\/wp-content\/uploads\/2020\/08\/przesluchanie-slowicki-1024x768.jpg 1024w, https:\/\/koszur.net\/wp-content\/uploads\/2020\/08\/przesluchanie-slowicki-768x576.jpg 768w, https:\/\/koszur.net\/wp-content\/uploads\/2020\/08\/przesluchanie-slowicki-1536x1152.jpg 1536w\" sizes=\"(max-width: 1920px) 100vw, 1920px\" \/>\t\t\t\t<div class=\"evc-bli-date evc-bli-date-on-image entry-date published updated\">\n\t\t<span class=\"evc-bli-date-day\">15<\/span>\n\t\t<span class=\"evc-bli-date-month\">sie<\/span>\n\t<\/div>\n\t\t<\/a>\n\t<\/div>\n\t\t<div class=\"evc-bli-content\">\n\t\t\t<h1 class=\"evc-bli-title entry-title\"><a href=\"https:\/\/koszur.net\/index.php\/2020\/08\/15\/chodzenie-po-linie-do-gory-nogami\/\">Chodzenie po linie &#8211; do g\u00f3ry nogami<\/a><\/h1>\t\t\t\t<p class=\"evc-bli-excerpt\">Notatka pierwsza: Zaczn\u0119 od post scriptum. Nie mog\u0119 podzi\u0119kowa\u0107 za zaufanie, bo nie mam kwalifikacji, by dokonywa\u0107 analizy czy recenzji Pa\u0144skiego s\u0142uchowiska. Szczeg\u00f3lnie tak osobistego i wyrazistego w nader materialnej postaci narratora czy podmiotu lirycznego. Mog\u0119 co najwy\u017cej zanotowa\u0107<\/p>\n\t\t<\/div>\n\t\t<a class=\"evc-bli-link\" href=\"https:\/\/koszur.net\/index.php\/2020\/08\/15\/chodzenie-po-linie-do-gory-nogami\/\"><\/a>\n\t<\/div>\n<\/div><div class=\"evc-bl-item evc-element-item\">\n\t<div class=\"evc-bli-inner\">\n\t\t\t<div class=\"evc-bli-image \">\n\t\t<a href=\"https:\/\/koszur.net\/index.php\/2020\/08\/16\/tytulu-ci-brak\/\">\n\t\t\t<img decoding=\"async\" width=\"1920\" height=\"1440\" src=\"https:\/\/koszur.net\/wp-content\/uploads\/2020\/08\/slowicki-przesluchanie-tytul1.jpg\" class=\"attachment-full size-full wp-post-image\" alt=\"Ryszard S\u0142owicki Przes\u0142uchanie felieton 2\" srcset=\"https:\/\/koszur.net\/wp-content\/uploads\/2020\/08\/slowicki-przesluchanie-tytul1.jpg 1920w, https:\/\/koszur.net\/wp-content\/uploads\/2020\/08\/slowicki-przesluchanie-tytul1-650x488.jpg 650w, https:\/\/koszur.net\/wp-content\/uploads\/2020\/08\/slowicki-przesluchanie-tytul1-300x225.jpg 300w, https:\/\/koszur.net\/wp-content\/uploads\/2020\/08\/slowicki-przesluchanie-tytul1-1024x768.jpg 1024w, https:\/\/koszur.net\/wp-content\/uploads\/2020\/08\/slowicki-przesluchanie-tytul1-768x576.jpg 768w, https:\/\/koszur.net\/wp-content\/uploads\/2020\/08\/slowicki-przesluchanie-tytul1-1536x1152.jpg 1536w\" sizes=\"(max-width: 1920px) 100vw, 1920px\" \/>\t\t\t\t<div class=\"evc-bli-date evc-bli-date-on-image entry-date published updated\">\n\t\t<span class=\"evc-bli-date-day\">16<\/span>\n\t\t<span class=\"evc-bli-date-month\">sie<\/span>\n\t<\/div>\n\t\t<\/a>\n\t<\/div>\n\t\t<div class=\"evc-bli-content\">\n\t\t\t<h1 class=\"evc-bli-title entry-title\"><a href=\"https:\/\/koszur.net\/index.php\/2020\/08\/16\/tytulu-ci-brak\/\">Tytu\u0142u ci brak?<\/a><\/h1>\t\t\t\t<p class=\"evc-bli-excerpt\">Notatka druga: (tak\u017ce niekoniecznie na temat) Ryszard S\u0142owicki, s\u0142uchowisko &#8222;Przes\u0142uchanie&#8221;. &nbsp; &#8211; No, co si\u0119 tak patrzysz? Wiersz piszesz, tytu\u0142u ci brak? &#8211; Jurek Szafulski nie czeka\u0142 na odpowied\u017a. Nasze spojrzenia spotyka\u0142y si\u0119 w spos\u00f3b najzupe\u0142niej oczywisty<\/p>\n\t\t<\/div>\n\t\t<a class=\"evc-bli-link\" href=\"https:\/\/koszur.net\/index.php\/2020\/08\/16\/tytulu-ci-brak\/\"><\/a>\n\t<\/div>\n<\/div><div class=\"evc-bl-item evc-element-item\">\n\t<div class=\"evc-bli-inner\">\n\t\t\t<div class=\"evc-bli-image \">\n\t\t<a href=\"https:\/\/koszur.net\/index.php\/2020\/11\/04\/pomilczec-z-gustawem-holoubkiem\/\">\n\t\t\t<img decoding=\"async\" width=\"1920\" height=\"1080\" src=\"https:\/\/koszur.net\/wp-content\/uploads\/2020\/11\/miedzy-cisza-a-cisza.jpg\" class=\"attachment-full size-full wp-post-image\" alt=\"mi\u0119dzy cisz\u0105, a cisz\u0105\" srcset=\"https:\/\/koszur.net\/wp-content\/uploads\/2020\/11\/miedzy-cisza-a-cisza.jpg 1920w, https:\/\/koszur.net\/wp-content\/uploads\/2020\/11\/miedzy-cisza-a-cisza-650x366.jpg 650w, https:\/\/koszur.net\/wp-content\/uploads\/2020\/11\/miedzy-cisza-a-cisza-300x169.jpg 300w, https:\/\/koszur.net\/wp-content\/uploads\/2020\/11\/miedzy-cisza-a-cisza-1024x576.jpg 1024w, https:\/\/koszur.net\/wp-content\/uploads\/2020\/11\/miedzy-cisza-a-cisza-768x432.jpg 768w, https:\/\/koszur.net\/wp-content\/uploads\/2020\/11\/miedzy-cisza-a-cisza-1536x864.jpg 1536w\" sizes=\"(max-width: 1920px) 100vw, 1920px\" \/>\t\t\t\t<div class=\"evc-bli-date evc-bli-date-on-image entry-date published updated\">\n\t\t<span class=\"evc-bli-date-day\">04<\/span>\n\t\t<span class=\"evc-bli-date-month\">lis<\/span>\n\t<\/div>\n\t\t<\/a>\n\t<\/div>\n\t\t<div class=\"evc-bli-content\">\n\t\t\t<h1 class=\"evc-bli-title entry-title\"><a href=\"https:\/\/koszur.net\/index.php\/2020\/11\/04\/pomilczec-z-gustawem-holoubkiem\/\">Pomilcze\u0107 z Gustawem Holoubkiem<\/a><\/h1>\t\t\t\t<p class=\"evc-bli-excerpt\">Tak, to prawda. Chcia\u0142bym &#8211; a ta my\u015bl towarzyszy mi od kilkudziesi\u0119ciu ju\u017c lat \u2013 cho\u0107by przez kilka chwil\u2026 pomilcze\u0107 z Gustawem Holoubkiem. Co jaki\u015b czas przechadzam si\u0119 obok \u0142awki, na kt\u00f3rej siedzi, ale jako\u015b brak mi \u015bmia\u0142o\u015bci, by si\u0119 przysi\u0105\u015b\u0107, a ju\u017c nie do pomy\u015blenia<\/p>\n\t\t<\/div>\n\t\t<a class=\"evc-bli-link\" href=\"https:\/\/koszur.net\/index.php\/2020\/11\/04\/pomilczec-z-gustawem-holoubkiem\/\"><\/a>\n\t<\/div>\n<\/div><div class=\"evc-bl-item evc-element-item\">\n\t<div class=\"evc-bli-inner\">\n\t\t\t<div class=\"evc-bli-image \">\n\t\t<a href=\"https:\/\/koszur.net\/index.php\/2024\/03\/22\/sos-ratunku-uratowac-moze-nas-gabit\/\">\n\t\t\t<img decoding=\"async\" width=\"2560\" height=\"1920\" src=\"https:\/\/koszur.net\/wp-content\/uploads\/2024\/03\/Gabit-Pleciuga-wyborcza-04-scaled.jpg\" class=\"attachment-full size-full wp-post-image\" alt=\"\" srcset=\"https:\/\/koszur.net\/wp-content\/uploads\/2024\/03\/Gabit-Pleciuga-wyborcza-04-scaled.jpg 2560w, https:\/\/koszur.net\/wp-content\/uploads\/2024\/03\/Gabit-Pleciuga-wyborcza-04-300x225.jpg 300w, https:\/\/koszur.net\/wp-content\/uploads\/2024\/03\/Gabit-Pleciuga-wyborcza-04-1024x768.jpg 1024w, https:\/\/koszur.net\/wp-content\/uploads\/2024\/03\/Gabit-Pleciuga-wyborcza-04-768x576.jpg 768w, https:\/\/koszur.net\/wp-content\/uploads\/2024\/03\/Gabit-Pleciuga-wyborcza-04-1536x1152.jpg 1536w, https:\/\/koszur.net\/wp-content\/uploads\/2024\/03\/Gabit-Pleciuga-wyborcza-04-2048x1536.jpg 2048w, https:\/\/koszur.net\/wp-content\/uploads\/2024\/03\/Gabit-Pleciuga-wyborcza-04-650x488.jpg 650w\" sizes=\"(max-width: 2560px) 100vw, 2560px\" \/>\t\t\t\t<div class=\"evc-bli-date evc-bli-date-on-image entry-date published updated\">\n\t\t<span class=\"evc-bli-date-day\">22<\/span>\n\t\t<span class=\"evc-bli-date-month\">mar<\/span>\n\t<\/div>\n\t\t<\/a>\n\t<\/div>\n\t\t<div class=\"evc-bli-content\">\n\t\t\t<h1 class=\"evc-bli-title entry-title\"><a href=\"https:\/\/koszur.net\/index.php\/2024\/03\/22\/sos-ratunku-uratowac-moze-nas-gabit\/\">SOS! RATUNKU! Uratowa\u0107 mo\u017ce nas\u2026 GABIT!<\/a><\/h1>\t\t\t\t<p class=\"evc-bli-excerpt\">Ukaza\u0142 si\u0119 61 ju\u017c (!) numer \u201eGabita\u201d, nieregularnika Teatru Pleciuga w Szczecinie. Dwa razy w sezonie teatralnym pismo dokumentuje, recenzuje, omawia dokonania teatru, ale przede wszystkim \u2013 uzupe\u0142nia i prowadzi dyskusj\u0119 o problemach i sprawach prezentowanych na scenie. Nie ma w Polsce cz<\/p>\n\t\t<\/div>\n\t\t<a class=\"evc-bli-link\" href=\"https:\/\/koszur.net\/index.php\/2024\/03\/22\/sos-ratunku-uratowac-moze-nas-gabit\/\"><\/a>\n\t<\/div>\n<\/div>\t<\/div>\n\t\t<div class=\"evc-bl-pagination evc-pagination-holder\">\n\t\t<div class=\"evc-pagination-spinner evc-abs\">\n\t\t\t<div class=\"evc-ps-bounce-1\"><\/div>\n\t\t\t<div class=\"evc-ps-bounce-2\"><\/div>\n\t\t\t<div class=\"evc-ps-bounce-3\"><\/div>\n\t\t<\/div>\n\t\t<a class=\"evc-button evc-shortcode evc-load-more-button evc-btn-solid evc-btn-large \"  style=\"font-size: 20px;color: #1e73be\" >\n\t\t<span class=\"evc-btn-text\">Przeczyta\u0142e\u015b? Odpisz!<\/span>\n<\/a>\n\t<\/div>\n<\/div>[\/vc_column][\/vc_row]<\/p>\n","protected":false},"excerpt":{"rendered":"<p>[vc_row][vc_column][vc_empty_space][\/vc_column][\/vc_row]<\/p>\n","protected":false},"author":990004,"featured_media":0,"parent":0,"menu_order":0,"comment_status":"closed","ping_status":"closed","template":"","meta":{"footnotes":""},"class_list":["post-6187","page","type-page","status-publish","hentry"],"yoast_head":"<!-- This site is optimized with the Yoast SEO plugin v27.5 - https:\/\/yoast.com\/product\/yoast-seo-wordpress\/ -->\n<title>Za kulis\u0105 teatru... - Marek Koszur<\/title>\n<meta name=\"description\" content=\"By\u0107 cho\u0107 na chwil\u0119 kim\u015b innym, zewn\u0119trznie i wewn\u0119trznie, sparwdzi\u0107 w praktyce pzremoc, uleg\u0142o\u015b\u0107, bezwzgl\u0119dno\u015b\u0107 i wsp\u00f3\u0142czucie. Teatr\" \/>\n<meta name=\"robots\" content=\"index, follow, max-snippet:-1, max-image-preview:large, max-video-preview:-1\" \/>\n<link rel=\"canonical\" href=\"https:\/\/koszur.net\/index.php\/za-kulisa-teatru\/\" \/>\n<meta property=\"og:locale\" content=\"pl_PL\" \/>\n<meta property=\"og:type\" content=\"article\" \/>\n<meta property=\"og:title\" content=\"Za kulis\u0105 teatru... - Marek Koszur\" \/>\n<meta property=\"og:description\" content=\"By\u0107 cho\u0107 na chwil\u0119 kim\u015b innym, zewn\u0119trznie i wewn\u0119trznie, sparwdzi\u0107 w praktyce pzremoc, uleg\u0142o\u015b\u0107, bezwzgl\u0119dno\u015b\u0107 i wsp\u00f3\u0142czucie. Teatr\" \/>\n<meta property=\"og:url\" content=\"https:\/\/koszur.net\/index.php\/za-kulisa-teatru\/\" \/>\n<meta property=\"og:site_name\" content=\"Marek Koszur\" \/>\n<meta property=\"article:modified_time\" content=\"2021-11-05T20:40:20+00:00\" \/>\n<meta name=\"twitter:card\" content=\"summary_large_image\" \/>\n<script type=\"application\/ld+json\" class=\"yoast-schema-graph\">{\"@context\":\"https:\\\/\\\/schema.org\",\"@graph\":[{\"@type\":\"WebPage\",\"@id\":\"https:\\\/\\\/koszur.net\\\/index.php\\\/za-kulisa-teatru\\\/\",\"url\":\"https:\\\/\\\/koszur.net\\\/index.php\\\/za-kulisa-teatru\\\/\",\"name\":\"Za kulis\u0105 teatru... - Marek Koszur\",\"isPartOf\":{\"@id\":\"https:\\\/\\\/koszur.net\\\/#website\"},\"datePublished\":\"2020-05-09T19:48:24+00:00\",\"dateModified\":\"2021-11-05T20:40:20+00:00\",\"description\":\"By\u0107 cho\u0107 na chwil\u0119 kim\u015b innym, zewn\u0119trznie i wewn\u0119trznie, sparwdzi\u0107 w praktyce pzremoc, uleg\u0142o\u015b\u0107, bezwzgl\u0119dno\u015b\u0107 i wsp\u00f3\u0142czucie. Teatr\",\"breadcrumb\":{\"@id\":\"https:\\\/\\\/koszur.net\\\/index.php\\\/za-kulisa-teatru\\\/#breadcrumb\"},\"inLanguage\":\"pl-PL\",\"potentialAction\":[{\"@type\":\"ReadAction\",\"target\":[\"https:\\\/\\\/koszur.net\\\/index.php\\\/za-kulisa-teatru\\\/\"]}]},{\"@type\":\"BreadcrumbList\",\"@id\":\"https:\\\/\\\/koszur.net\\\/index.php\\\/za-kulisa-teatru\\\/#breadcrumb\",\"itemListElement\":[{\"@type\":\"ListItem\",\"position\":1,\"name\":\"Strona g\u0142\u00f3wna\",\"item\":\"https:\\\/\\\/koszur.net\\\/\"},{\"@type\":\"ListItem\",\"position\":2,\"name\":\"Za kulis\u0105 teatru&#8230;\"}]},{\"@type\":\"WebSite\",\"@id\":\"https:\\\/\\\/koszur.net\\\/#website\",\"url\":\"https:\\\/\\\/koszur.net\\\/\",\"name\":\"Marek Koszur\",\"description\":\"\",\"potentialAction\":[{\"@type\":\"SearchAction\",\"target\":{\"@type\":\"EntryPoint\",\"urlTemplate\":\"https:\\\/\\\/koszur.net\\\/?s={search_term_string}\"},\"query-input\":{\"@type\":\"PropertyValueSpecification\",\"valueRequired\":true,\"valueName\":\"search_term_string\"}}],\"inLanguage\":\"pl-PL\"}]}<\/script>\n<!-- \/ Yoast SEO plugin. -->","yoast_head_json":{"title":"Za kulis\u0105 teatru... - Marek Koszur","description":"By\u0107 cho\u0107 na chwil\u0119 kim\u015b innym, zewn\u0119trznie i wewn\u0119trznie, sparwdzi\u0107 w praktyce pzremoc, uleg\u0142o\u015b\u0107, bezwzgl\u0119dno\u015b\u0107 i wsp\u00f3\u0142czucie. Teatr","robots":{"index":"index","follow":"follow","max-snippet":"max-snippet:-1","max-image-preview":"max-image-preview:large","max-video-preview":"max-video-preview:-1"},"canonical":"https:\/\/koszur.net\/index.php\/za-kulisa-teatru\/","og_locale":"pl_PL","og_type":"article","og_title":"Za kulis\u0105 teatru... - Marek Koszur","og_description":"By\u0107 cho\u0107 na chwil\u0119 kim\u015b innym, zewn\u0119trznie i wewn\u0119trznie, sparwdzi\u0107 w praktyce pzremoc, uleg\u0142o\u015b\u0107, bezwzgl\u0119dno\u015b\u0107 i wsp\u00f3\u0142czucie. Teatr","og_url":"https:\/\/koszur.net\/index.php\/za-kulisa-teatru\/","og_site_name":"Marek Koszur","article_modified_time":"2021-11-05T20:40:20+00:00","twitter_card":"summary_large_image","schema":{"@context":"https:\/\/schema.org","@graph":[{"@type":"WebPage","@id":"https:\/\/koszur.net\/index.php\/za-kulisa-teatru\/","url":"https:\/\/koszur.net\/index.php\/za-kulisa-teatru\/","name":"Za kulis\u0105 teatru... - Marek Koszur","isPartOf":{"@id":"https:\/\/koszur.net\/#website"},"datePublished":"2020-05-09T19:48:24+00:00","dateModified":"2021-11-05T20:40:20+00:00","description":"By\u0107 cho\u0107 na chwil\u0119 kim\u015b innym, zewn\u0119trznie i wewn\u0119trznie, sparwdzi\u0107 w praktyce pzremoc, uleg\u0142o\u015b\u0107, bezwzgl\u0119dno\u015b\u0107 i wsp\u00f3\u0142czucie. Teatr","breadcrumb":{"@id":"https:\/\/koszur.net\/index.php\/za-kulisa-teatru\/#breadcrumb"},"inLanguage":"pl-PL","potentialAction":[{"@type":"ReadAction","target":["https:\/\/koszur.net\/index.php\/za-kulisa-teatru\/"]}]},{"@type":"BreadcrumbList","@id":"https:\/\/koszur.net\/index.php\/za-kulisa-teatru\/#breadcrumb","itemListElement":[{"@type":"ListItem","position":1,"name":"Strona g\u0142\u00f3wna","item":"https:\/\/koszur.net\/"},{"@type":"ListItem","position":2,"name":"Za kulis\u0105 teatru&#8230;"}]},{"@type":"WebSite","@id":"https:\/\/koszur.net\/#website","url":"https:\/\/koszur.net\/","name":"Marek Koszur","description":"","potentialAction":[{"@type":"SearchAction","target":{"@type":"EntryPoint","urlTemplate":"https:\/\/koszur.net\/?s={search_term_string}"},"query-input":{"@type":"PropertyValueSpecification","valueRequired":true,"valueName":"search_term_string"}}],"inLanguage":"pl-PL"}]}},"_links":{"self":[{"href":"https:\/\/koszur.net\/index.php\/wp-json\/wp\/v2\/pages\/6187","targetHints":{"allow":["GET"]}}],"collection":[{"href":"https:\/\/koszur.net\/index.php\/wp-json\/wp\/v2\/pages"}],"about":[{"href":"https:\/\/koszur.net\/index.php\/wp-json\/wp\/v2\/types\/page"}],"author":[{"embeddable":true,"href":"https:\/\/koszur.net\/index.php\/wp-json\/wp\/v2\/users\/990004"}],"replies":[{"embeddable":true,"href":"https:\/\/koszur.net\/index.php\/wp-json\/wp\/v2\/comments?post=6187"}],"version-history":[{"count":8,"href":"https:\/\/koszur.net\/index.php\/wp-json\/wp\/v2\/pages\/6187\/revisions"}],"predecessor-version":[{"id":6575,"href":"https:\/\/koszur.net\/index.php\/wp-json\/wp\/v2\/pages\/6187\/revisions\/6575"}],"wp:attachment":[{"href":"https:\/\/koszur.net\/index.php\/wp-json\/wp\/v2\/media?parent=6187"}],"curies":[{"name":"wp","href":"https:\/\/api.w.org\/{rel}","templated":true}]}}