{"id":6173,"date":"2020-05-09T21:09:53","date_gmt":"2020-05-09T19:09:53","guid":{"rendered":"https:\/\/koszur.net\/?page_id=6173"},"modified":"2021-11-05T21:38:41","modified_gmt":"2021-11-05T20:38:41","slug":"za-kulisa-muzyki","status":"publish","type":"page","link":"https:\/\/koszur.net\/index.php\/za-kulisa-muzyki\/","title":{"rendered":"Za kulis\u0105 muzyki"},"content":{"rendered":"<p>[vc_row][vc_column]<div class=\"sc_section\"><div class=\"sc_section_inner\"><\/div><\/div><div class=\"evc-blog-list evc-shortcode evc-element-has-columns  evc-bl-standard evc-bl-layout-date-on-image evc-two-columns evc-normal-space  \" data-options=\"{&quot;module&quot;:&quot;shortcodes&quot;,&quot;shortcode_name&quot;:&quot;blog-list&quot;,&quot;post_type&quot;:&quot;post&quot;,&quot;next_page&quot;:&quot;2&quot;,&quot;max_pages_num&quot;:1,&quot;type&quot;:&quot;standard&quot;,&quot;layout_collections&quot;:&quot;date-on-image&quot;,&quot;number_of_posts&quot;:&quot;100&quot;,&quot;number_of_columns&quot;:&quot;two&quot;,&quot;space_between_items&quot;:&quot;normal&quot;,&quot;category&quot;:&quot;za-kulisa-muzyki&quot;,&quot;orderby&quot;:&quot;date&quot;,&quot;order&quot;:&quot;ASC&quot;,&quot;image_proportions&quot;:&quot;full&quot;,&quot;title_tag&quot;:&quot;h4&quot;,&quot;enable_excerpt&quot;:&quot;yes&quot;,&quot;enable_category&quot;:&quot;yes&quot;,&quot;enable_author&quot;:&quot;yes&quot;,&quot;enable_date&quot;:&quot;yes&quot;,&quot;button_text&quot;:&quot;Load More&quot;}\">\n\t<div class=\"evc-bl-wrapper evc-element-wrapper\">\n\t\t<div class=\"evc-bl-item evc-element-item\">\n\t<div class=\"evc-bli-inner\">\n\t\t\t<div class=\"evc-bli-image evc-ib-zoom\">\n\t\t<a href=\"https:\/\/koszur.net\/index.php\/2020\/02\/18\/chasing-the-dragon-audiophile-recordings\/\">\n\t\t\t<img decoding=\"async\" width=\"700\" height=\"712\" src=\"https:\/\/koszur.net\/wp-content\/uploads\/2020\/02\/dragon.jpeg\" class=\"attachment-full size-full wp-post-image\" alt=\"chasing the dragon\" srcset=\"https:\/\/koszur.net\/wp-content\/uploads\/2020\/02\/dragon.jpeg 700w, https:\/\/koszur.net\/wp-content\/uploads\/2020\/02\/dragon-650x661.jpeg 650w, https:\/\/koszur.net\/wp-content\/uploads\/2020\/02\/dragon-295x300.jpeg 295w\" sizes=\"(max-width: 700px) 100vw, 700px\" \/>\t\t\t\t<div class=\"evc-bli-date evc-bli-date-on-image entry-date published updated\">\n\t\t<span class=\"evc-bli-date-day\">18<\/span>\n\t\t<span class=\"evc-bli-date-month\">lut<\/span>\n\t<\/div>\n\t\t<\/a>\n\t<\/div>\n\t\t<div class=\"evc-bli-content\">\n\t\t\t<h4 class=\"evc-bli-title entry-title\"><a href=\"https:\/\/koszur.net\/index.php\/2020\/02\/18\/chasing-the-dragon-audiophile-recordings\/\">Chasing the Dragon Audiophile Recordings<\/a><\/h4>\t\t\t\t<p class=\"evc-bli-excerpt\"><\/p>\n\t\t\t<div class=\"evc-bli-post-info evc-bli-post-info-bottom\">\n\t\t\t\t\t<div class=\"evc-bli-author\">\n\t\t<a class=\"evc-bli-author-link\" href=\"https:\/\/koszur.net\/index.php\/author\/marekk\/\">\n\t\t\t<span class=\"evc-bli-author-label\">by<\/span>\n\t\t\t<span class=\"evc-bli-author-name\">Marek Koszur<\/span>\n\t\t<\/a>\n\t<\/div>\n\t\t\t\t\t<div class=\"evc-bli-category\"><a href=\"https:\/\/koszur.net\/index.php\/category\/nagrania\/\" rel=\"category tag\">Nagrania<\/a>, <a href=\"https:\/\/koszur.net\/index.php\/category\/za-kulisa-muzyki\/\" rel=\"category tag\">za kulis\u0105 muzyki<\/a><\/div>\n\t\t\t<\/div>\n\t\t<\/div>\n\t<\/div>\n<\/div><div class=\"evc-bl-item evc-element-item\">\n\t<div class=\"evc-bli-inner\">\n\t\t\t<div class=\"evc-bli-image evc-ib-zoom\">\n\t\t<a href=\"https:\/\/koszur.net\/index.php\/2020\/05\/09\/droga\/\">\n\t\t\t<img decoding=\"async\" width=\"1920\" height=\"1080\" src=\"https:\/\/koszur.net\/wp-content\/uploads\/2020\/05\/droga_avatar-1.jpg\" class=\"attachment-full size-full wp-post-image\" alt=\"Droga\" srcset=\"https:\/\/koszur.net\/wp-content\/uploads\/2020\/05\/droga_avatar-1.jpg 1920w, https:\/\/koszur.net\/wp-content\/uploads\/2020\/05\/droga_avatar-1-650x366.jpg 650w, https:\/\/koszur.net\/wp-content\/uploads\/2020\/05\/droga_avatar-1-300x169.jpg 300w, https:\/\/koszur.net\/wp-content\/uploads\/2020\/05\/droga_avatar-1-1024x576.jpg 1024w, https:\/\/koszur.net\/wp-content\/uploads\/2020\/05\/droga_avatar-1-768x432.jpg 768w, https:\/\/koszur.net\/wp-content\/uploads\/2020\/05\/droga_avatar-1-1536x864.jpg 1536w\" sizes=\"(max-width: 1920px) 100vw, 1920px\" \/>\t\t\t\t<div class=\"evc-bli-date evc-bli-date-on-image entry-date published updated\">\n\t\t<span class=\"evc-bli-date-day\">09<\/span>\n\t\t<span class=\"evc-bli-date-month\">maj<\/span>\n\t<\/div>\n\t\t<\/a>\n\t<\/div>\n\t\t<div class=\"evc-bli-content\">\n\t\t\t<h4 class=\"evc-bli-title entry-title\"><a href=\"https:\/\/koszur.net\/index.php\/2020\/05\/09\/droga\/\">Droga<\/a><\/h4>\t\t\t\t<p class=\"evc-bli-excerpt\">Nie lubisz muzyki? Nie rozumiesz jej? Do niczego nie jest ci ona potrzebna? Jest pozbawiona znaczeni<\/p>\n\t\t\t<div class=\"evc-bli-post-info evc-bli-post-info-bottom\">\n\t\t\t\t\t<div class=\"evc-bli-author\">\n\t\t<a class=\"evc-bli-author-link\" href=\"https:\/\/koszur.net\/index.php\/author\/marekk\/\">\n\t\t\t<span class=\"evc-bli-author-label\">by<\/span>\n\t\t\t<span class=\"evc-bli-author-name\">Marek Koszur<\/span>\n\t\t<\/a>\n\t<\/div>\n\t\t\t\t\t<div class=\"evc-bli-category\"><a href=\"https:\/\/koszur.net\/index.php\/category\/za-kulisa-muzyki\/\" rel=\"category tag\">za kulis\u0105 muzyki<\/a><\/div>\n\t\t\t<\/div>\n\t\t<\/div>\n\t<\/div>\n<\/div><div class=\"evc-bl-item evc-element-item\">\n\t<div class=\"evc-bli-inner\">\n\t\t\t<div class=\"evc-bli-image evc-ib-zoom\">\n\t\t<a href=\"https:\/\/koszur.net\/index.php\/2021\/01\/10\/fortepian-garnera\/\">\n\t\t\t<img decoding=\"async\" width=\"1200\" height=\"1553\" src=\"https:\/\/koszur.net\/wp-content\/uploads\/2021\/01\/Garner_seria_2.jpg\" class=\"attachment-full size-full wp-post-image\" alt=\"Errol Garner Octave\" srcset=\"https:\/\/koszur.net\/wp-content\/uploads\/2021\/01\/Garner_seria_2.jpg 1200w, https:\/\/koszur.net\/wp-content\/uploads\/2021\/01\/Garner_seria_2-650x841.jpg 650w, https:\/\/koszur.net\/wp-content\/uploads\/2021\/01\/Garner_seria_2-232x300.jpg 232w, https:\/\/koszur.net\/wp-content\/uploads\/2021\/01\/Garner_seria_2-791x1024.jpg 791w, https:\/\/koszur.net\/wp-content\/uploads\/2021\/01\/Garner_seria_2-768x994.jpg 768w, https:\/\/koszur.net\/wp-content\/uploads\/2021\/01\/Garner_seria_2-1187x1536.jpg 1187w\" sizes=\"(max-width: 1200px) 100vw, 1200px\" \/>\t\t\t\t<div class=\"evc-bli-date evc-bli-date-on-image entry-date published updated\">\n\t\t<span class=\"evc-bli-date-day\">10<\/span>\n\t\t<span class=\"evc-bli-date-month\">sty<\/span>\n\t<\/div>\n\t\t<\/a>\n\t<\/div>\n\t\t<div class=\"evc-bli-content\">\n\t\t\t<h4 class=\"evc-bli-title entry-title\"><a href=\"https:\/\/koszur.net\/index.php\/2021\/01\/10\/fortepian-garnera\/\">Fortepian Garnera<\/a><\/h4>\t\t\t\t<p class=\"evc-bli-excerpt\">Co mo\u017cna zrobi\u0107 z fortepianem? Wszystko to, co z ka\u017cdym innym przedmiotem. Oraz co\u015b, czego nie m<\/p>\n\t\t\t<div class=\"evc-bli-post-info evc-bli-post-info-bottom\">\n\t\t\t\t\t<div class=\"evc-bli-author\">\n\t\t<a class=\"evc-bli-author-link\" href=\"https:\/\/koszur.net\/index.php\/author\/marekk\/\">\n\t\t\t<span class=\"evc-bli-author-label\">by<\/span>\n\t\t\t<span class=\"evc-bli-author-name\">Marek Koszur<\/span>\n\t\t<\/a>\n\t<\/div>\n\t\t\t\t\t<div class=\"evc-bli-category\"><a href=\"https:\/\/koszur.net\/index.php\/category\/post\/\" rel=\"category tag\">Post<\/a>, <a href=\"https:\/\/koszur.net\/index.php\/category\/za-kulisa-muzyki\/\" rel=\"category tag\">za kulis\u0105 muzyki<\/a><\/div>\n\t\t\t<\/div>\n\t\t<\/div>\n\t<\/div>\n<\/div>\t<\/div>\n\t<\/div>[\/vc_column][\/vc_row]<\/p>\n","protected":false},"excerpt":{"rendered":"<p>[vc_row][vc_column][\/vc_column][\/vc_row]<\/p>\n","protected":false},"author":990004,"featured_media":0,"parent":0,"menu_order":0,"comment_status":"closed","ping_status":"closed","template":"","meta":{"footnotes":""},"class_list":["post-6173","page","type-page","status-publish","hentry"],"yoast_head":"<!-- This site is optimized with the Yoast SEO plugin v27.5 - https:\/\/yoast.com\/product\/yoast-seo-wordpress\/ -->\n<title>Za kulis\u0105 muzyki - Marek Koszur<\/title>\n<meta name=\"description\" content=\"Podobno \u017ceglarstwo i tenis a potem rugby, polo i krykiet z wszechpot\u0119\u017cnym golfem dziel\u0105 ludzi na hobbyst\u00f3w. Ale najpopularniejsza jest muzyka\" \/>\n<meta name=\"robots\" content=\"index, follow, max-snippet:-1, max-image-preview:large, max-video-preview:-1\" \/>\n<link rel=\"canonical\" href=\"https:\/\/koszur.net\/index.php\/za-kulisa-muzyki\/\" \/>\n<meta property=\"og:locale\" content=\"pl_PL\" \/>\n<meta property=\"og:type\" content=\"article\" \/>\n<meta property=\"og:title\" content=\"Za kulis\u0105 muzyki - Marek Koszur\" \/>\n<meta property=\"og:description\" content=\"Podobno \u017ceglarstwo i tenis a potem rugby, polo i krykiet z wszechpot\u0119\u017cnym golfem dziel\u0105 ludzi na hobbyst\u00f3w. Ale najpopularniejsza jest muzyka\" \/>\n<meta property=\"og:url\" content=\"https:\/\/koszur.net\/index.php\/za-kulisa-muzyki\/\" \/>\n<meta property=\"og:site_name\" content=\"Marek Koszur\" \/>\n<meta property=\"article:modified_time\" content=\"2021-11-05T20:38:41+00:00\" \/>\n<meta name=\"twitter:card\" content=\"summary_large_image\" \/>\n<script type=\"application\/ld+json\" class=\"yoast-schema-graph\">{\"@context\":\"https:\\\/\\\/schema.org\",\"@graph\":[{\"@type\":\"WebPage\",\"@id\":\"https:\\\/\\\/koszur.net\\\/index.php\\\/za-kulisa-muzyki\\\/\",\"url\":\"https:\\\/\\\/koszur.net\\\/index.php\\\/za-kulisa-muzyki\\\/\",\"name\":\"Za kulis\u0105 muzyki - Marek Koszur\",\"isPartOf\":{\"@id\":\"https:\\\/\\\/koszur.net\\\/#website\"},\"datePublished\":\"2020-05-09T19:09:53+00:00\",\"dateModified\":\"2021-11-05T20:38:41+00:00\",\"description\":\"Podobno \u017ceglarstwo i tenis a potem rugby, polo i krykiet z wszechpot\u0119\u017cnym golfem dziel\u0105 ludzi na hobbyst\u00f3w. Ale najpopularniejsza jest muzyka\",\"breadcrumb\":{\"@id\":\"https:\\\/\\\/koszur.net\\\/index.php\\\/za-kulisa-muzyki\\\/#breadcrumb\"},\"inLanguage\":\"pl-PL\",\"potentialAction\":[{\"@type\":\"ReadAction\",\"target\":[\"https:\\\/\\\/koszur.net\\\/index.php\\\/za-kulisa-muzyki\\\/\"]}]},{\"@type\":\"BreadcrumbList\",\"@id\":\"https:\\\/\\\/koszur.net\\\/index.php\\\/za-kulisa-muzyki\\\/#breadcrumb\",\"itemListElement\":[{\"@type\":\"ListItem\",\"position\":1,\"name\":\"Strona g\u0142\u00f3wna\",\"item\":\"https:\\\/\\\/koszur.net\\\/\"},{\"@type\":\"ListItem\",\"position\":2,\"name\":\"Za kulis\u0105 muzyki\"}]},{\"@type\":\"WebSite\",\"@id\":\"https:\\\/\\\/koszur.net\\\/#website\",\"url\":\"https:\\\/\\\/koszur.net\\\/\",\"name\":\"Marek Koszur\",\"description\":\"\",\"potentialAction\":[{\"@type\":\"SearchAction\",\"target\":{\"@type\":\"EntryPoint\",\"urlTemplate\":\"https:\\\/\\\/koszur.net\\\/?s={search_term_string}\"},\"query-input\":{\"@type\":\"PropertyValueSpecification\",\"valueRequired\":true,\"valueName\":\"search_term_string\"}}],\"inLanguage\":\"pl-PL\"}]}<\/script>\n<!-- \/ Yoast SEO plugin. -->","yoast_head_json":{"title":"Za kulis\u0105 muzyki - Marek Koszur","description":"Podobno \u017ceglarstwo i tenis a potem rugby, polo i krykiet z wszechpot\u0119\u017cnym golfem dziel\u0105 ludzi na hobbyst\u00f3w. Ale najpopularniejsza jest muzyka","robots":{"index":"index","follow":"follow","max-snippet":"max-snippet:-1","max-image-preview":"max-image-preview:large","max-video-preview":"max-video-preview:-1"},"canonical":"https:\/\/koszur.net\/index.php\/za-kulisa-muzyki\/","og_locale":"pl_PL","og_type":"article","og_title":"Za kulis\u0105 muzyki - Marek Koszur","og_description":"Podobno \u017ceglarstwo i tenis a potem rugby, polo i krykiet z wszechpot\u0119\u017cnym golfem dziel\u0105 ludzi na hobbyst\u00f3w. Ale najpopularniejsza jest muzyka","og_url":"https:\/\/koszur.net\/index.php\/za-kulisa-muzyki\/","og_site_name":"Marek Koszur","article_modified_time":"2021-11-05T20:38:41+00:00","twitter_card":"summary_large_image","schema":{"@context":"https:\/\/schema.org","@graph":[{"@type":"WebPage","@id":"https:\/\/koszur.net\/index.php\/za-kulisa-muzyki\/","url":"https:\/\/koszur.net\/index.php\/za-kulisa-muzyki\/","name":"Za kulis\u0105 muzyki - Marek Koszur","isPartOf":{"@id":"https:\/\/koszur.net\/#website"},"datePublished":"2020-05-09T19:09:53+00:00","dateModified":"2021-11-05T20:38:41+00:00","description":"Podobno \u017ceglarstwo i tenis a potem rugby, polo i krykiet z wszechpot\u0119\u017cnym golfem dziel\u0105 ludzi na hobbyst\u00f3w. Ale najpopularniejsza jest muzyka","breadcrumb":{"@id":"https:\/\/koszur.net\/index.php\/za-kulisa-muzyki\/#breadcrumb"},"inLanguage":"pl-PL","potentialAction":[{"@type":"ReadAction","target":["https:\/\/koszur.net\/index.php\/za-kulisa-muzyki\/"]}]},{"@type":"BreadcrumbList","@id":"https:\/\/koszur.net\/index.php\/za-kulisa-muzyki\/#breadcrumb","itemListElement":[{"@type":"ListItem","position":1,"name":"Strona g\u0142\u00f3wna","item":"https:\/\/koszur.net\/"},{"@type":"ListItem","position":2,"name":"Za kulis\u0105 muzyki"}]},{"@type":"WebSite","@id":"https:\/\/koszur.net\/#website","url":"https:\/\/koszur.net\/","name":"Marek Koszur","description":"","potentialAction":[{"@type":"SearchAction","target":{"@type":"EntryPoint","urlTemplate":"https:\/\/koszur.net\/?s={search_term_string}"},"query-input":{"@type":"PropertyValueSpecification","valueRequired":true,"valueName":"search_term_string"}}],"inLanguage":"pl-PL"}]}},"_links":{"self":[{"href":"https:\/\/koszur.net\/index.php\/wp-json\/wp\/v2\/pages\/6173","targetHints":{"allow":["GET"]}}],"collection":[{"href":"https:\/\/koszur.net\/index.php\/wp-json\/wp\/v2\/pages"}],"about":[{"href":"https:\/\/koszur.net\/index.php\/wp-json\/wp\/v2\/types\/page"}],"author":[{"embeddable":true,"href":"https:\/\/koszur.net\/index.php\/wp-json\/wp\/v2\/users\/990004"}],"replies":[{"embeddable":true,"href":"https:\/\/koszur.net\/index.php\/wp-json\/wp\/v2\/comments?post=6173"}],"version-history":[{"count":3,"href":"https:\/\/koszur.net\/index.php\/wp-json\/wp\/v2\/pages\/6173\/revisions"}],"predecessor-version":[{"id":6177,"href":"https:\/\/koszur.net\/index.php\/wp-json\/wp\/v2\/pages\/6173\/revisions\/6177"}],"wp:attachment":[{"href":"https:\/\/koszur.net\/index.php\/wp-json\/wp\/v2\/media?parent=6173"}],"curies":[{"name":"wp","href":"https:\/\/api.w.org\/{rel}","templated":true}]}}