{"id":6165,"date":"2020-05-09T20:47:18","date_gmt":"2020-05-09T18:47:18","guid":{"rendered":"https:\/\/koszur.net\/?page_id=6165"},"modified":"2021-11-05T18:54:17","modified_gmt":"2021-11-05T17:54:17","slug":"za-kulisa","status":"publish","type":"page","link":"https:\/\/koszur.net\/index.php\/za-kulisa\/","title":{"rendered":"Za kulis\u0105"},"content":{"rendered":"<p>[vc_row][vc_column]<div class=\"sc_section\"><div class=\"sc_section_inner\"><div class=\"columns_wrap sc_columns columns_nofluid sc_columns_count_2\"><div class=\"column-1_2 sc_column_item sc_column_item_1 odd first\"><div class=\"evc-image-with-text evc-shortcode  evc-shortcode-has-link\">\n\t<div class=\"evc-iwt-image \">\n\t\t\t\t\t<a href=\"https:\/\/koszur.net\/index.php\/za-kulisa-muzyki\/\">\n\t\t\t\t\n\t\t\t\t\n\t\t<img decoding=\"async\" width=\"1024\" height=\"768\" src=\"https:\/\/koszur.net\/wp-content\/uploads\/2020\/05\/za-kulisa-muzyki-1024x768.jpg\" class=\"attachment-large size-large\" alt=\"Za kulis\u0105 muzyki\" srcset=\"https:\/\/koszur.net\/wp-content\/uploads\/2020\/05\/za-kulisa-muzyki-1024x768.jpg 1024w, https:\/\/koszur.net\/wp-content\/uploads\/2020\/05\/za-kulisa-muzyki-650x488.jpg 650w, https:\/\/koszur.net\/wp-content\/uploads\/2020\/05\/za-kulisa-muzyki-300x225.jpg 300w, https:\/\/koszur.net\/wp-content\/uploads\/2020\/05\/za-kulisa-muzyki-768x576.jpg 768w, https:\/\/koszur.net\/wp-content\/uploads\/2020\/05\/za-kulisa-muzyki-1536x1152.jpg 1536w, https:\/\/koszur.net\/wp-content\/uploads\/2020\/05\/za-kulisa-muzyki.jpg 1920w\" sizes=\"(max-width: 1024px) 100vw, 1024px\" \/>\t\t\n\t\t\t\t\t<\/a>\n\t\t\t<\/div>\n\t<div class=\"evc-iwt-content\">\n\t\t\t\t\t<h4 class=\"evc-iwt-title\" >\n\t\t\t\tZa kulis\u0105 muzyki...\t\t\t<\/h4>\n\t\t\t\t\t\t\t<p class=\"evc-iwt-text\" >Jest na d\u0142ugo, zanim si\u0119 urodzisz; jeszcze gra - gdy ju\u017c dawno odszed\u0142e\u015b... Twoja muzyka...<\/p>\n\t\t\t<\/div>\n<\/div>\n[vc_empty_space]<div class=\"evc-image-with-text evc-shortcode  evc-shortcode-has-link\">\n\t<div class=\"evc-iwt-image \">\n\t\t\t\t\t<a href=\"https:\/\/koszur.net\/index.php\/za-kulisa-literatury-2\/\">\n\t\t\t\t\n\t\t\t\t\n\t\t<img decoding=\"async\" width=\"1024\" height=\"768\" src=\"https:\/\/koszur.net\/wp-content\/uploads\/2020\/05\/za-kulisa-literatury-1024x768.jpg\" class=\"attachment-large size-large\" alt=\"Za kulis\u0105 literatury\" srcset=\"https:\/\/koszur.net\/wp-content\/uploads\/2020\/05\/za-kulisa-literatury-1024x768.jpg 1024w, https:\/\/koszur.net\/wp-content\/uploads\/2020\/05\/za-kulisa-literatury-650x488.jpg 650w, https:\/\/koszur.net\/wp-content\/uploads\/2020\/05\/za-kulisa-literatury-300x225.jpg 300w, https:\/\/koszur.net\/wp-content\/uploads\/2020\/05\/za-kulisa-literatury-768x576.jpg 768w, https:\/\/koszur.net\/wp-content\/uploads\/2020\/05\/za-kulisa-literatury-1536x1152.jpg 1536w, https:\/\/koszur.net\/wp-content\/uploads\/2020\/05\/za-kulisa-literatury.jpg 1920w\" sizes=\"(max-width: 1024px) 100vw, 1024px\" \/>\t\t\n\t\t\t\t\t<\/a>\n\t\t\t<\/div>\n\t<div class=\"evc-iwt-content\">\n\t\t\t\t\t<h4 class=\"evc-iwt-title\" >\n\t\t\t\tZa kulis\u0105 literatury...\t\t\t<\/h4>\n\t\t\t\t\t\t\t<p class=\"evc-iwt-text\" >M\u00f3wi\u0105, \u017ce jeste\u015b niedoko\u0144czon\u0105 ksi\u0119g\u0105. To prawda. Bo ma\u0142o czytasz... Jeste\u015b tyle wart ile przeczyta\u0142e\u015b!<\/p>\n\t\t\t<\/div>\n<\/div>\n[vc_empty_space]<\/div><div class=\"column-1_2 sc_column_item sc_column_item_2 even\"><div class=\"evc-image-with-text evc-shortcode  evc-shortcode-has-link\">\n\t<div class=\"evc-iwt-image \">\n\t\t\t\t\t<a href=\"https:\/\/koszur.net\/index.php\/za-kulisa-filmu\/\">\n\t\t\t\t\n\t\t\t\t\n\t\t<img decoding=\"async\" width=\"1024\" height=\"768\" src=\"https:\/\/koszur.net\/wp-content\/uploads\/2020\/05\/za-kulisa-filmu-1024x768.jpg\" class=\"attachment-large size-large\" alt=\"Za kulis\u0105 filmu\" srcset=\"https:\/\/koszur.net\/wp-content\/uploads\/2020\/05\/za-kulisa-filmu-1024x768.jpg 1024w, https:\/\/koszur.net\/wp-content\/uploads\/2020\/05\/za-kulisa-filmu-650x488.jpg 650w, https:\/\/koszur.net\/wp-content\/uploads\/2020\/05\/za-kulisa-filmu-300x225.jpg 300w, https:\/\/koszur.net\/wp-content\/uploads\/2020\/05\/za-kulisa-filmu-768x576.jpg 768w, https:\/\/koszur.net\/wp-content\/uploads\/2020\/05\/za-kulisa-filmu-1536x1152.jpg 1536w, https:\/\/koszur.net\/wp-content\/uploads\/2020\/05\/za-kulisa-filmu.jpg 1920w\" sizes=\"(max-width: 1024px) 100vw, 1024px\" \/>\t\t\n\t\t\t\t\t<\/a>\n\t\t\t<\/div>\n\t<div class=\"evc-iwt-content\">\n\t\t\t\t\t<h4 class=\"evc-iwt-title\" >\n\t\t\t\tZa kulis\u0105 filmu...\t\t\t<\/h4>\n\t\t\t\t\t\t\t<p class=\"evc-iwt-text\" >Najwi\u0119ksza intelektualna degradacja cywilizacji. Kilku my\u015bli i kr\u0119ci - reszta si\u0119 kr\u0119ci i je popcorn.<\/p>\n\t\t\t<\/div>\n<\/div>\n[vc_empty_space]<div class=\"evc-image-with-text evc-shortcode  evc-shortcode-has-link\">\n\t<div class=\"evc-iwt-image \">\n\t\t\t\t\t<a href=\"https:\/\/koszur.net\/index.php\/za-kulisa-teatru\/\">\n\t\t\t\t\n\t\t\t\t\n\t\t<img decoding=\"async\" width=\"1024\" height=\"768\" src=\"https:\/\/koszur.net\/wp-content\/uploads\/2020\/05\/za-kulisa-teatru-1024x768.jpg\" class=\"attachment-large size-large\" alt=\"Za kulis\u0105 teatru\" srcset=\"https:\/\/koszur.net\/wp-content\/uploads\/2020\/05\/za-kulisa-teatru-1024x768.jpg 1024w, https:\/\/koszur.net\/wp-content\/uploads\/2020\/05\/za-kulisa-teatru-650x488.jpg 650w, https:\/\/koszur.net\/wp-content\/uploads\/2020\/05\/za-kulisa-teatru-300x225.jpg 300w, https:\/\/koszur.net\/wp-content\/uploads\/2020\/05\/za-kulisa-teatru-768x576.jpg 768w, https:\/\/koszur.net\/wp-content\/uploads\/2020\/05\/za-kulisa-teatru-1536x1152.jpg 1536w, https:\/\/koszur.net\/wp-content\/uploads\/2020\/05\/za-kulisa-teatru.jpg 1920w\" sizes=\"(max-width: 1024px) 100vw, 1024px\" \/>\t\t\n\t\t\t\t\t<\/a>\n\t\t\t<\/div>\n\t<div class=\"evc-iwt-content\">\n\t\t\t\t\t<h4 class=\"evc-iwt-title\" >\n\t\t\t\tZa kulis\u0105 teatru...\t\t\t<\/h4>\n\t\t\t\t\t\t\t<p class=\"evc-iwt-text\" >Je\u015bli magia istnieje, to w\u0142a\u015bnie tu...<\/p>\n\t\t\t<\/div>\n<\/div>\n[vc_empty_space]<\/div><\/div><\/div><\/div>[\/vc_column][\/vc_row]<\/p>\n","protected":false},"excerpt":{"rendered":"<p>[vc_row][vc_column][\/vc_column][\/vc_row]<\/p>\n","protected":false},"author":990004,"featured_media":0,"parent":0,"menu_order":0,"comment_status":"closed","ping_status":"closed","template":"","meta":{"footnotes":""},"class_list":["post-6165","page","type-page","status-publish","hentry"],"yoast_head":"<!-- This site is optimized with the Yoast SEO plugin v27.5 - https:\/\/yoast.com\/product\/yoast-seo-wordpress\/ -->\n<title>Za kulis\u0105 - Marek Koszur<\/title>\n<meta name=\"description\" content=\"Kulisy dost\u0119pne s\u0105 tylko dla aktor\u00f3w. Miejsce, w kt\u00f3rym mprzechodz\u0105 na stron\u0119 odgrywanego \u017cycia. Moment waloryzacji i weryfikacji siebie\" \/>\n<meta name=\"robots\" content=\"index, follow, max-snippet:-1, max-image-preview:large, max-video-preview:-1\" \/>\n<link rel=\"canonical\" href=\"https:\/\/koszur.net\/index.php\/za-kulisa\/\" \/>\n<meta property=\"og:locale\" content=\"pl_PL\" \/>\n<meta property=\"og:type\" content=\"article\" \/>\n<meta property=\"og:title\" content=\"Za kulis\u0105 - Marek Koszur\" \/>\n<meta property=\"og:description\" content=\"Kulisy dost\u0119pne s\u0105 tylko dla aktor\u00f3w. Miejsce, w kt\u00f3rym mprzechodz\u0105 na stron\u0119 odgrywanego \u017cycia. Moment waloryzacji i weryfikacji siebie\" \/>\n<meta property=\"og:url\" content=\"https:\/\/koszur.net\/index.php\/za-kulisa\/\" \/>\n<meta property=\"og:site_name\" content=\"Marek Koszur\" \/>\n<meta property=\"article:modified_time\" content=\"2021-11-05T17:54:17+00:00\" \/>\n<meta name=\"twitter:card\" content=\"summary_large_image\" \/>\n<meta name=\"twitter:label1\" content=\"Szacowany czas czytania\" \/>\n\t<meta name=\"twitter:data1\" content=\"1 minuta\" \/>\n<script type=\"application\/ld+json\" class=\"yoast-schema-graph\">{\"@context\":\"https:\\\/\\\/schema.org\",\"@graph\":[{\"@type\":\"WebPage\",\"@id\":\"https:\\\/\\\/koszur.net\\\/index.php\\\/za-kulisa\\\/\",\"url\":\"https:\\\/\\\/koszur.net\\\/index.php\\\/za-kulisa\\\/\",\"name\":\"Za kulis\u0105 - Marek Koszur\",\"isPartOf\":{\"@id\":\"https:\\\/\\\/koszur.net\\\/#website\"},\"datePublished\":\"2020-05-09T18:47:18+00:00\",\"dateModified\":\"2021-11-05T17:54:17+00:00\",\"description\":\"Kulisy dost\u0119pne s\u0105 tylko dla aktor\u00f3w. Miejsce, w kt\u00f3rym mprzechodz\u0105 na stron\u0119 odgrywanego \u017cycia. Moment waloryzacji i weryfikacji siebie\",\"breadcrumb\":{\"@id\":\"https:\\\/\\\/koszur.net\\\/index.php\\\/za-kulisa\\\/#breadcrumb\"},\"inLanguage\":\"pl-PL\",\"potentialAction\":[{\"@type\":\"ReadAction\",\"target\":[\"https:\\\/\\\/koszur.net\\\/index.php\\\/za-kulisa\\\/\"]}]},{\"@type\":\"BreadcrumbList\",\"@id\":\"https:\\\/\\\/koszur.net\\\/index.php\\\/za-kulisa\\\/#breadcrumb\",\"itemListElement\":[{\"@type\":\"ListItem\",\"position\":1,\"name\":\"Strona g\u0142\u00f3wna\",\"item\":\"https:\\\/\\\/koszur.net\\\/\"},{\"@type\":\"ListItem\",\"position\":2,\"name\":\"Za kulis\u0105\"}]},{\"@type\":\"WebSite\",\"@id\":\"https:\\\/\\\/koszur.net\\\/#website\",\"url\":\"https:\\\/\\\/koszur.net\\\/\",\"name\":\"Marek Koszur\",\"description\":\"\",\"potentialAction\":[{\"@type\":\"SearchAction\",\"target\":{\"@type\":\"EntryPoint\",\"urlTemplate\":\"https:\\\/\\\/koszur.net\\\/?s={search_term_string}\"},\"query-input\":{\"@type\":\"PropertyValueSpecification\",\"valueRequired\":true,\"valueName\":\"search_term_string\"}}],\"inLanguage\":\"pl-PL\"}]}<\/script>\n<!-- \/ Yoast SEO plugin. -->","yoast_head_json":{"title":"Za kulis\u0105 - Marek Koszur","description":"Kulisy dost\u0119pne s\u0105 tylko dla aktor\u00f3w. Miejsce, w kt\u00f3rym mprzechodz\u0105 na stron\u0119 odgrywanego \u017cycia. Moment waloryzacji i weryfikacji siebie","robots":{"index":"index","follow":"follow","max-snippet":"max-snippet:-1","max-image-preview":"max-image-preview:large","max-video-preview":"max-video-preview:-1"},"canonical":"https:\/\/koszur.net\/index.php\/za-kulisa\/","og_locale":"pl_PL","og_type":"article","og_title":"Za kulis\u0105 - Marek Koszur","og_description":"Kulisy dost\u0119pne s\u0105 tylko dla aktor\u00f3w. Miejsce, w kt\u00f3rym mprzechodz\u0105 na stron\u0119 odgrywanego \u017cycia. Moment waloryzacji i weryfikacji siebie","og_url":"https:\/\/koszur.net\/index.php\/za-kulisa\/","og_site_name":"Marek Koszur","article_modified_time":"2021-11-05T17:54:17+00:00","twitter_card":"summary_large_image","twitter_misc":{"Szacowany czas czytania":"1 minuta"},"schema":{"@context":"https:\/\/schema.org","@graph":[{"@type":"WebPage","@id":"https:\/\/koszur.net\/index.php\/za-kulisa\/","url":"https:\/\/koszur.net\/index.php\/za-kulisa\/","name":"Za kulis\u0105 - Marek Koszur","isPartOf":{"@id":"https:\/\/koszur.net\/#website"},"datePublished":"2020-05-09T18:47:18+00:00","dateModified":"2021-11-05T17:54:17+00:00","description":"Kulisy dost\u0119pne s\u0105 tylko dla aktor\u00f3w. Miejsce, w kt\u00f3rym mprzechodz\u0105 na stron\u0119 odgrywanego \u017cycia. Moment waloryzacji i weryfikacji siebie","breadcrumb":{"@id":"https:\/\/koszur.net\/index.php\/za-kulisa\/#breadcrumb"},"inLanguage":"pl-PL","potentialAction":[{"@type":"ReadAction","target":["https:\/\/koszur.net\/index.php\/za-kulisa\/"]}]},{"@type":"BreadcrumbList","@id":"https:\/\/koszur.net\/index.php\/za-kulisa\/#breadcrumb","itemListElement":[{"@type":"ListItem","position":1,"name":"Strona g\u0142\u00f3wna","item":"https:\/\/koszur.net\/"},{"@type":"ListItem","position":2,"name":"Za kulis\u0105"}]},{"@type":"WebSite","@id":"https:\/\/koszur.net\/#website","url":"https:\/\/koszur.net\/","name":"Marek Koszur","description":"","potentialAction":[{"@type":"SearchAction","target":{"@type":"EntryPoint","urlTemplate":"https:\/\/koszur.net\/?s={search_term_string}"},"query-input":{"@type":"PropertyValueSpecification","valueRequired":true,"valueName":"search_term_string"}}],"inLanguage":"pl-PL"}]}},"_links":{"self":[{"href":"https:\/\/koszur.net\/index.php\/wp-json\/wp\/v2\/pages\/6165","targetHints":{"allow":["GET"]}}],"collection":[{"href":"https:\/\/koszur.net\/index.php\/wp-json\/wp\/v2\/pages"}],"about":[{"href":"https:\/\/koszur.net\/index.php\/wp-json\/wp\/v2\/types\/page"}],"author":[{"embeddable":true,"href":"https:\/\/koszur.net\/index.php\/wp-json\/wp\/v2\/users\/990004"}],"replies":[{"embeddable":true,"href":"https:\/\/koszur.net\/index.php\/wp-json\/wp\/v2\/comments?post=6165"}],"version-history":[{"count":9,"href":"https:\/\/koszur.net\/index.php\/wp-json\/wp\/v2\/pages\/6165\/revisions"}],"predecessor-version":[{"id":6168,"href":"https:\/\/koszur.net\/index.php\/wp-json\/wp\/v2\/pages\/6165\/revisions\/6168"}],"wp:attachment":[{"href":"https:\/\/koszur.net\/index.php\/wp-json\/wp\/v2\/media?parent=6165"}],"curies":[{"name":"wp","href":"https:\/\/api.w.org\/{rel}","templated":true}]}}