{"id":6039,"date":"2020-05-02T20:08:33","date_gmt":"2020-05-02T18:08:33","guid":{"rendered":"https:\/\/koszur.net\/?page_id=6039"},"modified":"2021-11-21T22:50:34","modified_gmt":"2021-11-21T21:50:34","slug":"swieto-morza","status":"publish","type":"page","link":"https:\/\/koszur.net\/index.php\/swieto-morza\/","title":{"rendered":"\u015awi\u0119to morza"},"content":{"rendered":"<p>[vc_row][vc_column]<div class=\"sc_section\"><div class=\"sc_section_inner\">[vc_column_text]Rok 1946. Pe\u0142en ledwie zabli\u017anionych ran po minionej wojnie.<\/p>\n<p>Matka: nie musia\u0142am schodzi\u0107 z drogi, spuszcza\u0107 g\u0142ow\u0119 i dyga\u0107 przed jad\u0105c\u0105 do dworu junkierk\u0105. Nigdy nie zawo\u0142a\u0142a mnie po imieniu. Zawsze: Du, polnisches M\u00e4dchen!<\/p>\n<p>Ojciec: nie mia\u0142em pewno\u015bci, \u017ce za chwil\u0119 nie zajedzie pod dom ci\u0119\u017car\u00f3wka i nie ka\u017c\u0105 nam si\u0119 natychmiast pakowa\u0107\u2026<\/p>\n<p>Rozumiem. Wyobra\u017cam sobie. Ale nigdy nie poznam smaku tego l\u0119ku. Nie przekazali mi go w genach? Pewnie przekazali, lecz dotarcie do tych pok\u0142ad\u00f3w jest \u2013 oby na zawsze \u2013 zamkni\u0119te. A mo\u017ce &#8211; jak zatopione beczki z trucizn\u0105, po latach zaczn\u0105 si\u0119 te odczucia ulatnia\u0107?<\/p>\n<p>&nbsp;<\/p>\n<p>Ale radio pami\u0119taj\u0105. By\u0142o r\u00f3wnie wa\u017cne w czasie jak i po wojnie. Podczas okupacji \u2013 zakazane, po wyzwoleniu \u2013 nieodzowne. <a href=\"https:\/\/plus.dziennikpolski24.pl\/kolchoznik-radio-na-drutach\/ar\/c15-14247577\">Radiofonizacja kraju<\/a>. Ko\u0142cho\u017aniki. Przewodowe proste odbiorniki radiowe, w\u0142a\u015bciwie g\u0142o\u015bniki tylko, odtwarzaj\u0105ce program pierwszy Polskiego Radia.<\/p>\n<p>\u0179r\u00f3d\u0142o informacji i rozrywki. Siada\u0142o si\u0119 przy g\u0142o\u015bniku i s\u0142ucha\u0142o\u2026<\/p>\n<p>To by\u0142o strasznie wa\u017cne.<\/p>\n<p>&#8211; Ale co mi pan tu b\u0119dzie gada\u0142! Wiem dobrze, bo w radiu m\u00f3wili\u2026 \u2013 to argument zamykaj\u0105cy dyskusje.<\/p>\n<p>&nbsp;<\/p>\n<p>Pierwsze po wojnie obchody \u015awi\u0119ta Morza. Radio by\u0142o jedynym sposobem na przekazanie namiastki emocji. Wielkie s\u0142owa, cho\u0107 w kiepski wiersz u\u0142o\u017cone, ale odczytane z wielkimi emocjami. Po s\u0142owach &#8211; pie\u015b\u0144. I transmisja nabo\u017ce\u0144stwa.<\/p>\n<p>Bo\u017ce, czy\u017c \u015bwiat nie jest pi\u0119kny?<\/p>\n<p>I my to wszystko mamy, tu, z g\u0142o\u015bnika. Prawie tak samo, jakby\u015bmy tam byli!<\/p>\n<p>Szukam tych emocji w tekstach, jakie cudem jakim\u015b ocala\u0142y. Komunikaty, pogadanki, felietony i komentarze.<\/p>\n<p>Uk\u0142adam je chronologicznie. Jak radiow\u0105 ram\u00f3wk\u0119.<\/p>\n<p>Dygresja: si\u0119gn\u0105\u0142em po archiwalne numery Kuriera Szczeci\u0144skiego z lipca 1946. Mo\u017ce co\u015b przegapi\u0142em, ale o \u015awi\u0119cie Morza praktycznie ani jednego s\u0142owa! Proces w Norymberdze, rodzi si\u0119 Jugos\u0142awia, nastroje antybrytyjskie w Niemczech, rewizja granic w Ameryce Po\u0142udniowej, prasa rosyjska o m\u0142odzie\u017cy polskiej. Tylko informacje agencyjne. Jednak jest. Strona si\u00f3dma. Atrakcyjny program obchodu \u201e\u015awi\u0119ta Morza\u201d. Ale na Wybrze\u017cu Wschodnim&#8230; W Szczecinie \u2013 jedynie szereg ciekawych imprez. Przy okazji \u2013 jak fatalna jest jako\u015b\u0107 skan\u00f3w numer\u00f3w archiwalnych gazety. Czy nikt w Ksi\u0105\u017cnicy Pomorskiej tego nie widzi? <a href=\"https:\/\/zbc.ksiaznica.szczecin.pl\/dlibra\/publication\/31675\/edition\/30077\/content?ref=desc\">\u017benuj\u0105ce<\/a>!<\/p>\n<p>Tak. Tylko radio by\u0142o zawsze tu i teraz. Nie potrzebowa\u0142o zecer\u00f3w, drukarzy, kolporter\u00f3w. Radio \u2013 jak tunel w czaso-przestrzeni \u2013 pozwala\u0142o uczestniczy\u0107 w wydarzeniach w czasie rzeczywistym. Tym cenniejsze wydaj\u0105 mi si\u0119 te maszynopisy.<\/p>\n<p>Pos\u0142uchajmy wi\u0119c\u2026<\/p>\n<p>Uwaga: w\u0142\u0105czam.<\/p>\n<p>Pstryk\u2026<\/p>\n<p>Narastaj\u0105cy szum wzmacniacza lampowego i\u2026<\/p>\n<p>Ciiiii&#8230;<\/p>\n<p>S\u0142uchamy.[\/vc_column_text]<\/div><\/div>[vc_empty_space][vc_gallery interval=&#8221;3&#8243; images=&#8221;6465,6466,6467&#8243; img_size=&#8221;large&#8221; onclick=&#8221;img_link_large&#8221; custom_links_target=&#8221;_blank&#8221; title=&#8221;Radio Succes, 1938&#8243;][vc_empty_space][vc_text_separator title=&#8221;Tradycje '\u015awi\u0119ta morza'&#8221; border_width=&#8221;3&#8243;][vc_empty_space][evc_image_with_text image_behavior=&#8221;lightbox&#8221; image=&#8221;6473&#8243; title=&#8221;Fragment PKF&#8221; image_size=&#8221;full&#8221; custom_link=&#8221;url:http%3A%2F%2Fwww.repozytorium.fn.org.pl%2F%3Fq%3Dpl%2Fnode%2F4645|||&#8221;][vc_empty_space][evc_image_with_text image_behavior=&#8221;lightbox&#8221; image=&#8221;6476&#8243; image_size=&#8221;full&#8221; custom_link=&#8221;url:https%3A%2F%2Foficynamorska.pl%2F2016%2Fw-kolobrzegu-historyczna-msza-w-intencji-ludzi-morza%2F|||&#8221;][vc_empty_space][vc_video link=&#8221;https:\/\/youtu.be\/z8q0S2JyyQE&#8221; title=&#8221;PKF &#8211; \u015awi\u0119to Morza 1947&#8243;][vc_empty_space][vc_empty_space][vc_empty_space][vc_empty_space][evc_image_with_text image_behavior=&#8221;lightbox&#8221; image=&#8221;5011&#8243; title=&#8221;\u015awi\u0119to Morza&#8221; text=&#8221;Marek Koszur: \u015awi\u0119to Morza, Morze i Ziemia, Kwartalnik Spo\u0142eczno-Kulturalny, Szczecin 2\/81 01&#8243; image_size=&#8221;full&#8221; custom_link=&#8221;url:https%3A%2F%2Fkoszur.net%2Fwp-content%2Fuploads%2F2020%2F04%2Fswieto-motrza-morze-i-ziemia-1981-01.jpg|||&#8221;][vc_empty_space][evc_image_with_text image_behavior=&#8221;lightbox&#8221; image=&#8221;5010&#8243; title=&#8221;\u015awi\u0119to Morza&#8221; text=&#8221;Marek Koszur: \u015awi\u0119to Morza, Morze i Ziemia, Kwartalnik Spo\u0142eczno-Kulturalny, Szczecin 2\/81 02&#8243; image_size=&#8221;full&#8221; custom_link=&#8221;url:https%3A%2F%2Fkoszur.net%2Fwp-content%2Fuploads%2F2020%2F04%2Fswieto-motrza-morze-i-ziemia-1981-02.jpg|||&#8221;][vc_empty_space][evc_image_with_text image_behavior=&#8221;lightbox&#8221; image=&#8221;5056&#8243; title=&#8221;Pierwsze polskie \u015awi\u0119to Morza&#8221; text=&#8221;Autor: Marek Koszur, \u017bycie Warszawy, 25-25 czerwca 1983&#8243; image_size=&#8221;full&#8221;][vc_empty_space][evc_image_with_text image_behavior=&#8221;lightbox&#8221; image=&#8221;5257&#8243; image_size=&#8221;large&#8221; title=&#8221;Pierwsze polskie \u015awi\u0119to Morza, Gdynia 1932&#8243;][vc_empty_space][vc_empty_space]<div class=\"columns_wrap sc_columns columns_nofluid sc_columns_count_2\"><div class=\"column-1_2 sc_column_item sc_column_item_1 odd first\"><\/div><div class=\"column-1_2 sc_column_item sc_column_item_2 even\"><\/div><\/div>[vc_empty_space][evc_gallery_block type=&#8221;featured-left&#8221; image_behavior=&#8221;lightbox&#8221; images=&#8221;5266,5265,5264,5263,5262,5261,5260,5259,5258&#8243; image_size=&#8221;large&#8221;][vc_text_separator title=&#8221;Sacrum morza&#8230;&#8221; i_icon_fontawesome=&#8221;fa fa-get-pocket&#8221; border_width=&#8221;3&#8243; add_icon=&#8221;true&#8221;][vc_empty_space]\n<div class=\"wpcf7 no-js\" id=\"wpcf7-f7212-o1\" lang=\"pl-PL\" dir=\"ltr\" data-wpcf7-id=\"7212\">\n<div class=\"screen-reader-response\"><p role=\"status\" aria-live=\"polite\" aria-atomic=\"true\"><\/p> <ul><\/ul><\/div>\n<form action=\"\/index.php\/wp-json\/wp\/v2\/pages\/6039#wpcf7-f7212-o1\" method=\"post\" class=\"wpcf7-form init\" aria-label=\"Formularz kontaktowy\" novalidate=\"novalidate\" data-status=\"init\">\n<fieldset class=\"hidden-fields-container\"><input type=\"hidden\" name=\"_wpcf7\" value=\"7212\" \/><input type=\"hidden\" name=\"_wpcf7_version\" value=\"6.1.5\" \/><input type=\"hidden\" name=\"_wpcf7_locale\" value=\"pl_PL\" \/><input type=\"hidden\" name=\"_wpcf7_unit_tag\" value=\"wpcf7-f7212-o1\" \/><input type=\"hidden\" name=\"_wpcf7_container_post\" value=\"0\" \/><input type=\"hidden\" name=\"_wpcf7_posted_data_hash\" value=\"\" \/><input type=\"hidden\" name=\"_wpcf7_recaptcha_response\" value=\"\" \/>\n<\/fieldset>\n<div class=\"form_info\">\n\t<p><span class=\"wpcf7-form-control-wrap\" data-name=\"text-173\"><input size=\"40\" maxlength=\"400\" class=\"wpcf7-form-control wpcf7-text wpcf7-validates-as-required\" aria-required=\"true\" aria-invalid=\"false\" placeholder=\"Imie i nazwisko*\" value=\"\" type=\"text\" name=\"text-173\" \/><\/span><span class=\"wpcf7-form-control-wrap\" data-name=\"email-273\"><input size=\"40\" maxlength=\"400\" class=\"wpcf7-form-control wpcf7-email wpcf7-validates-as-required wpcf7-text wpcf7-validates-as-email\" aria-required=\"true\" aria-invalid=\"false\" placeholder=\"E-mail*\" value=\"\" type=\"email\" name=\"email-273\" \/><\/span>\n\t<\/p>\n<\/div>\n<div class=\"form_subject\">\n\t<p><span class=\"wpcf7-form-control-wrap\" data-name=\"your-subject\"><input size=\"40\" maxlength=\"400\" class=\"wpcf7-form-control wpcf7-text\" aria-invalid=\"false\" placeholder=\"Temat\" value=\"\" type=\"text\" name=\"your-subject\" \/><\/span>\n\t<\/p>\n<\/div>\n<p><span class=\"wpcf7-form-control-wrap\" data-name=\"textarea-472\"><textarea cols=\"40\" rows=\"10\" maxlength=\"2000\" class=\"wpcf7-form-control wpcf7-textarea wpcf7-validates-as-required\" aria-required=\"true\" aria-invalid=\"false\" placeholder=\"Message\" name=\"textarea-472\"><\/textarea><\/span><br \/>\n<span class=\"wpcf7-form-control-wrap\" data-name=\"acceptance-381\"><span class=\"wpcf7-form-control wpcf7-acceptance\"><span class=\"wpcf7-list-item\"><label><input type=\"checkbox\" name=\"acceptance-381\" value=\"1\" aria-invalid=\"false\" \/><span class=\"wpcf7-list-item-label\">Wyra\u017cam zgod\u0119 na gromadzenie i przechowywanie moich danych adresowych na potrzeby tej korespondencji.<\/span><\/label><\/span><\/span><\/span>\n<\/p>\n<div class=\"form_button\">\n\t<p><input class=\"wpcf7-form-control wpcf7-submit has-spinner\" type=\"submit\" value=\"Wysy\u0142am\" \/>\n\t<\/p>\n<\/div><div class=\"wpcf7-response-output\" aria-hidden=\"true\"><\/div>\n<\/form>\n<\/div>\n[\/vc_column][\/vc_row][vc_row][vc_column][\/vc_column][\/vc_row]<\/p>\n","protected":false},"excerpt":{"rendered":"<p>[vc_row][vc_column][vc_empty_space][vc_gallery interval=&#8221;3&#8243; images=&#8221;6465,6466,6467&#8243; img_size=&#8221;large&#8221; onclick=&#8221;img_link_large&#8221; custom_links_target=&#8221;_blank&#8221; title=&#8221;Radio Succes, 1938&#8243;][vc_empty_space][vc_text_separator title=&#8221;Tradycje '\u015awi\u0119ta morza&#8217;&#8221; border_width=&#8221;3&#8243;][vc_empty_space][evc_image_with_text image_behavior=&#8221;lightbox&#8221; image=&#8221;6473&#8243; title=&#8221;Fragment PKF&#8221; image_size=&#8221;full&#8221; custom_link=&#8221;url:http%3A%2F%2Fwww.repozytorium.fn.org.pl%2F%3Fq%3Dpl%2Fnode%2F4645|||&#8221;][vc_empty_space][evc_image_with_text image_behavior=&#8221;lightbox&#8221; image=&#8221;6476&#8243; image_size=&#8221;full&#8221; custom_link=&#8221;url:https%3A%2F%2Foficynamorska.pl%2F2016%2Fw-kolobrzegu-historyczna-msza-w-intencji-ludzi-morza%2F|||&#8221;][vc_empty_space][vc_video link=&#8221;https:\/\/youtu.be\/z8q0S2JyyQE&#8221; title=&#8221;PKF &#8211; \u015awi\u0119to Morza 1947&#8243;][vc_empty_space][vc_empty_space][vc_empty_space][vc_empty_space][evc_image_with_text image_behavior=&#8221;lightbox&#8221; image=&#8221;5011&#8243; title=&#8221;\u015awi\u0119to Morza&#8221; text=&#8221;Marek Koszur: \u015awi\u0119to Morza, Morze i Ziemia, Kwartalnik Spo\u0142eczno-Kulturalny, Szczecin 2\/81 01&#8243; image_size=&#8221;full&#8221; custom_link=&#8221;url:https%3A%2F%2Fkoszur.net%2Fwp-content%2Fuploads%2F2020%2F04%2Fswieto-motrza-morze-i-ziemia-1981-01.jpg|||&#8221;][vc_empty_space][evc_image_with_text image_behavior=&#8221;lightbox&#8221; image=&#8221;5010&#8243; title=&#8221;\u015awi\u0119to Morza&#8221; text=&#8221;Marek Koszur: \u015awi\u0119to Morza, [&hellip;]<\/p>\n","protected":false},"author":990004,"featured_media":6456,"parent":0,"menu_order":0,"comment_status":"closed","ping_status":"closed","template":"","meta":{"footnotes":""},"class_list":["post-6039","page","type-page","status-publish","has-post-thumbnail","hentry"],"_links":{"self":[{"href":"https:\/\/koszur.net\/index.php\/wp-json\/wp\/v2\/pages\/6039","targetHints":{"allow":["GET"]}}],"collection":[{"href":"https:\/\/koszur.net\/index.php\/wp-json\/wp\/v2\/pages"}],"about":[{"href":"https:\/\/koszur.net\/index.php\/wp-json\/wp\/v2\/types\/page"}],"author":[{"embeddable":true,"href":"https:\/\/koszur.net\/index.php\/wp-json\/wp\/v2\/users\/990004"}],"replies":[{"embeddable":true,"href":"https:\/\/koszur.net\/index.php\/wp-json\/wp\/v2\/comments?post=6039"}],"version-history":[{"count":48,"href":"https:\/\/koszur.net\/index.php\/wp-json\/wp\/v2\/pages\/6039\/revisions"}],"predecessor-version":[{"id":6470,"href":"https:\/\/koszur.net\/index.php\/wp-json\/wp\/v2\/pages\/6039\/revisions\/6470"}],"wp:featuredmedia":[{"embeddable":true,"href":"https:\/\/koszur.net\/index.php\/wp-json\/wp\/v2\/media\/6456"}],"wp:attachment":[{"href":"https:\/\/koszur.net\/index.php\/wp-json\/wp\/v2\/media?parent=6039"}],"curies":[{"name":"wp","href":"https:\/\/api.w.org\/{rel}","templated":true}]}}