{"id":6023,"date":"2020-05-02T16:43:25","date_gmt":"2020-05-02T14:43:25","guid":{"rendered":"https:\/\/koszur.net\/?page_id=6023"},"modified":"2021-12-14T22:59:39","modified_gmt":"2021-12-14T21:59:39","slug":"wychowanie-morskie","status":"publish","type":"page","link":"https:\/\/koszur.net\/index.php\/wychowanie-morskie\/","title":{"rendered":"Wychowanie morskie"},"content":{"rendered":"<p>[vc_row][vc_column]<div class=\"sc_section\"><div class=\"sc_section_inner\">[vc_column_text]Powinno by\u0107: morze w wychowaniu &#8211; zauwa\u017c\u0105 pedagodzy.<\/p>\n<p>I w gruncie rzeczy m\u00f3g\u0142bym si\u0119 zgodzi\u0107 z takim uj\u0119ciem sprawy. Nie ma, twierdz\u0105 specjali\u015bci &#8211; wychowania g\u00f3rniczego, rolniczego czy spadochronowego. S\u0105 natomiast &#8211; dalej cytuj\u0119 &#8211; pierwiastki, elementy morskie w wychowaniu&#8230;<\/p>\n<p>To prawda.<\/p>\n<p>Ale wychowanie morskie&#8230; jest.<\/p>\n<p>Nawet nie wiem, czy nie powinienem zaryzykowa\u0107 twierdzenia, \u017ce jest ono, wychowanie morskie, kategori\u0105 ponadnadrz\u0119dn\u0105 nad wszystkimi innymi metodami kszta\u0142towania postaw i charakter\u00f3w.<\/p>\n<p>Bo &#8211; prosz\u0119 si\u0119 dobrze zastanowi\u0107 &#8211; jakie cechy cz\u0142owieka morza nie s\u0105 niezb\u0119dne dla ludzi l\u0105du, by ci mogli wie\u015b\u0107 spokojny, szcz\u0119\u015bliwy \u017cywot po\u015br\u00f3d las\u00f3w i p\u00f3l?<\/p>\n<p>Dobrze. Ustawmy zagadnienie inaczej. Czego musi si\u0119 cz\u0142owiek l\u0105du w spos\u00f3b szczeg\u00f3lny nauczy\u0107, co sobie przyswoi\u0107 lub posi\u0105\u015b\u0107, by &#8211; powt\u00f3rzmy, wie\u015b\u0107 spokojny \u017cywot po\u015br\u00f3d morskich fal?<\/p>\n<p>[\/vc_column_text]<\/div><\/div>[\/vc_column][\/vc_row][vc_row][vc_column][\/vc_column][\/vc_row][vc_row][vc_column]<div class=\"sc_section\"><div class=\"sc_section_inner\">[vc_empty_space][vc_text_separator title=&#8221;Rze\u017abienie charakter\u00f3w&#8221; i_icon_fontawesome=&#8221;fa fa-bookmark&#8221; border_width=&#8221;3&#8243; add_icon=&#8221;true&#8221;][vc_empty_space]\n<div class=\"wpcf7 no-js\" id=\"wpcf7-f7212-o1\" lang=\"pl-PL\" dir=\"ltr\" data-wpcf7-id=\"7212\">\n<div class=\"screen-reader-response\"><p role=\"status\" aria-live=\"polite\" aria-atomic=\"true\"><\/p> <ul><\/ul><\/div>\n<form action=\"\/index.php\/wp-json\/wp\/v2\/pages\/6023#wpcf7-f7212-o1\" method=\"post\" class=\"wpcf7-form init\" aria-label=\"Formularz kontaktowy\" novalidate=\"novalidate\" data-status=\"init\">\n<fieldset class=\"hidden-fields-container\"><input type=\"hidden\" name=\"_wpcf7\" value=\"7212\" \/><input type=\"hidden\" name=\"_wpcf7_version\" value=\"6.1.5\" \/><input type=\"hidden\" name=\"_wpcf7_locale\" value=\"pl_PL\" \/><input type=\"hidden\" name=\"_wpcf7_unit_tag\" value=\"wpcf7-f7212-o1\" \/><input type=\"hidden\" name=\"_wpcf7_container_post\" value=\"0\" \/><input type=\"hidden\" name=\"_wpcf7_posted_data_hash\" value=\"\" \/><input type=\"hidden\" name=\"_wpcf7_recaptcha_response\" value=\"\" \/>\n<\/fieldset>\n<div class=\"form_info\">\n\t<p><span class=\"wpcf7-form-control-wrap\" data-name=\"text-173\"><input size=\"40\" maxlength=\"400\" class=\"wpcf7-form-control wpcf7-text wpcf7-validates-as-required\" aria-required=\"true\" aria-invalid=\"false\" placeholder=\"Imie i nazwisko*\" value=\"\" type=\"text\" name=\"text-173\" \/><\/span><span class=\"wpcf7-form-control-wrap\" data-name=\"email-273\"><input size=\"40\" maxlength=\"400\" class=\"wpcf7-form-control wpcf7-email wpcf7-validates-as-required wpcf7-text wpcf7-validates-as-email\" aria-required=\"true\" aria-invalid=\"false\" placeholder=\"E-mail*\" value=\"\" type=\"email\" name=\"email-273\" \/><\/span>\n\t<\/p>\n<\/div>\n<div class=\"form_subject\">\n\t<p><span class=\"wpcf7-form-control-wrap\" data-name=\"your-subject\"><input size=\"40\" maxlength=\"400\" class=\"wpcf7-form-control wpcf7-text\" aria-invalid=\"false\" placeholder=\"Temat\" value=\"\" type=\"text\" name=\"your-subject\" \/><\/span>\n\t<\/p>\n<\/div>\n<p><span class=\"wpcf7-form-control-wrap\" data-name=\"textarea-472\"><textarea cols=\"40\" rows=\"10\" maxlength=\"2000\" class=\"wpcf7-form-control wpcf7-textarea wpcf7-validates-as-required\" aria-required=\"true\" aria-invalid=\"false\" placeholder=\"Message\" name=\"textarea-472\"><\/textarea><\/span><br \/>\n<span class=\"wpcf7-form-control-wrap\" data-name=\"acceptance-381\"><span class=\"wpcf7-form-control wpcf7-acceptance\"><span class=\"wpcf7-list-item\"><label><input type=\"checkbox\" name=\"acceptance-381\" value=\"1\" aria-invalid=\"false\" \/><span class=\"wpcf7-list-item-label\">Wyra\u017cam zgod\u0119 na gromadzenie i przechowywanie moich danych adresowych na potrzeby tej korespondencji.<\/span><\/label><\/span><\/span><\/span>\n<\/p>\n<div class=\"form_button\">\n\t<p><input class=\"wpcf7-form-control wpcf7-submit has-spinner\" type=\"submit\" value=\"Wysy\u0142am\" \/>\n\t<\/p>\n<\/div><div class=\"wpcf7-response-output\" aria-hidden=\"true\"><\/div>\n<\/form>\n<\/div>\n<\/div><\/div>[\/vc_column][\/vc_row]<\/p>\n","protected":false},"excerpt":{"rendered":"<p>[vc_row][vc_column][\/vc_column][\/vc_row][vc_row][vc_column][\/vc_column][\/vc_row][vc_row][vc_column][\/vc_column][\/vc_row]<\/p>\n","protected":false},"author":990004,"featured_media":0,"parent":0,"menu_order":0,"comment_status":"closed","ping_status":"closed","template":"","meta":{"footnotes":""},"class_list":["post-6023","page","type-page","status-publish","hentry"],"yoast_head":"<!-- This site is optimized with the Yoast SEO plugin v27.4 - https:\/\/yoast.com\/product\/yoast-seo-wordpress\/ -->\n<title>Wychowanie morskie - Marek Koszur<\/title>\n<meta name=\"description\" content=\"geniuszem mo\u017cna zosta\u0107 siedz\u0105c na zydelku lub dowodz\u0105c transgalaktyczn\u0105 rakiet\u0105. ale to podobno morze najlepiej rze\u017abi nasz\u0105 wra\u017cliwo\u015b\u0107\" \/>\n<meta name=\"robots\" content=\"index, follow, max-snippet:-1, max-image-preview:large, max-video-preview:-1\" \/>\n<link rel=\"canonical\" href=\"https:\/\/koszur.net\/index.php\/wychowanie-morskie\/\" \/>\n<meta property=\"og:locale\" content=\"pl_PL\" \/>\n<meta property=\"og:type\" content=\"article\" \/>\n<meta property=\"og:title\" content=\"Wychowanie morskie - Marek Koszur\" \/>\n<meta property=\"og:description\" content=\"geniuszem mo\u017cna zosta\u0107 siedz\u0105c na zydelku lub dowodz\u0105c transgalaktyczn\u0105 rakiet\u0105. ale to podobno morze najlepiej rze\u017abi nasz\u0105 wra\u017cliwo\u015b\u0107\" \/>\n<meta property=\"og:url\" content=\"https:\/\/koszur.net\/index.php\/wychowanie-morskie\/\" \/>\n<meta property=\"og:site_name\" content=\"Marek Koszur\" \/>\n<meta property=\"article:modified_time\" content=\"2021-12-14T21:59:39+00:00\" \/>\n<meta name=\"twitter:card\" content=\"summary_large_image\" \/>\n<meta name=\"twitter:label1\" content=\"Szacowany czas czytania\" \/>\n\t<meta name=\"twitter:data1\" content=\"1 minuta\" \/>\n<script type=\"application\/ld+json\" class=\"yoast-schema-graph\">{\"@context\":\"https:\\\/\\\/schema.org\",\"@graph\":[{\"@type\":\"WebPage\",\"@id\":\"https:\\\/\\\/koszur.net\\\/index.php\\\/wychowanie-morskie\\\/\",\"url\":\"https:\\\/\\\/koszur.net\\\/index.php\\\/wychowanie-morskie\\\/\",\"name\":\"Wychowanie morskie - Marek Koszur\",\"isPartOf\":{\"@id\":\"https:\\\/\\\/koszur.net\\\/#website\"},\"datePublished\":\"2020-05-02T14:43:25+00:00\",\"dateModified\":\"2021-12-14T21:59:39+00:00\",\"description\":\"geniuszem mo\u017cna zosta\u0107 siedz\u0105c na zydelku lub dowodz\u0105c transgalaktyczn\u0105 rakiet\u0105. ale to podobno morze najlepiej rze\u017abi nasz\u0105 wra\u017cliwo\u015b\u0107\",\"breadcrumb\":{\"@id\":\"https:\\\/\\\/koszur.net\\\/index.php\\\/wychowanie-morskie\\\/#breadcrumb\"},\"inLanguage\":\"pl-PL\",\"potentialAction\":[{\"@type\":\"ReadAction\",\"target\":[\"https:\\\/\\\/koszur.net\\\/index.php\\\/wychowanie-morskie\\\/\"]}]},{\"@type\":\"BreadcrumbList\",\"@id\":\"https:\\\/\\\/koszur.net\\\/index.php\\\/wychowanie-morskie\\\/#breadcrumb\",\"itemListElement\":[{\"@type\":\"ListItem\",\"position\":1,\"name\":\"Strona g\u0142\u00f3wna\",\"item\":\"https:\\\/\\\/koszur.net\\\/\"},{\"@type\":\"ListItem\",\"position\":2,\"name\":\"Wychowanie morskie\"}]},{\"@type\":\"WebSite\",\"@id\":\"https:\\\/\\\/koszur.net\\\/#website\",\"url\":\"https:\\\/\\\/koszur.net\\\/\",\"name\":\"Marek Koszur\",\"description\":\"\",\"potentialAction\":[{\"@type\":\"SearchAction\",\"target\":{\"@type\":\"EntryPoint\",\"urlTemplate\":\"https:\\\/\\\/koszur.net\\\/?s={search_term_string}\"},\"query-input\":{\"@type\":\"PropertyValueSpecification\",\"valueRequired\":true,\"valueName\":\"search_term_string\"}}],\"inLanguage\":\"pl-PL\"}]}<\/script>\n<!-- \/ Yoast SEO plugin. -->","yoast_head_json":{"title":"Wychowanie morskie - Marek Koszur","description":"geniuszem mo\u017cna zosta\u0107 siedz\u0105c na zydelku lub dowodz\u0105c transgalaktyczn\u0105 rakiet\u0105. ale to podobno morze najlepiej rze\u017abi nasz\u0105 wra\u017cliwo\u015b\u0107","robots":{"index":"index","follow":"follow","max-snippet":"max-snippet:-1","max-image-preview":"max-image-preview:large","max-video-preview":"max-video-preview:-1"},"canonical":"https:\/\/koszur.net\/index.php\/wychowanie-morskie\/","og_locale":"pl_PL","og_type":"article","og_title":"Wychowanie morskie - Marek Koszur","og_description":"geniuszem mo\u017cna zosta\u0107 siedz\u0105c na zydelku lub dowodz\u0105c transgalaktyczn\u0105 rakiet\u0105. ale to podobno morze najlepiej rze\u017abi nasz\u0105 wra\u017cliwo\u015b\u0107","og_url":"https:\/\/koszur.net\/index.php\/wychowanie-morskie\/","og_site_name":"Marek Koszur","article_modified_time":"2021-12-14T21:59:39+00:00","twitter_card":"summary_large_image","twitter_misc":{"Szacowany czas czytania":"1 minuta"},"schema":{"@context":"https:\/\/schema.org","@graph":[{"@type":"WebPage","@id":"https:\/\/koszur.net\/index.php\/wychowanie-morskie\/","url":"https:\/\/koszur.net\/index.php\/wychowanie-morskie\/","name":"Wychowanie morskie - Marek Koszur","isPartOf":{"@id":"https:\/\/koszur.net\/#website"},"datePublished":"2020-05-02T14:43:25+00:00","dateModified":"2021-12-14T21:59:39+00:00","description":"geniuszem mo\u017cna zosta\u0107 siedz\u0105c na zydelku lub dowodz\u0105c transgalaktyczn\u0105 rakiet\u0105. ale to podobno morze najlepiej rze\u017abi nasz\u0105 wra\u017cliwo\u015b\u0107","breadcrumb":{"@id":"https:\/\/koszur.net\/index.php\/wychowanie-morskie\/#breadcrumb"},"inLanguage":"pl-PL","potentialAction":[{"@type":"ReadAction","target":["https:\/\/koszur.net\/index.php\/wychowanie-morskie\/"]}]},{"@type":"BreadcrumbList","@id":"https:\/\/koszur.net\/index.php\/wychowanie-morskie\/#breadcrumb","itemListElement":[{"@type":"ListItem","position":1,"name":"Strona g\u0142\u00f3wna","item":"https:\/\/koszur.net\/"},{"@type":"ListItem","position":2,"name":"Wychowanie morskie"}]},{"@type":"WebSite","@id":"https:\/\/koszur.net\/#website","url":"https:\/\/koszur.net\/","name":"Marek Koszur","description":"","potentialAction":[{"@type":"SearchAction","target":{"@type":"EntryPoint","urlTemplate":"https:\/\/koszur.net\/?s={search_term_string}"},"query-input":{"@type":"PropertyValueSpecification","valueRequired":true,"valueName":"search_term_string"}}],"inLanguage":"pl-PL"}]}},"_links":{"self":[{"href":"https:\/\/koszur.net\/index.php\/wp-json\/wp\/v2\/pages\/6023","targetHints":{"allow":["GET"]}}],"collection":[{"href":"https:\/\/koszur.net\/index.php\/wp-json\/wp\/v2\/pages"}],"about":[{"href":"https:\/\/koszur.net\/index.php\/wp-json\/wp\/v2\/types\/page"}],"author":[{"embeddable":true,"href":"https:\/\/koszur.net\/index.php\/wp-json\/wp\/v2\/users\/990004"}],"replies":[{"embeddable":true,"href":"https:\/\/koszur.net\/index.php\/wp-json\/wp\/v2\/comments?post=6023"}],"version-history":[{"count":16,"href":"https:\/\/koszur.net\/index.php\/wp-json\/wp\/v2\/pages\/6023\/revisions"}],"predecessor-version":[{"id":7744,"href":"https:\/\/koszur.net\/index.php\/wp-json\/wp\/v2\/pages\/6023\/revisions\/7744"}],"wp:attachment":[{"href":"https:\/\/koszur.net\/index.php\/wp-json\/wp\/v2\/media?parent=6023"}],"curies":[{"name":"wp","href":"https:\/\/api.w.org\/{rel}","templated":true}]}}