{"id":5832,"date":"2020-04-23T13:52:36","date_gmt":"2020-04-23T11:52:36","guid":{"rendered":"https:\/\/koszur.net\/?page_id=5832"},"modified":"2020-04-23T13:58:34","modified_gmt":"2020-04-23T11:58:34","slug":"zeglarstwo","status":"publish","type":"page","link":"https:\/\/koszur.net\/index.php\/zeglarstwo\/","title":{"rendered":"\u017beglarstwo"},"content":{"rendered":"<p>[vc_row][vc_column]<div class=\"sc_content content_wrap\"><div id=\"sc_blogger_380003792\" class=\"sc_blogger layout_related_3 template_related  sc_blogger_horizontal\"><h6 class=\"sc_blogger_subtitle sc_item_subtitle\">Studium uzale\u017cnienia<\/h6><h2 class=\"sc_blogger_title sc_item_title\">\u017beglarstwo<\/h2><div class=\"sc_blogger_descr sc_item_descr\">Motywacje, mniej wi\u0119cej znane, ale skutki - cywilizacyjnie nieogarnione. Najbardziej kulturotw\u00f3rcza sfera kszta\u0142towania charakter\u00f3w.<\/div><div class=\"columns_wrap\"><div class=\"column-1_3 column_padding_bottom\">\t\t<div class=\"post_item post_item_related post_item_1\">\n\n\t\t\t<div class=\"post_content\">\n\t\t\t\t\t\t\t\t<div class=\"post_featured\">\n\t\t\t\t\t\t\t\t\t\t\t<div class=\"post_thumb\" data-image=\"https:\/\/koszur.net\/wp-content\/uploads\/2020\/04\/zeglarstwo_background3.jpg\" data-title=\"Regaty o Puchar Poloneza\">\n\t\t\t\t\t\t<a class=\"hover_icon hover_icon_link\" href=\"https:\/\/koszur.net\/index.php\/2020\/04\/22\/regaty-o-puchar-poloneza\/\"><img decoding=\"async\" class=\"wp-post-image\" width=\"370\" height=\"155\" alt=\"Regaty o Puchar Poloneza\" src=\"https:\/\/koszur.net\/wp-content\/uploads\/2020\/04\/zeglarstwo_background3-370x155.jpg\"><\/a>\t\t\t\t\t\t<\/div>\n\t\t\t\t\t\t\t\t\t\t<\/div>\n\t\t\t\t\n\t\t\t\t\t\t\t\t\t<div class=\"post_content_wrap\">\n\t\t\t\t\t\t<h4 class=\"post_title\"><a href=\"https:\/\/koszur.net\/index.php\/2020\/04\/22\/regaty-o-puchar-poloneza\/\">Regaty o Puchar Poloneza<\/a><\/h4><div class=\"post_info post_info_tags\"><a class=\"post_tag_link\" href=\"https:\/\/koszur.net\/index.php\/tag\/jerzy-siudy\/\">Jerzy Siudy<\/a>, <a class=\"post_tag_link\" href=\"https:\/\/koszur.net\/index.php\/tag\/kazimierz-kuba-jaworski\/\">Kazimierz Kuba Jaworski<\/a>, <a class=\"post_tag_link\" href=\"https:\/\/koszur.net\/index.php\/tag\/regaty\/\">regaty<\/a>, <a class=\"post_tag_link\" href=\"https:\/\/koszur.net\/index.php\/tag\/zeglarstwo\/\">\u017ceglarstwo<\/a><\/div>\t\t\t\t\t<\/div>\n\t\t\t\t\t\t\t<\/div>\t<!-- \/.post_content -->\n\t\t<\/div>\t<!-- \/.post_item -->\n\t\t<\/div><div class=\"column-1_3 column_padding_bottom\">\t\t<div class=\"post_item post_item_related post_item_2\">\n\n\t\t\t<div class=\"post_content\">\n\t\t\t\t\t\t\t\t<div class=\"post_featured\">\n\t\t\t\t\t\t\t\t\t\t\t<div class=\"post_thumb\" data-image=\"https:\/\/koszur.net\/wp-content\/uploads\/2020\/04\/polskie-americas-cup2.jpg\" data-title=\"Polskie Americas Cup\">\n\t\t\t\t\t\t<a class=\"hover_icon hover_icon_link\" href=\"https:\/\/koszur.net\/index.php\/2020\/04\/23\/polskie-americus-cup\/\"><img decoding=\"async\" class=\"wp-post-image\" width=\"370\" height=\"342\" alt=\"Polskie Americas Cup\" src=\"https:\/\/koszur.net\/wp-content\/uploads\/2020\/04\/polskie-americas-cup2-370x342.jpg\"><\/a>\t\t\t\t\t\t<\/div>\n\t\t\t\t\t\t\t\t\t\t<\/div>\n\t\t\t\t\n\t\t\t\t\t\t\t\t\t<div class=\"post_content_wrap\">\n\t\t\t\t\t\t<h4 class=\"post_title\"><a href=\"https:\/\/koszur.net\/index.php\/2020\/04\/23\/polskie-americus-cup\/\">Polskie Americas Cup<\/a><\/h4><div class=\"post_info post_info_tags\"><a class=\"post_tag_link\" href=\"https:\/\/koszur.net\/index.php\/tag\/americas-cup-puchar-ameryki\/\">Americas Cup. Puchar Ameryki<\/a>, <a class=\"post_tag_link\" href=\"https:\/\/koszur.net\/index.php\/tag\/jerzy-siudy\/\">Jerzy Siudy<\/a>, <a class=\"post_tag_link\" href=\"https:\/\/koszur.net\/index.php\/tag\/kazimierz-kuba-jaworski\/\">Kazimierz Kuba Jaworski<\/a>, <a class=\"post_tag_link\" href=\"https:\/\/koszur.net\/index.php\/tag\/waldemar-heflich\/\">Waldemar Heflich<\/a>, <a class=\"post_tag_link\" href=\"https:\/\/koszur.net\/index.php\/tag\/wojciech-jacobson\/\">Wojciech Jacobson<\/a>, <a class=\"post_tag_link\" href=\"https:\/\/koszur.net\/index.php\/tag\/zeglarstwo\/\">\u017ceglarstwo<\/a><\/div>\t\t\t\t\t<\/div>\n\t\t\t\t\t\t\t<\/div>\t<!-- \/.post_content -->\n\t\t<\/div>\t<!-- \/.post_item -->\n\t\t<\/div><div class=\"column-1_3 column_padding_bottom\">\t\t<div class=\"post_item post_item_related post_item_3\">\n\n\t\t\t<div class=\"post_content\">\n\t\t\t\t\t\t\t\t<div class=\"post_featured\">\n\t\t\t\t\t\t\t\t\t\t\t<div class=\"post_thumb\" data-image=\"https:\/\/koszur.net\/wp-content\/uploads\/2020\/05\/jaskula2.jpg\" data-title=\"Non-stop do&#8230; \u017cycia\">\n\t\t\t\t\t\t<a class=\"hover_icon hover_icon_link\" href=\"https:\/\/koszur.net\/index.php\/2020\/05\/15\/non-stop-do-zycia\/\"><img decoding=\"async\" class=\"wp-post-image\" width=\"370\" height=\"370\" alt=\"Non-stop do&#8230; \u017cycia\" src=\"https:\/\/koszur.net\/wp-content\/uploads\/2020\/05\/jaskula2-370x370.jpg\"><\/a>\t\t\t\t\t\t<\/div>\n\t\t\t\t\t\t\t\t\t\t<\/div>\n\t\t\t\t\n\t\t\t\t\t\t\t\t\t<div class=\"post_content_wrap\">\n\t\t\t\t\t\t<h4 class=\"post_title\"><a href=\"https:\/\/koszur.net\/index.php\/2020\/05\/15\/non-stop-do-zycia\/\">Non-stop do&#8230; \u017cycia<\/a><\/h4><div class=\"post_info post_info_tags\"><a class=\"post_tag_link\" href=\"https:\/\/koszur.net\/index.php\/tag\/henryk-jaskula\/\">Henryk Jasku\u0142a<\/a>, <a class=\"post_tag_link\" href=\"https:\/\/koszur.net\/index.php\/tag\/jacht\/\">jacht<\/a>, <a class=\"post_tag_link\" href=\"https:\/\/koszur.net\/index.php\/tag\/zeglarstwo\/\">\u017ceglarstwo<\/a><\/div>\t\t\t\t\t<\/div>\n\t\t\t\t\t\t\t<\/div>\t<!-- \/.post_content -->\n\t\t<\/div>\t<!-- \/.post_item -->\n\t\t<\/div><\/div><\/div><\/div>[\/vc_column][\/vc_row]<\/p>\n","protected":false},"excerpt":{"rendered":"<p>[vc_row][vc_column][\/vc_column][\/vc_row]<\/p>\n","protected":false},"author":990004,"featured_media":0,"parent":0,"menu_order":0,"comment_status":"closed","ping_status":"closed","template":"","meta":{"footnotes":""},"class_list":["post-5832","page","type-page","status-publish","hentry"],"yoast_head":"<!-- This site is optimized with the Yoast SEO plugin v27.5 - https:\/\/yoast.com\/product\/yoast-seo-wordpress\/ -->\n<title>\u017beglarstwo - Marek Koszur<\/title>\n<meta name=\"robots\" content=\"index, follow, max-snippet:-1, max-image-preview:large, max-video-preview:-1\" \/>\n<link rel=\"canonical\" href=\"https:\/\/koszur.net\/index.php\/zeglarstwo\/\" \/>\n<meta property=\"og:locale\" content=\"pl_PL\" \/>\n<meta property=\"og:type\" content=\"article\" \/>\n<meta property=\"og:title\" content=\"\u017beglarstwo - Marek Koszur\" \/>\n<meta property=\"og:description\" content=\"[vc_row][vc_column][\/vc_column][\/vc_row]\" \/>\n<meta property=\"og:url\" content=\"https:\/\/koszur.net\/index.php\/zeglarstwo\/\" \/>\n<meta property=\"og:site_name\" content=\"Marek Koszur\" \/>\n<meta property=\"article:modified_time\" content=\"2020-04-23T11:58:34+00:00\" \/>\n<meta name=\"twitter:card\" content=\"summary_large_image\" \/>\n<script type=\"application\/ld+json\" class=\"yoast-schema-graph\">{\"@context\":\"https:\\\/\\\/schema.org\",\"@graph\":[{\"@type\":\"WebPage\",\"@id\":\"https:\\\/\\\/koszur.net\\\/index.php\\\/zeglarstwo\\\/\",\"url\":\"https:\\\/\\\/koszur.net\\\/index.php\\\/zeglarstwo\\\/\",\"name\":\"\u017beglarstwo - Marek Koszur\",\"isPartOf\":{\"@id\":\"https:\\\/\\\/koszur.net\\\/#website\"},\"datePublished\":\"2020-04-23T11:52:36+00:00\",\"dateModified\":\"2020-04-23T11:58:34+00:00\",\"breadcrumb\":{\"@id\":\"https:\\\/\\\/koszur.net\\\/index.php\\\/zeglarstwo\\\/#breadcrumb\"},\"inLanguage\":\"pl-PL\",\"potentialAction\":[{\"@type\":\"ReadAction\",\"target\":[\"https:\\\/\\\/koszur.net\\\/index.php\\\/zeglarstwo\\\/\"]}]},{\"@type\":\"BreadcrumbList\",\"@id\":\"https:\\\/\\\/koszur.net\\\/index.php\\\/zeglarstwo\\\/#breadcrumb\",\"itemListElement\":[{\"@type\":\"ListItem\",\"position\":1,\"name\":\"Strona g\u0142\u00f3wna\",\"item\":\"https:\\\/\\\/koszur.net\\\/\"},{\"@type\":\"ListItem\",\"position\":2,\"name\":\"\u017beglarstwo\"}]},{\"@type\":\"WebSite\",\"@id\":\"https:\\\/\\\/koszur.net\\\/#website\",\"url\":\"https:\\\/\\\/koszur.net\\\/\",\"name\":\"Marek Koszur\",\"description\":\"\",\"potentialAction\":[{\"@type\":\"SearchAction\",\"target\":{\"@type\":\"EntryPoint\",\"urlTemplate\":\"https:\\\/\\\/koszur.net\\\/?s={search_term_string}\"},\"query-input\":{\"@type\":\"PropertyValueSpecification\",\"valueRequired\":true,\"valueName\":\"search_term_string\"}}],\"inLanguage\":\"pl-PL\"}]}<\/script>\n<!-- \/ Yoast SEO plugin. -->","yoast_head_json":{"title":"\u017beglarstwo - Marek Koszur","robots":{"index":"index","follow":"follow","max-snippet":"max-snippet:-1","max-image-preview":"max-image-preview:large","max-video-preview":"max-video-preview:-1"},"canonical":"https:\/\/koszur.net\/index.php\/zeglarstwo\/","og_locale":"pl_PL","og_type":"article","og_title":"\u017beglarstwo - Marek Koszur","og_description":"[vc_row][vc_column][\/vc_column][\/vc_row]","og_url":"https:\/\/koszur.net\/index.php\/zeglarstwo\/","og_site_name":"Marek Koszur","article_modified_time":"2020-04-23T11:58:34+00:00","twitter_card":"summary_large_image","schema":{"@context":"https:\/\/schema.org","@graph":[{"@type":"WebPage","@id":"https:\/\/koszur.net\/index.php\/zeglarstwo\/","url":"https:\/\/koszur.net\/index.php\/zeglarstwo\/","name":"\u017beglarstwo - Marek Koszur","isPartOf":{"@id":"https:\/\/koszur.net\/#website"},"datePublished":"2020-04-23T11:52:36+00:00","dateModified":"2020-04-23T11:58:34+00:00","breadcrumb":{"@id":"https:\/\/koszur.net\/index.php\/zeglarstwo\/#breadcrumb"},"inLanguage":"pl-PL","potentialAction":[{"@type":"ReadAction","target":["https:\/\/koszur.net\/index.php\/zeglarstwo\/"]}]},{"@type":"BreadcrumbList","@id":"https:\/\/koszur.net\/index.php\/zeglarstwo\/#breadcrumb","itemListElement":[{"@type":"ListItem","position":1,"name":"Strona g\u0142\u00f3wna","item":"https:\/\/koszur.net\/"},{"@type":"ListItem","position":2,"name":"\u017beglarstwo"}]},{"@type":"WebSite","@id":"https:\/\/koszur.net\/#website","url":"https:\/\/koszur.net\/","name":"Marek Koszur","description":"","potentialAction":[{"@type":"SearchAction","target":{"@type":"EntryPoint","urlTemplate":"https:\/\/koszur.net\/?s={search_term_string}"},"query-input":{"@type":"PropertyValueSpecification","valueRequired":true,"valueName":"search_term_string"}}],"inLanguage":"pl-PL"}]}},"_links":{"self":[{"href":"https:\/\/koszur.net\/index.php\/wp-json\/wp\/v2\/pages\/5832","targetHints":{"allow":["GET"]}}],"collection":[{"href":"https:\/\/koszur.net\/index.php\/wp-json\/wp\/v2\/pages"}],"about":[{"href":"https:\/\/koszur.net\/index.php\/wp-json\/wp\/v2\/types\/page"}],"author":[{"embeddable":true,"href":"https:\/\/koszur.net\/index.php\/wp-json\/wp\/v2\/users\/990004"}],"replies":[{"embeddable":true,"href":"https:\/\/koszur.net\/index.php\/wp-json\/wp\/v2\/comments?post=5832"}],"version-history":[{"count":5,"href":"https:\/\/koszur.net\/index.php\/wp-json\/wp\/v2\/pages\/5832\/revisions"}],"predecessor-version":[{"id":5837,"href":"https:\/\/koszur.net\/index.php\/wp-json\/wp\/v2\/pages\/5832\/revisions\/5837"}],"wp:attachment":[{"href":"https:\/\/koszur.net\/index.php\/wp-json\/wp\/v2\/media?parent=5832"}],"curies":[{"name":"wp","href":"https:\/\/api.w.org\/{rel}","templated":true}]}}