{"id":5699,"date":"2020-04-20T23:26:52","date_gmt":"2020-04-20T21:26:52","guid":{"rendered":"https:\/\/koszur.net\/?page_id=5699"},"modified":"2021-11-05T15:49:08","modified_gmt":"2021-11-05T14:49:08","slug":"rudolf-kreutschneider","status":"publish","type":"page","link":"https:\/\/koszur.net\/index.php\/rudolf-kreutschneider\/","title":{"rendered":"Rudolf Kreutschneider"},"content":{"rendered":"<p>[vc_row][vc_column]<div class=\"sc_section\"><div class=\"sc_section_inner\">[vc_column_text]Je\u017celi przejecha\u0142 ci\u0119 problem, zderzy\u0142e\u015b si\u0119 z g\u0142upot\u0105, z\u0142ama\u0142e\u015b kr\u0119gos\u0142up, kt\u00f3rego \u00a0\u017cebra podtrzymywa\u0142y najwa\u017cniejsze twoje imperatywy, jak choinka bombki, a ca\u0142y \u015bwiat ci\u0119 nie zauwa\u017ca \u2013 m\u00f3dl si\u0119, \u017ceby zadzwoni\u0142 do ciebie Ruda\u2026<\/p>\n<p>&#8211; Cze\u015b\u0107 Marek, a wiesz, ja w\u0142a\u015bnie\u2026<\/p>\n<p>Przez s\u0142uchawk\u0119, ucho zewn\u0119trzne i wewn\u0119trzne, obijaj\u0105c si\u0119 o kanaliki i tr\u0105bki, targaj\u0105c niedopi\u0119t\u0105 torb\u0119 z jakimi\u015b narz\u0119dziami, z czupryn\u0105 rozwian\u0105 p\u00f3\u0142nocno-zachodnim wiatrem Ruda gramoli si\u0119 w ciebie i zaczyna\u2026 naprawia\u0107.<\/p>\n<p>Jak? Montuje, czy\u015bci, przeciera, odkurza z gnu\u015bno\u015bci, odpowietrza, smaruje, oliwi kana\u0142y pesymizmu, by wyrzuca\u0142y z\u0142ogi moralnych womit\u00f3w, a jak trzeba to i kopnie lub ci\u015bnie kuksa\u0144ca optymizmu, spokoju, wiary w \u015bwiat\u2026 Tak, w \u015bwiat. Nie w ciebie. Bo za t\u0119 funkcjonalno\u015b\u0107 odpowiadasz sam. Ruda tylko jak zwrotnicowy przy rozje\u017adzie albo kontroler lotu na lotnisku \u2013 naprowadza ci\u0119, stroi, stabilizuje.<\/p>\n<p>Nie da si\u0119 z Rud\u0105 sprzecza\u0107, nie mo\u017cna si\u0119 nie u\u015bmiecha\u0107, a jego cudowna polszczyzna, b\u0119d\u0105ca po\u0142\u0105czeniem melodii opowie\u015bci Pyzy z mazowieckich \u0142\u0105k i p\u00f3l, Rumcajsa i Ma\u0142ego Ksi\u0119cia jest tak zara\u017aliwa, \u017ce potwory i zmory, tym j\u0119zykiem opisywane, staj\u0105 si\u0119 b\u0142aznami i klownami z gabinetu pop\u0119kanych luster.<\/p>\n<p>Ruda dzwoni wieczorami. Nie, o morzu specjalnie nie opowiada. On w gruncie rzeczy w og\u00f3le nie opowiada.<\/p>\n<p>&#8211; Marek, a czemu ty nie napiszesz jakiej\u015b ksi\u0105\u017cki o polskich \u017ceglarzach, robisz tyle audycji, znasz ich chyba wszystkich, to czemu? Bo\u2026<\/p>\n<p>I nie czeka na moj\u0105 odpowied\u017a. Ona go kompletnie nie interesuje. On j\u0105 zna (nie ma wydawcy, kto to kupi, inne zlecenia). Ostentacyjnie ignoruj\u0105c moj\u0105 odpowied\u017a, chwyta mocno w r\u0119ce m\u00f3j gryf, pud\u0142o rezonansowe wciska mi\u0119dzy kolana i dawaj naci\u0105ga\u0107 struny. Jeszcze mocniej, bardzie, spr\u0119\u017cy\u015bciej. \u017bebym zacz\u0105\u0142 \u015bpiewa\u0107 tak, jak on chcia\u0142by mi zagra\u0107. A gra ci\u0105gle t\u0119 sam\u0105 melodi\u0119 \u2013 nie ma problem\u00f3w, jakie tam k\u0142opoty, co za przeszkody, no to musisz inaczej\u2026 Ty ju\u017c dobrze wiesz, jak\u2026<\/p>\n<p>Ten facet skr\u0119caj\u0105c w lewo, p\u0142ynie w prawo, a hamuj\u0105c rusza do przodu!<\/p>\n<p>&#8211; No dobra, nie b\u0119d\u0119 ci zawraca\u0142 g\u0142owy \u2013 m\u00f3wi po p\u00f3\u0142toragodzinnej pogaw\u0119dce, &#8211; ale wiesz, chcia\u0142em ci\u0119 prosi\u0107\u2026<\/p>\n<p>No i odm\u00f3w takiemu.<\/p>\n<p>Od d\u0142u\u017cszego czasu \u2013 nie dzwoni. Nie odpowiedzia\u0142 na maila. Na smsy te\u017c nie.<\/p>\n<p>Zrobili\u015bmy kilka audycji, mo\u017ce niekt\u00f3re si\u0119 zachowa\u0142y? Ja znalaz\u0142em kaset\u0119 z jedn\u0105 z nich. Nie t\u0119 najwa\u017cniejsz\u0105 niestety, ale szukam dalej.<\/p>\n<p>Popatrz na zdj\u0119cie uczestnik\u00f3w spotkania. Chyba to by\u0142o w 1983 roku? Przyjrzyj si\u0119 ich g\u0119bom. Zajrzyj ka\u017cdemu w oczy. No, to ju\u017c wiesz, jaki jest Ruda\u2026[\/vc_column_text]<div class=\"columns_wrap sc_columns columns_nofluid sc_columns_count_2\"><div class=\"column-1_2 sc_column_item sc_column_item_1 odd first\">[vc_empty_space][vc_gallery type=&#8221;nivo&#8221; interval=&#8221;3&#8243; images=&#8221;5700,5705,5704,5703,5702&#8243; img_size=&#8221;large&#8221; title=&#8221;Ruda Kreutschneider&#8221;]<\/div><div class=\"column-1_2 sc_column_item sc_column_item_2 even\">[vc_empty_space][vc_empty_space][vc_separator border_width=&#8221;3&#8243;][vc_empty_space][vc_empty_space][vc_column_text]<article class=\"iron_widget_radio playlist_enabled\"><div class=\"iron-audioplayer  show-playlist sr_waveform_mediaElement\" id=\"arbitrary-instance-69e1fc4127cd5-77b5d0acae\" data-id=\"arbitrary-instance-69e1fc4127cd5\" data-albums=\"5713\"data-url-playlist=\"https:\/\/koszur.net\/?load=playlist.json&#038;title=&#038;albums=5713&#038;feed_title=&#038;feed=&#038;feed_img=&#038;el_widget_id=&#038;artwork=\" data-sticky-player=\"0\" data-shuffle=\"\" data-playlist_title=\"\" data-scrollbar=\"\" data-wave-color=\"\" data-wave-progress-color=\"\" data-no-wave=\"0\" data-hide-progressbar=\"\" data-feedurl=\"0\" data-notrackskip=\"\" data-playertype=\"\" data-playertemplate =\"skin_float_tracklist\" data-speedrate=\"1\" style=\"opacity:0;\"><div class=\"sonaar-grid\" ><div class=\"sonaar-Artwort-box\">\n                <div class=\"control\">\n                    \n                <\/div>\n                    <div class=\"album\">\n                        <div class=\"album-art\">\n                            <img alt=\"album-art\">\n                        <\/div>\n                    <\/div>\n                <\/div><div class=\"playlist\"><h3 class=\"sr_it-playlist-title\"><\/h3><div class=\"srp_subtitle\"><\/div><div class=\"srp_tracklist\"><ul class\"\"><li \n            class=\"sr-playlist-item sr-playlist-item-flex\" \n            data-audiopath=\"https:\/\/koszur.net\/wp-content\/uploads\/2020\/04\/ruda-kreutschneider_mixdown.mp3\"\n            data-showloading=\"1\"\n            data-albumTitle=\"a morze chlupie mu w butach...\"\n            data-albumArt=\"https:\/\/koszur.net\/wp-content\/uploads\/2020\/04\/Ruda-Kreutschneider-07.jpg\"\n            data-releasedate=\"\"\n            data-date=\"20 kwietnia 2020\"\n            data-show-date=\"\"\n            data-trackTitle=\"Rudy Kreutschneidera halsowanie na l\u0105dzie Autor: Marek Koszur\"\n            data-trackID=\"5714\"\n            data-trackTime=\"5:57\"\n            data-relatedTrack=\"\"\n            data-post-url=\"\"\n            ><span class=\"store-list\"><\/span><\/li><\/ul><\/div><\/div><\/div><div class=\"album-player\"><div class=\"track-title\"><\/div> <div class=\"player \" ><div class=\"sr_progressbar\">\n                \n            <div class=\"currentTime\"><\/div>\n         \n                <div id=\"arbitrary-instance-69e1fc4127cd5-09bca08c5e-wave\" class=\"wave\" >\n                \n            <div class=\"sonaar_fake_wave\" style=\"height:70px\">\n                <audio src=\"\" class=\"sonaar_media_element\"><\/audio>\n                <div class=\"sonaar_wave_base\">\n                    <canvas id=arbitrary-instance-69e1fc4127cd5-container class=\"\" height=\"70\" width=\"2540\"><\/canvas>\n                    <svg><\/svg>\n                <\/div>\n                <div class=\"sonaar_wave_cut\">\n                    <canvas id=arbitrary-instance-69e1fc4127cd5-progress class=\"\" height=\"70\" width=\"2540\"><\/canvas>\n                    <svg><\/svg>\n                <\/div>\n            <\/div> \n                <\/div>\n                \n            <div class=\"totalTime\"><\/div>\n         \n             <\/div><div class=\"srp_main_control srp_oneColumn\"><div class=\"control\"><div class=\"play\" style=\"opacity:0;\">\n                <svg version=\"1.1\" xmlns=\"http:\/\/www.w3.org\/2000\/svg\" xmlns:xlink=\"http:\/\/www.w3.org\/1999\/xlink\" width=\"26\" height=\"31.47\" x=\"0px\" y=\"0px\" viewBox=\"0 0 17.5 21.2\" style=\"enable-background:new 0 0 17.5 21.2;\" xml:space=\"preserve\">\n                    <path d=\"M0,0l17.5,10.9L0,21.2V0z\"\/>\n                    <rect width=\"6\" height=\"21.2\"\/>\n                    <rect x=\"11.5\" width=\"6\" height=\"21.2\"\/>\n                <\/svg>\n            <\/div><\/div><div class=\"control\"><\/div><\/div><\/div><\/div><div class=\"album-store\"><\/div><\/div><\/article>[\/vc_column_text][vc_separator border_width=&#8221;3&#8243;][vc_empty_space][vc_text_separator title=&#8221;R\u0105banie morza&#8221; i_icon_fontawesome=&#8221;fa fa-crosshairs&#8221; border_width=&#8221;3&#8243; add_icon=&#8221;true&#8221;][vc_empty_space]\n<div class=\"wpcf7 no-js\" id=\"wpcf7-f7212-o1\" lang=\"pl-PL\" dir=\"ltr\" data-wpcf7-id=\"7212\">\n<div class=\"screen-reader-response\"><p role=\"status\" aria-live=\"polite\" aria-atomic=\"true\"><\/p> <ul><\/ul><\/div>\n<form action=\"\/index.php\/wp-json\/wp\/v2\/pages\/5699#wpcf7-f7212-o1\" method=\"post\" class=\"wpcf7-form init\" aria-label=\"Formularz kontaktowy\" novalidate=\"novalidate\" data-status=\"init\">\n<fieldset class=\"hidden-fields-container\"><input type=\"hidden\" name=\"_wpcf7\" value=\"7212\" \/><input type=\"hidden\" name=\"_wpcf7_version\" value=\"6.1.5\" \/><input type=\"hidden\" name=\"_wpcf7_locale\" value=\"pl_PL\" \/><input type=\"hidden\" name=\"_wpcf7_unit_tag\" value=\"wpcf7-f7212-o1\" \/><input type=\"hidden\" name=\"_wpcf7_container_post\" value=\"0\" \/><input type=\"hidden\" name=\"_wpcf7_posted_data_hash\" value=\"\" \/><input type=\"hidden\" name=\"_wpcf7_recaptcha_response\" value=\"\" \/>\n<\/fieldset>\n<div class=\"form_info\">\n\t<p><span class=\"wpcf7-form-control-wrap\" data-name=\"text-173\"><input size=\"40\" maxlength=\"400\" class=\"wpcf7-form-control wpcf7-text wpcf7-validates-as-required\" aria-required=\"true\" aria-invalid=\"false\" placeholder=\"Imie i nazwisko*\" value=\"\" type=\"text\" name=\"text-173\" \/><\/span><span class=\"wpcf7-form-control-wrap\" data-name=\"email-273\"><input size=\"40\" maxlength=\"400\" class=\"wpcf7-form-control wpcf7-email wpcf7-validates-as-required wpcf7-text wpcf7-validates-as-email\" aria-required=\"true\" aria-invalid=\"false\" placeholder=\"E-mail*\" value=\"\" type=\"email\" name=\"email-273\" \/><\/span>\n\t<\/p>\n<\/div>\n<div class=\"form_subject\">\n\t<p><span class=\"wpcf7-form-control-wrap\" data-name=\"your-subject\"><input size=\"40\" maxlength=\"400\" class=\"wpcf7-form-control wpcf7-text\" aria-invalid=\"false\" placeholder=\"Temat\" value=\"\" type=\"text\" name=\"your-subject\" \/><\/span>\n\t<\/p>\n<\/div>\n<p><span class=\"wpcf7-form-control-wrap\" data-name=\"textarea-472\"><textarea cols=\"40\" rows=\"10\" maxlength=\"2000\" class=\"wpcf7-form-control wpcf7-textarea wpcf7-validates-as-required\" aria-required=\"true\" aria-invalid=\"false\" placeholder=\"Message\" name=\"textarea-472\"><\/textarea><\/span><br \/>\n<span class=\"wpcf7-form-control-wrap\" data-name=\"acceptance-381\"><span class=\"wpcf7-form-control wpcf7-acceptance\"><span class=\"wpcf7-list-item\"><label><input type=\"checkbox\" name=\"acceptance-381\" value=\"1\" aria-invalid=\"false\" \/><span class=\"wpcf7-list-item-label\">Wyra\u017cam zgod\u0119 na gromadzenie i przechowywanie moich danych adresowych na potrzeby tej korespondencji.<\/span><\/label><\/span><\/span><\/span>\n<\/p>\n<div class=\"form_button\">\n\t<p><input class=\"wpcf7-form-control wpcf7-submit has-spinner\" type=\"submit\" value=\"Wysy\u0142am\" \/>\n\t<\/p>\n<\/div><div class=\"wpcf7-response-output\" aria-hidden=\"true\"><\/div>\n<\/form>\n<\/div>\n<\/div><\/div><\/div><\/div>[\/vc_column][\/vc_row][vc_row][vc_column][\/vc_column][\/vc_row]<\/p>\n","protected":false},"excerpt":{"rendered":"<p>[vc_row][vc_column][\/vc_column][\/vc_row][vc_row][vc_column][\/vc_column][\/vc_row]<\/p>\n","protected":false},"author":990004,"featured_media":5701,"parent":0,"menu_order":0,"comment_status":"closed","ping_status":"closed","template":"","meta":{"footnotes":""},"class_list":["post-5699","page","type-page","status-publish","has-post-thumbnail","hentry"],"_links":{"self":[{"href":"https:\/\/koszur.net\/index.php\/wp-json\/wp\/v2\/pages\/5699","targetHints":{"allow":["GET"]}}],"collection":[{"href":"https:\/\/koszur.net\/index.php\/wp-json\/wp\/v2\/pages"}],"about":[{"href":"https:\/\/koszur.net\/index.php\/wp-json\/wp\/v2\/types\/page"}],"author":[{"embeddable":true,"href":"https:\/\/koszur.net\/index.php\/wp-json\/wp\/v2\/users\/990004"}],"replies":[{"embeddable":true,"href":"https:\/\/koszur.net\/index.php\/wp-json\/wp\/v2\/comments?post=5699"}],"version-history":[{"count":18,"href":"https:\/\/koszur.net\/index.php\/wp-json\/wp\/v2\/pages\/5699\/revisions"}],"predecessor-version":[{"id":7314,"href":"https:\/\/koszur.net\/index.php\/wp-json\/wp\/v2\/pages\/5699\/revisions\/7314"}],"wp:featuredmedia":[{"embeddable":true,"href":"https:\/\/koszur.net\/index.php\/wp-json\/wp\/v2\/media\/5701"}],"wp:attachment":[{"href":"https:\/\/koszur.net\/index.php\/wp-json\/wp\/v2\/media?parent=5699"}],"curies":[{"name":"wp","href":"https:\/\/api.w.org\/{rel}","templated":true}]}}