{"id":5457,"date":"2020-04-11T21:17:54","date_gmt":"2020-04-11T19:17:54","guid":{"rendered":"https:\/\/koszur.net\/?page_id=5457"},"modified":"2021-11-05T07:16:01","modified_gmt":"2021-11-05T06:16:01","slug":"przezyc-bajke","status":"publish","type":"page","link":"https:\/\/koszur.net\/index.php\/przezyc-bajke\/","title":{"rendered":"Prze\u017cy\u0107 bajk\u0119&#8230;"},"content":{"rendered":"<p>[vc_row][vc_column]<div class=\"sc_section\"><div class=\"sc_section_inner\"><div class=\"evc-image-gallery evc-shortcode evc-element-has-columns  evc-ig-grid-type evc-three-columns evc-normal-space  \">\n\t<div class=\"evc-ig-wrapper evc-element-wrapper\">\n\t\t\t\t\t<div class=\"evc-ig-image-item evc-element-item\">\n\t\t\t\t<div class=\"evc-ig-image evc-ib-lightbox\">\n\t\t\t\t\t\t\t\t\t\t\n\t\t\t\t\t\t\t\t\t\t\t<a class=\"evc-ig-lightbox\" href=\"https:\/\/koszur.net\/wp-content\/uploads\/2020\/04\/Iluzja-bez-granic-Morze-i-Ziemia14-20-pazdiernika-1987-Marek-Koszur-pseud-Marcin-Korecki-02.jpg\" data-lightbox=\"evc-ig-lb-1652\" data-title=\"Iluzja-bez-granic-Morze-i-Ziemia14-20-pazdiernika-1987-Marek-Koszur-pseud-Marcin-Korecki-02\">\n\t\t\t\t\t\t\t\t\t\t\n\t\t\t\t\t<img decoding=\"async\" width=\"1024\" height=\"808\" src=\"https:\/\/koszur.net\/wp-content\/uploads\/2020\/04\/Iluzja-bez-granic-Morze-i-Ziemia14-20-pazdiernika-1987-Marek-Koszur-pseud-Marcin-Korecki-02-1024x808.jpg\" class=\"attachment-large size-large\" alt=\"\" srcset=\"https:\/\/koszur.net\/wp-content\/uploads\/2020\/04\/Iluzja-bez-granic-Morze-i-Ziemia14-20-pazdiernika-1987-Marek-Koszur-pseud-Marcin-Korecki-02-1024x808.jpg 1024w, https:\/\/koszur.net\/wp-content\/uploads\/2020\/04\/Iluzja-bez-granic-Morze-i-Ziemia14-20-pazdiernika-1987-Marek-Koszur-pseud-Marcin-Korecki-02-650x513.jpg 650w, https:\/\/koszur.net\/wp-content\/uploads\/2020\/04\/Iluzja-bez-granic-Morze-i-Ziemia14-20-pazdiernika-1987-Marek-Koszur-pseud-Marcin-Korecki-02-300x237.jpg 300w, https:\/\/koszur.net\/wp-content\/uploads\/2020\/04\/Iluzja-bez-granic-Morze-i-Ziemia14-20-pazdiernika-1987-Marek-Koszur-pseud-Marcin-Korecki-02-768x606.jpg 768w, https:\/\/koszur.net\/wp-content\/uploads\/2020\/04\/Iluzja-bez-granic-Morze-i-Ziemia14-20-pazdiernika-1987-Marek-Koszur-pseud-Marcin-Korecki-02-1536x1212.jpg 1536w, https:\/\/koszur.net\/wp-content\/uploads\/2020\/04\/Iluzja-bez-granic-Morze-i-Ziemia14-20-pazdiernika-1987-Marek-Koszur-pseud-Marcin-Korecki-02.jpg 1600w\" sizes=\"(max-width: 1024px) 100vw, 1024px\" \/>\t\t\t\t\t\n\t\t\t\t\t\t\t\t\t\t\t<\/a>\n\t\t\t\t\t\t\t\t\t<\/div>\n\t\t\t<\/div>\n\t\t\t\t\t<div class=\"evc-ig-image-item evc-element-item\">\n\t\t\t\t<div class=\"evc-ig-image evc-ib-lightbox\">\n\t\t\t\t\t\t\t\t\t\t\n\t\t\t\t\t\t\t\t\t\t\t<a class=\"evc-ig-lightbox\" href=\"https:\/\/koszur.net\/wp-content\/uploads\/2020\/04\/Iluzja-bez-granic-Morze-i-Ziemia14-20-pazdiernika-1987-Marek-Koszur-pseud-Marcin-Korecki-01.jpg\" data-lightbox=\"evc-ig-lb-1652\" data-title=\"Iluzja-bez-granic-Morze-i-Ziemia14-20-pazdiernika-1987-Marek-Koszur-pseud-Marcin-Korecki-01\">\n\t\t\t\t\t\t\t\t\t\t\n\t\t\t\t\t<img decoding=\"async\" width=\"1024\" height=\"794\" src=\"https:\/\/koszur.net\/wp-content\/uploads\/2020\/04\/Iluzja-bez-granic-Morze-i-Ziemia14-20-pazdiernika-1987-Marek-Koszur-pseud-Marcin-Korecki-01-1024x794.jpg\" class=\"attachment-large size-large\" alt=\"\" srcset=\"https:\/\/koszur.net\/wp-content\/uploads\/2020\/04\/Iluzja-bez-granic-Morze-i-Ziemia14-20-pazdiernika-1987-Marek-Koszur-pseud-Marcin-Korecki-01-1024x794.jpg 1024w, https:\/\/koszur.net\/wp-content\/uploads\/2020\/04\/Iluzja-bez-granic-Morze-i-Ziemia14-20-pazdiernika-1987-Marek-Koszur-pseud-Marcin-Korecki-01-650x504.jpg 650w, https:\/\/koszur.net\/wp-content\/uploads\/2020\/04\/Iluzja-bez-granic-Morze-i-Ziemia14-20-pazdiernika-1987-Marek-Koszur-pseud-Marcin-Korecki-01-300x233.jpg 300w, https:\/\/koszur.net\/wp-content\/uploads\/2020\/04\/Iluzja-bez-granic-Morze-i-Ziemia14-20-pazdiernika-1987-Marek-Koszur-pseud-Marcin-Korecki-01-768x596.jpg 768w, https:\/\/koszur.net\/wp-content\/uploads\/2020\/04\/Iluzja-bez-granic-Morze-i-Ziemia14-20-pazdiernika-1987-Marek-Koszur-pseud-Marcin-Korecki-01-1536x1191.jpg 1536w, https:\/\/koszur.net\/wp-content\/uploads\/2020\/04\/Iluzja-bez-granic-Morze-i-Ziemia14-20-pazdiernika-1987-Marek-Koszur-pseud-Marcin-Korecki-01.jpg 1600w\" sizes=\"(max-width: 1024px) 100vw, 1024px\" \/>\t\t\t\t\t\n\t\t\t\t\t\t\t\t\t\t\t<\/a>\n\t\t\t\t\t\t\t\t\t<\/div>\n\t\t\t<\/div>\n\t\t\t<\/div>\n<\/div>\n<\/div><\/div>[\/vc_column][\/vc_row]<\/p>\n","protected":false},"excerpt":{"rendered":"<p>[vc_row][vc_column][\/vc_column][\/vc_row]<\/p>\n","protected":false},"author":990004,"featured_media":0,"parent":0,"menu_order":0,"comment_status":"closed","ping_status":"closed","template":"","meta":{"footnotes":""},"class_list":["post-5457","page","type-page","status-publish","hentry"],"yoast_head":"<!-- This site is optimized with the Yoast SEO plugin v27.4 - https:\/\/yoast.com\/product\/yoast-seo-wordpress\/ -->\n<title>Prze\u017cy\u0107 bajk\u0119... - Marek Koszur<\/title>\n<meta name=\"description\" content=\"Salvano z \u0141odzi, najbardziej znany iluzjonista z Polski. Przes\u0142anie, praca nad programami, wykorzystywanie wiedzy technicznej\" \/>\n<meta name=\"robots\" content=\"index, follow, max-snippet:-1, max-image-preview:large, max-video-preview:-1\" \/>\n<link rel=\"canonical\" href=\"https:\/\/koszur.net\/index.php\/przezyc-bajke\/\" \/>\n<meta property=\"og:locale\" content=\"pl_PL\" \/>\n<meta property=\"og:type\" content=\"article\" \/>\n<meta property=\"og:title\" content=\"Prze\u017cy\u0107 bajk\u0119... - Marek Koszur\" \/>\n<meta property=\"og:description\" content=\"Salvano z \u0141odzi, najbardziej znany iluzjonista z Polski. Przes\u0142anie, praca nad programami, wykorzystywanie wiedzy technicznej\" \/>\n<meta property=\"og:url\" content=\"https:\/\/koszur.net\/index.php\/przezyc-bajke\/\" \/>\n<meta property=\"og:site_name\" content=\"Marek Koszur\" \/>\n<meta property=\"article:modified_time\" content=\"2021-11-05T06:16:01+00:00\" \/>\n<meta name=\"twitter:card\" content=\"summary_large_image\" \/>\n<script type=\"application\/ld+json\" class=\"yoast-schema-graph\">{\"@context\":\"https:\\\/\\\/schema.org\",\"@graph\":[{\"@type\":\"WebPage\",\"@id\":\"https:\\\/\\\/koszur.net\\\/index.php\\\/przezyc-bajke\\\/\",\"url\":\"https:\\\/\\\/koszur.net\\\/index.php\\\/przezyc-bajke\\\/\",\"name\":\"Prze\u017cy\u0107 bajk\u0119... - Marek Koszur\",\"isPartOf\":{\"@id\":\"https:\\\/\\\/koszur.net\\\/#website\"},\"datePublished\":\"2020-04-11T19:17:54+00:00\",\"dateModified\":\"2021-11-05T06:16:01+00:00\",\"description\":\"Salvano z \u0141odzi, najbardziej znany iluzjonista z Polski. Przes\u0142anie, praca nad programami, wykorzystywanie wiedzy technicznej\",\"breadcrumb\":{\"@id\":\"https:\\\/\\\/koszur.net\\\/index.php\\\/przezyc-bajke\\\/#breadcrumb\"},\"inLanguage\":\"pl-PL\",\"potentialAction\":[{\"@type\":\"ReadAction\",\"target\":[\"https:\\\/\\\/koszur.net\\\/index.php\\\/przezyc-bajke\\\/\"]}]},{\"@type\":\"BreadcrumbList\",\"@id\":\"https:\\\/\\\/koszur.net\\\/index.php\\\/przezyc-bajke\\\/#breadcrumb\",\"itemListElement\":[{\"@type\":\"ListItem\",\"position\":1,\"name\":\"Strona g\u0142\u00f3wna\",\"item\":\"https:\\\/\\\/koszur.net\\\/\"},{\"@type\":\"ListItem\",\"position\":2,\"name\":\"Prze\u017cy\u0107 bajk\u0119&#8230;\"}]},{\"@type\":\"WebSite\",\"@id\":\"https:\\\/\\\/koszur.net\\\/#website\",\"url\":\"https:\\\/\\\/koszur.net\\\/\",\"name\":\"Marek Koszur\",\"description\":\"\",\"potentialAction\":[{\"@type\":\"SearchAction\",\"target\":{\"@type\":\"EntryPoint\",\"urlTemplate\":\"https:\\\/\\\/koszur.net\\\/?s={search_term_string}\"},\"query-input\":{\"@type\":\"PropertyValueSpecification\",\"valueRequired\":true,\"valueName\":\"search_term_string\"}}],\"inLanguage\":\"pl-PL\"}]}<\/script>\n<!-- \/ Yoast SEO plugin. -->","yoast_head_json":{"title":"Prze\u017cy\u0107 bajk\u0119... - Marek Koszur","description":"Salvano z \u0141odzi, najbardziej znany iluzjonista z Polski. Przes\u0142anie, praca nad programami, wykorzystywanie wiedzy technicznej","robots":{"index":"index","follow":"follow","max-snippet":"max-snippet:-1","max-image-preview":"max-image-preview:large","max-video-preview":"max-video-preview:-1"},"canonical":"https:\/\/koszur.net\/index.php\/przezyc-bajke\/","og_locale":"pl_PL","og_type":"article","og_title":"Prze\u017cy\u0107 bajk\u0119... - Marek Koszur","og_description":"Salvano z \u0141odzi, najbardziej znany iluzjonista z Polski. Przes\u0142anie, praca nad programami, wykorzystywanie wiedzy technicznej","og_url":"https:\/\/koszur.net\/index.php\/przezyc-bajke\/","og_site_name":"Marek Koszur","article_modified_time":"2021-11-05T06:16:01+00:00","twitter_card":"summary_large_image","schema":{"@context":"https:\/\/schema.org","@graph":[{"@type":"WebPage","@id":"https:\/\/koszur.net\/index.php\/przezyc-bajke\/","url":"https:\/\/koszur.net\/index.php\/przezyc-bajke\/","name":"Prze\u017cy\u0107 bajk\u0119... - Marek Koszur","isPartOf":{"@id":"https:\/\/koszur.net\/#website"},"datePublished":"2020-04-11T19:17:54+00:00","dateModified":"2021-11-05T06:16:01+00:00","description":"Salvano z \u0141odzi, najbardziej znany iluzjonista z Polski. Przes\u0142anie, praca nad programami, wykorzystywanie wiedzy technicznej","breadcrumb":{"@id":"https:\/\/koszur.net\/index.php\/przezyc-bajke\/#breadcrumb"},"inLanguage":"pl-PL","potentialAction":[{"@type":"ReadAction","target":["https:\/\/koszur.net\/index.php\/przezyc-bajke\/"]}]},{"@type":"BreadcrumbList","@id":"https:\/\/koszur.net\/index.php\/przezyc-bajke\/#breadcrumb","itemListElement":[{"@type":"ListItem","position":1,"name":"Strona g\u0142\u00f3wna","item":"https:\/\/koszur.net\/"},{"@type":"ListItem","position":2,"name":"Prze\u017cy\u0107 bajk\u0119&#8230;"}]},{"@type":"WebSite","@id":"https:\/\/koszur.net\/#website","url":"https:\/\/koszur.net\/","name":"Marek Koszur","description":"","potentialAction":[{"@type":"SearchAction","target":{"@type":"EntryPoint","urlTemplate":"https:\/\/koszur.net\/?s={search_term_string}"},"query-input":{"@type":"PropertyValueSpecification","valueRequired":true,"valueName":"search_term_string"}}],"inLanguage":"pl-PL"}]}},"_links":{"self":[{"href":"https:\/\/koszur.net\/index.php\/wp-json\/wp\/v2\/pages\/5457","targetHints":{"allow":["GET"]}}],"collection":[{"href":"https:\/\/koszur.net\/index.php\/wp-json\/wp\/v2\/pages"}],"about":[{"href":"https:\/\/koszur.net\/index.php\/wp-json\/wp\/v2\/types\/page"}],"author":[{"embeddable":true,"href":"https:\/\/koszur.net\/index.php\/wp-json\/wp\/v2\/users\/990004"}],"replies":[{"embeddable":true,"href":"https:\/\/koszur.net\/index.php\/wp-json\/wp\/v2\/comments?post=5457"}],"version-history":[{"count":3,"href":"https:\/\/koszur.net\/index.php\/wp-json\/wp\/v2\/pages\/5457\/revisions"}],"predecessor-version":[{"id":5461,"href":"https:\/\/koszur.net\/index.php\/wp-json\/wp\/v2\/pages\/5457\/revisions\/5461"}],"wp:attachment":[{"href":"https:\/\/koszur.net\/index.php\/wp-json\/wp\/v2\/media?parent=5457"}],"curies":[{"name":"wp","href":"https:\/\/api.w.org\/{rel}","templated":true}]}}