{"id":5012,"date":"2020-04-03T10:31:01","date_gmt":"2020-04-03T08:31:01","guid":{"rendered":"https:\/\/koszur.net\/?page_id=5012"},"modified":"2021-11-04T21:37:08","modified_gmt":"2021-11-04T20:37:08","slug":"jerzy-pertek","status":"publish","type":"page","link":"https:\/\/koszur.net\/index.php\/moje-morze\/ludzie-morza\/jerzy-pertek\/","title":{"rendered":"Jerzy Pertek"},"content":{"rendered":"<p>[vc_row][vc_column]<div class=\"sc_section\"><div class=\"sc_section_inner\">[vc_empty_space][vc_video link=&#8221;https:\/\/vimeo.com\/403626218&#8243;][vc_empty_space][vc_separator border_width=&#8221;3&#8243;][vc_empty_space]<\/div><\/div>[vc_column_text]Matejko&#8230; Polskiej Marynarki Wojennej.<\/p>\n<p>Rzadko kt\u00f3ry z moich rozm\u00f3wc\u00f3w, od pierwszej chwili, by\u0142 tak bezpo\u015bredni. Rozmawiali\u015bmy co prawda wcze\u015bniej telefonicznie. Pan Jerzy bra\u0142 udzia\u0142 w moich audycjach, udziela\u0142 wywiad\u00f3w i konsultacji przez telefon. Ale do spotkania nie dochodzi\u0142o.<\/p>\n<p>Pozna\u0144, Szczecin\u2026 niby blisko. Ale wybra\u0142em drog\u0119 przez\u2026 Gibraltar.<\/p>\n<p>Pyta\u0142em wszystkich historyk\u00f3w, publicyst\u00f3w, dow\u00f3dc\u00f3w MW, rozsypanych po ca\u0142ym \u015bwiecie, od Australii po Montreal. Co mog\u0142o znaczy\u0107 to jedno zdanie w pami\u0119tniku Leona Janowskiego: \u201e\u2026przewozimy agent\u00f3w i konfident\u00f3w\u2026\u201d.<\/p>\n<p>To ci\u0105gle ma\u0142o znana historia a z czasem pami\u0119\u0107 o niej b\u0119dzie nik\u0142a. Nie ma ju\u017c \u015bwiadk\u00f3w, ich relacje by\u0142y nader oszcz\u0119dne.<br \/>\n&#8211; Musi Pan wiedzie\u0107, \u017ce jak si\u0119 da\u0142o s\u0142owo, to bez wzgl\u0119du na czas, okoliczno\u015bci i miejsce s\u0142owa tego nie mo\u017cna z\u0142ama\u0107.<br \/>\n&#8211; Ale\u2026to tyle ju\u017c lat!<br \/>\n&#8211; Pan tego nie rozumie\u2026<br \/>\nMam nadziej\u0119, \u017ce niebawem opracuj\u0119 te materia\u0142y.<\/p>\n<p>Zdanie to przeczyta\u0142em przez telefon panu Jerzemu.<br \/>\n&#8211; S\u0142u\u017cba kutrowa\u2026<br \/>\nDwa dni p\u00f3\u017aniej wszed\u0142em do gabinetu pana Jerzego. W pozna\u0144skiej willi, w przestronnym pokoju parterowym, w\u015br\u00f3d wielu p\u00f3\u0142ek i rega\u0142\u00f3w, mi\u0119dzy kt\u00f3rymi zwinnie porusza\u0142 si\u0119 na w\u00f3zku, zagl\u0105dali\u015bmy do teczek, skoroszyt\u00f3w, brulion\u00f3w.<br \/>\nJa mia\u0142em to, czego dok\u0142adnie brakowa\u0142o panu Jerzemu. On \u2013 wszystko czego ja nie mia\u0142em. Um\u00f3wili\u015bmy si\u0119 na cykl publikacji na \u0142amach Ziemi i morza.<\/p>\n<p>Wr\u00f3c\u0119 do tej historii.<\/p>\n<p>W czasie tego spotkania w\u0142\u0105czy\u0142em magnetofon. Powsta\u0142 zapis, kt\u00f3rego najcelniejsze fragmenty zachowa\u0142y si\u0119 do dzi\u015b.[\/vc_column_text][vc_empty_space][vc_separator border_width=&#8221;3&#8243;][vc_empty_space]<div class=\"columns_wrap sc_columns columns_nofluid sc_columns_count_2\"><div class=\"column-1_2 sc_column_item sc_column_item_1 odd first\">[vc_empty_space][vc_column_text]<a href=\"https:\/\/koszur.net\/index.php\/album\/mit-stalowych-kolosow\/\"><article class=\"iron_widget_radio playlist_enabled\"><div class=\"iron-audioplayer  show-playlist sr_waveform_mediaElement\" id=\"arbitrary-instance-69df7989e695b-c2e0141b51\" data-id=\"arbitrary-instance-69df7989e695b\" data-albums=\"5026\"data-url-playlist=\"https:\/\/koszur.net\/?load=playlist.json&#038;title=&#038;albums=5026&#038;feed_title=&#038;feed=&#038;feed_img=&#038;el_widget_id=&#038;artwork=\" data-sticky-player=\"0\" data-shuffle=\"\" data-playlist_title=\"\" data-scrollbar=\"\" data-wave-color=\"\" data-wave-progress-color=\"\" data-no-wave=\"0\" data-hide-progressbar=\"\" data-feedurl=\"0\" data-notrackskip=\"\" data-playertype=\"\" data-playertemplate =\"skin_float_tracklist\" data-speedrate=\"1\" style=\"opacity:0;\"><div class=\"sonaar-grid\" ><div class=\"sonaar-Artwort-box\">\n                <div class=\"control\">\n                    \n                <\/div>\n                    <div class=\"album\">\n                        <div class=\"album-art\">\n                            <img alt=\"album-art\">\n                        <\/div>\n                    <\/div>\n                <\/div><div class=\"playlist\"><h3 class=\"sr_it-playlist-title\"><\/h3><div class=\"srp_subtitle\">Fragmenty rozmowy z Jerzym Pertkiem, jesie\u0144 1981 roku<\/div><div class=\"srp_tracklist\"><ul class\"\"><li \n            class=\"sr-playlist-item sr-playlist-item-flex\" \n            data-audiopath=\"https:\/\/koszur.net\/wp-content\/uploads\/2020\/04\/pertek_mixdown.mp3\"\n            data-showloading=\"1\"\n            data-albumTitle=\"Tak powsta\u0142y &#039;Wielkie dni ma\u0142ej floty&quot;\"\n            data-albumArt=\"https:\/\/koszur.net\/wp-content\/uploads\/2020\/04\/pertek01-1024x725.jpg\"\n            data-releasedate=\"Fragmenty rozmowy z Jerzym Pertkiem, jesie\u0144 1981 roku\"\n            data-date=\"3 kwietnia 2020\"\n            data-show-date=\"\"\n            data-trackTitle=\"Jerzy Pertek Autor: Marek Koszur\"\n            data-trackID=\"5025\"\n            data-trackTime=\"16:13\"\n            data-relatedTrack=\"\"\n            data-post-url=\"\"\n            ><span class=\"store-list\"><\/span><\/li><\/ul><\/div><\/div><\/div><div class=\"album-player\"><div class=\"track-title\"><\/div> <div class=\"player \" ><div class=\"sr_progressbar\">\n                \n            <div class=\"currentTime\"><\/div>\n         \n                <div id=\"arbitrary-instance-69df7989e695b-cbffaa5890-wave\" class=\"wave\" >\n                \n            <div class=\"sonaar_fake_wave\" style=\"height:70px\">\n                <audio src=\"\" class=\"sonaar_media_element\"><\/audio>\n                <div class=\"sonaar_wave_base\">\n                    <canvas id=arbitrary-instance-69df7989e695b-container class=\"\" height=\"70\" width=\"2540\"><\/canvas>\n                    <svg><\/svg>\n                <\/div>\n                <div class=\"sonaar_wave_cut\">\n                    <canvas id=arbitrary-instance-69df7989e695b-progress class=\"\" height=\"70\" width=\"2540\"><\/canvas>\n                    <svg><\/svg>\n                <\/div>\n            <\/div> \n                <\/div>\n                \n            <div class=\"totalTime\"><\/div>\n         \n             <\/div><div class=\"srp_main_control srp_oneColumn\"><div class=\"control\"><div class=\"play\" style=\"opacity:0;\">\n                <svg version=\"1.1\" xmlns=\"http:\/\/www.w3.org\/2000\/svg\" xmlns:xlink=\"http:\/\/www.w3.org\/1999\/xlink\" width=\"26\" height=\"31.47\" x=\"0px\" y=\"0px\" viewBox=\"0 0 17.5 21.2\" style=\"enable-background:new 0 0 17.5 21.2;\" xml:space=\"preserve\">\n                    <path d=\"M0,0l17.5,10.9L0,21.2V0z\"\/>\n                    <rect width=\"6\" height=\"21.2\"\/>\n                    <rect x=\"11.5\" width=\"6\" height=\"21.2\"\/>\n                <\/svg>\n            <\/div><\/div><div class=\"control\"><\/div><\/div><\/div><\/div><div class=\"album-store\"><\/div><\/div><\/article><\/a>[\/vc_column_text][vc_empty_space]<\/div><div class=\"column-1_2 sc_column_item sc_column_item_2 even\">[vc_gallery interval=&#8221;3&#8243; images=&#8221;5017,5018,5019,5020&#8243; img_size=&#8221;large&#8221; onclick=&#8221;img_link_large&#8221; custom_links_target=&#8221;_blank&#8221;][vc_empty_space][vc_column_text]A to morze w\u0142a\u015bnie, Autor: Marek Koszur, Morze i Ziemia, Kwartalnik Spo\u0142eczno-Kulturalny, Rok III, Nr 1, lipiec 1981[\/vc_column_text]<\/div><\/div>[\/vc_column][\/vc_row]<\/p>\n","protected":false},"excerpt":{"rendered":"<p>[vc_row][vc_column][vc_column_text]Matejko&#8230; Polskiej Marynarki Wojennej. Rzadko kt\u00f3ry z moich rozm\u00f3wc\u00f3w, od pierwszej chwili, by\u0142 tak bezpo\u015bredni. Rozmawiali\u015bmy co prawda wcze\u015bniej telefonicznie. Pan Jerzy bra\u0142 udzia\u0142 w moich audycjach, udziela\u0142 wywiad\u00f3w i konsultacji przez telefon. Ale do spotkania nie dochodzi\u0142o. Pozna\u0144, Szczecin\u2026 niby blisko. Ale wybra\u0142em drog\u0119 przez\u2026 Gibraltar. Pyta\u0142em wszystkich historyk\u00f3w, publicyst\u00f3w, dow\u00f3dc\u00f3w MW, rozsypanych po [&hellip;]<\/p>\n","protected":false},"author":990004,"featured_media":0,"parent":3156,"menu_order":0,"comment_status":"closed","ping_status":"closed","template":"","meta":{"footnotes":""},"class_list":["post-5012","page","type-page","status-publish","hentry"],"_links":{"self":[{"href":"https:\/\/koszur.net\/index.php\/wp-json\/wp\/v2\/pages\/5012","targetHints":{"allow":["GET"]}}],"collection":[{"href":"https:\/\/koszur.net\/index.php\/wp-json\/wp\/v2\/pages"}],"about":[{"href":"https:\/\/koszur.net\/index.php\/wp-json\/wp\/v2\/types\/page"}],"author":[{"embeddable":true,"href":"https:\/\/koszur.net\/index.php\/wp-json\/wp\/v2\/users\/990004"}],"replies":[{"embeddable":true,"href":"https:\/\/koszur.net\/index.php\/wp-json\/wp\/v2\/comments?post=5012"}],"version-history":[{"count":11,"href":"https:\/\/koszur.net\/index.php\/wp-json\/wp\/v2\/pages\/5012\/revisions"}],"predecessor-version":[{"id":5031,"href":"https:\/\/koszur.net\/index.php\/wp-json\/wp\/v2\/pages\/5012\/revisions\/5031"}],"up":[{"embeddable":true,"href":"https:\/\/koszur.net\/index.php\/wp-json\/wp\/v2\/pages\/3156"}],"wp:attachment":[{"href":"https:\/\/koszur.net\/index.php\/wp-json\/wp\/v2\/media?parent=5012"}],"curies":[{"name":"wp","href":"https:\/\/api.w.org\/{rel}","templated":true}]}}