{"id":50,"date":"2016-02-02T13:14:32","date_gmt":"2016-02-02T13:14:32","guid":{"rendered":"http:\/\/koszur.net\/?page_id=50"},"modified":"2020-04-18T20:41:25","modified_gmt":"2020-04-18T18:41:25","slug":"cobbles","status":"publish","type":"page","link":"https:\/\/koszur.net\/index.php\/cobbles\/","title":{"rendered":"Cobbles"},"content":{"rendered":"<p>[vc_row][vc_column]<div class=\"sc_line sc_line_position_center_center sc_line_style_solid margin_top_huge margin_bottom_medium\" style=\"border-top-style:solid;\"><span class=\"sc_line_title\" style=\"background-color:\">Tw\u00f3rcy i arty\u015bci<\/span><\/div>[\/vc_column][\/vc_row][vc_row full_width=&#8221;stretch_row_content_no_spaces&#8221; css=&#8221;.vc_custom_1455960572399{margin-top: 6em !important;background-color: #171717 !important;}&#8221;][vc_column]<div class=\"sc_content content_wrap\"><h3 class=\"sc_title sc_title_regular sc_align_center\" style=\"margin-top: 1.67em; margin-bottom: 0.1em;text-align:center;color:#ffffff;\"><span class=\"content-title\">Chcesz wiedzie\u0107, je\u015bli co\u015b nowego si\u0119 tutaj pojawi?<\/span><\/h3>[vc_column_text]<\/p>\n<p style=\"text-align: center; color: #898989;\">Wy\u015bl\u0119 Ci wiadomo\u015b\u0107!<\/p>\n<p>[\/vc_column_text]<div class=\"sc_emailer aligncenter sc_emailer_opened margin_bottom_large\" style=\"max-width: 570px; margin-top:2.5em;\"><form class=\"sc_emailer_form\"><div class=\"sc_emailer_content\"><input type=\"text\" class=\"sc_emailer_input\" name=\"email\" value=\"\" placeholder=\"Email Address\"><button class=\"sc_emailer_button icon-mail sc_button sc_button_square sc_button_style_filled sc_button_size_small  sc_button_iconed icon-right\" title=\"Submit\" data-group=\"E-mailer subscription\"  disabled=\"disabled\">Submit<\/button><\/div><div class=\"sc_form_field sc_form_field_checkbox\">\n                  <input type=\"checkbox\" id=\"i_agree_privacy_policy_sc_form_1\" name=\"i_agree_privacy_policy\" class=\"sc_form_privacy_checkbox\" value=\"1\">\n                  <label for=\"i_agree_privacy_policy_sc_form_1\">Wyra\u017cam zgod\u0119 na gromadzenie i przechowywanie moich danych adresowych w celu wysy\u0142ania tej wiadomo\u015bci. For further details on handling user data, see our <a href=\"https:\/\/koszur.net\/index.php\/polityka-cookies\/\" target=\"_blank\">Privacy Policy<\/a><\/label><\/div><\/form><\/div><\/div>[\/vc_column][\/vc_row]<\/p>\n","protected":false},"excerpt":{"rendered":"<p>[vc_row][vc_column][\/vc_column][\/vc_row][vc_row full_width=&#8221;stretch_row_content_no_spaces&#8221; css=&#8221;.vc_custom_1455960572399{margin-top: 6em !important;background-color: #171717 !important;}&#8221;][vc_column][\/vc_column][\/vc_row]<\/p>\n","protected":false},"author":990004,"featured_media":0,"parent":0,"menu_order":0,"comment_status":"closed","ping_status":"closed","template":"","meta":{"footnotes":""},"class_list":["post-50","page","type-page","status-publish","hentry"],"_links":{"self":[{"href":"https:\/\/koszur.net\/index.php\/wp-json\/wp\/v2\/pages\/50","targetHints":{"allow":["GET"]}}],"collection":[{"href":"https:\/\/koszur.net\/index.php\/wp-json\/wp\/v2\/pages"}],"about":[{"href":"https:\/\/koszur.net\/index.php\/wp-json\/wp\/v2\/types\/page"}],"author":[{"embeddable":true,"href":"https:\/\/koszur.net\/index.php\/wp-json\/wp\/v2\/users\/990004"}],"replies":[{"embeddable":true,"href":"https:\/\/koszur.net\/index.php\/wp-json\/wp\/v2\/comments?post=50"}],"version-history":[{"count":5,"href":"https:\/\/koszur.net\/index.php\/wp-json\/wp\/v2\/pages\/50\/revisions"}],"predecessor-version":[{"id":5668,"href":"https:\/\/koszur.net\/index.php\/wp-json\/wp\/v2\/pages\/50\/revisions\/5668"}],"wp:attachment":[{"href":"https:\/\/koszur.net\/index.php\/wp-json\/wp\/v2\/media?parent=50"}],"curies":[{"name":"wp","href":"https:\/\/api.w.org\/{rel}","templated":true}]}}