{"id":4967,"date":"2020-04-02T19:36:45","date_gmt":"2020-04-02T17:36:45","guid":{"rendered":"https:\/\/koszur.net\/?page_id=4967"},"modified":"2021-12-08T23:17:43","modified_gmt":"2021-12-08T22:17:43","slug":"nabiurnik","status":"publish","type":"page","link":"https:\/\/koszur.net\/index.php\/nabiurnik\/","title":{"rendered":"Nabiurnik"},"content":{"rendered":"<p>[vc_row][vc_column][vc_empty_space]<div class=\"sc_section\"><div class=\"sc_section_inner\">[vc_column_text]Dlaczego wszystkich tych papier\u00f3w, notatnik\u00f3w, lu\u017anych kartek ju\u017c dawno nie wyrzuci\u0142em? NIe wiem. Co\u015b je chroni\u0142o. Wyrzuci\u0142em setki ta\u015bm, tysi\u0105ce godzin nagra\u0144 zakazanych radiostacji, transmisji, relacji&#8230; KIedy postawi\u0142em na p\u00f3\u0142ce pierwszy odbiornik radia satelitarnego i pod\u0142\u0105czy\u0142em do\u0144 magnetofon DAT &#8211; szumi\u0105ce, pozrywane ta\u015bmy, modulowane i iskrz\u0105ce zak\u0142\u00f3ceniami zapisy przekaz\u00f3w na falach kr\u00f3tkich wyda\u0142y mi si\u0119 bezwarto\u015bciowym balastem.<\/p>\n<p>Dzi\u015b przyznaj\u0119 sobie za owo posuni\u0119cie rozpalony kamie\u0144 m\u0142y\u0144ski na lodowato zimnym \u0142a\u0144cuchu.<\/p>\n<p>Wiele z tych notes\u00f3w, wype\u0142nionych skr\u00f3towymi zapisami, niemal stenografi\u0105 &#8211; z trudem przywraca pami\u0119\u0107. Inne &#8211; wr\u0119cz wzbudzaj\u0105 mi\u0142e wspomnienia. Zanim wyl\u0105duj\u0105 na \u015bmietniku, mo\u017ce komu\u015b si\u0119 przydadz\u0105, co\u015b przypomn\u0105, od\u015bwie\u017c\u0105, zainspiruj\u0105&#8230;[\/vc_column_text][vc_empty_space]<\/div><\/div>[vc_separator border_width=&#8221;3&#8243;][vc_empty_space]<div id=\"sc_blogger_402727122\" class=\"sc_blogger layout_colored_2 template_portfolio  sc_blogger_vertical\"><h6 class=\"sc_blogger_subtitle sc_item_subtitle\">999 element\u00f3w, ale tego jednego brak<\/h6><h2 class=\"sc_blogger_title sc_item_title\">Rzeczy dobrze nie rozpocz\u0119te i niepewnie zako\u0144czone...<\/h2><div class=\"sc_blogger_descr sc_item_descr\">Palec pod budk\u0119, bo za minutk\u0119 budka si\u0119 zamyka i nie ma kluczyka. Kto nie zd\u0105\u017cy, ten nie gra!<\/div><div class=\"isotope_filters\"><\/div><div class=\"isotope_wrap\" data-columns=\"2\">\t\t\t<div class=\"isotope_item isotope_item_colored isotope_item_colored_2 isotope_column_2\t\t\t\t\t\t flt_145 flt_84\">\n\t\t\t\t<div class=\"post_item post_item_colored post_item_colored_2\t\t\t\t\tpost_format_standard odd\">\n\t\n\t\t\t\t\t<div class=\"post_content isotope_item_content\">\n\t\t\t\t\t\t\t\t\t\t\t\t<div class=\"post_featured img\">\n\t\t\t\t\t\t\t<a href=\"https:\/\/koszur.net\/index.php\/2020\/02\/18\/zwalniam-f-3\/\"><img decoding=\"async\" class=\"wp-post-image\" width=\"370\" height=\"370\" alt=\"Zwalniam: F-3\" src=\"https:\/\/koszur.net\/wp-content\/uploads\/2021\/12\/zwalniam_f_3-370x370.jpg\"><\/a>\t\t\t\t\t\t\t\t<h5 class=\"post_title\"><a href=\"https:\/\/koszur.net\/index.php\/2020\/02\/18\/zwalniam-f-3\/\">Zwalniam: F-3<\/a><\/h5>\n\t\t\t\t\t\t\t\t<div class=\"post_descr\">\n\t\t\t\t\t\t\t\t\t\t\t\t\t\t\t\t\t\t<div class=\"post_category\"><a href=\"https:\/\/koszur.net\/index.php\/category\/nabiurnik\/\">nabiurnik<\/a><\/div>\n\t\t\t\t\t\t\t\t\t\t\t\t\t\t\t\t\t<\/div>\n\t\t\t\t\t\t\t\t\t\t\t\t\t\t<\/div>\n\t\t\t\t\t\t\t\t\t\t\t<\/div>\t\t\t\t<!-- \/.post_content -->\n\t\t\t\t<\/div>\t<!-- \/.post_item -->\n\t\t\t<\/div>\t\t\t\t\t\t<!-- \/.isotope_item -->\n\t\t\t\t\t\t<div class=\"isotope_item isotope_item_colored isotope_item_colored_2 isotope_column_2\t\t\t\t\t\t flt_145 flt_84\">\n\t\t\t\t<div class=\"post_item post_item_colored post_item_colored_2\t\t\t\t\tpost_format_standard even\">\n\t\n\t\t\t\t\t<div class=\"post_content isotope_item_content\">\n\t\t\t\t\t\t\t\t\t\t\t\t<div class=\"post_featured img\">\n\t\t\t\t\t\t\t<a href=\"https:\/\/koszur.net\/index.php\/2020\/04\/02\/jwp-rzecznik\/\"><img decoding=\"async\" class=\"wp-post-image\" width=\"370\" height=\"370\" alt=\"JWP Rzecznik\" src=\"https:\/\/koszur.net\/wp-content\/uploads\/2020\/04\/JWP-rzecznik-370x370.jpg\"><\/a>\t\t\t\t\t\t\t\t<h5 class=\"post_title\"><a href=\"https:\/\/koszur.net\/index.php\/2020\/04\/02\/jwp-rzecznik\/\">JWP Rzecznik<\/a><\/h5>\n\t\t\t\t\t\t\t\t<div class=\"post_descr\">\n\t\t\t\t\t\t\t\t\t\t\t\t\t\t\t\t\t\t<div class=\"post_category\"><a href=\"https:\/\/koszur.net\/index.php\/category\/nabiurnik\/\">nabiurnik<\/a><\/div>\n\t\t\t\t\t\t\t\t\t\t\t\t\t\t\t\t\t<\/div>\n\t\t\t\t\t\t\t\t\t\t\t\t\t\t<\/div>\n\t\t\t\t\t\t\t\t\t\t\t<\/div>\t\t\t\t<!-- \/.post_content -->\n\t\t\t\t<\/div>\t<!-- \/.post_item -->\n\t\t\t<\/div>\t\t\t\t\t\t<!-- \/.isotope_item -->\n\t\t\t<\/div><\/div>[\/vc_column][\/vc_row]<\/p>\n","protected":false},"excerpt":{"rendered":"<p>[vc_row][vc_column][vc_empty_space][vc_separator border_width=&#8221;3&#8243;][vc_empty_space][\/vc_column][\/vc_row]<\/p>\n","protected":false},"author":990004,"featured_media":4978,"parent":0,"menu_order":0,"comment_status":"closed","ping_status":"closed","template":"","meta":{"footnotes":""},"class_list":["post-4967","page","type-page","status-publish","has-post-thumbnail","hentry"],"yoast_head":"<!-- This site is optimized with the Yoast SEO plugin v27.5 - https:\/\/yoast.com\/product\/yoast-seo-wordpress\/ -->\n<title>Nabiurnik - Marek Koszur<\/title>\n<meta name=\"description\" content=\"wszystko co wa\u017cne potrzebne, niezb\u0119dne i zawsze pomocne. stabilizatory naszej orientacji w czasie i pzrestrzeni. \u017byciowy \u017cyroskop\" \/>\n<meta name=\"robots\" content=\"index, follow, max-snippet:-1, max-image-preview:large, max-video-preview:-1\" \/>\n<link rel=\"canonical\" href=\"https:\/\/koszur.net\/index.php\/nabiurnik\/\" \/>\n<meta property=\"og:locale\" content=\"pl_PL\" \/>\n<meta property=\"og:type\" content=\"article\" \/>\n<meta property=\"og:title\" content=\"Nabiurnik - Marek Koszur\" \/>\n<meta property=\"og:description\" content=\"wszystko co wa\u017cne potrzebne, niezb\u0119dne i zawsze pomocne. stabilizatory naszej orientacji w czasie i pzrestrzeni. \u017byciowy \u017cyroskop\" \/>\n<meta property=\"og:url\" content=\"https:\/\/koszur.net\/index.php\/nabiurnik\/\" \/>\n<meta property=\"og:site_name\" content=\"Marek Koszur\" \/>\n<meta property=\"article:modified_time\" content=\"2021-12-08T22:17:43+00:00\" \/>\n<meta property=\"og:image\" content=\"https:\/\/koszur.net\/wp-content\/uploads\/2020\/04\/nabiurnik02.jpg\" \/>\n\t<meta property=\"og:image:width\" content=\"1240\" \/>\n\t<meta property=\"og:image:height\" content=\"704\" \/>\n\t<meta property=\"og:image:type\" content=\"image\/jpeg\" \/>\n<meta name=\"twitter:card\" content=\"summary_large_image\" \/>\n<meta name=\"twitter:label1\" content=\"Szacowany czas czytania\" \/>\n\t<meta name=\"twitter:data1\" content=\"1 minuta\" \/>\n<script type=\"application\/ld+json\" class=\"yoast-schema-graph\">{\"@context\":\"https:\\\/\\\/schema.org\",\"@graph\":[{\"@type\":\"WebPage\",\"@id\":\"https:\\\/\\\/koszur.net\\\/index.php\\\/nabiurnik\\\/\",\"url\":\"https:\\\/\\\/koszur.net\\\/index.php\\\/nabiurnik\\\/\",\"name\":\"Nabiurnik - Marek Koszur\",\"isPartOf\":{\"@id\":\"https:\\\/\\\/koszur.net\\\/#website\"},\"primaryImageOfPage\":{\"@id\":\"https:\\\/\\\/koszur.net\\\/index.php\\\/nabiurnik\\\/#primaryimage\"},\"image\":{\"@id\":\"https:\\\/\\\/koszur.net\\\/index.php\\\/nabiurnik\\\/#primaryimage\"},\"thumbnailUrl\":\"https:\\\/\\\/koszur.net\\\/wp-content\\\/uploads\\\/2020\\\/04\\\/nabiurnik02.jpg\",\"datePublished\":\"2020-04-02T17:36:45+00:00\",\"dateModified\":\"2021-12-08T22:17:43+00:00\",\"description\":\"wszystko co wa\u017cne potrzebne, niezb\u0119dne i zawsze pomocne. stabilizatory naszej orientacji w czasie i pzrestrzeni. \u017byciowy \u017cyroskop\",\"breadcrumb\":{\"@id\":\"https:\\\/\\\/koszur.net\\\/index.php\\\/nabiurnik\\\/#breadcrumb\"},\"inLanguage\":\"pl-PL\",\"potentialAction\":[{\"@type\":\"ReadAction\",\"target\":[\"https:\\\/\\\/koszur.net\\\/index.php\\\/nabiurnik\\\/\"]}]},{\"@type\":\"ImageObject\",\"inLanguage\":\"pl-PL\",\"@id\":\"https:\\\/\\\/koszur.net\\\/index.php\\\/nabiurnik\\\/#primaryimage\",\"url\":\"https:\\\/\\\/koszur.net\\\/wp-content\\\/uploads\\\/2020\\\/04\\\/nabiurnik02.jpg\",\"contentUrl\":\"https:\\\/\\\/koszur.net\\\/wp-content\\\/uploads\\\/2020\\\/04\\\/nabiurnik02.jpg\",\"width\":1240,\"height\":704,\"caption\":\"\u015awiat w kszta\u0142cie litery T\"},{\"@type\":\"BreadcrumbList\",\"@id\":\"https:\\\/\\\/koszur.net\\\/index.php\\\/nabiurnik\\\/#breadcrumb\",\"itemListElement\":[{\"@type\":\"ListItem\",\"position\":1,\"name\":\"Strona g\u0142\u00f3wna\",\"item\":\"https:\\\/\\\/koszur.net\\\/\"},{\"@type\":\"ListItem\",\"position\":2,\"name\":\"Nabiurnik\"}]},{\"@type\":\"WebSite\",\"@id\":\"https:\\\/\\\/koszur.net\\\/#website\",\"url\":\"https:\\\/\\\/koszur.net\\\/\",\"name\":\"Marek Koszur\",\"description\":\"\",\"potentialAction\":[{\"@type\":\"SearchAction\",\"target\":{\"@type\":\"EntryPoint\",\"urlTemplate\":\"https:\\\/\\\/koszur.net\\\/?s={search_term_string}\"},\"query-input\":{\"@type\":\"PropertyValueSpecification\",\"valueRequired\":true,\"valueName\":\"search_term_string\"}}],\"inLanguage\":\"pl-PL\"}]}<\/script>\n<!-- \/ Yoast SEO plugin. -->","yoast_head_json":{"title":"Nabiurnik - Marek Koszur","description":"wszystko co wa\u017cne potrzebne, niezb\u0119dne i zawsze pomocne. stabilizatory naszej orientacji w czasie i pzrestrzeni. \u017byciowy \u017cyroskop","robots":{"index":"index","follow":"follow","max-snippet":"max-snippet:-1","max-image-preview":"max-image-preview:large","max-video-preview":"max-video-preview:-1"},"canonical":"https:\/\/koszur.net\/index.php\/nabiurnik\/","og_locale":"pl_PL","og_type":"article","og_title":"Nabiurnik - Marek Koszur","og_description":"wszystko co wa\u017cne potrzebne, niezb\u0119dne i zawsze pomocne. stabilizatory naszej orientacji w czasie i pzrestrzeni. \u017byciowy \u017cyroskop","og_url":"https:\/\/koszur.net\/index.php\/nabiurnik\/","og_site_name":"Marek Koszur","article_modified_time":"2021-12-08T22:17:43+00:00","og_image":[{"width":1240,"height":704,"url":"https:\/\/koszur.net\/wp-content\/uploads\/2020\/04\/nabiurnik02.jpg","type":"image\/jpeg"}],"twitter_card":"summary_large_image","twitter_misc":{"Szacowany czas czytania":"1 minuta"},"schema":{"@context":"https:\/\/schema.org","@graph":[{"@type":"WebPage","@id":"https:\/\/koszur.net\/index.php\/nabiurnik\/","url":"https:\/\/koszur.net\/index.php\/nabiurnik\/","name":"Nabiurnik - Marek Koszur","isPartOf":{"@id":"https:\/\/koszur.net\/#website"},"primaryImageOfPage":{"@id":"https:\/\/koszur.net\/index.php\/nabiurnik\/#primaryimage"},"image":{"@id":"https:\/\/koszur.net\/index.php\/nabiurnik\/#primaryimage"},"thumbnailUrl":"https:\/\/koszur.net\/wp-content\/uploads\/2020\/04\/nabiurnik02.jpg","datePublished":"2020-04-02T17:36:45+00:00","dateModified":"2021-12-08T22:17:43+00:00","description":"wszystko co wa\u017cne potrzebne, niezb\u0119dne i zawsze pomocne. stabilizatory naszej orientacji w czasie i pzrestrzeni. \u017byciowy \u017cyroskop","breadcrumb":{"@id":"https:\/\/koszur.net\/index.php\/nabiurnik\/#breadcrumb"},"inLanguage":"pl-PL","potentialAction":[{"@type":"ReadAction","target":["https:\/\/koszur.net\/index.php\/nabiurnik\/"]}]},{"@type":"ImageObject","inLanguage":"pl-PL","@id":"https:\/\/koszur.net\/index.php\/nabiurnik\/#primaryimage","url":"https:\/\/koszur.net\/wp-content\/uploads\/2020\/04\/nabiurnik02.jpg","contentUrl":"https:\/\/koszur.net\/wp-content\/uploads\/2020\/04\/nabiurnik02.jpg","width":1240,"height":704,"caption":"\u015awiat w kszta\u0142cie litery T"},{"@type":"BreadcrumbList","@id":"https:\/\/koszur.net\/index.php\/nabiurnik\/#breadcrumb","itemListElement":[{"@type":"ListItem","position":1,"name":"Strona g\u0142\u00f3wna","item":"https:\/\/koszur.net\/"},{"@type":"ListItem","position":2,"name":"Nabiurnik"}]},{"@type":"WebSite","@id":"https:\/\/koszur.net\/#website","url":"https:\/\/koszur.net\/","name":"Marek Koszur","description":"","potentialAction":[{"@type":"SearchAction","target":{"@type":"EntryPoint","urlTemplate":"https:\/\/koszur.net\/?s={search_term_string}"},"query-input":{"@type":"PropertyValueSpecification","valueRequired":true,"valueName":"search_term_string"}}],"inLanguage":"pl-PL"}]}},"_links":{"self":[{"href":"https:\/\/koszur.net\/index.php\/wp-json\/wp\/v2\/pages\/4967","targetHints":{"allow":["GET"]}}],"collection":[{"href":"https:\/\/koszur.net\/index.php\/wp-json\/wp\/v2\/pages"}],"about":[{"href":"https:\/\/koszur.net\/index.php\/wp-json\/wp\/v2\/types\/page"}],"author":[{"embeddable":true,"href":"https:\/\/koszur.net\/index.php\/wp-json\/wp\/v2\/users\/990004"}],"replies":[{"embeddable":true,"href":"https:\/\/koszur.net\/index.php\/wp-json\/wp\/v2\/comments?post=4967"}],"version-history":[{"count":13,"href":"https:\/\/koszur.net\/index.php\/wp-json\/wp\/v2\/pages\/4967\/revisions"}],"predecessor-version":[{"id":7680,"href":"https:\/\/koszur.net\/index.php\/wp-json\/wp\/v2\/pages\/4967\/revisions\/7680"}],"wp:featuredmedia":[{"embeddable":true,"href":"https:\/\/koszur.net\/index.php\/wp-json\/wp\/v2\/media\/4978"}],"wp:attachment":[{"href":"https:\/\/koszur.net\/index.php\/wp-json\/wp\/v2\/media?parent=4967"}],"curies":[{"name":"wp","href":"https:\/\/api.w.org\/{rel}","templated":true}]}}