{"id":4846,"date":"2020-03-29T21:48:52","date_gmt":"2020-03-29T19:48:52","guid":{"rendered":"https:\/\/koszur.net\/?page_id=4846"},"modified":"2021-11-04T21:53:10","modified_gmt":"2021-11-04T20:53:10","slug":"akcesoria","status":"publish","type":"page","link":"https:\/\/koszur.net\/index.php\/muzyka\/akcesoria\/","title":{"rendered":"Akcesoria"},"content":{"rendered":"<p>[vc_row][vc_column]<div class=\"sc_section\"><div class=\"sc_section_inner\"><div class=\"evc-blog-list evc-shortcode evc-element-has-columns  evc-bl-standard  evc-three-columns evc-normal-space  \" data-options=\"{&quot;module&quot;:&quot;shortcodes&quot;,&quot;shortcode_name&quot;:&quot;blog-list&quot;,&quot;post_type&quot;:&quot;post&quot;,&quot;next_page&quot;:&quot;2&quot;,&quot;max_pages_num&quot;:1,&quot;type&quot;:&quot;standard&quot;,&quot;number_of_posts&quot;:&quot;3&quot;,&quot;number_of_columns&quot;:&quot;three&quot;,&quot;space_between_items&quot;:&quot;normal&quot;,&quot;category&quot;:&quot;akcesoria&quot;,&quot;orderby&quot;:&quot;date&quot;,&quot;order&quot;:&quot;ASC&quot;,&quot;image_proportions&quot;:&quot;full&quot;,&quot;title_tag&quot;:&quot;h3&quot;,&quot;enable_excerpt&quot;:&quot;yes&quot;,&quot;excerpt_length&quot;:&quot;250&quot;,&quot;enable_category&quot;:&quot;yes&quot;,&quot;enable_author&quot;:&quot;yes&quot;,&quot;enable_date&quot;:&quot;yes&quot;,&quot;button_text&quot;:&quot;Load More&quot;}\">\n\t<div class=\"evc-bl-wrapper evc-element-wrapper\">\n\t\t<div class=\"evc-bl-item evc-element-item\">\n\t<div class=\"evc-bli-inner\">\n\t\t\t<div class=\"evc-bli-image evc-ib-zoom\">\n\t\t<a href=\"https:\/\/koszur.net\/index.php\/2020\/02\/18\/zamiast-kota\/\"><img decoding=\"async\" width=\"830\" height=\"572\" src=\"https:\/\/koszur.net\/wp-content\/uploads\/2019\/01\/Network_05.jpg\" class=\"attachment-full size-full wp-post-image\" alt=\"ZAMIAST KOTA...\" srcset=\"https:\/\/koszur.net\/wp-content\/uploads\/2019\/01\/Network_05.jpg 830w, https:\/\/koszur.net\/wp-content\/uploads\/2019\/01\/Network_05-650x448.jpg 650w, https:\/\/koszur.net\/wp-content\/uploads\/2019\/01\/Network_05-300x207.jpg 300w, https:\/\/koszur.net\/wp-content\/uploads\/2019\/01\/Network_05-768x529.jpg 768w\" sizes=\"(max-width: 830px) 100vw, 830px\" \/><\/a>\n\t<\/div>\n\t\t<div class=\"evc-bli-content\">\n\t\t\t<div class=\"evc-bli-post-info evc-bli-post-info-top\">\n\t\t\t\t\t<div class=\"evc-bli-category\"><a href=\"https:\/\/koszur.net\/index.php\/category\/akcesoria\/\" rel=\"category tag\">Akcesoria<\/a><\/div>\n\t\t\t\t\t<div class=\"evc-bli-date entry-date published updated\">\n\t\t<a href=\"https:\/\/koszur.net\/index.php\/02\/2020\/\">18 lutego 2020<\/a>\n\t<\/div>\n\t\t\t<\/div>\n\t\t\t<h3 class=\"evc-bli-title entry-title\"><a href=\"https:\/\/koszur.net\/index.php\/2020\/02\/18\/zamiast-kota\/\">Zamiast kota&#8230;<\/a><\/h3>\t\t\t\t<p class=\"evc-bli-excerpt\">ZAMIAST KOTA&#8230; Na taras mojego domu prowadz\u0105 dwie drogi. Obie \u2013 proste, jak z bicza strzeli\u0142. Pierwsza, przez drzwi wej\u015bciowe \u2013 i dalej, naoko\u0142o \u015bwiata. Druga w kierunku dok\u0142adnie przeciwnym.\u00a0Pozornie kr\u00f3tsza. Polski audiofil zawsze <\/p>\n\t\t\t<div class=\"evc-bli-post-info evc-bli-post-info-bottom\">\n\t\t\t\t\t<div class=\"evc-bli-author\">\n\t\t<a class=\"evc-bli-author-link\" href=\"https:\/\/koszur.net\/index.php\/author\/marekk\/\">\n\t\t\t<span class=\"evc-bli-author-label\">by<\/span>\n\t\t\t<span class=\"evc-bli-author-name\">Marek Koszur<\/span>\n\t\t<\/a>\n\t<\/div>\n\t\t\t<\/div>\n\t\t<\/div>\n\t<\/div>\n<\/div><div class=\"evc-bl-item evc-element-item\">\n\t<div class=\"evc-bli-inner\">\n\t\t\t<div class=\"evc-bli-image evc-ib-zoom\">\n\t\t<a href=\"https:\/\/koszur.net\/index.php\/2020\/02\/18\/concept-black-czarny-diament\/\"><img decoding=\"async\" width=\"700\" height=\"394\" src=\"https:\/\/koszur.net\/wp-content\/uploads\/2020\/02\/concept_bl03.jpeg\" class=\"attachment-full size-full wp-post-image\" alt=\"Clearaudio concept black\" srcset=\"https:\/\/koszur.net\/wp-content\/uploads\/2020\/02\/concept_bl03.jpeg 700w, https:\/\/koszur.net\/wp-content\/uploads\/2020\/02\/concept_bl03-300x169.jpeg 300w, https:\/\/koszur.net\/wp-content\/uploads\/2020\/02\/concept_bl03-650x366.jpeg 650w\" sizes=\"(max-width: 700px) 100vw, 700px\" \/><\/a>\n\t<\/div>\n\t\t<div class=\"evc-bli-content\">\n\t\t\t<div class=\"evc-bli-post-info evc-bli-post-info-top\">\n\t\t\t\t\t<div class=\"evc-bli-category\"><a href=\"https:\/\/koszur.net\/index.php\/category\/akcesoria\/\" rel=\"category tag\">Akcesoria<\/a>, <a href=\"https:\/\/koszur.net\/index.php\/category\/post\/\" rel=\"category tag\">Post<\/a><\/div>\n\t\t\t\t\t<div class=\"evc-bli-date entry-date published updated\">\n\t\t<a href=\"https:\/\/koszur.net\/index.php\/02\/2020\/\">18 lutego 2020<\/a>\n\t<\/div>\n\t\t\t<\/div>\n\t\t\t<h3 class=\"evc-bli-title entry-title\"><a href=\"https:\/\/koszur.net\/index.php\/2020\/02\/18\/concept-black-czarny-diament\/\">concept black &#8211; czarny diament<\/a><\/h3>\t\t\t\t<p class=\"evc-bli-excerpt\">Historia zna dziesi\u0105tki przyk\u0142ad\u00f3w na to, \u017ce Forma potrafi uszlachetni\u0107, uwznio\u015bli\u0107, odmieni\u0107 kszta\u0142t Tre\u015bci. Nie, nie idzie o to, \u017ce 2+2 na r\u00f3\u017cowej kartce daje inny wynik, ni\u017ali to samo dzia\u0142anie zapisane na nadmorskim piasku. Idzie o<\/p>\n\t\t\t<div class=\"evc-bli-post-info evc-bli-post-info-bottom\">\n\t\t\t\t\t<div class=\"evc-bli-author\">\n\t\t<a class=\"evc-bli-author-link\" href=\"https:\/\/koszur.net\/index.php\/author\/marekk\/\">\n\t\t\t<span class=\"evc-bli-author-label\">by<\/span>\n\t\t\t<span class=\"evc-bli-author-name\">Marek Koszur<\/span>\n\t\t<\/a>\n\t<\/div>\n\t\t\t<\/div>\n\t\t<\/div>\n\t<\/div>\n<\/div>\t<\/div>\n\t<\/div><\/div><\/div>[\/vc_column][\/vc_row]<\/p>\n","protected":false},"excerpt":{"rendered":"<p>[vc_row][vc_column][\/vc_column][\/vc_row]<\/p>\n","protected":false},"author":990004,"featured_media":0,"parent":4685,"menu_order":0,"comment_status":"closed","ping_status":"closed","template":"","meta":{"footnotes":""},"class_list":["post-4846","page","type-page","status-publish","hentry"],"yoast_head":"<!-- This site is optimized with the Yoast SEO plugin v27.4 - https:\/\/yoast.com\/product\/yoast-seo-wordpress\/ -->\n<title>Akcesoria - Marek Koszur<\/title>\n<meta name=\"description\" content=\"nieodzowne pomocne przydatne elementy ka\u017cdego toru ods\u0142uchowego. wzbogacenie walor\u00f3w brzmieniowych i poprawno\u015bci reprodukcji muzyki\" \/>\n<meta name=\"robots\" content=\"index, follow, max-snippet:-1, max-image-preview:large, max-video-preview:-1\" \/>\n<link rel=\"canonical\" href=\"https:\/\/koszur.net\/index.php\/muzyka\/akcesoria\/\" \/>\n<meta property=\"og:locale\" content=\"pl_PL\" \/>\n<meta property=\"og:type\" content=\"article\" \/>\n<meta property=\"og:title\" content=\"Akcesoria - Marek Koszur\" \/>\n<meta property=\"og:description\" content=\"nieodzowne pomocne przydatne elementy ka\u017cdego toru ods\u0142uchowego. wzbogacenie walor\u00f3w brzmieniowych i poprawno\u015bci reprodukcji muzyki\" \/>\n<meta property=\"og:url\" content=\"https:\/\/koszur.net\/index.php\/muzyka\/akcesoria\/\" \/>\n<meta property=\"og:site_name\" content=\"Marek Koszur\" \/>\n<meta property=\"article:modified_time\" content=\"2021-11-04T20:53:10+00:00\" \/>\n<meta name=\"twitter:card\" content=\"summary_large_image\" \/>\n<script type=\"application\/ld+json\" class=\"yoast-schema-graph\">{\"@context\":\"https:\\\/\\\/schema.org\",\"@graph\":[{\"@type\":\"WebPage\",\"@id\":\"https:\\\/\\\/koszur.net\\\/index.php\\\/muzyka\\\/akcesoria\\\/\",\"url\":\"https:\\\/\\\/koszur.net\\\/index.php\\\/muzyka\\\/akcesoria\\\/\",\"name\":\"Akcesoria - Marek Koszur\",\"isPartOf\":{\"@id\":\"https:\\\/\\\/koszur.net\\\/#website\"},\"datePublished\":\"2020-03-29T19:48:52+00:00\",\"dateModified\":\"2021-11-04T20:53:10+00:00\",\"description\":\"nieodzowne pomocne przydatne elementy ka\u017cdego toru ods\u0142uchowego. wzbogacenie walor\u00f3w brzmieniowych i poprawno\u015bci reprodukcji muzyki\",\"breadcrumb\":{\"@id\":\"https:\\\/\\\/koszur.net\\\/index.php\\\/muzyka\\\/akcesoria\\\/#breadcrumb\"},\"inLanguage\":\"pl-PL\",\"potentialAction\":[{\"@type\":\"ReadAction\",\"target\":[\"https:\\\/\\\/koszur.net\\\/index.php\\\/muzyka\\\/akcesoria\\\/\"]}]},{\"@type\":\"BreadcrumbList\",\"@id\":\"https:\\\/\\\/koszur.net\\\/index.php\\\/muzyka\\\/akcesoria\\\/#breadcrumb\",\"itemListElement\":[{\"@type\":\"ListItem\",\"position\":1,\"name\":\"Strona g\u0142\u00f3wna\",\"item\":\"https:\\\/\\\/koszur.net\\\/\"},{\"@type\":\"ListItem\",\"position\":2,\"name\":\"Muzyka\",\"item\":\"https:\\\/\\\/koszur.net\\\/index.php\\\/muzyka\\\/\"},{\"@type\":\"ListItem\",\"position\":3,\"name\":\"Akcesoria\"}]},{\"@type\":\"WebSite\",\"@id\":\"https:\\\/\\\/koszur.net\\\/#website\",\"url\":\"https:\\\/\\\/koszur.net\\\/\",\"name\":\"Marek Koszur\",\"description\":\"\",\"potentialAction\":[{\"@type\":\"SearchAction\",\"target\":{\"@type\":\"EntryPoint\",\"urlTemplate\":\"https:\\\/\\\/koszur.net\\\/?s={search_term_string}\"},\"query-input\":{\"@type\":\"PropertyValueSpecification\",\"valueRequired\":true,\"valueName\":\"search_term_string\"}}],\"inLanguage\":\"pl-PL\"}]}<\/script>\n<!-- \/ Yoast SEO plugin. -->","yoast_head_json":{"title":"Akcesoria - Marek Koszur","description":"nieodzowne pomocne przydatne elementy ka\u017cdego toru ods\u0142uchowego. wzbogacenie walor\u00f3w brzmieniowych i poprawno\u015bci reprodukcji muzyki","robots":{"index":"index","follow":"follow","max-snippet":"max-snippet:-1","max-image-preview":"max-image-preview:large","max-video-preview":"max-video-preview:-1"},"canonical":"https:\/\/koszur.net\/index.php\/muzyka\/akcesoria\/","og_locale":"pl_PL","og_type":"article","og_title":"Akcesoria - Marek Koszur","og_description":"nieodzowne pomocne przydatne elementy ka\u017cdego toru ods\u0142uchowego. wzbogacenie walor\u00f3w brzmieniowych i poprawno\u015bci reprodukcji muzyki","og_url":"https:\/\/koszur.net\/index.php\/muzyka\/akcesoria\/","og_site_name":"Marek Koszur","article_modified_time":"2021-11-04T20:53:10+00:00","twitter_card":"summary_large_image","schema":{"@context":"https:\/\/schema.org","@graph":[{"@type":"WebPage","@id":"https:\/\/koszur.net\/index.php\/muzyka\/akcesoria\/","url":"https:\/\/koszur.net\/index.php\/muzyka\/akcesoria\/","name":"Akcesoria - Marek Koszur","isPartOf":{"@id":"https:\/\/koszur.net\/#website"},"datePublished":"2020-03-29T19:48:52+00:00","dateModified":"2021-11-04T20:53:10+00:00","description":"nieodzowne pomocne przydatne elementy ka\u017cdego toru ods\u0142uchowego. wzbogacenie walor\u00f3w brzmieniowych i poprawno\u015bci reprodukcji muzyki","breadcrumb":{"@id":"https:\/\/koszur.net\/index.php\/muzyka\/akcesoria\/#breadcrumb"},"inLanguage":"pl-PL","potentialAction":[{"@type":"ReadAction","target":["https:\/\/koszur.net\/index.php\/muzyka\/akcesoria\/"]}]},{"@type":"BreadcrumbList","@id":"https:\/\/koszur.net\/index.php\/muzyka\/akcesoria\/#breadcrumb","itemListElement":[{"@type":"ListItem","position":1,"name":"Strona g\u0142\u00f3wna","item":"https:\/\/koszur.net\/"},{"@type":"ListItem","position":2,"name":"Muzyka","item":"https:\/\/koszur.net\/index.php\/muzyka\/"},{"@type":"ListItem","position":3,"name":"Akcesoria"}]},{"@type":"WebSite","@id":"https:\/\/koszur.net\/#website","url":"https:\/\/koszur.net\/","name":"Marek Koszur","description":"","potentialAction":[{"@type":"SearchAction","target":{"@type":"EntryPoint","urlTemplate":"https:\/\/koszur.net\/?s={search_term_string}"},"query-input":{"@type":"PropertyValueSpecification","valueRequired":true,"valueName":"search_term_string"}}],"inLanguage":"pl-PL"}]}},"_links":{"self":[{"href":"https:\/\/koszur.net\/index.php\/wp-json\/wp\/v2\/pages\/4846","targetHints":{"allow":["GET"]}}],"collection":[{"href":"https:\/\/koszur.net\/index.php\/wp-json\/wp\/v2\/pages"}],"about":[{"href":"https:\/\/koszur.net\/index.php\/wp-json\/wp\/v2\/types\/page"}],"author":[{"embeddable":true,"href":"https:\/\/koszur.net\/index.php\/wp-json\/wp\/v2\/users\/990004"}],"replies":[{"embeddable":true,"href":"https:\/\/koszur.net\/index.php\/wp-json\/wp\/v2\/comments?post=4846"}],"version-history":[{"count":3,"href":"https:\/\/koszur.net\/index.php\/wp-json\/wp\/v2\/pages\/4846\/revisions"}],"predecessor-version":[{"id":4851,"href":"https:\/\/koszur.net\/index.php\/wp-json\/wp\/v2\/pages\/4846\/revisions\/4851"}],"up":[{"embeddable":true,"href":"https:\/\/koszur.net\/index.php\/wp-json\/wp\/v2\/pages\/4685"}],"wp:attachment":[{"href":"https:\/\/koszur.net\/index.php\/wp-json\/wp\/v2\/media?parent=4846"}],"curies":[{"name":"wp","href":"https:\/\/api.w.org\/{rel}","templated":true}]}}