{"id":4838,"date":"2020-03-29T21:32:21","date_gmt":"2020-03-29T19:32:21","guid":{"rendered":"https:\/\/koszur.net\/?page_id=4838"},"modified":"2021-11-04T21:57:22","modified_gmt":"2021-11-04T20:57:22","slug":"nagrania","status":"publish","type":"page","link":"https:\/\/koszur.net\/index.php\/muzyka\/nagrania\/","title":{"rendered":"Nagrania"},"content":{"rendered":"<p>[vc_row][vc_column]<div class=\"sc_section\"><div class=\"sc_section_inner\"><div class=\"evc-blog-list evc-shortcode evc-element-has-columns  evc-bl-standard  evc-three-columns evc-normal-space evc-has-pagination evc-load-more \" data-options=\"{&quot;module&quot;:&quot;shortcodes&quot;,&quot;shortcode_name&quot;:&quot;blog-list&quot;,&quot;post_type&quot;:&quot;post&quot;,&quot;next_page&quot;:&quot;2&quot;,&quot;max_pages_num&quot;:1,&quot;type&quot;:&quot;standard&quot;,&quot;number_of_posts&quot;:&quot;9&quot;,&quot;number_of_columns&quot;:&quot;three&quot;,&quot;space_between_items&quot;:&quot;normal&quot;,&quot;category&quot;:&quot;nagrania&quot;,&quot;orderby&quot;:&quot;date&quot;,&quot;order&quot;:&quot;ASC&quot;,&quot;pagination_type&quot;:&quot;load-more&quot;,&quot;image_proportions&quot;:&quot;full&quot;,&quot;title_tag&quot;:&quot;h3&quot;,&quot;enable_excerpt&quot;:&quot;yes&quot;,&quot;excerpt_length&quot;:&quot;250&quot;,&quot;enable_category&quot;:&quot;yes&quot;,&quot;enable_author&quot;:&quot;yes&quot;,&quot;enable_date&quot;:&quot;yes&quot;,&quot;button_text&quot;:&quot;Load More&quot;}\">\n\t<div class=\"evc-bl-wrapper evc-element-wrapper\">\n\t\t<div class=\"evc-bl-item evc-element-item\">\n\t<div class=\"evc-bli-inner\">\n\t\t\t<div class=\"evc-bli-image evc-ib-zoom\">\n\t\t<a href=\"https:\/\/koszur.net\/index.php\/2020\/02\/18\/chasing-the-dragon-audiophile-recordings\/\"><img decoding=\"async\" width=\"700\" height=\"712\" src=\"https:\/\/koszur.net\/wp-content\/uploads\/2020\/02\/dragon.jpeg\" class=\"attachment-full size-full wp-post-image\" alt=\"chasing the dragon\" srcset=\"https:\/\/koszur.net\/wp-content\/uploads\/2020\/02\/dragon.jpeg 700w, https:\/\/koszur.net\/wp-content\/uploads\/2020\/02\/dragon-650x661.jpeg 650w, https:\/\/koszur.net\/wp-content\/uploads\/2020\/02\/dragon-295x300.jpeg 295w\" sizes=\"(max-width: 700px) 100vw, 700px\" \/><\/a>\n\t<\/div>\n\t\t<div class=\"evc-bli-content\">\n\t\t\t<div class=\"evc-bli-post-info evc-bli-post-info-top\">\n\t\t\t\t\t<div class=\"evc-bli-category\"><a href=\"https:\/\/koszur.net\/index.php\/category\/nagrania\/\" rel=\"category tag\">Nagrania<\/a>, <a href=\"https:\/\/koszur.net\/index.php\/category\/za-kulisa-muzyki\/\" rel=\"category tag\">za kulis\u0105 muzyki<\/a><\/div>\n\t\t\t\t\t<div class=\"evc-bli-date entry-date published updated\">\n\t\t<a href=\"https:\/\/koszur.net\/index.php\/02\/2020\/\">18 lutego 2020<\/a>\n\t<\/div>\n\t\t\t<\/div>\n\t\t\t<h3 class=\"evc-bli-title entry-title\"><a href=\"https:\/\/koszur.net\/index.php\/2020\/02\/18\/chasing-the-dragon-audiophile-recordings\/\">Chasing the Dragon Audiophile Recordings<\/a><\/h3>\t\t\t\t<p class=\"evc-bli-excerpt\">No i&#8230; do najnowszego kr\u0105\u017cownika szos, przyspawa\u0142 ch\u0142op dyszel, zaprz\u0105g\u0142 dwa konie, siad\u0142 na masce auta i krzykn\u0105\u0142: &#8211; Wio! Wiatr zerwa\u0142 czapk\u0119 z g\u0142owy, resztki spod ko\u0144skiego ogona rozp\u0142aszczy\u0142y si\u0119 na ch\u0142opskim czole, ale<\/p>\n\t\t\t<div class=\"evc-bli-post-info evc-bli-post-info-bottom\">\n\t\t\t\t\t<div class=\"evc-bli-author\">\n\t\t<a class=\"evc-bli-author-link\" href=\"https:\/\/koszur.net\/index.php\/author\/marekk\/\">\n\t\t\t<span class=\"evc-bli-author-label\">by<\/span>\n\t\t\t<span class=\"evc-bli-author-name\">Marek Koszur<\/span>\n\t\t<\/a>\n\t<\/div>\n\t\t\t<\/div>\n\t\t<\/div>\n\t<\/div>\n<\/div>\t<\/div>\n\t\t<div class=\"evc-bl-pagination evc-pagination-holder\">\n\t\t<div class=\"evc-pagination-spinner evc-abs\">\n\t\t\t<div class=\"evc-ps-bounce-1\"><\/div>\n\t\t\t<div class=\"evc-ps-bounce-2\"><\/div>\n\t\t\t<div class=\"evc-ps-bounce-3\"><\/div>\n\t\t<\/div>\n\t\t<a class=\"evc-button evc-shortcode evc-load-more-button evc-btn-solid evc-btn-normal \"   >\n\t\t<span class=\"evc-btn-text\">Load More<\/span>\n<\/a>\n\t<\/div>\n<\/div><\/div><\/div>[\/vc_column][\/vc_row]<\/p>\n","protected":false},"excerpt":{"rendered":"<p>[vc_row][vc_column][\/vc_column][\/vc_row]<\/p>\n","protected":false},"author":990004,"featured_media":0,"parent":4685,"menu_order":0,"comment_status":"closed","ping_status":"closed","template":"","meta":{"footnotes":""},"class_list":["post-4838","page","type-page","status-publish","hentry"],"yoast_head":"<!-- This site is optimized with the Yoast SEO plugin v27.5 - https:\/\/yoast.com\/product\/yoast-seo-wordpress\/ -->\n<title>Nagrania - Marek Koszur<\/title>\n<meta name=\"description\" content=\"nagrania i wykonania o szczeg\u00f3lnych walorach artystycznych i brzmieniowych. efekt rzetelno\u015bci i uczciwo\u015bci realizator\u00f3w\" \/>\n<meta name=\"robots\" content=\"index, follow, max-snippet:-1, max-image-preview:large, max-video-preview:-1\" \/>\n<link rel=\"canonical\" href=\"https:\/\/koszur.net\/index.php\/muzyka\/nagrania\/\" \/>\n<meta property=\"og:locale\" content=\"pl_PL\" \/>\n<meta property=\"og:type\" content=\"article\" \/>\n<meta property=\"og:title\" content=\"Nagrania - Marek Koszur\" \/>\n<meta property=\"og:description\" content=\"nagrania i wykonania o szczeg\u00f3lnych walorach artystycznych i brzmieniowych. efekt rzetelno\u015bci i uczciwo\u015bci realizator\u00f3w\" \/>\n<meta property=\"og:url\" content=\"https:\/\/koszur.net\/index.php\/muzyka\/nagrania\/\" \/>\n<meta property=\"og:site_name\" content=\"Marek Koszur\" \/>\n<meta property=\"article:modified_time\" content=\"2021-11-04T20:57:22+00:00\" \/>\n<meta name=\"twitter:card\" content=\"summary_large_image\" \/>\n<script type=\"application\/ld+json\" class=\"yoast-schema-graph\">{\"@context\":\"https:\\\/\\\/schema.org\",\"@graph\":[{\"@type\":\"WebPage\",\"@id\":\"https:\\\/\\\/koszur.net\\\/index.php\\\/muzyka\\\/nagrania\\\/\",\"url\":\"https:\\\/\\\/koszur.net\\\/index.php\\\/muzyka\\\/nagrania\\\/\",\"name\":\"Nagrania - Marek Koszur\",\"isPartOf\":{\"@id\":\"https:\\\/\\\/koszur.net\\\/#website\"},\"datePublished\":\"2020-03-29T19:32:21+00:00\",\"dateModified\":\"2021-11-04T20:57:22+00:00\",\"description\":\"nagrania i wykonania o szczeg\u00f3lnych walorach artystycznych i brzmieniowych. efekt rzetelno\u015bci i uczciwo\u015bci realizator\u00f3w\",\"breadcrumb\":{\"@id\":\"https:\\\/\\\/koszur.net\\\/index.php\\\/muzyka\\\/nagrania\\\/#breadcrumb\"},\"inLanguage\":\"pl-PL\",\"potentialAction\":[{\"@type\":\"ReadAction\",\"target\":[\"https:\\\/\\\/koszur.net\\\/index.php\\\/muzyka\\\/nagrania\\\/\"]}]},{\"@type\":\"BreadcrumbList\",\"@id\":\"https:\\\/\\\/koszur.net\\\/index.php\\\/muzyka\\\/nagrania\\\/#breadcrumb\",\"itemListElement\":[{\"@type\":\"ListItem\",\"position\":1,\"name\":\"Strona g\u0142\u00f3wna\",\"item\":\"https:\\\/\\\/koszur.net\\\/\"},{\"@type\":\"ListItem\",\"position\":2,\"name\":\"Muzyka\",\"item\":\"https:\\\/\\\/koszur.net\\\/index.php\\\/muzyka\\\/\"},{\"@type\":\"ListItem\",\"position\":3,\"name\":\"Nagrania\"}]},{\"@type\":\"WebSite\",\"@id\":\"https:\\\/\\\/koszur.net\\\/#website\",\"url\":\"https:\\\/\\\/koszur.net\\\/\",\"name\":\"Marek Koszur\",\"description\":\"\",\"potentialAction\":[{\"@type\":\"SearchAction\",\"target\":{\"@type\":\"EntryPoint\",\"urlTemplate\":\"https:\\\/\\\/koszur.net\\\/?s={search_term_string}\"},\"query-input\":{\"@type\":\"PropertyValueSpecification\",\"valueRequired\":true,\"valueName\":\"search_term_string\"}}],\"inLanguage\":\"pl-PL\"}]}<\/script>\n<!-- \/ Yoast SEO plugin. -->","yoast_head_json":{"title":"Nagrania - Marek Koszur","description":"nagrania i wykonania o szczeg\u00f3lnych walorach artystycznych i brzmieniowych. efekt rzetelno\u015bci i uczciwo\u015bci realizator\u00f3w","robots":{"index":"index","follow":"follow","max-snippet":"max-snippet:-1","max-image-preview":"max-image-preview:large","max-video-preview":"max-video-preview:-1"},"canonical":"https:\/\/koszur.net\/index.php\/muzyka\/nagrania\/","og_locale":"pl_PL","og_type":"article","og_title":"Nagrania - Marek Koszur","og_description":"nagrania i wykonania o szczeg\u00f3lnych walorach artystycznych i brzmieniowych. efekt rzetelno\u015bci i uczciwo\u015bci realizator\u00f3w","og_url":"https:\/\/koszur.net\/index.php\/muzyka\/nagrania\/","og_site_name":"Marek Koszur","article_modified_time":"2021-11-04T20:57:22+00:00","twitter_card":"summary_large_image","schema":{"@context":"https:\/\/schema.org","@graph":[{"@type":"WebPage","@id":"https:\/\/koszur.net\/index.php\/muzyka\/nagrania\/","url":"https:\/\/koszur.net\/index.php\/muzyka\/nagrania\/","name":"Nagrania - Marek Koszur","isPartOf":{"@id":"https:\/\/koszur.net\/#website"},"datePublished":"2020-03-29T19:32:21+00:00","dateModified":"2021-11-04T20:57:22+00:00","description":"nagrania i wykonania o szczeg\u00f3lnych walorach artystycznych i brzmieniowych. efekt rzetelno\u015bci i uczciwo\u015bci realizator\u00f3w","breadcrumb":{"@id":"https:\/\/koszur.net\/index.php\/muzyka\/nagrania\/#breadcrumb"},"inLanguage":"pl-PL","potentialAction":[{"@type":"ReadAction","target":["https:\/\/koszur.net\/index.php\/muzyka\/nagrania\/"]}]},{"@type":"BreadcrumbList","@id":"https:\/\/koszur.net\/index.php\/muzyka\/nagrania\/#breadcrumb","itemListElement":[{"@type":"ListItem","position":1,"name":"Strona g\u0142\u00f3wna","item":"https:\/\/koszur.net\/"},{"@type":"ListItem","position":2,"name":"Muzyka","item":"https:\/\/koszur.net\/index.php\/muzyka\/"},{"@type":"ListItem","position":3,"name":"Nagrania"}]},{"@type":"WebSite","@id":"https:\/\/koszur.net\/#website","url":"https:\/\/koszur.net\/","name":"Marek Koszur","description":"","potentialAction":[{"@type":"SearchAction","target":{"@type":"EntryPoint","urlTemplate":"https:\/\/koszur.net\/?s={search_term_string}"},"query-input":{"@type":"PropertyValueSpecification","valueRequired":true,"valueName":"search_term_string"}}],"inLanguage":"pl-PL"}]}},"_links":{"self":[{"href":"https:\/\/koszur.net\/index.php\/wp-json\/wp\/v2\/pages\/4838","targetHints":{"allow":["GET"]}}],"collection":[{"href":"https:\/\/koszur.net\/index.php\/wp-json\/wp\/v2\/pages"}],"about":[{"href":"https:\/\/koszur.net\/index.php\/wp-json\/wp\/v2\/types\/page"}],"author":[{"embeddable":true,"href":"https:\/\/koszur.net\/index.php\/wp-json\/wp\/v2\/users\/990004"}],"replies":[{"embeddable":true,"href":"https:\/\/koszur.net\/index.php\/wp-json\/wp\/v2\/comments?post=4838"}],"version-history":[{"count":6,"href":"https:\/\/koszur.net\/index.php\/wp-json\/wp\/v2\/pages\/4838\/revisions"}],"predecessor-version":[{"id":7298,"href":"https:\/\/koszur.net\/index.php\/wp-json\/wp\/v2\/pages\/4838\/revisions\/7298"}],"up":[{"embeddable":true,"href":"https:\/\/koszur.net\/index.php\/wp-json\/wp\/v2\/pages\/4685"}],"wp:attachment":[{"href":"https:\/\/koszur.net\/index.php\/wp-json\/wp\/v2\/media?parent=4838"}],"curies":[{"name":"wp","href":"https:\/\/api.w.org\/{rel}","templated":true}]}}