{"id":4827,"date":"2020-03-29T18:42:52","date_gmt":"2020-03-29T16:42:52","guid":{"rendered":"https:\/\/koszur.net\/?page_id=4827"},"modified":"2021-11-05T17:00:23","modified_gmt":"2021-11-05T16:00:23","slug":"witaminy","status":"publish","type":"page","link":"https:\/\/koszur.net\/index.php\/witaminy\/","title":{"rendered":"witaMiny"},"content":{"rendered":"<p>[vc_row][vc_column]<div class=\"sc_section\"><div class=\"sc_section_inner\"><div class=\"evc-blog-list evc-shortcode evc-element-has-columns  evc-bl-standard evc-bl-layout-date-on-image evc-three-columns evc-normal-space evc-has-pagination evc-load-more evc-bl-skin-light\" data-options=\"{&quot;module&quot;:&quot;shortcodes&quot;,&quot;shortcode_name&quot;:&quot;blog-list&quot;,&quot;post_type&quot;:&quot;post&quot;,&quot;next_page&quot;:&quot;2&quot;,&quot;max_pages_num&quot;:1,&quot;type&quot;:&quot;standard&quot;,&quot;layout_collections&quot;:&quot;date-on-image&quot;,&quot;number_of_posts&quot;:&quot;3&quot;,&quot;number_of_columns&quot;:&quot;three&quot;,&quot;space_between_items&quot;:&quot;normal&quot;,&quot;category&quot;:&quot;witaminy&quot;,&quot;orderby&quot;:&quot;date&quot;,&quot;order&quot;:&quot;ASC&quot;,&quot;pagination_type&quot;:&quot;load-more&quot;,&quot;skin&quot;:&quot;light&quot;,&quot;image_proportions&quot;:&quot;full&quot;,&quot;title_tag&quot;:&quot;h3&quot;,&quot;enable_excerpt&quot;:&quot;yes&quot;,&quot;excerpt_length&quot;:&quot;250&quot;,&quot;enable_category&quot;:&quot;yes&quot;,&quot;enable_author&quot;:&quot;yes&quot;,&quot;enable_date&quot;:&quot;yes&quot;,&quot;button_text&quot;:&quot;wi\\u0119cej...&quot;,&quot;button_type&quot;:&quot;solid&quot;,&quot;button_size&quot;:&quot;large&quot;}\">\n\t<div class=\"evc-bl-wrapper evc-element-wrapper\">\n\t\t<div class=\"evc-bl-item evc-element-item\">\n\t<div class=\"evc-bli-inner\">\n\t\t\t<div class=\"evc-bli-image evc-ib-zoom\">\n\t\t<a href=\"https:\/\/koszur.net\/index.php\/2020\/02\/18\/zlata-ulicka\/\">\n\t\t\t<img decoding=\"async\" width=\"1240\" height=\"930\" src=\"https:\/\/koszur.net\/wp-content\/uploads\/2019\/11\/witaminy_zlata_uliczka.jpg\" class=\"attachment-full size-full wp-post-image\" alt=\"Ferdinand Engelm\u00fcller\" srcset=\"https:\/\/koszur.net\/wp-content\/uploads\/2019\/11\/witaminy_zlata_uliczka.jpg 1240w, https:\/\/koszur.net\/wp-content\/uploads\/2019\/11\/witaminy_zlata_uliczka-650x488.jpg 650w, https:\/\/koszur.net\/wp-content\/uploads\/2019\/11\/witaminy_zlata_uliczka-300x225.jpg 300w, https:\/\/koszur.net\/wp-content\/uploads\/2019\/11\/witaminy_zlata_uliczka-1024x768.jpg 1024w, https:\/\/koszur.net\/wp-content\/uploads\/2019\/11\/witaminy_zlata_uliczka-768x576.jpg 768w\" sizes=\"(max-width: 1240px) 100vw, 1240px\" \/>\t\t\t\t<div class=\"evc-bli-date evc-bli-date-on-image entry-date published updated\">\n\t\t<span class=\"evc-bli-date-day\">18<\/span>\n\t\t<span class=\"evc-bli-date-month\">lut<\/span>\n\t<\/div>\n\t\t<\/a>\n\t<\/div>\n\t\t<div class=\"evc-bli-content\">\n\t\t\t<h3 class=\"evc-bli-title entry-title\"><a href=\"https:\/\/koszur.net\/index.php\/2020\/02\/18\/zlata-ulicka\/\">Zlata Ulicka<\/a><\/h3>\t\t\t\t<p class=\"evc-bli-excerpt\">Zlata Ulicka Praski Disneyland&#8230; Tak mo\u017cna s\u0105dzi\u0107, czytaj\u0105c przewodniki, prospekty, relacje. W istocie &#8211; niemal cele wi\u0119zienne, klatki, nory, dziuple. Bo czy\u017c mo\u017cna niekt\u00f3re z tych domk\u00f3w nazwa\u0107 mieszkaniami? Mo\u017ce z dopiskiem &amp;#<\/p>\n\t\t\t<div class=\"evc-bli-post-info evc-bli-post-info-bottom\">\n\t\t\t\t\t<div class=\"evc-bli-author\">\n\t\t<a class=\"evc-bli-author-link\" href=\"https:\/\/koszur.net\/index.php\/author\/marekk\/\">\n\t\t\t<span class=\"evc-bli-author-label\">by<\/span>\n\t\t\t<span class=\"evc-bli-author-name\">Marek Koszur<\/span>\n\t\t<\/a>\n\t<\/div>\n\t\t\t\t\t<div class=\"evc-bli-category\"><a href=\"https:\/\/koszur.net\/index.php\/category\/witaminy\/\" rel=\"category tag\">witaminy<\/a><\/div>\n\t\t\t<\/div>\n\t\t<\/div>\n\t<\/div>\n<\/div><div class=\"evc-bl-item evc-element-item\">\n\t<div class=\"evc-bli-inner\">\n\t\t\t<div class=\"evc-bli-image evc-ib-zoom\">\n\t\t<a href=\"https:\/\/koszur.net\/index.php\/2020\/02\/18\/skrzydla-w-cieniu\/\">\n\t\t\t<img decoding=\"async\" width=\"1240\" height=\"800\" src=\"https:\/\/koszur.net\/wp-content\/uploads\/2019\/11\/test_smuga.jpg\" class=\"attachment-full size-full wp-post-image\" alt=\"\" srcset=\"https:\/\/koszur.net\/wp-content\/uploads\/2019\/11\/test_smuga.jpg 1240w, https:\/\/koszur.net\/wp-content\/uploads\/2019\/11\/test_smuga-650x419.jpg 650w, https:\/\/koszur.net\/wp-content\/uploads\/2019\/11\/test_smuga-300x194.jpg 300w, https:\/\/koszur.net\/wp-content\/uploads\/2019\/11\/test_smuga-1024x661.jpg 1024w, https:\/\/koszur.net\/wp-content\/uploads\/2019\/11\/test_smuga-768x495.jpg 768w\" sizes=\"(max-width: 1240px) 100vw, 1240px\" \/>\t\t\t\t<div class=\"evc-bli-date evc-bli-date-on-image entry-date published updated\">\n\t\t<span class=\"evc-bli-date-day\">18<\/span>\n\t\t<span class=\"evc-bli-date-month\">lut<\/span>\n\t<\/div>\n\t\t<\/a>\n\t<\/div>\n\t\t<div class=\"evc-bli-content\">\n\t\t\t<h3 class=\"evc-bli-title entry-title\"><a href=\"https:\/\/koszur.net\/index.php\/2020\/02\/18\/skrzydla-w-cieniu\/\">Skrzyd\u0142a w cieniu<\/a><\/h3>\t\t\t\t<p class=\"evc-bli-excerpt\">Wszystko musi mie\u0107 swoj\u0105 ciemn\u0105 stron\u0119. Tak\u017ce skrzyd\u0142a. Ptak nigdy nie wzniesie si\u0119 tak wysoko, by s\u0142o\u0144ce ujrza\u0142o t\u0119 cz\u0119\u015b\u0107 skrzyd\u0142a, kt\u00f3ra odrywa nas od ziemi. T\u0119 wa\u017cniejsz\u0105 cz\u0119\u015b\u0107 skrzyd\u0142a.<\/p>\n\t\t\t<div class=\"evc-bli-post-info evc-bli-post-info-bottom\">\n\t\t\t\t\t<div class=\"evc-bli-author\">\n\t\t<a class=\"evc-bli-author-link\" href=\"https:\/\/koszur.net\/index.php\/author\/marekk\/\">\n\t\t\t<span class=\"evc-bli-author-label\">by<\/span>\n\t\t\t<span class=\"evc-bli-author-name\">Marek Koszur<\/span>\n\t\t<\/a>\n\t<\/div>\n\t\t\t\t\t<div class=\"evc-bli-category\"><a href=\"https:\/\/koszur.net\/index.php\/category\/witaminy\/\" rel=\"category tag\">witaminy<\/a><\/div>\n\t\t\t<\/div>\n\t\t<\/div>\n\t<\/div>\n<\/div>\t<\/div>\n\t\t<div class=\"evc-bl-pagination evc-pagination-holder\">\n\t\t<div class=\"evc-pagination-spinner evc-abs\">\n\t\t\t<div class=\"evc-ps-bounce-1\"><\/div>\n\t\t\t<div class=\"evc-ps-bounce-2\"><\/div>\n\t\t\t<div class=\"evc-ps-bounce-3\"><\/div>\n\t\t<\/div>\n\t\t<a class=\"evc-button evc-shortcode evc-load-more-button evc-btn-solid evc-btn-large \"   >\n\t\t<span class=\"evc-btn-text\">wi\u0119cej...<\/span>\n<\/a>\n\t<\/div>\n<\/div><\/div><\/div>[vc_empty_space][vc_text_separator title=&#8221;witaMina Twojej wyobra\u017ani to&#8230;&#8221; i_icon_fontawesome=&#8221;fa fa-eye&#8221; border_width=&#8221;3&#8243; add_icon=&#8221;true&#8221;][vc_empty_space]\n<div class=\"wpcf7 no-js\" id=\"wpcf7-f7212-o1\" lang=\"pl-PL\" dir=\"ltr\" data-wpcf7-id=\"7212\">\n<div class=\"screen-reader-response\"><p role=\"status\" aria-live=\"polite\" aria-atomic=\"true\"><\/p> <ul><\/ul><\/div>\n<form action=\"\/index.php\/wp-json\/wp\/v2\/pages\/4827#wpcf7-f7212-o1\" method=\"post\" class=\"wpcf7-form init\" aria-label=\"Formularz kontaktowy\" novalidate=\"novalidate\" data-status=\"init\">\n<fieldset class=\"hidden-fields-container\"><input type=\"hidden\" name=\"_wpcf7\" value=\"7212\" \/><input type=\"hidden\" name=\"_wpcf7_version\" value=\"6.1.5\" \/><input type=\"hidden\" name=\"_wpcf7_locale\" value=\"pl_PL\" \/><input type=\"hidden\" name=\"_wpcf7_unit_tag\" value=\"wpcf7-f7212-o1\" \/><input type=\"hidden\" name=\"_wpcf7_container_post\" value=\"0\" \/><input type=\"hidden\" name=\"_wpcf7_posted_data_hash\" value=\"\" \/><input type=\"hidden\" name=\"_wpcf7_recaptcha_response\" value=\"\" \/>\n<\/fieldset>\n<div class=\"form_info\">\n\t<p><span class=\"wpcf7-form-control-wrap\" data-name=\"text-173\"><input size=\"40\" maxlength=\"400\" class=\"wpcf7-form-control wpcf7-text wpcf7-validates-as-required\" aria-required=\"true\" aria-invalid=\"false\" placeholder=\"Imie i nazwisko*\" value=\"\" type=\"text\" name=\"text-173\" \/><\/span><span class=\"wpcf7-form-control-wrap\" data-name=\"email-273\"><input size=\"40\" maxlength=\"400\" class=\"wpcf7-form-control wpcf7-email wpcf7-validates-as-required wpcf7-text wpcf7-validates-as-email\" aria-required=\"true\" aria-invalid=\"false\" placeholder=\"E-mail*\" value=\"\" type=\"email\" name=\"email-273\" \/><\/span>\n\t<\/p>\n<\/div>\n<div class=\"form_subject\">\n\t<p><span class=\"wpcf7-form-control-wrap\" data-name=\"your-subject\"><input size=\"40\" maxlength=\"400\" class=\"wpcf7-form-control wpcf7-text\" aria-invalid=\"false\" placeholder=\"Temat\" value=\"\" type=\"text\" name=\"your-subject\" \/><\/span>\n\t<\/p>\n<\/div>\n<p><span class=\"wpcf7-form-control-wrap\" data-name=\"textarea-472\"><textarea cols=\"40\" rows=\"10\" maxlength=\"2000\" class=\"wpcf7-form-control wpcf7-textarea wpcf7-validates-as-required\" aria-required=\"true\" aria-invalid=\"false\" placeholder=\"Message\" name=\"textarea-472\"><\/textarea><\/span><br \/>\n<span class=\"wpcf7-form-control-wrap\" data-name=\"acceptance-381\"><span class=\"wpcf7-form-control wpcf7-acceptance\"><span class=\"wpcf7-list-item\"><label><input type=\"checkbox\" name=\"acceptance-381\" value=\"1\" aria-invalid=\"false\" \/><span class=\"wpcf7-list-item-label\">Wyra\u017cam zgod\u0119 na gromadzenie i przechowywanie moich danych adresowych na potrzeby tej korespondencji.<\/span><\/label><\/span><\/span><\/span>\n<\/p>\n<div class=\"form_button\">\n\t<p><input class=\"wpcf7-form-control wpcf7-submit has-spinner\" type=\"submit\" value=\"Wysy\u0142am\" \/>\n\t<\/p>\n<\/div><div class=\"wpcf7-response-output\" aria-hidden=\"true\"><\/div>\n<\/form>\n<\/div>\n[\/vc_column][\/vc_row]<\/p>\n","protected":false},"excerpt":{"rendered":"<p>[vc_row][vc_column][vc_empty_space][vc_text_separator title=&#8221;witaMina Twojej wyobra\u017ani to&#8230;&#8221; i_icon_fontawesome=&#8221;fa fa-eye&#8221; border_width=&#8221;3&#8243; add_icon=&#8221;true&#8221;][vc_empty_space][\/vc_column][\/vc_row]<\/p>\n","protected":false},"author":990004,"featured_media":0,"parent":0,"menu_order":0,"comment_status":"closed","ping_status":"closed","template":"","meta":{"footnotes":""},"class_list":["post-4827","page","type-page","status-publish","hentry"],"yoast_head":"<!-- This site is optimized with the Yoast SEO plugin v27.5 - https:\/\/yoast.com\/product\/yoast-seo-wordpress\/ -->\n<title>witaMiny - Marek Koszur<\/title>\n<meta name=\"description\" content=\"proste pytania, trudne zestawienia, nieoczywiste zwi\u0105zki - nic nie pobudza nas tak jak nierutynowe sytuacje\" \/>\n<meta name=\"robots\" content=\"index, follow, max-snippet:-1, max-image-preview:large, max-video-preview:-1\" \/>\n<link rel=\"canonical\" href=\"https:\/\/koszur.net\/index.php\/witaminy\/\" \/>\n<meta property=\"og:locale\" content=\"pl_PL\" \/>\n<meta property=\"og:type\" content=\"article\" \/>\n<meta property=\"og:title\" content=\"witaMiny - Marek Koszur\" \/>\n<meta property=\"og:description\" content=\"proste pytania, trudne zestawienia, nieoczywiste zwi\u0105zki - nic nie pobudza nas tak jak nierutynowe sytuacje\" \/>\n<meta property=\"og:url\" content=\"https:\/\/koszur.net\/index.php\/witaminy\/\" \/>\n<meta property=\"og:site_name\" content=\"Marek Koszur\" \/>\n<meta property=\"article:modified_time\" content=\"2021-11-05T16:00:23+00:00\" \/>\n<meta name=\"twitter:card\" content=\"summary_large_image\" \/>\n<meta name=\"twitter:label1\" content=\"Szacowany czas czytania\" \/>\n\t<meta name=\"twitter:data1\" content=\"1 minuta\" \/>\n<script type=\"application\/ld+json\" class=\"yoast-schema-graph\">{\"@context\":\"https:\\\/\\\/schema.org\",\"@graph\":[{\"@type\":\"WebPage\",\"@id\":\"https:\\\/\\\/koszur.net\\\/index.php\\\/witaminy\\\/\",\"url\":\"https:\\\/\\\/koszur.net\\\/index.php\\\/witaminy\\\/\",\"name\":\"witaMiny - Marek Koszur\",\"isPartOf\":{\"@id\":\"https:\\\/\\\/koszur.net\\\/#website\"},\"datePublished\":\"2020-03-29T16:42:52+00:00\",\"dateModified\":\"2021-11-05T16:00:23+00:00\",\"description\":\"proste pytania, trudne zestawienia, nieoczywiste zwi\u0105zki - nic nie pobudza nas tak jak nierutynowe sytuacje\",\"breadcrumb\":{\"@id\":\"https:\\\/\\\/koszur.net\\\/index.php\\\/witaminy\\\/#breadcrumb\"},\"inLanguage\":\"pl-PL\",\"potentialAction\":[{\"@type\":\"ReadAction\",\"target\":[\"https:\\\/\\\/koszur.net\\\/index.php\\\/witaminy\\\/\"]}]},{\"@type\":\"BreadcrumbList\",\"@id\":\"https:\\\/\\\/koszur.net\\\/index.php\\\/witaminy\\\/#breadcrumb\",\"itemListElement\":[{\"@type\":\"ListItem\",\"position\":1,\"name\":\"Strona g\u0142\u00f3wna\",\"item\":\"https:\\\/\\\/koszur.net\\\/\"},{\"@type\":\"ListItem\",\"position\":2,\"name\":\"witaMiny\"}]},{\"@type\":\"WebSite\",\"@id\":\"https:\\\/\\\/koszur.net\\\/#website\",\"url\":\"https:\\\/\\\/koszur.net\\\/\",\"name\":\"Marek Koszur\",\"description\":\"\",\"potentialAction\":[{\"@type\":\"SearchAction\",\"target\":{\"@type\":\"EntryPoint\",\"urlTemplate\":\"https:\\\/\\\/koszur.net\\\/?s={search_term_string}\"},\"query-input\":{\"@type\":\"PropertyValueSpecification\",\"valueRequired\":true,\"valueName\":\"search_term_string\"}}],\"inLanguage\":\"pl-PL\"}]}<\/script>\n<!-- \/ Yoast SEO plugin. -->","yoast_head_json":{"title":"witaMiny - Marek Koszur","description":"proste pytania, trudne zestawienia, nieoczywiste zwi\u0105zki - nic nie pobudza nas tak jak nierutynowe sytuacje","robots":{"index":"index","follow":"follow","max-snippet":"max-snippet:-1","max-image-preview":"max-image-preview:large","max-video-preview":"max-video-preview:-1"},"canonical":"https:\/\/koszur.net\/index.php\/witaminy\/","og_locale":"pl_PL","og_type":"article","og_title":"witaMiny - Marek Koszur","og_description":"proste pytania, trudne zestawienia, nieoczywiste zwi\u0105zki - nic nie pobudza nas tak jak nierutynowe sytuacje","og_url":"https:\/\/koszur.net\/index.php\/witaminy\/","og_site_name":"Marek Koszur","article_modified_time":"2021-11-05T16:00:23+00:00","twitter_card":"summary_large_image","twitter_misc":{"Szacowany czas czytania":"1 minuta"},"schema":{"@context":"https:\/\/schema.org","@graph":[{"@type":"WebPage","@id":"https:\/\/koszur.net\/index.php\/witaminy\/","url":"https:\/\/koszur.net\/index.php\/witaminy\/","name":"witaMiny - Marek Koszur","isPartOf":{"@id":"https:\/\/koszur.net\/#website"},"datePublished":"2020-03-29T16:42:52+00:00","dateModified":"2021-11-05T16:00:23+00:00","description":"proste pytania, trudne zestawienia, nieoczywiste zwi\u0105zki - nic nie pobudza nas tak jak nierutynowe sytuacje","breadcrumb":{"@id":"https:\/\/koszur.net\/index.php\/witaminy\/#breadcrumb"},"inLanguage":"pl-PL","potentialAction":[{"@type":"ReadAction","target":["https:\/\/koszur.net\/index.php\/witaminy\/"]}]},{"@type":"BreadcrumbList","@id":"https:\/\/koszur.net\/index.php\/witaminy\/#breadcrumb","itemListElement":[{"@type":"ListItem","position":1,"name":"Strona g\u0142\u00f3wna","item":"https:\/\/koszur.net\/"},{"@type":"ListItem","position":2,"name":"witaMiny"}]},{"@type":"WebSite","@id":"https:\/\/koszur.net\/#website","url":"https:\/\/koszur.net\/","name":"Marek Koszur","description":"","potentialAction":[{"@type":"SearchAction","target":{"@type":"EntryPoint","urlTemplate":"https:\/\/koszur.net\/?s={search_term_string}"},"query-input":{"@type":"PropertyValueSpecification","valueRequired":true,"valueName":"search_term_string"}}],"inLanguage":"pl-PL"}]}},"_links":{"self":[{"href":"https:\/\/koszur.net\/index.php\/wp-json\/wp\/v2\/pages\/4827","targetHints":{"allow":["GET"]}}],"collection":[{"href":"https:\/\/koszur.net\/index.php\/wp-json\/wp\/v2\/pages"}],"about":[{"href":"https:\/\/koszur.net\/index.php\/wp-json\/wp\/v2\/types\/page"}],"author":[{"embeddable":true,"href":"https:\/\/koszur.net\/index.php\/wp-json\/wp\/v2\/users\/990004"}],"replies":[{"embeddable":true,"href":"https:\/\/koszur.net\/index.php\/wp-json\/wp\/v2\/comments?post=4827"}],"version-history":[{"count":5,"href":"https:\/\/koszur.net\/index.php\/wp-json\/wp\/v2\/pages\/4827\/revisions"}],"predecessor-version":[{"id":7327,"href":"https:\/\/koszur.net\/index.php\/wp-json\/wp\/v2\/pages\/4827\/revisions\/7327"}],"wp:attachment":[{"href":"https:\/\/koszur.net\/index.php\/wp-json\/wp\/v2\/media?parent=4827"}],"curies":[{"name":"wp","href":"https:\/\/api.w.org\/{rel}","templated":true}]}}