{"id":4685,"date":"2020-03-26T22:52:56","date_gmt":"2020-03-26T21:52:56","guid":{"rendered":"https:\/\/koszur.net\/?page_id=4685"},"modified":"2021-11-04T21:50:26","modified_gmt":"2021-11-04T20:50:26","slug":"muzyka","status":"publish","type":"page","link":"https:\/\/koszur.net\/index.php\/muzyka\/","title":{"rendered":"Muzyka"},"content":{"rendered":"<p>[vc_row][vc_column]<div class=\"sc_section\"><div class=\"sc_section_inner\"><h6 class=\"sc_section_subtitle sc_item_subtitle\">Czy s\u0105 na\u0142ogi pi\u0119kne? Albo chocia\u017c chwalebne lub szlachetne? No to przynajmniej nieszkodliwe czy niezdro\u017cne? Nie, wiem, nie ma. A najgorszym z nich jest...<\/h6><h2 class=\"sc_section_title sc_item_title\">Muzyka<\/h2><div class=\"sc_section_descr sc_item_descr\">Nic nikomu nie daje, a zabiera. Niczego nie gwarantuje, a mami i obiecuje. Podobno \u0142agodzi, ale chyba wtedy, kiedy siedzi cicho. Wi\u0119c - po co i na co komu jest?<\/div>[vc_empty_space]<\/div><\/div>[\/vc_column][\/vc_row][vc_row][vc_column]<div class=\"columns_wrap sc_columns columns_nofluid sc_columns_count_3\"><div class=\"column-1_3 sc_column_item sc_column_item_1 odd first\">[evc_image_with_text image_behavior=&#8221;bordered&#8221; image_size=&#8221;large&#8221; title=&#8221;Ludzie&#8221; text=&#8221;W gruncie rzeczy nale\u017ca\u0142oby si\u0119 lepiej przyjrze\u0107 tym znakom&#8230; Co w\u0142a\u015bciwie znacz\u0105 i kto im je dyktuje?&#8221; image=&#8221;5927&#8243; custom_link=&#8221;url:https%3A%2F%2Fkoszur.net%2Findex.php%2Fludzie-tworcy-i-artysci%2F|||&#8221;]<\/div><div class=\"column-1_3 sc_column_item sc_column_item_2 even\">[evc_image_with_text image_behavior=&#8221;bordered&#8221; title=&#8221;Nagrania&#8221; image=&#8221;5923&#8243; text=&#8221;Kt\u00f3re najlepsze? Stosuj te sam\u0105 miar\u0119 jak przy smakowaniu groch\u00f3wki&#8221; custom_link=&#8221;url:https%3A%2F%2Fkoszur.net%2Findex.php%2Fmuzyka%2Fnagrania%2F|||&#8221;]<\/div><div class=\"column-1_3 sc_column_item sc_column_item_3 odd\">[evc_image_with_text image_behavior=&#8221;bordered&#8221; title=&#8221;Akcesoria&#8221; image=&#8221;5921&#8243; custom_link=&#8221;url:https%3A%2F%2Fkoszur.net%2Findex.php%2Fmuzyka%2Fakcesoria%2F|||&#8221; text=&#8221;Nie, dla zdecydowanej wi\u0119kszo\u015bci to sprz\u0119t, a nie nagrania s\u0105 wa\u017cne!&#8221;]<\/div><\/div>[\/vc_column][\/vc_row]<\/p>\n","protected":false},"excerpt":{"rendered":"<p>[vc_row][vc_column][\/vc_column][\/vc_row][vc_row][vc_column][\/vc_column][\/vc_row]<\/p>\n","protected":false},"author":990004,"featured_media":4686,"parent":0,"menu_order":0,"comment_status":"closed","ping_status":"closed","template":"","meta":{"footnotes":""},"class_list":["post-4685","page","type-page","status-publish","has-post-thumbnail","hentry"],"_links":{"self":[{"href":"https:\/\/koszur.net\/index.php\/wp-json\/wp\/v2\/pages\/4685","targetHints":{"allow":["GET"]}}],"collection":[{"href":"https:\/\/koszur.net\/index.php\/wp-json\/wp\/v2\/pages"}],"about":[{"href":"https:\/\/koszur.net\/index.php\/wp-json\/wp\/v2\/types\/page"}],"author":[{"embeddable":true,"href":"https:\/\/koszur.net\/index.php\/wp-json\/wp\/v2\/users\/990004"}],"replies":[{"embeddable":true,"href":"https:\/\/koszur.net\/index.php\/wp-json\/wp\/v2\/comments?post=4685"}],"version-history":[{"count":10,"href":"https:\/\/koszur.net\/index.php\/wp-json\/wp\/v2\/pages\/4685\/revisions"}],"predecessor-version":[{"id":5929,"href":"https:\/\/koszur.net\/index.php\/wp-json\/wp\/v2\/pages\/4685\/revisions\/5929"}],"wp:featuredmedia":[{"embeddable":true,"href":"https:\/\/koszur.net\/index.php\/wp-json\/wp\/v2\/media\/4686"}],"wp:attachment":[{"href":"https:\/\/koszur.net\/index.php\/wp-json\/wp\/v2\/media?parent=4685"}],"curies":[{"name":"wp","href":"https:\/\/api.w.org\/{rel}","templated":true}]}}