{"id":4240,"date":"2020-03-15T21:58:50","date_gmt":"2020-03-15T20:58:50","guid":{"rendered":"http:\/\/koszur.net\/?page_id=4240"},"modified":"2021-11-05T16:37:28","modified_gmt":"2021-11-05T15:37:28","slug":"smuga","status":"publish","type":"page","link":"https:\/\/koszur.net\/index.php\/smuga\/","title":{"rendered":"Smuga"},"content":{"rendered":"<p>[vc_row][vc_column]<div class=\"sc_section\"><div class=\"sc_section_inner\"><div class=\"sc_content content_wrap\"><div class=\"columns_wrap sc_columns columns_nofluid sc_columns_count_2\"><div class=\"column-1_2 sc_column_item sc_column_item_1 odd first\">[vc_column_text]Ile znacze\u0144 ma s\u0142owo: smuga&#8230;<\/p>\n<p>W moim ulubionym Ilustrowanym s\u0142owniku j\u0119zyka polskiego M. Arcta czytam:<\/p>\n<blockquote><p><b>Smug<\/b>,\u00a0<b>Smuga<\/b>, \u015blad poci\u0105gni\u0119cia, mu\u015bni\u0119cia, pas, strych, br\u00f3zda, pr\u0119ga; w\u0105zki a d\u0142ugi pas ziemi, \u0142\u0105ki, lasu, pola; zw\u00f3j, pasmo; strumie\u0144, strumyk, wst\u0119ga, wodna; przesmyk, cie\u015bnina morska<\/p><\/blockquote>\n<p>A wi\u0119c &#8211; granica, podzia\u0142, warunek istnienia dw\u00f3ch byt\u00f3w, \u015bwiat\u00f3w, \u015bwiadomo\u015bci, ocen&#8230; Lista nie ma ko\u0144ca.<\/p>\n<p>Dzi\u0119ki Conradowi &#8211; kojarzy nam si\u0119 z cieniem. Wi\u0119cej &#8211; kto raz t\u0119 granic\u0119 przekroczy, nie ma powrotu. Ale nie ma te\u017c chyba wyboru, mo\u017cliwo\u015bci cofni\u0119cia si\u0119 przed przej\u015bciem do lub na t\u0119 drug\u0105 stron\u0119. Mo\u017ce nawet istnieje jaki\u015b imperatyw, mo\u017ce podszyty instynktem, atawizmem, kt\u00f3ry wr\u0119cz nakazuje nam ow\u0105 smug\u0119 przeci\u0105\u0107, przej\u015b\u0107, przeskoczy\u0107. I zn\u00f3w &#8211; ile\u017c nowych znacze\u0144 w opisie smugi pojawia si\u0119, je\u015bli poprzedzimy j\u0105 kolejnym okre\u015bleniem.<\/p>\n<p>M\u00f3j sprzeciw wobec smugi narasta z ka\u017cdym dniem. Boli mnie strasznie, gdy m\u00f3j syn kwituje moj\u0105 sugesti\u0119, aby zachowa\u0142 szkolny dyplom, klasowe zdj\u0119cie, ocen\u0119 z klas\u00f3wki wzgardliwym: a po co mi to? To tak jakby \u015bwiadomie unicestwia\u0142 jak\u0105\u015b cz\u0105stk\u0119 siebie.<\/p>\n<p>We\u017a kartk\u0119, po\u0142\u00f3\u017c j\u0105 na pustym stole i zacznij pisa\u0107. Jedna linijka, jedno zdanie. Je\u015bli potrafisz, zachowaj chronologi\u0119. Pisz, co wa\u017cnego wydarzy\u0142o si\u0119 w twoim \u017cyciu.<\/p>\n<p>Hm.. Masz k\u0142opot z wype\u0142nieniem jednej strony. A masz ju\u017c 40, 50, ba &#8211; prawie 60 lat!<\/p>\n<p>Ile to dni? B\u0119dzie ponad 20 tysi\u0119cy. A ty masz ile linijek? Szesna\u015bcie?<\/p>\n<p>Dobrze. Odwr\u00f3\u0107 kartk\u0119. W jednej linijce, jedno zdanie. Co robi\u0142e\u015b wczoraj?<\/p>\n<p>Co? Te\u017c szesna\u015bcie linijek?<br \/>\nNie, nie bierz drugiej kartki. Zestawienie z przedwczoraj czy z ubieg\u0142ego tygodnia wypadnie marnie, jak karta \u017cycia.<\/p>\n<p>Wi\u0119c jeszcze jeden test. Jeste\u015b bardziej zadowolony czy nie? A, zadowolony. Wi\u0119c suma do\u015bwiadcze\u0144 musia\u0142a przewa\u017cy\u0107 szal\u0119 do\u015bwiadcze\u0144 przykrych i z\u0142ych. Ale &#8211; i tu wracam do pierwszego do\u015bwiadczenia &#8211; ty i tak tych dobrych chwil praktycznie nie pami\u0119tasz.[\/vc_column_text][vc_empty_space][vc_separator border_width=&#8221;3&#8243;][vc_empty_space][vc_column_text]Patrz\u0119 na p\u00f3\u0142ki w jednej z szaf. Sterty list\u00f3w setki, mo\u017ce tysi\u0105ce. Tak, wiele tysi\u0119cy, cho\u0107 w moich zbiorach jest ich tylko morska cz\u0119\u015b\u0107. Listy Stanis\u0142awa Koski do Jadwigi Titz. Drobiazgowy, codzienny, sumienny i wynikaj\u0105cy z jakiej\u015b przemo\u017cnej potrzeby obcowania z ukochana osob\u0105 wr\u0119cz nawyk by\u0142 istotnym i obowi\u0105zkowym punktem w planie dnia kapitana. Musia\u0142 napisa\u0107, opisa\u0107, wyrazi\u0107 to co tworzy\u0142o Jego \u015bwiat. A jego \u015bwiatem, przynajmniej w po\u0142owie by\u0142a Ona.<\/p>\n<p>Listy pisane na papierze tak cienkim jak mg\u0142a, na karteczkach pozbawionych margines\u00f3w, w pionie, poziomie, mi\u0119dzy wierszami. W rejsie &#8211; gdy przeloty przez ocean trwa\u0142y wiele dni &#8211; papeteri\u0119 zast\u0119powa\u0142&#8230; zeszyt.<\/p>\n<p>Czy Sia i Jada, jak siebie nazywali, byli wyj\u0105tkiem w tamtym czasie?<\/p>\n<p>Wyci\u0105gam te pe\u0142ne \u017cycia listy, kt\u00f3re cho\u0107 w strefie cienia, s\u0105 jednak pe\u0142ne \u017cycia.<\/p>\n<p>Czy uda mi si\u0119 je wyrwa\u0107 z tamtej strefy, przenie\u015b\u0107 na t\u0119 stron\u0119 smugi, by dalej \u017cy\u0142y i pulsowa\u0142y?<\/p>\n<p>Powiesz &#8211; nie mo\u017cna cofn\u0105\u0107 dnia wczorajszego. To prawda, masz racj\u0119. Ale nie musisz go wymazywa\u0107. Jest cz\u0119\u015bci\u0105 ciebie, ba, nieodzownym elementem. Je\u015bli tego nie dostrzegasz, przyjmij, \u017ce rozpadasz si\u0119, nikniesz, staje si\u0119 ciebie z ka\u017cdym dniem mniej. Sam nie pami\u0119tasz co\u015b prze\u017cy\u0142, wi\u0119c nie dziw si\u0119, \u017ce w oczach innych stajesz si\u0119 coraz bardziej&#8230; przezroczysty.[\/vc_column_text]<\/div><div class=\"column-1_2 sc_column_item sc_column_item_2 even\"><div id=\"sc_blogger_1878214111\" class=\"sc_blogger layout_colored_1 template_portfolio  sc_blogger_vertical no_description\"><div class=\"isotope_wrap\" data-columns=\"1\">\t\t\t<div class=\"isotope_item isotope_item_colored isotope_item_colored_1 isotope_column_1\n\t\t\t\t\t\t\">\n\t\t\t\t<div class=\"post_item post_item_colored post_item_colored_1\n\t\t\t\t\tpost_format_standard odd\">\n\t\n\t\t\t\t\t<div class=\"post_content isotope_item_content\">\n\t\t\t\t\t\t<div class=\"post_featured img\">\n\t\t\t\t\t\t\t<a href=\"https:\/\/koszur.net\/index.php\/2020\/02\/18\/1920-tak-strasznie-cie-kocham\/\"><img decoding=\"async\" class=\"wp-post-image\" width=\"370\" height=\"350\" alt=\"1920 &lt;br \/&gt;Tak strasznie Ci\u0119 kocham!\" src=\"https:\/\/koszur.net\/wp-content\/uploads\/2019\/12\/1920_takstrasznieciekocham-370x350.jpg\"><\/a>\t\t\t\t\t\t<\/div>\n\t\t\n\t\t\t\t\t\t<div class=\"post_description clearfix\">\n\t\t\t\t\t\t\t<h5 class=\"post_title\"><a href=\"https:\/\/koszur.net\/index.php\/2020\/02\/18\/1920-tak-strasznie-cie-kocham\/\">1920 <br \/>Tak strasznie Ci\u0119 kocham!<\/a><\/h5>\n\t\t\t\t\t\t\t<div class=\"post_category\">\n\t\t\t\t\t\t\t\t<a class=\"category_link\" href=\"https:\/\/koszur.net\/index.php\/category\/post\/listy-s-kosko-do-j-titz\/\">Listy S. Kosko do J. Titz<\/a>\t\t\t\t\t\t\t<\/div>\n\t\t\t\t\t\t\t\t\t\t\t\t\t\t<div class=\"post_descr\">\n\t\t\t\t\t\t\t\t<p>Dziu Male\u0144ka, Tw\u00f3j Ma\u0142y naprawd\u0119 niezno\u015bny. Bo wyobra\u017a sobie, na drugi dzie\u0144 po przyje\u017adzie, k\u0142adzie si\u0119 do \u0142\u00f3\u017cka i choruje na przezi\u0119bienie z 38,8. Le\u017cy z\u0142y i nieszcz\u0119\u015bliwy, bo mia\u0142 w pi\u0105tek jecha\u0107 do Warszawy po rzeczy \u2013 zobaczy\u0142by Ciebie, a tak to nie wie, kiedy mu to wypadnie. Le\u017cy i tak mu si\u0119 nudzi. <\/p>\t\t\t\t\t\t\t<\/div>\n\t\t\t\t\t\t\t\t\t\t\t\t\t\t\t<div class=\"post_buttons\">\n\t\t\t\t\t\t\t\t\t<a href=\"https:\/\/koszur.net\/index.php\/2020\/02\/18\/1920-tak-strasznie-cie-kocham\/\" class=\"sc_button sc_button_square sc_button_style_filled sc_button_size_small\">LEARN MORE<\/a>\t\t\t\t\t\t\t\t<\/div>\n\t\t\t\t\t\t\t\t\t\t\t\t\t<\/div>\n\t\t\t\t\t<\/div>\t\t\t\t<!-- \/.post_content -->\n\t\t\t\t<\/div>\t<!-- \/.post_item -->\n\t\t\t<\/div>\t\t\t\t\t\t<!-- \/.isotope_item -->\n\t\t\t\t\t\t<div class=\"isotope_item isotope_item_colored isotope_item_colored_1 isotope_column_1\n\t\t\t\t\t\t\">\n\t\t\t\t<div class=\"post_item post_item_colored post_item_colored_1\n\t\t\t\t\tpost_format_standard even\">\n\t\n\t\t\t\t\t<div class=\"post_content isotope_item_content\">\n\t\t\t\t\t\t<div class=\"post_featured img\">\n\t\t\t\t\t\t\t<a href=\"https:\/\/koszur.net\/index.php\/2020\/02\/18\/1920-01-24-panno-dziu\/\"><img decoding=\"async\" class=\"wp-post-image\" width=\"370\" height=\"370\" alt=\"1920.01.24 &lt;br \/&gt;Panno Dziu!\" src=\"https:\/\/koszur.net\/wp-content\/uploads\/2019\/12\/koszur_kosko_listy_1920_1-370x370.jpg\"><\/a>\t\t\t\t\t\t<\/div>\n\t\t\n\t\t\t\t\t\t<div class=\"post_description clearfix\">\n\t\t\t\t\t\t\t<h5 class=\"post_title\"><a href=\"https:\/\/koszur.net\/index.php\/2020\/02\/18\/1920-01-24-panno-dziu\/\">1920.01.24 <br \/>Panno Dziu!<\/a><\/h5>\n\t\t\t\t\t\t\t<div class=\"post_category\">\n\t\t\t\t\t\t\t\t<a class=\"category_link\" href=\"https:\/\/koszur.net\/index.php\/category\/post\/listy-s-kosko-do-j-titz\/\">Listy S. Kosko do J. Titz<\/a>\t\t\t\t\t\t\t<\/div>\n\t\t\t\t\t\t\t\t\t\t\t\t\t\t<div class=\"post_descr\">\n\t\t\t\t\t\t\t\t<p>Panno Dziu! Przyw\u0119drowa\u0142em bez wypadk\u00f3w. Tylko niepotrzebnie sypa\u0142em piechot\u0105, bo tramwaj chodzi\u0142 i chodzi. Urz\u0105dzi\u0142em si\u0119 z Kowganem. Mam pok\u00f3j, jako takie \u2018meble\u2019 i nawet \u0142\u00f3\u017cko p\u0142\u00f3cienne. Nie jest tu tak strasznie, jak sobie wyobra\u017ca\u0142em, jedno tylko mnie zjada \u2013 to, \u017ce nie ma co je\u015b\u0107. Mam zamiar wybra\u0107 si\u0119 do miasta i poczyni\u0107 zakupy <\/p>\t\t\t\t\t\t\t<\/div>\n\t\t\t\t\t\t\t\t\t\t\t\t\t\t\t<div class=\"post_buttons\">\n\t\t\t\t\t\t\t\t\t<a href=\"https:\/\/koszur.net\/index.php\/2020\/02\/18\/1920-01-24-panno-dziu\/\" class=\"sc_button sc_button_square sc_button_style_filled sc_button_size_small\">LEARN MORE<\/a>\t\t\t\t\t\t\t\t<\/div>\n\t\t\t\t\t\t\t\t\t\t\t\t\t<\/div>\n\t\t\t\t\t<\/div>\t\t\t\t<!-- \/.post_content -->\n\t\t\t\t<\/div>\t<!-- \/.post_item -->\n\t\t\t<\/div>\t\t\t\t\t\t<!-- \/.isotope_item -->\n\t\t\t\t\t\t<div class=\"isotope_item isotope_item_colored isotope_item_colored_1 isotope_column_1\n\t\t\t\t\t\t\">\n\t\t\t\t<div class=\"post_item post_item_colored post_item_colored_1\n\t\t\t\t\tpost_format_standard odd\">\n\t\n\t\t\t\t\t<div class=\"post_content isotope_item_content\">\n\t\t\t\t\t\t<div class=\"post_featured img\">\n\t\t\t\t\t\t\t<a href=\"https:\/\/koszur.net\/index.php\/2020\/02\/18\/1919-12-18kiciu\/\"><img decoding=\"async\" class=\"wp-post-image\" width=\"370\" height=\"370\" alt=\"1919.12.18&lt;br \/&gt;Kiciu!\" src=\"https:\/\/koszur.net\/wp-content\/uploads\/2019\/12\/koszur_kosko_listy_1919-370x370.jpg\"><\/a>\t\t\t\t\t\t<\/div>\n\t\t\n\t\t\t\t\t\t<div class=\"post_description clearfix\">\n\t\t\t\t\t\t\t<h5 class=\"post_title\"><a href=\"https:\/\/koszur.net\/index.php\/2020\/02\/18\/1919-12-18kiciu\/\">1919.12.18<br \/>Kiciu!<\/a><\/h5>\n\t\t\t\t\t\t\t<div class=\"post_category\">\n\t\t\t\t\t\t\t\t<a class=\"category_link\" href=\"https:\/\/koszur.net\/index.php\/category\/post\/listy-s-kosko-do-j-titz\/\">Listy S. Kosko do J. Titz<\/a>\t\t\t\t\t\t\t<\/div>\n\t\t\t\t\t\t\t\t\t\t\t\t\t\t<div class=\"post_descr\">\n\t\t\t\t\t\t\t\t<p>Kiciu! Kiciu! Kiedym ca\u0142owa\u0142 dzi\u015b Twoje r\u0119ce zapyta\u0142a\u015b, co mi si e sta\u0142o. Sta\u0142o si\u0119 to, \u017cem si\u0119 rozmazgai\u0142, to \u017ce wiedzia\u0142em jak mi smutno samemu, bez Ciebie \u2013 a przecie\u017c mia\u0142em zaraz odej\u015b\u0107. Wczoraj pisa\u0142em. Kiciu\u015b kochana. Tak chcia\u0142bym us\u0142ysze\u0107 od Ciebie par\u0119 s\u0142\u00f3w \u017cyczliwych, mi\u0142ych, ciep\u0142ych\u2026 Chcia\u0142bym, by\u015b pomy\u015bla\u0142a o mnie, gdy b\u0119dziesz <\/p>\t\t\t\t\t\t\t<\/div>\n\t\t\t\t\t\t\t\t\t\t\t\t\t\t\t<div class=\"post_buttons\">\n\t\t\t\t\t\t\t\t\t<a href=\"https:\/\/koszur.net\/index.php\/2020\/02\/18\/1919-12-18kiciu\/\" class=\"sc_button sc_button_square sc_button_style_filled sc_button_size_small\">LEARN MORE<\/a>\t\t\t\t\t\t\t\t<\/div>\n\t\t\t\t\t\t\t\t\t\t\t\t\t<\/div>\n\t\t\t\t\t<\/div>\t\t\t\t<!-- \/.post_content -->\n\t\t\t\t<\/div>\t<!-- \/.post_item -->\n\t\t\t<\/div>\t\t\t\t\t\t<!-- \/.isotope_item -->\n\t\t\t\t\t\t<div class=\"isotope_item isotope_item_colored isotope_item_colored_1 isotope_column_1\n\t\t\t\t\t\t\">\n\t\t\t\t<div class=\"post_item post_item_colored post_item_colored_1\n\t\t\t\t\tpost_format_standard even\">\n\t\n\t\t\t\t\t<div class=\"post_content isotope_item_content\">\n\t\t\t\t\t\t<div class=\"post_featured img\">\n\t\t\t\t\t\t\t<a href=\"https:\/\/koszur.net\/index.php\/2020\/02\/18\/1920-12-27-moje-sloneczne-dziu\/\"><img decoding=\"async\" class=\"wp-post-image\" width=\"370\" height=\"370\" alt=\"1920.12.27 &lt;br \/&gt;Moje S\u0142oneczne Dziu!\" src=\"https:\/\/koszur.net\/wp-content\/uploads\/2019\/12\/koszur_kosko_list_27_12_1920-370x370.jpg\"><\/a>\t\t\t\t\t\t<\/div>\n\t\t\n\t\t\t\t\t\t<div class=\"post_description clearfix\">\n\t\t\t\t\t\t\t<h5 class=\"post_title\"><a href=\"https:\/\/koszur.net\/index.php\/2020\/02\/18\/1920-12-27-moje-sloneczne-dziu\/\">1920.12.27 <br \/>Moje S\u0142oneczne Dziu!<\/a><\/h5>\n\t\t\t\t\t\t\t<div class=\"post_category\">\n\t\t\t\t\t\t\t\t<a class=\"category_link\" href=\"https:\/\/koszur.net\/index.php\/category\/post\/listy-s-kosko-do-j-titz\/\">Listy S. Kosko do J. Titz<\/a>\t\t\t\t\t\t\t<\/div>\n\t\t\t\t\t\t\t\t\t\t\t\t\t\t<div class=\"post_descr\">\n\t\t\t\t\t\t\t\t<p>Moje S\u0142oneczne Dziu! Nie gniewaj si\u0119 na Twego Sia, \u017ce ci tak d\u0142ugo nie pisa\u0142, ale wiesz sama, \u017ce trudno zabra\u0107 si\u0119 do \u2018dzie\u0142a\u2019, kiedy tu i \u015bwi\u0119ta, i znajomi i wszystko po d\u0142ugiej nieobecno\u015bci siedzi ko\u0142o ciebie i albo bawi, albo czeka, co Ma\u0142y b\u0119dzie gada\u0142. Prawda? Ale to wcale nie znaczy, \u017ceby Ma\u0142y <\/p>\t\t\t\t\t\t\t<\/div>\n\t\t\t\t\t\t\t\t\t\t\t\t\t\t\t<div class=\"post_buttons\">\n\t\t\t\t\t\t\t\t\t<a href=\"https:\/\/koszur.net\/index.php\/2020\/02\/18\/1920-12-27-moje-sloneczne-dziu\/\" class=\"sc_button sc_button_square sc_button_style_filled sc_button_size_small\">LEARN MORE<\/a>\t\t\t\t\t\t\t\t<\/div>\n\t\t\t\t\t\t\t\t\t\t\t\t\t<\/div>\n\t\t\t\t\t<\/div>\t\t\t\t<!-- \/.post_content -->\n\t\t\t\t<\/div>\t<!-- \/.post_item -->\n\t\t\t<\/div>\t\t\t\t\t\t<!-- \/.isotope_item -->\n\t\t\t<\/div><\/div><\/div><\/div><\/div><\/div><\/div>[\/vc_column][\/vc_row][vc_row][vc_column][vc_empty_space][vc_empty_space][vc_separator border_width=&#8221;3&#8243;][vc_empty_space]<div id=\"sc_blogger_1419200599\" class=\"sc_blogger layout_colored_2 template_portfolio  sc_blogger_horizontal\"><h2 class=\"sc_blogger_title sc_item_title\">Dwa obywatelstwa: przesz\u0142o\u015bci i tera\u017aniejszo\u015bci<\/h2><div class=\"sc_blogger_descr sc_item_descr\">Czy przysz\u0142o\u015b\u0107 nie interesuje nas dlatego tylko, \u017ce nie mamy kompletnie poj\u0119cia o tym - jaka b\u0119dzie? A mo\u017ce klucz do niej le\u017cy gdzie\u015b tu, albo tam, sk\u0105d przyszli\u015bmy?<\/div><div class=\"isotope_wrap\" data-columns=\"3\">\t\t\t<div class=\"isotope_item isotope_item_colored isotope_item_colored_2 isotope_column_3\t\t\t\t\t\t\">\n\t\t\t\t<div class=\"post_item post_item_colored post_item_colored_2\t\t\t\t\tpost_format_standard odd\">\n\t\n\t\t\t\t\t<div class=\"post_content isotope_item_content\">\n\t\t\t\t\t\t\t\t\t\t\t\t<div class=\"post_featured img\">\n\t\t\t\t\t\t\t<a href=\"https:\/\/koszur.net\/index.php\/2020\/03\/31\/marynarska-czapka\/\"><img decoding=\"async\" class=\"wp-post-image\" width=\"370\" height=\"370\" alt=\"Marynarska czapka\" src=\"https:\/\/koszur.net\/wp-content\/uploads\/2020\/03\/czapka03-370x370.jpg\"><\/a>\t\t\t\t\t\t\t\t<h5 class=\"post_title\"><a href=\"https:\/\/koszur.net\/index.php\/2020\/03\/31\/marynarska-czapka\/\">Marynarska czapka<\/a><\/h5>\n\t\t\t\t\t\t\t\t<div class=\"post_descr\">\n\t\t\t\t\t\t\t\t\t\t\t\t\t\t\t\t\t\t<div class=\"post_category\"><a href=\"https:\/\/koszur.net\/index.php\/category\/post\/\">Post<\/a><\/div>\n\t\t\t\t\t\t\t\t\t\t\t\t\t\t\t\t\t<\/div>\n\t\t\t\t\t\t\t\t\t\t\t\t\t\t<\/div>\n\t\t\t\t\t\t\t\t\t\t\t<\/div>\t\t\t\t<!-- \/.post_content -->\n\t\t\t\t<\/div>\t<!-- \/.post_item -->\n\t\t\t<\/div>\t\t\t\t\t\t<!-- \/.isotope_item -->\n\t\t\t<\/div><\/div>[vc_empty_space][vc_text_separator title=&#8221;Czas, do kt\u00f3rego ci\u0105gle wracasz&#8221; i_icon_fontawesome=&#8221;fa fa-clock-o&#8221; border_width=&#8221;3&#8243; add_icon=&#8221;true&#8221;][vc_empty_space]\n<div class=\"wpcf7 no-js\" id=\"wpcf7-f7212-o1\" lang=\"pl-PL\" dir=\"ltr\" data-wpcf7-id=\"7212\">\n<div class=\"screen-reader-response\"><p role=\"status\" aria-live=\"polite\" aria-atomic=\"true\"><\/p> <ul><\/ul><\/div>\n<form action=\"\/index.php\/wp-json\/wp\/v2\/pages\/4240#wpcf7-f7212-o1\" method=\"post\" class=\"wpcf7-form init\" aria-label=\"Formularz kontaktowy\" novalidate=\"novalidate\" data-status=\"init\">\n<fieldset class=\"hidden-fields-container\"><input type=\"hidden\" name=\"_wpcf7\" value=\"7212\" \/><input type=\"hidden\" name=\"_wpcf7_version\" value=\"6.1.5\" \/><input type=\"hidden\" name=\"_wpcf7_locale\" value=\"pl_PL\" \/><input type=\"hidden\" name=\"_wpcf7_unit_tag\" value=\"wpcf7-f7212-o1\" \/><input type=\"hidden\" name=\"_wpcf7_container_post\" value=\"0\" \/><input type=\"hidden\" name=\"_wpcf7_posted_data_hash\" value=\"\" \/><input type=\"hidden\" name=\"_wpcf7_recaptcha_response\" value=\"\" \/>\n<\/fieldset>\n<div class=\"form_info\">\n\t<p><span class=\"wpcf7-form-control-wrap\" data-name=\"text-173\"><input size=\"40\" maxlength=\"400\" class=\"wpcf7-form-control wpcf7-text wpcf7-validates-as-required\" aria-required=\"true\" aria-invalid=\"false\" placeholder=\"Imie i nazwisko*\" value=\"\" type=\"text\" name=\"text-173\" \/><\/span><span class=\"wpcf7-form-control-wrap\" data-name=\"email-273\"><input size=\"40\" maxlength=\"400\" class=\"wpcf7-form-control wpcf7-email wpcf7-validates-as-required wpcf7-text wpcf7-validates-as-email\" aria-required=\"true\" aria-invalid=\"false\" placeholder=\"E-mail*\" value=\"\" type=\"email\" name=\"email-273\" \/><\/span>\n\t<\/p>\n<\/div>\n<div class=\"form_subject\">\n\t<p><span class=\"wpcf7-form-control-wrap\" data-name=\"your-subject\"><input size=\"40\" maxlength=\"400\" class=\"wpcf7-form-control wpcf7-text\" aria-invalid=\"false\" placeholder=\"Temat\" value=\"\" type=\"text\" name=\"your-subject\" \/><\/span>\n\t<\/p>\n<\/div>\n<p><span class=\"wpcf7-form-control-wrap\" data-name=\"textarea-472\"><textarea cols=\"40\" rows=\"10\" maxlength=\"2000\" class=\"wpcf7-form-control wpcf7-textarea wpcf7-validates-as-required\" aria-required=\"true\" aria-invalid=\"false\" placeholder=\"Message\" name=\"textarea-472\"><\/textarea><\/span><br \/>\n<span class=\"wpcf7-form-control-wrap\" data-name=\"acceptance-381\"><span class=\"wpcf7-form-control wpcf7-acceptance\"><span class=\"wpcf7-list-item\"><label><input type=\"checkbox\" name=\"acceptance-381\" value=\"1\" aria-invalid=\"false\" \/><span class=\"wpcf7-list-item-label\">Wyra\u017cam zgod\u0119 na gromadzenie i przechowywanie moich danych adresowych na potrzeby tej korespondencji.<\/span><\/label><\/span><\/span><\/span>\n<\/p>\n<div class=\"form_button\">\n\t<p><input class=\"wpcf7-form-control wpcf7-submit has-spinner\" type=\"submit\" value=\"Wysy\u0142am\" \/>\n\t<\/p>\n<\/div><div class=\"wpcf7-response-output\" aria-hidden=\"true\"><\/div>\n<\/form>\n<\/div>\n[\/vc_column][\/vc_row]<\/p>\n","protected":false},"excerpt":{"rendered":"<p>[vc_row][vc_column][\/vc_column][\/vc_row][vc_row][vc_column][vc_empty_space][vc_empty_space][vc_separator border_width=&#8221;3&#8243;][vc_empty_space][vc_empty_space][vc_text_separator title=&#8221;Czas, do kt\u00f3rego ci\u0105gle wracasz&#8221; i_icon_fontawesome=&#8221;fa fa-clock-o&#8221; border_width=&#8221;3&#8243; add_icon=&#8221;true&#8221;][vc_empty_space][\/vc_column][\/vc_row]<\/p>\n","protected":false},"author":990004,"featured_media":0,"parent":0,"menu_order":0,"comment_status":"closed","ping_status":"closed","template":"","meta":{"footnotes":""},"class_list":["post-4240","page","type-page","status-publish","hentry"],"_links":{"self":[{"href":"https:\/\/koszur.net\/index.php\/wp-json\/wp\/v2\/pages\/4240","targetHints":{"allow":["GET"]}}],"collection":[{"href":"https:\/\/koszur.net\/index.php\/wp-json\/wp\/v2\/pages"}],"about":[{"href":"https:\/\/koszur.net\/index.php\/wp-json\/wp\/v2\/types\/page"}],"author":[{"embeddable":true,"href":"https:\/\/koszur.net\/index.php\/wp-json\/wp\/v2\/users\/990004"}],"replies":[{"embeddable":true,"href":"https:\/\/koszur.net\/index.php\/wp-json\/wp\/v2\/comments?post=4240"}],"version-history":[{"count":20,"href":"https:\/\/koszur.net\/index.php\/wp-json\/wp\/v2\/pages\/4240\/revisions"}],"predecessor-version":[{"id":7319,"href":"https:\/\/koszur.net\/index.php\/wp-json\/wp\/v2\/pages\/4240\/revisions\/7319"}],"wp:attachment":[{"href":"https:\/\/koszur.net\/index.php\/wp-json\/wp\/v2\/media?parent=4240"}],"curies":[{"name":"wp","href":"https:\/\/api.w.org\/{rel}","templated":true}]}}