{"id":4180,"date":"2020-03-11T20:02:29","date_gmt":"2020-03-11T19:02:29","guid":{"rendered":"http:\/\/koszur.net\/?page_id=4180"},"modified":"2021-11-04T20:54:45","modified_gmt":"2021-11-04T19:54:45","slug":"dlaczego","status":"publish","type":"page","link":"https:\/\/koszur.net\/index.php\/dlaczego\/","title":{"rendered":"Dlaczego?"},"content":{"rendered":"<p>[vc_row][vc_column]<div class=\"sc_section\"><div class=\"sc_section_inner\"><div class=\"sc_content content_wrap scheme_dark\">[vc_column_text]Oby ta strona nigdy nie by\u0142a\u2026 gotowa. Dlaczego? Bo nie jest sto\u0142em, gwo\u017adziem czy \u0142opat\u0105. Rzeczy sko\u0144czone s\u0105 przydatne i po\u017cyteczne. In statu nascendi &#8211; nios\u0105 nadziej\u0119. \u017be co\u015b si\u0119 pojawi, odmieni, ubogaci albo&#8230; zatraci.<\/p>\n<p>Uwa\u017cam, \u017ce niewiele rzeczy i spraw w moim \u017cyciu mia\u0142o g\u0142\u0119bszy sens nad wyb\u00f3r zawodu. A w\u0142a\u015bciwie \u2013 traf, przypadek, kt\u00f3ry zrz\u0105dzi\u0142, i\u017c zaj\u0105\u0142em si\u0119 dziennikarstwem.<\/p>\n<p>Kiedy jednak pierwsza ta\u015bm\u0119 radiow\u0105 z pierwsz\u0105 audycja odda\u0142em po emisji do archiwum, u\u015bwiadomi\u0142em sobie, \u017ce to tak wa\u017cne dla mnie dokonanie by\u0107 mo\u017ce nigdy ju\u017c nie zaistnieje w eterze. Moi bohaterowie, ich sprawy \u2013 tkwi\u0107 b\u0119d\u0105 na p\u00f3\u0142ce, p\u00f3ki ich kto\u015b nie skasuje, nadpisze, wyrzuci.<\/p>\n<p>Dziennikarz prasowy \u2013 schowa do teczki wycinek. Trafi do pracy naukowej, kt\u00f3rej autor zacytuje fragment artyku\u0142u.<\/p>\n<p>Wtedy, na pocz\u0105tku lat 70. Ubieg\u0142ego stulecia wa\u017cna by\u0142a telewizja. Technika mnie fascynowa\u0142a. Musia\u0142em wi\u0119c spr\u00f3bowa\u0107. Natychmiast. Ale tu rado\u015b\u0107, cho\u0107 mo\u017ce bardziej spektakularna, trwa\u0142a jeszcze kr\u00f3cej. Ta\u015bma by\u0142a zbyt droga by ja archiwizowa\u0107. Wi\u0119c \u2013 co z plonem moich zmaga\u0144 nad tekstem, pisania scenariuszy, uk\u0142adania plan\u00f3w monta\u017cowych?<\/p>\n<p>Zatem \u2013 prasa. Natychmiast! Pierwszy tekst ukaza\u0142 si\u0119 w wydaniu weekendowym, magazynowym. Tak, reakcja odbiorc\u00f3w by\u0142a b\u0142yskawiczna. Wtedy ludzie czytali. Gazeta by\u0142a jedna, mo\u017ce kilka, ale t\u0119 porann\u0105 czyta\u0142 ka\u017cdy.<\/p>\n<p>Ros\u0142o wi\u0119c archiwum. W nim materia\u0142y opublikowane, niedoko\u0144czone, nigdy nie zrealizowane, \u015bcinki niewykorzystane z przeprowadzonych wywiad\u00f3w, relacje z wydarze\u0144, kt\u00f3re na antenach owszem, zaistnia\u0142y, ale we fragmentach.<\/p>\n<p>Dzi\u015b Ta\u015bma magnetofonowa sztywnieje a magnetyczna warstwa si\u0119 kruszy, system koloru SECAM od lat jest zast\u0105piony przez PAL oraz no\u015bniki cyfrowe. Papier gazetowy z\u017c\u00f3\u0142k\u0142 ju\u017c dawno, teraz zaczyna si\u0119 po prostu \u2013 rozpada\u0107.<\/p>\n<p>Wi\u0119c? Wszystko przepadnie. Ale nie sprawy. Nie bohaterowie, nie ludzie i opowie\u015bci, jakimi mnie obdarzyli.<\/p>\n<p>Kartony pe\u0142ne kalendarzy, maszynopis\u00f3w, zdj\u0119\u0107, list\u00f3w (!) po stokro\u0107 bardziej pulsuj\u0105 w mojej \u015bwiadomo\u015bci ni\u017ali niebosk\u0142on w podzwrotnikow\u0105 noc.<\/p>\n<p>Id\u0105c do biurka \u2013 przez tyle, tyle lat zakr\u0119cam obok p\u00f3\u0142ki z dwiema ksi\u0105\u017ckami. Od pani profesor Heleny Micha\u0142owskiej, mojej polonistki, w szkole najbardziej technicznej z e s\u0142awnych i \u015bmiem twierdzi\u0107, w owym czasie wr\u0119cz elitarnych. \u201ePie\u015bni\u201d Horacego z podkre\u015bleniem <em>non omnis moriar<\/em> oraz Ulisses (w tamtym czasie ksi\u0105\u017cka nie do zdobycia!) z jak\u017ce serdeczn\u0105 dedykacj\u0105: \u201eDalej, bry\u0142o, z posad \u015bwiata! Nowymi ci\u0119 pchniemy tory\u2026\u201d. Pani Profesor \u2013 zatem \u2013 siadam do wypracowania. Postaram si\u0119 dopowiedzie\u0107, uzupe\u0142ni\u0107, przypomnie\u0107 i przekaza\u0107 dalej ten \u015bwiat, kt\u00f3ry w sobie nosz\u0119 od tylu lat. \u015awiat wspania\u0142ych ludzi, \u015bwiat wdzi\u0119cznych i ufnych wobec mnie rozm\u00f3wc\u00f3w. Ich relacje \u2013 niech o\u017cyj\u0105 i trwaj\u0105.<\/p>\n<p>Ka\u017cdy z materia\u0142\u00f3w, a s\u0105 ich setki, prosz\u0119, je\u015bli z Pa\u0144stwa strony mo\u017ce by\u0107 uzupe\u0142niony o dokumenty, wspomnienia, zdj\u0119cia, komentarze \u2013 niech ma sw\u00f3j dalszy ci\u0105g. <strong>Prosz\u0119 wsp\u00f3\u0142redagowa\u0107 t\u0119 stron\u0119 razem ze mn\u0105. <\/strong><\/p>\n<p>Marz\u0119, by wnuk m\u00f3g\u0142 pos\u0142ucha\u0107 tu g\u0142osu swojego dziadka, specjalista, naukowiec \u2013 pozna\u0107 swoich poprzednik\u00f3w, zobaczy\u0107 ich na filmie, w pracy, wtedy, 30. 40. 50 lat temu! Ksi\u0105dz profesor Jan Bednarz, szef artylerii PMW Kazimierz Bay, Tadeusz Piktel &#8211; cz\u0142owiek tajemnica, Konstanty Matyjewicz-Maciejewicz, Karol Olgierd Borchardt, in\u017cynier Ryszard Kukli\u0144ski, Kazimierz \u2018Kuba\u2019 Jaworski, Krystyna Chojnowska-Liskiewicz, profesor Adam Kunicki, profesor Andrzej Piskozub, Jacek Polaczek, Zygmunt Szczepa\u0144ski, kapitan Andrzej Mendygra\u0142, doktor Jadwiga Titz-Kosko, profesor Stefan Zbigniew R\u00f3\u017cycki, profesor Jan Szupryczy\u0144ski i wielu, doprawdy wielu innych.<\/p>\n<p>Kszta\u0142t a cz\u0119sto ich walor artystyczny i merytoryczny nie by\u0142by w wielu przypadkach tak doskona\u0142y, gdyby nie wspania\u0142y g\u0142os i niedo\u015bcigniona interpretacja tekst\u00f3w literackich, naukowych, kronikarskich Miko\u0142aja M\u00fcllera. Longina B\u0142awatek-\u017bygaluk z radiowym wzrokiem przebijaj\u0105cym si\u0119 przez nieufno\u015b\u0107 naukowych s\u0142aw z plac\u00f3wek badawczych i uniwersytet\u00f3w ca\u0142ego kraju. Andrzej Turski, z kt\u00f3rym tyle lat wsp\u00f3\u0142pracowali\u015bmy w Radiokurierze, potem Tr\u00f3jce, wreszcie na antenie TVP1, gdy zatwierdzi\u0142 do emisji pierwszy Magazyn MORZE. Czarodziejka Joanna z \u201eUniversalu, przed kt\u00f3r\u0105 k\u0142ania\u0142y si\u0119 szlabany graniczne, gdy wysy\u0142a\u0142a nas w \u015bwiat. Wreszcie Jan Kuczera i jego kamera. Kiedy\u015b za\u017cartowa\u0142em, gdy kto\u015b w \u015bwiecie zn\u00f3w spotka\u0142 nas razem: z Jasiem sp\u0119dzi\u0142em w \u017cyciu wi\u0119cej czasu ni\u017c z moimi\u2026 No, to by\u0142, oczywi\u015bcie, \u017cart. Prawda jest jednak to, \u017ce z nikim w pracy tak niewiele rozmawia\u0142em jak z Jasiem. Nie potrzebowa\u0142em. Ten facet rozumia\u0142 mnie lepiej ni\u017c wszystkie moje\u2026 Pardon\u2026 Ju\u017c m\u00f3wi\u0142em, \u017ce to by\u0142 \u017cart.<\/p>\n<p>Wymieni\u0119 i uk\u0142oni\u0119 si\u0119 wszystkim, w miar\u0119 uzupe\u0142niania strony, a niecierpliwych prosz\u0119 o szturcha\u0144ca, bym nie zwleka\u0142 z umieszczeniem ich w moim panteonie.<\/p>\n<p>Dlaczego? Ju\u017c wiesz, a teraz zadaj to samo pytanie: dlaczego w odniesieniu do twojego, przemijaj\u0105cego \u017cycia. Czy masz, czy chcia\u0142by\u015b kiedy\u015b twoim nast\u0119pcom co\u015b powiedzie\u0107? Dlaczego? To nie musi by \u0107 wa\u017cne. To niech b\u0119dzie osobiste, od ciebie. Bo jeste\u015b. Przecie\u017c si\u0119 s\u0142ycha\u0107, wida\u0107, mo\u017cna czyta\u0107 zapisane przez ciebie zdania.<\/p>\n<p>Dlaczego?[\/vc_column_text]<\/div><\/div><\/div>[vc_empty_space][vc_text_separator title=&#8221;Moje trzy grosze do tej strony&#8230;&#8221; i_icon_fontawesome=&#8221;fa fa-keyboard-o&#8221; add_icon=&#8221;true&#8221;][vc_empty_space]<p class=\"wpcf7-contact-form-not-found\"><strong>B\u0142\u0105d:<\/strong> Brak formularza kontaktowego.<\/p>[\/vc_column][\/vc_row]<\/p>\n","protected":false},"excerpt":{"rendered":"<p>[vc_row][vc_column][vc_empty_space][vc_text_separator title=&#8221;Moje trzy grosze do tej strony&#8230;&#8221; i_icon_fontawesome=&#8221;fa fa-keyboard-o&#8221; add_icon=&#8221;true&#8221;][vc_empty_space][\/vc_column][\/vc_row]<\/p>\n","protected":false},"author":990004,"featured_media":6122,"parent":0,"menu_order":0,"comment_status":"closed","ping_status":"closed","template":"","meta":{"footnotes":""},"class_list":["post-4180","page","type-page","status-publish","has-post-thumbnail","hentry"],"_links":{"self":[{"href":"https:\/\/koszur.net\/index.php\/wp-json\/wp\/v2\/pages\/4180","targetHints":{"allow":["GET"]}}],"collection":[{"href":"https:\/\/koszur.net\/index.php\/wp-json\/wp\/v2\/pages"}],"about":[{"href":"https:\/\/koszur.net\/index.php\/wp-json\/wp\/v2\/types\/page"}],"author":[{"embeddable":true,"href":"https:\/\/koszur.net\/index.php\/wp-json\/wp\/v2\/users\/990004"}],"replies":[{"embeddable":true,"href":"https:\/\/koszur.net\/index.php\/wp-json\/wp\/v2\/comments?post=4180"}],"version-history":[{"count":8,"href":"https:\/\/koszur.net\/index.php\/wp-json\/wp\/v2\/pages\/4180\/revisions"}],"predecessor-version":[{"id":6123,"href":"https:\/\/koszur.net\/index.php\/wp-json\/wp\/v2\/pages\/4180\/revisions\/6123"}],"wp:featuredmedia":[{"embeddable":true,"href":"https:\/\/koszur.net\/index.php\/wp-json\/wp\/v2\/media\/6122"}],"wp:attachment":[{"href":"https:\/\/koszur.net\/index.php\/wp-json\/wp\/v2\/media?parent=4180"}],"curies":[{"name":"wp","href":"https:\/\/api.w.org\/{rel}","templated":true}]}}