{"id":4019,"date":"2020-03-06T18:02:05","date_gmt":"2020-03-06T17:02:05","guid":{"rendered":"http:\/\/koszur.net\/?page_id=4019"},"modified":"2021-11-04T19:54:01","modified_gmt":"2021-11-04T18:54:01","slug":"15-przypisy","status":"publish","type":"page","link":"https:\/\/koszur.net\/index.php\/polnoc\/zatoka-bialego-niedzwiedzia\/15-przypisy\/","title":{"rendered":"15 Przypisy"},"content":{"rendered":"<p>[vc_row][vc_column]<div class=\"sc_section\"><div class=\"sc_section_inner\">[vc_column_text]<a href=\"#_ftnref1\" name=\"_ftn1\">[1]<\/a> Profesor dr hab. Stefan Zbigniew R\u00f3\u017cycki, 1906 &#8211; 1988 \u2013 polski geolog i geograf, najbardziej znany ze swoich bada\u0144 z zakresu geologii okres\u00f3w jury i czwartorz\u0119du. Wsp\u00f3\u0142organizator i uczestnik pierwszej polskiej wyprawy polarnej na Spitsbergen (1934). Na pami\u0105tk\u0119 jego udzia\u0142u w ekspedycji jeden ze tamtejszych lodowc\u00f3w nazwany zosta\u0142 Lodowcem R\u00f3\u017cyckiego. W 1958 roku ponownie wyruszy\u0142 na wysp\u0119, do dawnych swoich stanowisk badawczych. W tym samym roku uczestniczy\u0142 w wyprawie na Antarktyd\u0119.<\/p>\n<p><a href=\"#_ftnref2\" name=\"_ftn2\">[2]<\/a> Stanis\u0142aw Siedlecki, 1912 &#8211; 2002 \u2013 polski geolog, taternik i polarnik. 1957 \u2013 kierowa\u0142 ekspedycj\u0105 polarn\u0105 PAN, kt\u00f3ra wybudowa\u0142a Polsk\u0105 Stacj\u0119 Polarn\u0105 nad Zatok\u0105 Bia\u0142ych Nied\u017awiedzi. Tak\u017ce &#8211; Wyspa Nied\u017awiedzia (1932-33, 1964), Grenlandia (1937), Spitsbergen (1934 do 1984-85).<\/p>\n<p><a href=\"#_ftnref3\" name=\"_ftn3\">[3]<\/a> Stefan Bernadzikiewicz, 1907 &#8211; 1939 na Tirsuli, Himalaje) \u2013 polski taternik, himalaista i polarnik, z wykszta\u0142cenia in\u017cynier mechanik. W 1936 i 1938 dokona\u0142 przej\u015bcia przez Spitsbergen z po\u0142udnia na p\u00f3\u0142noc, trawersowa\u0142 Grenlandi\u0119 w 1937. Podczas wyprawy w 1936 r. wraz z Konstantym Narkiewiczem-Jodk\u0105 i Stanis\u0142awem Siedleckim przeszed\u0142 na nartach 800 km lodowcami przez ca\u0142y Spitsbergen Zachodni. W 1939 by\u0142 cz\u0142onkiem pierwszej polskiej wyprawy w Himalaje.<\/p>\n<p><a href=\"#_ftnref4\" name=\"_ftn4\">[4]<\/a> <a href=\"https:\/\/pl.wikipedia.org\/wiki\/Antoni_Boles%C5%82aw_Dobrowolski\">Antoni Boles\u0142aw Dobrowolski,<\/a> 1872 &#8211; 1954 \u2013 polski geofizyk, meteorolog i podr\u00f3\u017cnik. Stworzy\u0142 odr\u0119bn\u0105 dziedzin\u0119 wiedzy \u2013 kriologi\u0119.<\/p>\n<p><a href=\"#_ftnref5\" name=\"_ftn5\">[5]<\/a> <a href=\"https:\/\/pl.wikipedia.org\/wiki\/Henryk_Arctowski\">Henryk Bronis\u0142aw Arctowski,<\/a> 1871 &#8211; 1958 \u2013 polski geograf, geofizyk, geolog, meteorolog, glacjolog i podr\u00f3\u017cnik, zwi\u0105zany z badaniami kraj\u00f3w polarnych<\/p>\n<p><a href=\"#_ftnref6\" name=\"_ftn6\">[6]<\/a> Rozmowa w czerwcu 1978 roku, w mieszkaniu Profesora na terenie Uniwersytetu Warszawskiego<\/p>\n<p><a href=\"#_ftnref7\" name=\"_ftn7\">[7]<\/a> Vilhjalmur Stefansson, 1879 &#8211; 1962 \u2212 kanadyjski etnolog i odkrywca Arktyki<\/p>\n<p><a href=\"#_ftnref8\" name=\"_ftn8\">[8]<\/a> Emil Albert Fryderyk Wedel, 1841 \u2013 1919 \u2013 przemys\u0142owiec, syn Karola Wedla, za\u0142o\u017cyciela fabryki s\u0142odyczy E. Wedel, luteranin.<\/p>\n<p><a href=\"#_ftnref9\" name=\"_ftn9\">[9]<\/a> Witold Biernawski (1898-1957) \u2013 operator filmowy, radiotelegrafista, Stefan Bernadzikiewicz (1907-1939) \u2013 kierownik wyprawy, Henryk Mogilnicki (1906-1999) \u2013 fotograf i radiotelegrafista, Stefan Zbigniew R\u00f3\u017cycki (1906-1988) \u2013 geolog, Stanis\u0142aw Siedlecki (1912-2002) \u2013 meteorolog, Sylweriusz Bohdan Zagrajski (1892-1940) \u2013 triangulator, Antoni Rogal-Zawadzki (1896-1974) \u2013 topograf i fotogrametrysta<\/p>\n<p><a href=\"#_ftnref10\" name=\"_ftn10\">[10]<\/a> Encyklopedia PWN, 1959, Warszawa<\/p>\n<p><a href=\"#_ftnref11\" name=\"_ftn11\">[11]<\/a> W zapiskach odr\u0119cznych autora<\/p>\n<p><a href=\"#_ftnref12\" name=\"_ftn12\">[12]<\/a> Dane z prze\u0142omu lat 1960-1970<\/p>\n<p><a href=\"#_ftnref13\" name=\"_ftn13\">[13]<\/a> <a href=\"https:\/\/pl.wikipedia.org\/wiki\/Ryszard_Czajkowski\">Ryszard Czajkowski<\/a>, 1933 \u2013 polski geofizyk, dziennikarz, operator filmowy, pisarz, reporter, publicysta, podr\u00f3\u017cnik, polarnik, cz\u0142onek The Explorers Club.<\/p>\n<p><a href=\"#_ftnref14\" name=\"_ftn14\">[14]<\/a> <a href=\"https:\/\/pl.wikipedia.org\/wiki\/Marian_Pulina\">Marian Pulina<\/a>, 1936 \u2013 2005 \u2013 polski geograf, profesor, groto\u0142az i speleolog<\/p>\n<p><a href=\"#_ftnref15\" name=\"_ftn15\">[15]<\/a> <a href=\"https:\/\/pl.wikipedia.org\/wiki\/Wiktor_Gorz%C4%85dek\">Wiktor Gorz\u0105dek<\/a>, 1908 &#8211; 1988 &#8211; pierwszy kapitan \u017ceglugi wielkiej rybo\u0142\u00f3wstwa morskiego. Nauczyciel kadr oficerskich flot handlowej i rybackiej.<\/p>\n<p><a href=\"#_ftnref16\" name=\"_ftn16\">[16]<\/a> Swarz\u0119dzkie meble \u2013 w latach 60. I 70. ubieg\u0142ego stulecia wyznacznik luksusu i najwy\u017cszego kunsztu meblarskiego w Polsce.<\/p>\n<p><a href=\"#_ftnref17\" name=\"_ftn17\">[17]<\/a> Cytat w zapiskach Autora[\/vc_column_text]<\/div><\/div>[vc_empty_space][vc_single_image image=&#8221;4617&#8243; img_size=&#8221;full&#8221; style=&#8221;vc_box_shadow&#8221; onclick=&#8221;link_image&#8221;][vc_empty_space][vc_separator border_width=&#8221;3&#8243;][vc_text_separator title=&#8221;Polarne&#8230; a dlaczego? &#8221; i_icon_fontawesome=&#8221;fa fa-tasks&#8221; border_width=&#8221;3&#8243; add_icon=&#8221;true&#8221;][vc_empty_space]\n<div class=\"wpcf7 no-js\" id=\"wpcf7-f7212-o1\" lang=\"pl-PL\" dir=\"ltr\" data-wpcf7-id=\"7212\">\n<div class=\"screen-reader-response\"><p role=\"status\" aria-live=\"polite\" aria-atomic=\"true\"><\/p> <ul><\/ul><\/div>\n<form action=\"\/index.php\/wp-json\/wp\/v2\/pages\/4019#wpcf7-f7212-o1\" method=\"post\" class=\"wpcf7-form init\" aria-label=\"Formularz kontaktowy\" novalidate=\"novalidate\" data-status=\"init\">\n<fieldset class=\"hidden-fields-container\"><input type=\"hidden\" name=\"_wpcf7\" value=\"7212\" \/><input type=\"hidden\" name=\"_wpcf7_version\" value=\"6.1.5\" \/><input type=\"hidden\" name=\"_wpcf7_locale\" value=\"pl_PL\" \/><input type=\"hidden\" name=\"_wpcf7_unit_tag\" value=\"wpcf7-f7212-o1\" \/><input type=\"hidden\" name=\"_wpcf7_container_post\" value=\"0\" \/><input type=\"hidden\" name=\"_wpcf7_posted_data_hash\" value=\"\" \/><input type=\"hidden\" name=\"_wpcf7_recaptcha_response\" value=\"\" \/>\n<\/fieldset>\n<div class=\"form_info\">\n\t<p><span class=\"wpcf7-form-control-wrap\" data-name=\"text-173\"><input size=\"40\" maxlength=\"400\" class=\"wpcf7-form-control wpcf7-text wpcf7-validates-as-required\" aria-required=\"true\" aria-invalid=\"false\" placeholder=\"Imie i nazwisko*\" value=\"\" type=\"text\" name=\"text-173\" \/><\/span><span class=\"wpcf7-form-control-wrap\" data-name=\"email-273\"><input size=\"40\" maxlength=\"400\" class=\"wpcf7-form-control wpcf7-email wpcf7-validates-as-required wpcf7-text wpcf7-validates-as-email\" aria-required=\"true\" aria-invalid=\"false\" placeholder=\"E-mail*\" value=\"\" type=\"email\" name=\"email-273\" \/><\/span>\n\t<\/p>\n<\/div>\n<div class=\"form_subject\">\n\t<p><span class=\"wpcf7-form-control-wrap\" data-name=\"your-subject\"><input size=\"40\" maxlength=\"400\" class=\"wpcf7-form-control wpcf7-text\" aria-invalid=\"false\" placeholder=\"Temat\" value=\"\" type=\"text\" name=\"your-subject\" \/><\/span>\n\t<\/p>\n<\/div>\n<p><span class=\"wpcf7-form-control-wrap\" data-name=\"textarea-472\"><textarea cols=\"40\" rows=\"10\" maxlength=\"2000\" class=\"wpcf7-form-control wpcf7-textarea wpcf7-validates-as-required\" aria-required=\"true\" aria-invalid=\"false\" placeholder=\"Message\" name=\"textarea-472\"><\/textarea><\/span><br \/>\n<span class=\"wpcf7-form-control-wrap\" data-name=\"acceptance-381\"><span class=\"wpcf7-form-control wpcf7-acceptance\"><span class=\"wpcf7-list-item\"><label><input type=\"checkbox\" name=\"acceptance-381\" value=\"1\" aria-invalid=\"false\" \/><span class=\"wpcf7-list-item-label\">Wyra\u017cam zgod\u0119 na gromadzenie i przechowywanie moich danych adresowych na potrzeby tej korespondencji.<\/span><\/label><\/span><\/span><\/span>\n<\/p>\n<div class=\"form_button\">\n\t<p><input class=\"wpcf7-form-control wpcf7-submit has-spinner\" type=\"submit\" value=\"Wysy\u0142am\" \/>\n\t<\/p>\n<\/div><div class=\"wpcf7-response-output\" aria-hidden=\"true\"><\/div>\n<\/form>\n<\/div>\n[\/vc_column][\/vc_row]<\/p>\n","protected":false},"excerpt":{"rendered":"<p>[vc_row][vc_column][vc_empty_space][vc_single_image image=&#8221;4617&#8243; img_size=&#8221;full&#8221; style=&#8221;vc_box_shadow&#8221; onclick=&#8221;link_image&#8221;][vc_empty_space][vc_separator border_width=&#8221;3&#8243;][vc_text_separator title=&#8221;Polarne&#8230; a dlaczego? &#8221; i_icon_fontawesome=&#8221;fa fa-tasks&#8221; border_width=&#8221;3&#8243; add_icon=&#8221;true&#8221;][vc_empty_space][\/vc_column][\/vc_row]<\/p>\n","protected":false},"author":990004,"featured_media":0,"parent":3085,"menu_order":0,"comment_status":"closed","ping_status":"closed","template":"","meta":{"footnotes":""},"class_list":["post-4019","page","type-page","status-publish","hentry"],"_links":{"self":[{"href":"https:\/\/koszur.net\/index.php\/wp-json\/wp\/v2\/pages\/4019","targetHints":{"allow":["GET"]}}],"collection":[{"href":"https:\/\/koszur.net\/index.php\/wp-json\/wp\/v2\/pages"}],"about":[{"href":"https:\/\/koszur.net\/index.php\/wp-json\/wp\/v2\/types\/page"}],"author":[{"embeddable":true,"href":"https:\/\/koszur.net\/index.php\/wp-json\/wp\/v2\/users\/990004"}],"replies":[{"embeddable":true,"href":"https:\/\/koszur.net\/index.php\/wp-json\/wp\/v2\/comments?post=4019"}],"version-history":[{"count":6,"href":"https:\/\/koszur.net\/index.php\/wp-json\/wp\/v2\/pages\/4019\/revisions"}],"predecessor-version":[{"id":7256,"href":"https:\/\/koszur.net\/index.php\/wp-json\/wp\/v2\/pages\/4019\/revisions\/7256"}],"up":[{"embeddable":true,"href":"https:\/\/koszur.net\/index.php\/wp-json\/wp\/v2\/pages\/3085"}],"wp:attachment":[{"href":"https:\/\/koszur.net\/index.php\/wp-json\/wp\/v2\/media?parent=4019"}],"curies":[{"name":"wp","href":"https:\/\/api.w.org\/{rel}","templated":true}]}}