{"id":4016,"date":"2020-03-06T18:00:37","date_gmt":"2020-03-06T17:00:37","guid":{"rendered":"http:\/\/koszur.net\/?page_id=4016"},"modified":"2021-11-04T19:51:00","modified_gmt":"2021-11-04T18:51:00","slug":"14-slowniczek","status":"publish","type":"page","link":"https:\/\/koszur.net\/index.php\/polnoc\/zatoka-bialego-niedzwiedzia\/14-slowniczek\/","title":{"rendered":"14 S\u0142owniczek"},"content":{"rendered":"<p>[vc_row][vc_column]<div class=\"sc_section\"><div class=\"sc_section_inner\">[vc_column_text]<\/p>\n<h1>S\u0141OWNICZEK<\/h1>\n<p>batymetryczna mapa &#8211; ukazuje g\u0142\u0119boko\u015bci jezior i m\u00f3rz; wyniki pomiar\u00f3w przedstawia si\u0119 za pomoc\u0105 izobat lub te\u017c punkt\u00f3w z cyframi oznaczaj\u0105cymi g\u0142\u0119boko\u015b\u0107,<\/p>\n<p>cielenie lodowca &#8211; odrywanie si\u0119 od czo\u0142a lodowca jego cz\u0119\u015bci tworz\u0105cych p\u00f3\u017aniej g\u00f3ry lodowe; powstawanie tych g\u00f3r,<\/p>\n<p>czwartorz\u0119d &#8211; okres w dziejach Ziemi, trwaj\u0105cy od ok. 1 min lat temu do dzi\u015b; dzieli si\u0119 na dwie epoki: starsz\u0105 &#8211; plejstocen (epoka lodowcowa) i m\u0142odsz\u0105 \u2013 holocen (epoka polodowcowa), obejmuj\u0105c\u0105 ostatnie 12 tysi\u0119cy lat,<\/p>\n<p>ekologia &#8211; nauka biologiczna o gospodarce przyrody w jej ekosystemach, o strukturze i funkcjonowaniu \u017cywej przyrody; obejmuje ca\u0142o\u015b\u0107 zjawisk dotycz\u0105cych wzajemnych zale\u017cno\u015bci mi\u0119dzy organizmami i ich zespo\u0142ami, a ich \u017cywym i martwym \u015brodowiskiem,<\/p>\n<p>eoliczne osady &#8211; utworzone przez wiatr, kt\u00f3ry porywa i przenosi drobne cz\u0105stki mineralne i organiczne,<\/p>\n<p>estuarium &#8211; rozszerzone, lejkowate uj\u015bcie rzeki do morza lub oceanu, powstaje wskutek erozyjnego dzia\u0142ania p\u0142yw\u00f3w morskich i oceanicznych, kt\u00f3re umo\u017cliwiaj\u0105 powstawanie delty rzeki,<\/p>\n<p>fotogrametria &#8211; nauka o metodach pozwalaj\u0105cych na odtworzenie i okre\u015blenie &#8211; na podstawie zdj\u0119\u0107 fotogrametrycznych &#8211; kszta\u0142tu, wymiaru i wzajemnego po\u0142o\u017cenia przedmiot\u00f3w znajduj\u0105cych si\u0119 na tych zdj\u0119ciach; dzieli si\u0119 na naziemn\u0105 i lotnicz\u0105,<\/p>\n<p>geochemia &#8211; nauka z grupy nauk geologicznych zajmuj\u0105ca si\u0119 wyst\u0119powaniem i kr\u0105\u017ceniem na Ziemi pierwiastk\u00f3w chemicznych oraz ich rol\u0105 w r\u00f3\u017cnorodnych procesach geologicznych,<\/p>\n<p>geofizyka &#8211; nauka o Ziemi jako o ciele fizycznym; przedmiotem jej bada\u0144 s\u0105 wszelkie procesy i zjawiska zachodz\u0105ce we wn\u0119trzu Ziemi, skorupie ziemskiej oraz w hydrosferze i atmosferze,<\/p>\n<p>geologia &#8211; nauka o budowie i dziejach Ziemi, a zw\u0142aszcza skorupy ziemskiej oraz o procesach geologicznych, dzi\u0119ki kt\u00f3rym ulega ona przeobra\u017ceniom; geologia stosowana zajmuje si\u0119 m.in. rozmieszczeniem z\u0142\u00f3\u017c kopalin u\u017cytecznych,<\/p>\n<p>geomorfologia &#8211; nauka o ukszta\u0142towaniu powierzchni Ziemi; zajmuje si\u0119 opisem form powierzchni Ziemi, bada ich genez\u0119, rozw\u00f3j i rozmieszczenie, okre\u015bla tak\u017ce ich wiek,<\/p>\n<p>glacjologia &#8211; nauka obejmuj\u0105ca badanie lodowc\u00f3w (powstanie, rozw\u00f3j, topnienie)\/, ich wp\u0142ywu na rze\u017ab\u0119 powierzchni Ziemi, a tak\u017ce warunk\u00f3w klimatycznych oraz rodzaju i ukszta\u0142towania pod\u0142o\u017ca, na kt\u00f3rym si\u0119 tworz\u0105 i rozwijaj\u0105,<\/p>\n<p>Golfstrom &#8211; Pr\u0105d Zatokowy, system ciep\u0142ych pr\u0105d\u00f3w morskich w p\u00f3\u0142nocnej cz\u0119\u015bci Oceanu Atlantyckiego; wywiera silny wp\u0142yw na stosunki hydrologiczne i biologiczne m\u00f3rz oraz klimat p\u00f3\u0142nocno-zachodniej Europy,<\/p>\n<p>grawimetria &#8211; dzia\u0142 fizyki zajmuj\u0105cy si\u0119 wyznaczaniem warto\u015bci przyspieszenia ziemskiego &#8222;g&#8221; dla potrzeb geodezji i geofizyki,<\/p>\n<p>hus &#8211; domek traperski,<\/p>\n<p>hydrogeologia &#8211; dzia\u0142 geologii stosowanej, zajmuj\u0105cy si\u0119 badaniem w\u00f3d podziemnych,<\/p>\n<p>jaurajska formacja &#8211; powsta\u0142a w okresie jury, od oko\u0142o 180 do oko\u0142o 135 min lat temu;<\/p>\n<p>karbon &#8211; okres w dziejach Ziemi, trwaj\u0105cy od oko\u0142o 350 do ok. 70 min lat temu; w\u0119giel w\u00f3wczas powsta\u0142y wyst\u0119puje na wszystkich kontynentach, w Polsce m.in. na G\u00f3rnym \u015al\u0105sku,<\/p>\n<p>l\u0105dol\u00f3d &#8211; lodowiec kontynentalny, masy lodu o mi\u0105\u017cszo\u015bci do kilku tysi\u0119cy metr\u00f3w pokrywaj\u0105ce wielkie obszary Ziemi; l\u0105dol\u00f3d ma wypuk\u0142\u0105 powierzchni\u0119 czaszy; l\u00f3d z czaszy posuwa si\u0119 promieni\u015bcie ku kraw\u0119dziom<\/p>\n<p>listownica &#8211; laminaria, glon morski o li\u015bciach dochodz\u0105cych niekiedy do d\u0142ugo\u015bci kilkunastu metr\u00f3w,<\/p>\n<p>magnetyzm ziemski &#8211; geomagnetyzm, zesp\u00f3\u0142 zjawisk magnetycznych zwi\u0105zanych i Ziemi\u0105, a tak\u017ce dzia\u0142 geofizyki obejmuj\u0105cy zagadnienia zwi\u0105zane z polem magnetycznym Ziemi,<\/p>\n<p>meteorologia &#8211; fizyka atmosfery, dzia\u0142 geofizyki, nauka o atmosferze ziemskiej i zachodz\u0105cych w niej zjawiskach i procesach,<\/p>\n<p>oceanografia &#8211; nauka o oceanie \u015bwiatowym; bada zjawiska i procesy w nim zachodz\u0105ce oraz wzajemne zwi\u0105zki mi\u0119dzy oceanem, skorup\u0105 ziemsk\u0105 i atmosfer\u0105,<\/p>\n<p>paleontologia &#8211; nauka biologiczna zajmuj\u0105ca si\u0119 badaniem szcz\u0105tk\u00f3w, odcisk\u00f3w i \u015blad\u00f3w dzia\u0142alno\u015bci \u017cyciowej organizm\u00f3w ro\u015blinnych i zwierz\u0119cych z ubieg\u0142ych okres\u00f3w geologicznych,<\/p>\n<p>pliocen &#8211; okres w dziejach Ziemi trwaj\u0105cy od ok. 12 min do ok. 1 min lat temu,<\/p>\n<p>populacja &#8211; grupa osobnik\u00f3w jednego gatunku, zasiedlaj\u0105cych okre\u015blony teren, krzy\u017cuj\u0105cych si\u0119 mi\u0119dzy sob\u0105, lecz z regu\u0142y izolowanych rozrodczo od innych populacji tego samego gatunku,<\/p>\n<p>rumpel &#8211; rami\u0119 steru, drewniana lub metalowa d\u017awignia do obracania trzonu steru,<\/p>\n<p>sedymentologia &#8211; nauka badaj\u0105ca mechanizmy powstawania osad\u00f3w zar\u00f3wno na l\u0105dach, jak i w zbiornikach wodnych oraz czynniki warunkuj\u0105ce ich powstanie<\/p>\n<p>sejsmologia &#8211; dzia\u0142 geofizyki, nauka o trz\u0119sieniach Ziemi i rozchodzeniu si\u0119 fal sejsmicznych<\/p>\n<p>sonda &#8211; przyrz\u0105d do pomiaru i penetracji morza w celach nawigacyjnych, rybo\u0142\u00f3wczych itp.,<\/p>\n<p>szkiery &#8211; drobne, skaliste wysepki,<\/p>\n<p>toksyczne opady &#8211; substancje truj\u0105ce, uboczne produkty przemys\u0142owej dzia\u0142alno\u015bci cz\u0142owieka,<\/p>\n<p>triangulacja &#8211; metoda wyznaczania na powierzchni Ziemi punkt\u00f3w wsp\u00f3\u0142rz\u0119dnych geodezyjnych, kt\u00f3re wykorzystuje si\u0119 m.in. do wyznaczania rozmiar\u00f3w elipsoidy ziemskiej,<\/p>\n<p>trias \u2013 okres w\u00a0\u00a0\u00a0\u00a0\u00a0\u00a0\u00a0\u00a0\u00a0\u00a0\u00a0 dziejach Ziemi trwaj\u0105cy od 220 do ok. 180 min lat temu,<\/p>\n<p>wodery &#8211; d\u0142ugie buty gumowe u\u017cywane przez rybak\u00f3w[\/vc_column_text]<\/div><\/div>[vc_gallery interval=&#8221;3&#8243; images=&#8221;4721,4722,4723,4724,4725,4726,4727&#8243; img_size=&#8221;full&#8221; title=&#8221;Tu nie ma&#8230; turyst\u00f3w&#8221;][vc_empty_space][vc_text_separator title=&#8221;J\u0119zyk&#8230; arktyczny?&#8221; i_icon_fontawesome=&#8221;fa fa-i-cursor&#8221; border_width=&#8221;3&#8243; add_icon=&#8221;true&#8221;][vc_empty_space]\n<div class=\"wpcf7 no-js\" id=\"wpcf7-f7212-o1\" lang=\"pl-PL\" dir=\"ltr\" data-wpcf7-id=\"7212\">\n<div class=\"screen-reader-response\"><p role=\"status\" aria-live=\"polite\" aria-atomic=\"true\"><\/p> <ul><\/ul><\/div>\n<form action=\"\/index.php\/wp-json\/wp\/v2\/pages\/4016#wpcf7-f7212-o1\" method=\"post\" class=\"wpcf7-form init\" aria-label=\"Formularz kontaktowy\" novalidate=\"novalidate\" data-status=\"init\">\n<fieldset class=\"hidden-fields-container\"><input type=\"hidden\" name=\"_wpcf7\" value=\"7212\" \/><input type=\"hidden\" name=\"_wpcf7_version\" value=\"6.1.5\" \/><input type=\"hidden\" name=\"_wpcf7_locale\" value=\"pl_PL\" \/><input type=\"hidden\" name=\"_wpcf7_unit_tag\" value=\"wpcf7-f7212-o1\" \/><input type=\"hidden\" name=\"_wpcf7_container_post\" value=\"0\" \/><input type=\"hidden\" name=\"_wpcf7_posted_data_hash\" value=\"\" \/><input type=\"hidden\" name=\"_wpcf7_recaptcha_response\" value=\"\" \/>\n<\/fieldset>\n<div class=\"form_info\">\n\t<p><span class=\"wpcf7-form-control-wrap\" data-name=\"text-173\"><input size=\"40\" maxlength=\"400\" class=\"wpcf7-form-control wpcf7-text wpcf7-validates-as-required\" aria-required=\"true\" aria-invalid=\"false\" placeholder=\"Imie i nazwisko*\" value=\"\" type=\"text\" name=\"text-173\" \/><\/span><span class=\"wpcf7-form-control-wrap\" data-name=\"email-273\"><input size=\"40\" maxlength=\"400\" class=\"wpcf7-form-control wpcf7-email wpcf7-validates-as-required wpcf7-text wpcf7-validates-as-email\" aria-required=\"true\" aria-invalid=\"false\" placeholder=\"E-mail*\" value=\"\" type=\"email\" name=\"email-273\" \/><\/span>\n\t<\/p>\n<\/div>\n<div class=\"form_subject\">\n\t<p><span class=\"wpcf7-form-control-wrap\" data-name=\"your-subject\"><input size=\"40\" maxlength=\"400\" class=\"wpcf7-form-control wpcf7-text\" aria-invalid=\"false\" placeholder=\"Temat\" value=\"\" type=\"text\" name=\"your-subject\" \/><\/span>\n\t<\/p>\n<\/div>\n<p><span class=\"wpcf7-form-control-wrap\" data-name=\"textarea-472\"><textarea cols=\"40\" rows=\"10\" maxlength=\"2000\" class=\"wpcf7-form-control wpcf7-textarea wpcf7-validates-as-required\" aria-required=\"true\" aria-invalid=\"false\" placeholder=\"Message\" name=\"textarea-472\"><\/textarea><\/span><br \/>\n<span class=\"wpcf7-form-control-wrap\" data-name=\"acceptance-381\"><span class=\"wpcf7-form-control wpcf7-acceptance\"><span class=\"wpcf7-list-item\"><label><input type=\"checkbox\" name=\"acceptance-381\" value=\"1\" aria-invalid=\"false\" \/><span class=\"wpcf7-list-item-label\">Wyra\u017cam zgod\u0119 na gromadzenie i przechowywanie moich danych adresowych na potrzeby tej korespondencji.<\/span><\/label><\/span><\/span><\/span>\n<\/p>\n<div class=\"form_button\">\n\t<p><input class=\"wpcf7-form-control wpcf7-submit has-spinner\" type=\"submit\" value=\"Wysy\u0142am\" \/>\n\t<\/p>\n<\/div><div class=\"wpcf7-response-output\" aria-hidden=\"true\"><\/div>\n<\/form>\n<\/div>\n[\/vc_column][\/vc_row]<\/p>\n","protected":false},"excerpt":{"rendered":"<p>[vc_row][vc_column][vc_gallery interval=&#8221;3&#8243; images=&#8221;4721,4722,4723,4724,4725,4726,4727&#8243; img_size=&#8221;full&#8221; title=&#8221;Tu nie ma&#8230; turyst\u00f3w&#8221;][vc_empty_space][vc_text_separator title=&#8221;J\u0119zyk&#8230; arktyczny?&#8221; i_icon_fontawesome=&#8221;fa fa-i-cursor&#8221; border_width=&#8221;3&#8243; add_icon=&#8221;true&#8221;][vc_empty_space][\/vc_column][\/vc_row]<\/p>\n","protected":false},"author":990004,"featured_media":0,"parent":3085,"menu_order":0,"comment_status":"closed","ping_status":"closed","template":"","meta":{"footnotes":""},"class_list":["post-4016","page","type-page","status-publish","hentry"],"_links":{"self":[{"href":"https:\/\/koszur.net\/index.php\/wp-json\/wp\/v2\/pages\/4016","targetHints":{"allow":["GET"]}}],"collection":[{"href":"https:\/\/koszur.net\/index.php\/wp-json\/wp\/v2\/pages"}],"about":[{"href":"https:\/\/koszur.net\/index.php\/wp-json\/wp\/v2\/types\/page"}],"author":[{"embeddable":true,"href":"https:\/\/koszur.net\/index.php\/wp-json\/wp\/v2\/users\/990004"}],"replies":[{"embeddable":true,"href":"https:\/\/koszur.net\/index.php\/wp-json\/wp\/v2\/comments?post=4016"}],"version-history":[{"count":5,"href":"https:\/\/koszur.net\/index.php\/wp-json\/wp\/v2\/pages\/4016\/revisions"}],"predecessor-version":[{"id":7255,"href":"https:\/\/koszur.net\/index.php\/wp-json\/wp\/v2\/pages\/4016\/revisions\/7255"}],"up":[{"embeddable":true,"href":"https:\/\/koszur.net\/index.php\/wp-json\/wp\/v2\/pages\/3085"}],"wp:attachment":[{"href":"https:\/\/koszur.net\/index.php\/wp-json\/wp\/v2\/media?parent=4016"}],"curies":[{"name":"wp","href":"https:\/\/api.w.org\/{rel}","templated":true}]}}