{"id":3850,"date":"2020-02-29T13:15:51","date_gmt":"2020-02-29T12:15:51","guid":{"rendered":"http:\/\/koszur.net\/?page_id=3850"},"modified":"2021-11-26T22:10:16","modified_gmt":"2021-11-26T21:10:16","slug":"16-poslowie","status":"publish","type":"page","link":"https:\/\/koszur.net\/index.php\/kapitan-kapitanow-2\/16-poslowie\/","title":{"rendered":"16 Pos\u0142owie"},"content":{"rendered":"<p>[vc_row][vc_column]<div class=\"sc_section\"><div class=\"sc_section_inner\">[evc_image_with_text image=&#8221;3874&#8243; title=&#8221;Pos\u0142owie&#8221; text=&#8221;Wydanie trzecie, internetowe, nieustannie uzupe\u0142niane&#8221;][vc_separator border_width=&#8221;3&#8243;][vc_empty_space][vc_column_text]Kapitanowi Konstantemu Maciejewiczowi<\/p>\n<p>&nbsp;<\/p>\n<p>Czy czujesz Kapitanie?&#8230;<\/p>\n<p>&#8211; wiatr oddech morza niesie.<\/p>\n<p>W wietrze \u2013 lot mewy \u2013 gnie si\u0119.<\/p>\n<p>W wietrze z \u017cagle zapl\u0105tanym,<\/p>\n<p>huczy zew oceanu.<\/p>\n<p>&nbsp;<\/p>\n<p>A \u201eDar\u201d ju\u017c przycich\u0142 do lotu<\/p>\n<p>&#8211; \u017caglami niebo zagarnia \u2013<\/p>\n<p>wie statek, w cumach dr\u017c\u0105cy:<\/p>\n<p>na morza \u2013 szczeci\u0144skich ch\u0142opc\u00f3w<\/p>\n<p>Twe poprowadz\u0105 oczy.<\/p>\n<p>&nbsp;<\/p>\n<p>Kapitanowie o siwych w\u0142osach,<\/p>\n<p>z czci\u0105 imi\u0119 Twoje wspominaj\u0105.<\/p>\n<p>I wieczorami p\u0142yn\u0105 w mesach<\/p>\n<p>Opowiadania o \u201eMacaju\u201d&#8230;<\/p>\n<p>&nbsp;<\/p>\n<p>S\u0142ycha\u0107 w nich cz\u0119sto: \u201echuligany<\/p>\n<p>psjakrew\u201d&#8230; a wszystko z tak \u2013 spod serca.<\/p>\n<p>Bo nie zapomni Kapitana<\/p>\n<p>Wiara, kt\u00f3ra przesz\u0142a przez Jego r\u0119ce!<\/p>\n<p>&nbsp;<\/p>\n<p>Z Twoich r\u0105k wyszli \u2013 hartowani<\/p>\n<p>Wichrami, biczem ocean\u00f3w.<\/p>\n<p>Omotali \u015bwiat \u017caglami,<\/p>\n<p>z Twej szko\u0142y \u2013 twardy, morski nar\u00f3d!<\/p>\n<p>&nbsp;<\/p>\n<p>I teraz, gdy czas im z\u0142otem daszki oku\u0142<\/p>\n<p>i skronie srebrem im pobieli\u0142,<\/p>\n<p>wzi\u0119li Ci\u0119 z sob\u0105 na swe statki<\/p>\n<p>&#8211; i Tw\u0105 legend\u0119 bia\u0142ych \u017cagli.<\/p>\n<p>&nbsp;<\/p>\n<p>Z nami na morzach na zawsze zostaniesz,<\/p>\n<p>\u015amig\u0142ej Fregaty \u2013 Fregaty marze\u0144 \u2013<\/p>\n<p>Kapitanie.<\/p>\n<p>&nbsp;<\/p>\n<p>Szczecin, marzec 1950 r., Edmund Mikina<\/p>\n<p><strong>\u00a0<\/strong>[\/vc_column_text]<\/div><\/div>[vc_empty_space][vc_separator border_width=&#8221;3&#8243;][vc_empty_space][vc_text_separator title=&#8221;Kapitan kapitan\u00f3w &#8211; uzupe\u0142nienia i komentarze&#8221; i_icon_fontawesome=&#8221;fa fa-anchor&#8221; add_icon=&#8221;true&#8221;][vc_empty_space]\n<div class=\"wpcf7 no-js\" id=\"wpcf7-f7212-o1\" lang=\"pl-PL\" dir=\"ltr\" data-wpcf7-id=\"7212\">\n<div class=\"screen-reader-response\"><p role=\"status\" aria-live=\"polite\" aria-atomic=\"true\"><\/p> <ul><\/ul><\/div>\n<form action=\"\/index.php\/wp-json\/wp\/v2\/pages\/3850#wpcf7-f7212-o1\" method=\"post\" class=\"wpcf7-form init\" aria-label=\"Formularz kontaktowy\" novalidate=\"novalidate\" data-status=\"init\">\n<fieldset class=\"hidden-fields-container\"><input type=\"hidden\" name=\"_wpcf7\" value=\"7212\" \/><input type=\"hidden\" name=\"_wpcf7_version\" value=\"6.1.5\" \/><input type=\"hidden\" name=\"_wpcf7_locale\" value=\"pl_PL\" \/><input type=\"hidden\" name=\"_wpcf7_unit_tag\" value=\"wpcf7-f7212-o1\" \/><input type=\"hidden\" name=\"_wpcf7_container_post\" value=\"0\" \/><input type=\"hidden\" name=\"_wpcf7_posted_data_hash\" value=\"\" \/><input type=\"hidden\" name=\"_wpcf7_recaptcha_response\" value=\"\" \/>\n<\/fieldset>\n<div class=\"form_info\">\n\t<p><span class=\"wpcf7-form-control-wrap\" data-name=\"text-173\"><input size=\"40\" maxlength=\"400\" class=\"wpcf7-form-control wpcf7-text wpcf7-validates-as-required\" aria-required=\"true\" aria-invalid=\"false\" placeholder=\"Imie i nazwisko*\" value=\"\" type=\"text\" name=\"text-173\" \/><\/span><span class=\"wpcf7-form-control-wrap\" data-name=\"email-273\"><input size=\"40\" maxlength=\"400\" class=\"wpcf7-form-control wpcf7-email wpcf7-validates-as-required wpcf7-text wpcf7-validates-as-email\" aria-required=\"true\" aria-invalid=\"false\" placeholder=\"E-mail*\" value=\"\" type=\"email\" name=\"email-273\" \/><\/span>\n\t<\/p>\n<\/div>\n<div class=\"form_subject\">\n\t<p><span class=\"wpcf7-form-control-wrap\" data-name=\"your-subject\"><input size=\"40\" maxlength=\"400\" class=\"wpcf7-form-control wpcf7-text\" aria-invalid=\"false\" placeholder=\"Temat\" value=\"\" type=\"text\" name=\"your-subject\" \/><\/span>\n\t<\/p>\n<\/div>\n<p><span class=\"wpcf7-form-control-wrap\" data-name=\"textarea-472\"><textarea cols=\"40\" rows=\"10\" maxlength=\"2000\" class=\"wpcf7-form-control wpcf7-textarea wpcf7-validates-as-required\" aria-required=\"true\" aria-invalid=\"false\" placeholder=\"Message\" name=\"textarea-472\"><\/textarea><\/span><br \/>\n<span class=\"wpcf7-form-control-wrap\" data-name=\"acceptance-381\"><span class=\"wpcf7-form-control wpcf7-acceptance\"><span class=\"wpcf7-list-item\"><label><input type=\"checkbox\" name=\"acceptance-381\" value=\"1\" aria-invalid=\"false\" \/><span class=\"wpcf7-list-item-label\">Wyra\u017cam zgod\u0119 na gromadzenie i przechowywanie moich danych adresowych na potrzeby tej korespondencji.<\/span><\/label><\/span><\/span><\/span>\n<\/p>\n<div class=\"form_button\">\n\t<p><input class=\"wpcf7-form-control wpcf7-submit has-spinner\" type=\"submit\" value=\"Wysy\u0142am\" \/>\n\t<\/p>\n<\/div><div class=\"wpcf7-response-output\" aria-hidden=\"true\"><\/div>\n<\/form>\n<\/div>\n[\/vc_column][\/vc_row]<\/p>\n","protected":false},"excerpt":{"rendered":"<p>[vc_row][vc_column][vc_empty_space][vc_separator border_width=&#8221;3&#8243;][vc_empty_space][vc_text_separator title=&#8221;Kapitan kapitan\u00f3w &#8211; uzupe\u0142nienia i komentarze&#8221; i_icon_fontawesome=&#8221;fa fa-anchor&#8221; add_icon=&#8221;true&#8221;][vc_empty_space][\/vc_column][\/vc_row]<\/p>\n","protected":false},"author":990004,"featured_media":0,"parent":3606,"menu_order":0,"comment_status":"closed","ping_status":"closed","template":"","meta":{"footnotes":""},"class_list":["post-3850","page","type-page","status-publish","hentry"],"_links":{"self":[{"href":"https:\/\/koszur.net\/index.php\/wp-json\/wp\/v2\/pages\/3850","targetHints":{"allow":["GET"]}}],"collection":[{"href":"https:\/\/koszur.net\/index.php\/wp-json\/wp\/v2\/pages"}],"about":[{"href":"https:\/\/koszur.net\/index.php\/wp-json\/wp\/v2\/types\/page"}],"author":[{"embeddable":true,"href":"https:\/\/koszur.net\/index.php\/wp-json\/wp\/v2\/users\/990004"}],"replies":[{"embeddable":true,"href":"https:\/\/koszur.net\/index.php\/wp-json\/wp\/v2\/comments?post=3850"}],"version-history":[{"count":6,"href":"https:\/\/koszur.net\/index.php\/wp-json\/wp\/v2\/pages\/3850\/revisions"}],"predecessor-version":[{"id":3934,"href":"https:\/\/koszur.net\/index.php\/wp-json\/wp\/v2\/pages\/3850\/revisions\/3934"}],"up":[{"embeddable":true,"href":"https:\/\/koszur.net\/index.php\/wp-json\/wp\/v2\/pages\/3606"}],"wp:attachment":[{"href":"https:\/\/koszur.net\/index.php\/wp-json\/wp\/v2\/media?parent=3850"}],"curies":[{"name":"wp","href":"https:\/\/api.w.org\/{rel}","templated":true}]}}