{"id":3743,"date":"2020-02-27T21:53:03","date_gmt":"2020-02-27T20:53:03","guid":{"rendered":"http:\/\/koszur.net\/?page_id=3743"},"modified":"2020-05-04T11:56:53","modified_gmt":"2020-05-04T09:56:53","slug":"legendarne-rejsy","status":"publish","type":"page","link":"https:\/\/koszur.net\/index.php\/moje-morze\/legendarne-rejsy\/","title":{"rendered":"Legendarne rejsy"},"content":{"rendered":"<p>[vc_row][vc_column]<div class=\"sc_section\"><div class=\"sc_section_inner\">[vc_custom_heading text=&#8221;Wtedy ka\u017cdy rejs by\u0142 dziewiczy, pionierski i&#8230; legendarny. Oni &#8211; odkrywcami.&#8221; font_container=&#8221;tag:h2|text_align:center&#8221; google_fonts=&#8221;font_family:Muli%3A300%2C300italic%2Cregular%2Citalic|font_style:400%20regular%3A400%3Anormal&#8221;][vc_empty_space][vc_separator border_width=&#8221;3&#8243;][vc_empty_space]<div class=\"columns_wrap sc_columns columns_nofluid sc_columns_count_2\"><div class=\"column-1_2 sc_column_item sc_column_item_1 odd first\"><\/div><div class=\"column-1_2 sc_column_item sc_column_item_2 even\"><\/div><\/div><\/div><\/div>[\/vc_column][\/vc_row][vc_row][vc_column width=&#8221;1\/4&#8243;]<div class=\"evc-image-with-text evc-shortcode  \">\n\t<div class=\"evc-iwt-image \">\n\t\t\t\t\n\t\t\t\t\n\t\t<img decoding=\"async\" width=\"500\" height=\"306\" src=\"https:\/\/koszur.net\/wp-content\/uploads\/2020\/04\/Lwowem-do-Brazylii.jpg\" class=\"attachment-full size-full\" alt=\"\" srcset=\"https:\/\/koszur.net\/wp-content\/uploads\/2020\/04\/Lwowem-do-Brazylii.jpg 500w, https:\/\/koszur.net\/wp-content\/uploads\/2020\/04\/Lwowem-do-Brazylii-300x184.jpg 300w\" sizes=\"(max-width: 500px) 100vw, 500px\" \/>\t\t\n\t\t\t<\/div>\n\t<div class=\"evc-iwt-content\">\n\t\t\t\t\t<h4 class=\"evc-iwt-title\" >\n\t\t\t\t``Lwowem`` do Brazylii\t\t\t<\/h4>\n\t\t\t\t\t\t\t<p class=\"evc-iwt-text\" >Pierwszy rejs polskiej bandery przez r\u00f3wnik w 1923 roku<\/p>\n\t\t\t<\/div>\n<\/div>\n[\/vc_column][vc_column width=&#8221;1\/4&#8243;]<div class=\"evc-image-with-text evc-shortcode  evc-shortcode-has-link\">\n\t<div class=\"evc-iwt-image \">\n\t\t\t\t\t<a href=\"http:\/\/koszur.net\/index.php\/przez-trzy-oceany\/\" target=\"_blank\" title=\"Przez trzy oceany\">\n\t\t\t\t\n\t\t\t\t\n\t\t<img decoding=\"async\" width=\"500\" height=\"250\" src=\"https:\/\/koszur.net\/wp-content\/uploads\/2020\/04\/dar-pomorza-shanghai_avatar500.jpg\" class=\"attachment-full size-full\" alt=\"\" srcset=\"https:\/\/koszur.net\/wp-content\/uploads\/2020\/04\/dar-pomorza-shanghai_avatar500.jpg 500w, https:\/\/koszur.net\/wp-content\/uploads\/2020\/04\/dar-pomorza-shanghai_avatar500-300x150.jpg 300w\" sizes=\"(max-width: 500px) 100vw, 500px\" \/>\t\t\n\t\t\t\t\t<\/a>\n\t\t\t<\/div>\n\t<div class=\"evc-iwt-content\">\n\t\t\t\t\t<h4 class=\"evc-iwt-title\" >\n\t\t\t\tPrzez trzy oceany\t\t\t<\/h4>\n\t\t\t\t\t\t\t<p class=\"evc-iwt-text\" >``Dar Pomorza`` w rejsie dooko\u0142a \u015bwiata<\/p>\n\t\t\t<\/div>\n<\/div>\n[\/vc_column][vc_column width=&#8221;1\/4&#8243;][\/vc_column][vc_column width=&#8221;1\/4&#8243;][\/vc_column][\/vc_row]<\/p>\n","protected":false},"excerpt":{"rendered":"<p>[vc_row][vc_column][\/vc_column][\/vc_row][vc_row][vc_column width=&#8221;1\/4&#8243;][\/vc_column][vc_column width=&#8221;1\/4&#8243;][\/vc_column][vc_column width=&#8221;1\/4&#8243;][\/vc_column][vc_column width=&#8221;1\/4&#8243;][\/vc_column][\/vc_row]<\/p>\n","protected":false},"author":990004,"featured_media":0,"parent":2994,"menu_order":0,"comment_status":"closed","ping_status":"closed","template":"","meta":{"footnotes":""},"class_list":["post-3743","page","type-page","status-publish","hentry"],"yoast_head":"<!-- This site is optimized with the Yoast SEO plugin v27.4 - https:\/\/yoast.com\/product\/yoast-seo-wordpress\/ -->\n<title>Legendarne rejsy - Marek Koszur mitologizacja morska<\/title>\n<meta name=\"description\" content=\"Legendarne rejsy wydarzenia najs\u0142ynniejsze pod polsk\u0105 bander\u0105 szkoln, handlow\u0105, \u017ceglarsk\u0105, ryback\u0105 i wojennomorsk\u0105. Lw\u00f3w, Dar Pomorza, Elemka\" \/>\n<meta name=\"robots\" content=\"index, follow, max-snippet:-1, max-image-preview:large, max-video-preview:-1\" \/>\n<link rel=\"canonical\" href=\"https:\/\/koszur.net\/index.php\/moje-morze\/legendarne-rejsy\/\" \/>\n<meta property=\"og:locale\" content=\"pl_PL\" \/>\n<meta property=\"og:type\" content=\"article\" \/>\n<meta property=\"og:title\" content=\"Legendarne rejsy - Marek Koszur mitologizacja morska\" \/>\n<meta property=\"og:description\" content=\"Legendarne rejsy wydarzenia najs\u0142ynniejsze pod polsk\u0105 bander\u0105 szkoln, handlow\u0105, \u017ceglarsk\u0105, ryback\u0105 i wojennomorsk\u0105. Lw\u00f3w, Dar Pomorza, Elemka\" \/>\n<meta property=\"og:url\" content=\"https:\/\/koszur.net\/index.php\/moje-morze\/legendarne-rejsy\/\" \/>\n<meta property=\"og:site_name\" content=\"Marek Koszur\" \/>\n<meta property=\"article:modified_time\" content=\"2020-05-04T09:56:53+00:00\" \/>\n<meta name=\"twitter:card\" content=\"summary_large_image\" \/>\n<meta name=\"twitter:label1\" content=\"Szacowany czas czytania\" \/>\n\t<meta name=\"twitter:data1\" content=\"1 minuta\" \/>\n<script type=\"application\/ld+json\" class=\"yoast-schema-graph\">{\"@context\":\"https:\\\/\\\/schema.org\",\"@graph\":[{\"@type\":\"WebPage\",\"@id\":\"https:\\\/\\\/koszur.net\\\/index.php\\\/moje-morze\\\/legendarne-rejsy\\\/\",\"url\":\"https:\\\/\\\/koszur.net\\\/index.php\\\/moje-morze\\\/legendarne-rejsy\\\/\",\"name\":\"Legendarne rejsy - Marek Koszur mitologizacja morska\",\"isPartOf\":{\"@id\":\"https:\\\/\\\/koszur.net\\\/#website\"},\"datePublished\":\"2020-02-27T20:53:03+00:00\",\"dateModified\":\"2020-05-04T09:56:53+00:00\",\"description\":\"Legendarne rejsy wydarzenia najs\u0142ynniejsze pod polsk\u0105 bander\u0105 szkoln, handlow\u0105, \u017ceglarsk\u0105, ryback\u0105 i wojennomorsk\u0105. Lw\u00f3w, Dar Pomorza, Elemka\",\"breadcrumb\":{\"@id\":\"https:\\\/\\\/koszur.net\\\/index.php\\\/moje-morze\\\/legendarne-rejsy\\\/#breadcrumb\"},\"inLanguage\":\"pl-PL\",\"potentialAction\":[{\"@type\":\"ReadAction\",\"target\":[\"https:\\\/\\\/koszur.net\\\/index.php\\\/moje-morze\\\/legendarne-rejsy\\\/\"]}]},{\"@type\":\"BreadcrumbList\",\"@id\":\"https:\\\/\\\/koszur.net\\\/index.php\\\/moje-morze\\\/legendarne-rejsy\\\/#breadcrumb\",\"itemListElement\":[{\"@type\":\"ListItem\",\"position\":1,\"name\":\"Strona g\u0142\u00f3wna\",\"item\":\"https:\\\/\\\/koszur.net\\\/\"},{\"@type\":\"ListItem\",\"position\":2,\"name\":\"Moje morze\",\"item\":\"https:\\\/\\\/koszur.net\\\/index.php\\\/moje-morze\\\/\"},{\"@type\":\"ListItem\",\"position\":3,\"name\":\"Legendarne rejsy\"}]},{\"@type\":\"WebSite\",\"@id\":\"https:\\\/\\\/koszur.net\\\/#website\",\"url\":\"https:\\\/\\\/koszur.net\\\/\",\"name\":\"Marek Koszur\",\"description\":\"\",\"potentialAction\":[{\"@type\":\"SearchAction\",\"target\":{\"@type\":\"EntryPoint\",\"urlTemplate\":\"https:\\\/\\\/koszur.net\\\/?s={search_term_string}\"},\"query-input\":{\"@type\":\"PropertyValueSpecification\",\"valueRequired\":true,\"valueName\":\"search_term_string\"}}],\"inLanguage\":\"pl-PL\"}]}<\/script>\n<!-- \/ Yoast SEO plugin. -->","yoast_head_json":{"title":"Legendarne rejsy - Marek Koszur mitologizacja morska","description":"Legendarne rejsy wydarzenia najs\u0142ynniejsze pod polsk\u0105 bander\u0105 szkoln, handlow\u0105, \u017ceglarsk\u0105, ryback\u0105 i wojennomorsk\u0105. Lw\u00f3w, Dar Pomorza, Elemka","robots":{"index":"index","follow":"follow","max-snippet":"max-snippet:-1","max-image-preview":"max-image-preview:large","max-video-preview":"max-video-preview:-1"},"canonical":"https:\/\/koszur.net\/index.php\/moje-morze\/legendarne-rejsy\/","og_locale":"pl_PL","og_type":"article","og_title":"Legendarne rejsy - Marek Koszur mitologizacja morska","og_description":"Legendarne rejsy wydarzenia najs\u0142ynniejsze pod polsk\u0105 bander\u0105 szkoln, handlow\u0105, \u017ceglarsk\u0105, ryback\u0105 i wojennomorsk\u0105. Lw\u00f3w, Dar Pomorza, Elemka","og_url":"https:\/\/koszur.net\/index.php\/moje-morze\/legendarne-rejsy\/","og_site_name":"Marek Koszur","article_modified_time":"2020-05-04T09:56:53+00:00","twitter_card":"summary_large_image","twitter_misc":{"Szacowany czas czytania":"1 minuta"},"schema":{"@context":"https:\/\/schema.org","@graph":[{"@type":"WebPage","@id":"https:\/\/koszur.net\/index.php\/moje-morze\/legendarne-rejsy\/","url":"https:\/\/koszur.net\/index.php\/moje-morze\/legendarne-rejsy\/","name":"Legendarne rejsy - Marek Koszur mitologizacja morska","isPartOf":{"@id":"https:\/\/koszur.net\/#website"},"datePublished":"2020-02-27T20:53:03+00:00","dateModified":"2020-05-04T09:56:53+00:00","description":"Legendarne rejsy wydarzenia najs\u0142ynniejsze pod polsk\u0105 bander\u0105 szkoln, handlow\u0105, \u017ceglarsk\u0105, ryback\u0105 i wojennomorsk\u0105. Lw\u00f3w, Dar Pomorza, Elemka","breadcrumb":{"@id":"https:\/\/koszur.net\/index.php\/moje-morze\/legendarne-rejsy\/#breadcrumb"},"inLanguage":"pl-PL","potentialAction":[{"@type":"ReadAction","target":["https:\/\/koszur.net\/index.php\/moje-morze\/legendarne-rejsy\/"]}]},{"@type":"BreadcrumbList","@id":"https:\/\/koszur.net\/index.php\/moje-morze\/legendarne-rejsy\/#breadcrumb","itemListElement":[{"@type":"ListItem","position":1,"name":"Strona g\u0142\u00f3wna","item":"https:\/\/koszur.net\/"},{"@type":"ListItem","position":2,"name":"Moje morze","item":"https:\/\/koszur.net\/index.php\/moje-morze\/"},{"@type":"ListItem","position":3,"name":"Legendarne rejsy"}]},{"@type":"WebSite","@id":"https:\/\/koszur.net\/#website","url":"https:\/\/koszur.net\/","name":"Marek Koszur","description":"","potentialAction":[{"@type":"SearchAction","target":{"@type":"EntryPoint","urlTemplate":"https:\/\/koszur.net\/?s={search_term_string}"},"query-input":{"@type":"PropertyValueSpecification","valueRequired":true,"valueName":"search_term_string"}}],"inLanguage":"pl-PL"}]}},"_links":{"self":[{"href":"https:\/\/koszur.net\/index.php\/wp-json\/wp\/v2\/pages\/3743","targetHints":{"allow":["GET"]}}],"collection":[{"href":"https:\/\/koszur.net\/index.php\/wp-json\/wp\/v2\/pages"}],"about":[{"href":"https:\/\/koszur.net\/index.php\/wp-json\/wp\/v2\/types\/page"}],"author":[{"embeddable":true,"href":"https:\/\/koszur.net\/index.php\/wp-json\/wp\/v2\/users\/990004"}],"replies":[{"embeddable":true,"href":"https:\/\/koszur.net\/index.php\/wp-json\/wp\/v2\/comments?post=3743"}],"version-history":[{"count":14,"href":"https:\/\/koszur.net\/index.php\/wp-json\/wp\/v2\/pages\/3743\/revisions"}],"predecessor-version":[{"id":5962,"href":"https:\/\/koszur.net\/index.php\/wp-json\/wp\/v2\/pages\/3743\/revisions\/5962"}],"up":[{"embeddable":true,"href":"https:\/\/koszur.net\/index.php\/wp-json\/wp\/v2\/pages\/2994"}],"wp:attachment":[{"href":"https:\/\/koszur.net\/index.php\/wp-json\/wp\/v2\/media?parent=3743"}],"curies":[{"name":"wp","href":"https:\/\/api.w.org\/{rel}","templated":true}]}}