{"id":365,"date":"2016-02-05T10:27:11","date_gmt":"2016-02-05T10:27:11","guid":{"rendered":"http:\/\/koszur.net\/?page_id=365"},"modified":"2021-11-08T22:29:31","modified_gmt":"2021-11-08T21:29:31","slug":"interviewsarticles","status":"publish","type":"page","link":"https:\/\/koszur.net\/index.php\/interviewsarticles\/","title":{"rendered":"Interviews\/Articles"},"content":{"rendered":"<p>[vc_row][vc_column]<div class=\"sc_line sc_line_position_left_center sc_line_style_solid\" style=\"border-top-style:solid;\"><span class=\"sc_line_title\" style=\"background-color:\">Latest Articles<\/span><\/div><div id=\"sc_blogger_1609742542\" class=\"sc_blogger layout_excerpt template_excerpt  sc_blogger_horizontal sc_scroll_controls sc_scroll_controls_type_top sc_scroll_controls_horizontal\" style=\"width:25%;height:25px;\" data-animation=\"animated fadeInLeft normal\"><h2 class=\"sc_blogger_title sc_item_title\">jedna kulka<\/h2><div id=\"sc_blogger_1609742542_scroll\" class=\"sc_scroll sc_scroll_horizontal sc_slider_noresize swiper-slider-container scroll-container\" style=\"width:25%;\"><div class=\"sc_scroll_wrapper swiper-wrapper\"><div class=\"sc_scroll_slide swiper-slide\">\t\t<div class=\"post_item post_item_excerpt post_featured_default post_format_standard odd post-44 page type-page status-publish hentry\">\n\t\t\t\t\t\t\n\n\t\t\t\n\t\t\t<div class=\"post_content\">\n                <div class=\"post_content_left\">\n                    <h3 class=\"post_title\"><a href=\"https:\/\/koszur.net\/\">Home<\/a><\/h3>                    <div class=\"post_descr\">\n                    <p>[vc_row content_placement=&#8221;middle&#8221; css=&#8221;.vc_custom_1777224800288{margin-top: 10px !important;}&#8221;][vc_column width=&#8221;1\/3&#8243; css=&#8221;.vc_custom_1777232694584{border-top-width: 3px...<\/p>                    <\/div>\n                <\/div><!-- \/.post_content_left -->\n                <div class=\"post_content_right\">\n                    \t\t\t\t\t\t<div class=\"post_info\">\n\t\t\t\t\t\t\t\t\t<span class=\"post_info_item post_info_posted\"> <a href=\"https:\/\/koszur.net\/\" class=\"post_info_date\">2 February 2016<\/a><\/span>\n\t\t\t\t\t\t\t\t\t\t<span class=\"post_info_item post_info_counters\">\t<a class=\"post_counters_item post_counters_comments icon-chat\" title=\"Comments - 0\" href=\"https:\/\/koszur.net\/#respond\"><span class=\"post_counters_number\">0 Comments<\/span><\/a>\n\t<\/span>\n\t\t\t\t\t\t\t\t<\/div>\n                <\/div><!-- \/.post_content_right -->\n            <\/div>\t<!-- \/.post_content -->\n\n\n        \n\t\t<\/div>\t<!-- \/.post_item -->\n\n\t\t\t<div class=\"post_item post_item_excerpt post_featured_default post_format_standard even post-46 page type-page status-publish hentry\">\n\t\t\t\t\t\t\n\n\t\t\t\n\t\t\t<div class=\"post_content\">\n                <div class=\"post_content_left\">\n                    <h3 class=\"post_title\"><a href=\"https:\/\/koszur.net\/index.php\/masonry\/\">Masonry<\/a><\/h3>                    <div class=\"post_descr\">\n                    <p>[vc_row][vc_column][\/vc_column][\/vc_row][vc_row full_width=&#8221;stretch_row_content_no_spaces&#8221; css=&#8221;.vc_custom_1568964596841{margin-top: 6em !important;background-color: #171717...<\/p>                    <\/div>\n                <\/div><!-- \/.post_content_left -->\n                <div class=\"post_content_right\">\n                    \t\t\t\t\t\t<div class=\"post_info\">\n\t\t\t\t\t\t\t\t\t<span class=\"post_info_item post_info_posted\"> <a href=\"https:\/\/koszur.net\/index.php\/masonry\/\" class=\"post_info_date\">2 February 2016<\/a><\/span>\n\t\t\t\t\t\t\t\t\t\t<span class=\"post_info_item post_info_counters\">\t<a class=\"post_counters_item post_counters_comments icon-chat\" title=\"Comments - 0\" href=\"https:\/\/koszur.net\/index.php\/masonry\/#respond\"><span class=\"post_counters_number\">0 Comments<\/span><\/a>\n\t<\/span>\n\t\t\t\t\t\t\t\t<\/div>\n                <\/div><!-- \/.post_content_right -->\n            <\/div>\t<!-- \/.post_content -->\n\n\n        \n\t\t<\/div>\t<!-- \/.post_item -->\n\n\t\t\t<div class=\"post_item post_item_excerpt post_featured_default post_format_standard odd post-50 page type-page status-publish hentry\">\n\t\t\t\t\t\t\n\n\t\t\t\n\t\t\t<div class=\"post_content\">\n                <div class=\"post_content_left\">\n                    <h3 class=\"post_title\"><a href=\"https:\/\/koszur.net\/index.php\/cobbles\/\">Cobbles<\/a><\/h3>                    <div class=\"post_descr\">\n                    <p>[vc_row][vc_column][\/vc_column][\/vc_row][vc_row full_width=&#8221;stretch_row_content_no_spaces&#8221; css=&#8221;.vc_custom_1455960572399{margin-top: 6em !important;background-color: #171717...<\/p>                    <\/div>\n                <\/div><!-- \/.post_content_left -->\n                <div class=\"post_content_right\">\n                    \t\t\t\t\t\t<div class=\"post_info\">\n\t\t\t\t\t\t\t\t\t<span class=\"post_info_item post_info_posted\"> <a href=\"https:\/\/koszur.net\/index.php\/cobbles\/\" class=\"post_info_date\">2 February 2016<\/a><\/span>\n\t\t\t\t\t\t\t\t\t\t<span class=\"post_info_item post_info_counters\">\t<a class=\"post_counters_item post_counters_comments icon-chat\" title=\"Comments - 0\" href=\"https:\/\/koszur.net\/index.php\/cobbles\/#respond\"><span class=\"post_counters_number\">0 Comments<\/span><\/a>\n\t<\/span>\n\t\t\t\t\t\t\t\t<\/div>\n                <\/div><!-- \/.post_content_right -->\n            <\/div>\t<!-- \/.post_content -->\n\n\n        \n\t\t<\/div>\t<!-- \/.post_item -->\n\n\t\t\t<div class=\"post_item post_item_excerpt post_featured_default post_format_standard even last post-222 page type-page status-publish hentry\">\n\t\t\t\t\t\t\n\n\t\t\t\n\t\t\t<div class=\"post_content\">\n                <div class=\"post_content_left\">\n                    <h3 class=\"post_title\"><a href=\"https:\/\/koszur.net\/index.php\/shortcodes\/\">Shortcodes<\/a><\/h3>                    <div class=\"post_descr\">\n                    <p>...<\/p>                    <\/div>\n                <\/div><!-- \/.post_content_left -->\n                <div class=\"post_content_right\">\n                    \t\t\t\t\t\t<div class=\"post_info\">\n\t\t\t\t\t\t\t\t\t<span class=\"post_info_item post_info_posted\"> <a href=\"https:\/\/koszur.net\/index.php\/shortcodes\/\" class=\"post_info_date\">3 February 2016<\/a><\/span>\n\t\t\t\t\t\t\t\t\t\t<span class=\"post_info_item post_info_counters\">\t<a class=\"post_counters_item post_counters_comments icon-chat\" title=\"Comments - 0\" href=\"https:\/\/koszur.net\/index.php\/shortcodes\/#respond\"><span class=\"post_counters_number\">0 Comments<\/span><\/a>\n\t<\/span>\n\t\t\t\t\t\t\t\t<\/div>\n                <\/div><!-- \/.post_content_right -->\n            <\/div>\t<!-- \/.post_content -->\n\n\n        \n\t\t<\/div>\t<!-- \/.post_item -->\n\n\t<\/div><\/div><div id=\"sc_blogger_1609742542_scroll_bar\" class=\"sc_scroll_bar sc_scroll_bar_horizontal sc_blogger_1609742542_scroll_bar\"><\/div><\/div><div class=\"sc_scroll_controls_wrap\"><a class=\"sc_scroll_prev\" href=\"#\"><\/a><a class=\"sc_scroll_next\" href=\"#\"><\/a><\/div><\/div>[\/vc_column][\/vc_row][vc_row full_width=&#8221;stretch_row&#8221; css=&#8221;.vc_custom_1454575902864{background-color: #171717 !important;}&#8221;][vc_column]<div class=\"sc_content content_wrap\"><h1 class=\"sc_title sc_title_regular sc_align_center\" style=\"text-align:center;\"><span class=\"content-title\">Stay Tuned for Updates<\/span><\/h1>[vc_column_text]<\/p>\n<p style=\"text-align: center;\">I send thoughtful and caring emails<\/p>\n<p>[\/vc_column_text]<div class=\"sc_emailer aligncenter sc_emailer_opened\"><form class=\"sc_emailer_form\"><div class=\"sc_emailer_content\"><input type=\"text\" class=\"sc_emailer_input\" name=\"email\" value=\"\" placeholder=\"Email Address\"><button class=\"sc_emailer_button icon-mail sc_button sc_button_square sc_button_style_filled sc_button_size_small  sc_button_iconed icon-right\" title=\"Submit\" data-group=\"E-mailer subscription\"  disabled=\"disabled\">Submit<\/button><\/div><div class=\"sc_form_field sc_form_field_checkbox\">\n                  <input type=\"checkbox\" id=\"i_agree_privacy_policy_sc_form_1\" name=\"i_agree_privacy_policy\" class=\"sc_form_privacy_checkbox\" value=\"1\">\n                  <label for=\"i_agree_privacy_policy_sc_form_1\">Wyra\u017cam zgod\u0119 na gromadzenie i przechowywanie moich danych adresowych w celu wysy\u0142ania tej wiadomo\u015bci. For further details on handling user data, see our <a href=\"https:\/\/koszur.net\/index.php\/polityka-cookies\/\" target=\"_blank\">Privacy Policy<\/a><\/label><\/div><\/form><\/div><\/div>[\/vc_column][\/vc_row]<\/p>\n","protected":false},"excerpt":{"rendered":"<p>[vc_row][vc_column][\/vc_column][\/vc_row][vc_row full_width=&#8221;stretch_row&#8221; css=&#8221;.vc_custom_1454575902864{background-color: #171717 !important;}&#8221;][vc_column][\/vc_column][\/vc_row]<\/p>\n","protected":false},"author":990004,"featured_media":0,"parent":0,"menu_order":0,"comment_status":"closed","ping_status":"closed","template":"","meta":{"footnotes":""},"class_list":["post-365","page","type-page","status-publish","hentry"],"yoast_head":"<!-- This site is optimized with the Yoast SEO plugin v27.4 - https:\/\/yoast.com\/product\/yoast-seo-wordpress\/ -->\n<title>Interviews\/Articles - Marek Koszur<\/title>\n<meta name=\"robots\" content=\"index, follow, max-snippet:-1, max-image-preview:large, max-video-preview:-1\" \/>\n<link rel=\"canonical\" href=\"https:\/\/koszur.net\/index.php\/interviewsarticles\/\" \/>\n<meta property=\"og:locale\" content=\"pl_PL\" \/>\n<meta property=\"og:type\" content=\"article\" \/>\n<meta property=\"og:title\" content=\"Interviews\/Articles - Marek Koszur\" \/>\n<meta property=\"og:description\" content=\"[vc_row][vc_column][\/vc_column][\/vc_row][vc_row full_width=&#8221;stretch_row&#8221; css=&#8221;.vc_custom_1454575902864{background-color: #171717 !important;}&#8221;][vc_column][\/vc_column][\/vc_row]\" \/>\n<meta property=\"og:url\" content=\"https:\/\/koszur.net\/index.php\/interviewsarticles\/\" \/>\n<meta property=\"og:site_name\" content=\"Marek Koszur\" \/>\n<meta property=\"article:modified_time\" content=\"2021-11-08T21:29:31+00:00\" \/>\n<meta name=\"twitter:card\" content=\"summary_large_image\" \/>\n<meta name=\"twitter:label1\" content=\"Szacowany czas czytania\" \/>\n\t<meta name=\"twitter:data1\" content=\"1 minuta\" \/>\n<script type=\"application\/ld+json\" class=\"yoast-schema-graph\">{\"@context\":\"https:\\\/\\\/schema.org\",\"@graph\":[{\"@type\":\"WebPage\",\"@id\":\"https:\\\/\\\/koszur.net\\\/index.php\\\/interviewsarticles\\\/\",\"url\":\"https:\\\/\\\/koszur.net\\\/index.php\\\/interviewsarticles\\\/\",\"name\":\"Interviews\\\/Articles - Marek Koszur\",\"isPartOf\":{\"@id\":\"https:\\\/\\\/koszur.net\\\/#website\"},\"datePublished\":\"2016-02-05T10:27:11+00:00\",\"dateModified\":\"2021-11-08T21:29:31+00:00\",\"breadcrumb\":{\"@id\":\"https:\\\/\\\/koszur.net\\\/index.php\\\/interviewsarticles\\\/#breadcrumb\"},\"inLanguage\":\"pl-PL\",\"potentialAction\":[{\"@type\":\"ReadAction\",\"target\":[\"https:\\\/\\\/koszur.net\\\/index.php\\\/interviewsarticles\\\/\"]}]},{\"@type\":\"BreadcrumbList\",\"@id\":\"https:\\\/\\\/koszur.net\\\/index.php\\\/interviewsarticles\\\/#breadcrumb\",\"itemListElement\":[{\"@type\":\"ListItem\",\"position\":1,\"name\":\"Strona g\u0142\u00f3wna\",\"item\":\"https:\\\/\\\/koszur.net\\\/\"},{\"@type\":\"ListItem\",\"position\":2,\"name\":\"Interviews\\\/Articles\"}]},{\"@type\":\"WebSite\",\"@id\":\"https:\\\/\\\/koszur.net\\\/#website\",\"url\":\"https:\\\/\\\/koszur.net\\\/\",\"name\":\"Marek Koszur\",\"description\":\"\",\"potentialAction\":[{\"@type\":\"SearchAction\",\"target\":{\"@type\":\"EntryPoint\",\"urlTemplate\":\"https:\\\/\\\/koszur.net\\\/?s={search_term_string}\"},\"query-input\":{\"@type\":\"PropertyValueSpecification\",\"valueRequired\":true,\"valueName\":\"search_term_string\"}}],\"inLanguage\":\"pl-PL\"}]}<\/script>\n<!-- \/ Yoast SEO plugin. -->","yoast_head_json":{"title":"Interviews\/Articles - Marek Koszur","robots":{"index":"index","follow":"follow","max-snippet":"max-snippet:-1","max-image-preview":"max-image-preview:large","max-video-preview":"max-video-preview:-1"},"canonical":"https:\/\/koszur.net\/index.php\/interviewsarticles\/","og_locale":"pl_PL","og_type":"article","og_title":"Interviews\/Articles - Marek Koszur","og_description":"[vc_row][vc_column][\/vc_column][\/vc_row][vc_row full_width=&#8221;stretch_row&#8221; css=&#8221;.vc_custom_1454575902864{background-color: #171717 !important;}&#8221;][vc_column][\/vc_column][\/vc_row]","og_url":"https:\/\/koszur.net\/index.php\/interviewsarticles\/","og_site_name":"Marek Koszur","article_modified_time":"2021-11-08T21:29:31+00:00","twitter_card":"summary_large_image","twitter_misc":{"Szacowany czas czytania":"1 minuta"},"schema":{"@context":"https:\/\/schema.org","@graph":[{"@type":"WebPage","@id":"https:\/\/koszur.net\/index.php\/interviewsarticles\/","url":"https:\/\/koszur.net\/index.php\/interviewsarticles\/","name":"Interviews\/Articles - Marek Koszur","isPartOf":{"@id":"https:\/\/koszur.net\/#website"},"datePublished":"2016-02-05T10:27:11+00:00","dateModified":"2021-11-08T21:29:31+00:00","breadcrumb":{"@id":"https:\/\/koszur.net\/index.php\/interviewsarticles\/#breadcrumb"},"inLanguage":"pl-PL","potentialAction":[{"@type":"ReadAction","target":["https:\/\/koszur.net\/index.php\/interviewsarticles\/"]}]},{"@type":"BreadcrumbList","@id":"https:\/\/koszur.net\/index.php\/interviewsarticles\/#breadcrumb","itemListElement":[{"@type":"ListItem","position":1,"name":"Strona g\u0142\u00f3wna","item":"https:\/\/koszur.net\/"},{"@type":"ListItem","position":2,"name":"Interviews\/Articles"}]},{"@type":"WebSite","@id":"https:\/\/koszur.net\/#website","url":"https:\/\/koszur.net\/","name":"Marek Koszur","description":"","potentialAction":[{"@type":"SearchAction","target":{"@type":"EntryPoint","urlTemplate":"https:\/\/koszur.net\/?s={search_term_string}"},"query-input":{"@type":"PropertyValueSpecification","valueRequired":true,"valueName":"search_term_string"}}],"inLanguage":"pl-PL"}]}},"_links":{"self":[{"href":"https:\/\/koszur.net\/index.php\/wp-json\/wp\/v2\/pages\/365","targetHints":{"allow":["GET"]}}],"collection":[{"href":"https:\/\/koszur.net\/index.php\/wp-json\/wp\/v2\/pages"}],"about":[{"href":"https:\/\/koszur.net\/index.php\/wp-json\/wp\/v2\/types\/page"}],"author":[{"embeddable":true,"href":"https:\/\/koszur.net\/index.php\/wp-json\/wp\/v2\/users\/990004"}],"replies":[{"embeddable":true,"href":"https:\/\/koszur.net\/index.php\/wp-json\/wp\/v2\/comments?post=365"}],"version-history":[{"count":2,"href":"https:\/\/koszur.net\/index.php\/wp-json\/wp\/v2\/pages\/365\/revisions"}],"predecessor-version":[{"id":7395,"href":"https:\/\/koszur.net\/index.php\/wp-json\/wp\/v2\/pages\/365\/revisions\/7395"}],"wp:attachment":[{"href":"https:\/\/koszur.net\/index.php\/wp-json\/wp\/v2\/media?parent=365"}],"curies":[{"name":"wp","href":"https:\/\/api.w.org\/{rel}","templated":true}]}}