{"id":3606,"date":"2020-02-24T22:04:53","date_gmt":"2020-02-24T21:04:53","guid":{"rendered":"http:\/\/koszur.net\/?page_id=3606"},"modified":"2022-01-30T18:14:27","modified_gmt":"2022-01-30T17:14:27","slug":"kapitan-kapitanow-2","status":"publish","type":"page","link":"https:\/\/koszur.net\/index.php\/kapitan-kapitanow-2\/","title":{"rendered":"Kapitan kapitan\u00f3w"},"content":{"rendered":"<p>[vc_row][vc_column]<div class=\"sc_section\"><div class=\"sc_section_inner\"><h6 class=\"sc_section_subtitle sc_item_subtitle\">wydanie trzecie, internetowe - nieustannie uzupe\u0142niane<\/h6><h2 class=\"sc_section_title sc_item_title\">Kapitan kapitan\u00f3w<\/h2><div id=\"sc_slider_1517851253\" class=\"sc_slider sc_slider_revo sc_slider_nocontrols sc_slider_nopagination sc_slider_bg\" data-interval=\"6537\" style=\"width:100%;\">\n\t\t\t<!-- START kapitan kapitanow REVOLUTION SLIDER 6.6.20 --><p class=\"rs-p-wp-fix\"><\/p>\n\t\t\t<rs-module-wrap id=\"rev_slider_3_1_wrapper\" data-source=\"gallery\" style=\"visibility:hidden;background:transparent;padding:0;margin:0px auto;margin-top:0;margin-bottom:0;\">\n\t\t\t\t<rs-module id=\"rev_slider_3_1\" style=\"\" data-version=\"6.6.20\">\n\t\t\t\t\t<rs-slides style=\"overflow: hidden; position: absolute;\">\n\t\t\t\t\t\t<rs-slide style=\"position: absolute;\" data-key=\"rs-14\" data-title=\"Slide\" data-anim=\"ms:1000;r:0;\" data-in=\"o:0;\" data-out=\"a:false;\">\n\t\t\t\t\t\t\t<img decoding=\"async\" src=\"\/\/koszur.net\/wp-content\/plugins\/revslider\/public\/assets\/assets\/dummy.png\" alt=\"Slide\" title=\"Kapitan kapitan\u00f3w\" class=\"rev-slidebg tp-rs-img rs-lazyload\" data-lazyload=\"\/\/koszur.net\/wp-content\/plugins\/revslider\/public\/assets\/assets\/transparent.png\" data-no-retina>\n<!--\n\t\t\t\t\t\t\t--><rs-layer\n\t\t\t\t\t\t\t\tid=\"slider-3-slide-14-layer-0\" \n\t\t\t\t\t\t\t\tdata-type=\"image\"\n\t\t\t\t\t\t\t\tdata-rsp_ch=\"on\"\n\t\t\t\t\t\t\t\tdata-text=\"w:normal;\"\n\t\t\t\t\t\t\t\tdata-dim=\"w:1240px;h:698px;\"\n\t\t\t\t\t\t\t\tdata-frame_999=\"o:0;st:w;sR:8700;\"\n\t\t\t\t\t\t\t\tstyle=\"z-index:8;\"\n\t\t\t\t\t\t\t><img decoding=\"async\" src=\"\/\/koszur.net\/wp-content\/plugins\/revslider\/public\/assets\/assets\/dummy.png\" alt=\"\" class=\"tp-rs-img rs-lazyload\" width=\"1240\" height=\"698\" data-lazyload=\"\/\/koszur.net\/wp-content\/uploads\/2020\/04\/okladka-3.jpg\" data-no-retina> \n\t\t\t\t\t\t\t<\/rs-layer><!--\n\n\t\t\t\t\t\t\t--><rs-layer\n\t\t\t\t\t\t\t\tid=\"slider-3-slide-14-layer-7\" \n\t\t\t\t\t\t\t\tdata-type=\"text\"\n\t\t\t\t\t\t\t\tdata-color=\"#ffffff\"\n\t\t\t\t\t\t\t\tdata-rsp_ch=\"on\"\n\t\t\t\t\t\t\t\tdata-xy=\"x:684px;y:109px;\"\n\t\t\t\t\t\t\t\tdata-text=\"w:normal;s:53;l:66;\"\n\t\t\t\t\t\t\t\tdata-frame_1=\"st:220;sR:220;\"\n\t\t\t\t\t\t\t\tdata-frame_999=\"o:0;st:w;sR:8480;\"\n\t\t\t\t\t\t\t\tstyle=\"z-index:9;font-family:'Roboto';\"\n\t\t\t\t\t\t\t>Wydanie pierwsze \n\t\t\t\t\t\t\t<\/rs-layer><!--\n\n\t\t\t\t\t\t\t--><rs-layer\n\t\t\t\t\t\t\t\tid=\"slider-3-slide-14-layer-11\" \n\t\t\t\t\t\t\t\tdata-type=\"text\"\n\t\t\t\t\t\t\t\tdata-color=\"#ffffff\"\n\t\t\t\t\t\t\t\tdata-rsp_ch=\"on\"\n\t\t\t\t\t\t\t\tdata-xy=\"x:681px;y:216px;\"\n\t\t\t\t\t\t\t\tdata-text=\"w:normal;s:28;l:34;\"\n\t\t\t\t\t\t\t\tdata-frame_1=\"st:810;sR:810;\"\n\t\t\t\t\t\t\t\tdata-frame_999=\"o:0;st:w;sR:7890;\"\n\t\t\t\t\t\t\t\tstyle=\"z-index:12;font-family:'Roboto';\"\n\t\t\t\t\t\t\t>- Marynistyczna ksi\u0105\u017cka roku 1987 \n\t\t\t\t\t\t\t<\/rs-layer><!--\n\n\t\t\t\t\t\t\t--><rs-layer\n\t\t\t\t\t\t\t\tid=\"slider-3-slide-14-layer-12\" \n\t\t\t\t\t\t\t\tdata-type=\"text\"\n\t\t\t\t\t\t\t\tdata-color=\"#ffffff\"\n\t\t\t\t\t\t\t\tdata-rsp_ch=\"on\"\n\t\t\t\t\t\t\t\tdata-xy=\"x:682px;y:183px;\"\n\t\t\t\t\t\t\t\tdata-text=\"w:normal;s:25;l:32;\"\n\t\t\t\t\t\t\t\tdata-frame_1=\"st:540;sR:540;\"\n\t\t\t\t\t\t\t\tdata-frame_999=\"o:0;st:w;sR:8160;\"\n\t\t\t\t\t\t\t\tstyle=\"z-index:11;font-family:'Roboto';\"\n\t\t\t\t\t\t\t>- Nagroda Klubu Publicyst\u00f3w Morskich \n\t\t\t\t\t\t\t<\/rs-layer><!--\n\n\t\t\t\t\t\t\t--><rs-layer\n\t\t\t\t\t\t\t\tid=\"slider-3-slide-14-layer-22\" \n\t\t\t\t\t\t\t\tdata-type=\"text\"\n\t\t\t\t\t\t\t\tdata-color=\"#ffffff\"\n\t\t\t\t\t\t\t\tdata-rsp_ch=\"on\"\n\t\t\t\t\t\t\t\tdata-xy=\"x:697px;y:310px;\"\n\t\t\t\t\t\t\t\tdata-text=\"w:normal;\"\n\t\t\t\t\t\t\t\tdata-frame_999=\"o:0;st:w;\"\n\t\t\t\t\t\t\t\tstyle=\"z-index:13;font-family:'Roboto';\"\n\t\t\t\t\t\t\t>Czy czujesz Kapitanie?...<br \/>\n- wiatr oddech morza niesie.<br \/>\nW wietrze \u2013 lot mewy \u2013 gnie si\u0119.<br \/>\nW wietrze z \u017cagle zapl\u0105tanym,<br \/>\nhuczy zew oceanu. \n\t\t\t\t\t\t\t<\/rs-layer><!--\n-->\t\t\t\t\t\t<\/rs-slide>\n\t\t\t\t\t\t<rs-slide style=\"position: absolute;\" data-key=\"rs-15\" data-title=\"Slide\" data-anim=\"ms:1000;r:0;\" data-in=\"o:0;\" data-out=\"a:false;\">\n\t\t\t\t\t\t\t<img decoding=\"async\" src=\"\/\/koszur.net\/wp-content\/plugins\/revslider\/public\/assets\/assets\/dummy.png\" alt=\"Slide\" title=\"Kapitan kapitan\u00f3w\" class=\"rev-slidebg tp-rs-img rs-lazyload\" data-lazyload=\"\/\/koszur.net\/wp-content\/plugins\/revslider\/public\/assets\/assets\/transparent.png\" data-no-retina>\n<!--\n\t\t\t\t\t\t\t--><rs-layer\n\t\t\t\t\t\t\t\tid=\"slider-3-slide-15-layer-8\" \n\t\t\t\t\t\t\t\tdata-type=\"image\"\n\t\t\t\t\t\t\t\tdata-rsp_ch=\"on\"\n\t\t\t\t\t\t\t\tdata-xy=\"x:2px;y:-1px;\"\n\t\t\t\t\t\t\t\tdata-text=\"w:normal;\"\n\t\t\t\t\t\t\t\tdata-dim=\"w:1240px;h:698px;\"\n\t\t\t\t\t\t\t\tdata-frame_999=\"o:0;st:w;sR:8700;\"\n\t\t\t\t\t\t\t\tstyle=\"z-index:8;\"\n\t\t\t\t\t\t\t><img decoding=\"async\" src=\"\/\/koszur.net\/wp-content\/plugins\/revslider\/public\/assets\/assets\/dummy.png\" alt=\"\" class=\"tp-rs-img rs-lazyload\" width=\"1240\" height=\"698\" data-lazyload=\"\/\/koszur.net\/wp-content\/uploads\/2020\/04\/okladka-2.jpg\" data-no-retina> \n\t\t\t\t\t\t\t<\/rs-layer><!--\n\n\t\t\t\t\t\t\t--><rs-layer\n\t\t\t\t\t\t\t\tid=\"slider-3-slide-15-layer-15\" \n\t\t\t\t\t\t\t\tdata-type=\"text\"\n\t\t\t\t\t\t\t\tdata-color=\"#ffffff\"\n\t\t\t\t\t\t\t\tdata-rsp_ch=\"on\"\n\t\t\t\t\t\t\t\tdata-xy=\"x:67px;y:72px;\"\n\t\t\t\t\t\t\t\tdata-text=\"w:normal;s:46;l:58;\"\n\t\t\t\t\t\t\t\tdata-frame_999=\"o:0;st:w;\"\n\t\t\t\t\t\t\t\tstyle=\"z-index:9;font-family:'Roboto';\"\n\t\t\t\t\t\t\t>Wydanie drugie \n\t\t\t\t\t\t\t<\/rs-layer><!--\n\n\t\t\t\t\t\t\t--><rs-layer\n\t\t\t\t\t\t\t\tid=\"slider-3-slide-15-layer-16\" \n\t\t\t\t\t\t\t\tdata-type=\"text\"\n\t\t\t\t\t\t\t\tdata-color=\"#ffffff\"\n\t\t\t\t\t\t\t\tdata-rsp_ch=\"on\"\n\t\t\t\t\t\t\t\tdata-xy=\"x:66px;y:167px;\"\n\t\t\t\t\t\t\t\tdata-text=\"w:normal;l:24;\"\n\t\t\t\t\t\t\t\tdata-frame_999=\"o:0;st:w;\"\n\t\t\t\t\t\t\t\tstyle=\"z-index:10;font-family:'Roboto';\"\n\t\t\t\t\t\t\t>Pierwsze z planowanej na jedena\u015bcie tom\u00f3w <br \/>serii \"kapitanowie\" \n\t\t\t\t\t\t\t<\/rs-layer><!--\n\n\t\t\t\t\t\t\t--><rs-layer\n\t\t\t\t\t\t\t\tid=\"slider-3-slide-15-layer-20\" \n\t\t\t\t\t\t\t\tdata-type=\"text\"\n\t\t\t\t\t\t\t\tdata-color=\"#ffffff\"\n\t\t\t\t\t\t\t\tdata-rsp_ch=\"on\"\n\t\t\t\t\t\t\t\tdata-xy=\"x:68px;y:297px;\"\n\t\t\t\t\t\t\t\tdata-text=\"w:normal;\"\n\t\t\t\t\t\t\t\tdata-frame_999=\"o:0;st:w;\"\n\t\t\t\t\t\t\t\tstyle=\"z-index:11;font-family:'Roboto';\"\n\t\t\t\t\t\t\t>Tomy II & III:<br \/>Pierwsze wy nauciarze, pierwsze okr\u0119tniki...<br \/> ju\u017c wkr\u00f3tce na tej stronie \n\t\t\t\t\t\t\t<\/rs-layer><!--\n-->\t\t\t\t\t\t<\/rs-slide>\n\t\t\t\t\t\t<rs-slide style=\"position: absolute;\" data-key=\"rs-16\" data-title=\"Slide\" data-anim=\"ms:1000;r:0;\" data-in=\"o:0;\" data-out=\"a:false;\">\n\t\t\t\t\t\t\t<img decoding=\"async\" src=\"\/\/koszur.net\/wp-content\/plugins\/revslider\/public\/assets\/assets\/dummy.png\" alt=\"Slide\" title=\"Kapitan kapitan\u00f3w\" class=\"rev-slidebg tp-rs-img rs-lazyload\" data-lazyload=\"\/\/koszur.net\/wp-content\/plugins\/revslider\/public\/assets\/assets\/transparent.png\" data-no-retina>\n<!--\n\t\t\t\t\t\t\t--><rs-layer\n\t\t\t\t\t\t\t\tid=\"slider-3-slide-16-layer-9\" \n\t\t\t\t\t\t\t\tdata-type=\"image\"\n\t\t\t\t\t\t\t\tdata-rsp_ch=\"on\"\n\t\t\t\t\t\t\t\tdata-xy=\"x:1px;y:-2px;\"\n\t\t\t\t\t\t\t\tdata-text=\"w:normal;\"\n\t\t\t\t\t\t\t\tdata-dim=\"w:1240px;h:698px;\"\n\t\t\t\t\t\t\t\tdata-frame_999=\"o:0;st:w;\"\n\t\t\t\t\t\t\t\tstyle=\"z-index:8;\"\n\t\t\t\t\t\t\t><img decoding=\"async\" src=\"\/\/koszur.net\/wp-content\/plugins\/revslider\/public\/assets\/assets\/dummy.png\" alt=\"\" class=\"tp-rs-img rs-lazyload\" width=\"1240\" height=\"698\" data-lazyload=\"\/\/koszur.net\/wp-content\/uploads\/2020\/04\/tytulowa.jpg\" data-no-retina> \n\t\t\t\t\t\t\t<\/rs-layer><!--\n\n\t\t\t\t\t\t\t--><rs-layer\n\t\t\t\t\t\t\t\tid=\"slider-3-slide-16-layer-17\" \n\t\t\t\t\t\t\t\tdata-type=\"text\"\n\t\t\t\t\t\t\t\tdata-color=\"#ffffff\"\n\t\t\t\t\t\t\t\tdata-rsp_ch=\"on\"\n\t\t\t\t\t\t\t\tdata-xy=\"x:819px;y:92px;\"\n\t\t\t\t\t\t\t\tdata-text=\"w:normal;\"\n\t\t\t\t\t\t\t\tdata-dim=\"w:381px;\"\n\t\t\t\t\t\t\t\tdata-frame_999=\"o:0;st:w;\"\n\t\t\t\t\t\t\t\tstyle=\"z-index:9;font-family:'Roboto';\"\n\t\t\t\t\t\t\t>W 1970 r., w Gdyni, z okazji 50-lecia polskiego szkolnictwa morskiego zorganizowano spotkanie przedstawicieli wszystkich pokole\u0144 marynarzy. (...) On m\u00f3g\u0142 o ka\u017cdym z obecnych powiedzie\u0107 - m\u00f3j ucze\u0144. Ka\u017cdy z nich - nasz kapitan, \u201ekapitan kapitan\u00f3w\". \n\t\t\t\t\t\t\t<\/rs-layer><!--\n-->\t\t\t\t\t\t<\/rs-slide>\n\t\t\t\t\t\t<rs-slide style=\"position: absolute;\" data-key=\"rs-17\" data-title=\"Slide\" data-anim=\"ms:1000;r:0;\" data-in=\"o:0;\" data-out=\"a:false;\">\n\t\t\t\t\t\t\t<img decoding=\"async\" src=\"\/\/koszur.net\/wp-content\/plugins\/revslider\/public\/assets\/assets\/dummy.png\" alt=\"Slide\" title=\"Kapitan kapitan\u00f3w\" class=\"rev-slidebg tp-rs-img rs-lazyload\" data-lazyload=\"\/\/koszur.net\/wp-content\/plugins\/revslider\/public\/assets\/assets\/transparent.png\" data-no-retina>\n<!--\n\t\t\t\t\t\t\t--><rs-layer\n\t\t\t\t\t\t\t\tid=\"slider-3-slide-17-layer-10\" \n\t\t\t\t\t\t\t\tdata-type=\"image\"\n\t\t\t\t\t\t\t\tdata-rsp_ch=\"on\"\n\t\t\t\t\t\t\t\tdata-text=\"w:normal;\"\n\t\t\t\t\t\t\t\tdata-dim=\"w:1240px;h:698px;\"\n\t\t\t\t\t\t\t\tdata-frame_999=\"o:0;st:w;\"\n\t\t\t\t\t\t\t\tstyle=\"z-index:8;\"\n\t\t\t\t\t\t\t><img decoding=\"async\" src=\"\/\/koszur.net\/wp-content\/plugins\/revslider\/public\/assets\/assets\/dummy.png\" alt=\"\" class=\"tp-rs-img rs-lazyload\" width=\"1240\" height=\"698\" data-lazyload=\"\/\/koszur.net\/wp-content\/uploads\/2020\/04\/okladki-1-oraz-2.jpg\" data-no-retina> \n\t\t\t\t\t\t\t<\/rs-layer><!--\n\n\t\t\t\t\t\t\t--><rs-layer\n\t\t\t\t\t\t\t\tid=\"slider-3-slide-17-layer-18\" \n\t\t\t\t\t\t\t\tdata-type=\"text\"\n\t\t\t\t\t\t\t\tdata-color=\"#ffffff\"\n\t\t\t\t\t\t\t\tdata-rsp_ch=\"on\"\n\t\t\t\t\t\t\t\tdata-xy=\"x:77px;y:60px;\"\n\t\t\t\t\t\t\t\tdata-text=\"w:normal;s:21;l:27;\"\n\t\t\t\t\t\t\t\tdata-dim=\"w:469;h:245;\"\n\t\t\t\t\t\t\t\tdata-frame_999=\"o:0;st:w;\"\n\t\t\t\t\t\t\t\tstyle=\"z-index:9;font-family:'Roboto';\"\n\t\t\t\t\t\t\t>...marynarz to cz\u0142owiek namaszczony przez Stw\u00f3rc\u0119. Lepszy od nas nie poprzez zdolno\u015b\u0107 pomniejszania \u015bwiata ogl\u0105danego nieustannie i ci\u0105gle na nowo. Bardziej spe\u0142niony przez koszmar codziennego trudu \u017cycia i pracy, w warunkach jak\u017ce odmiennych od l\u0105dowych. Bli\u017cszy Bogu, bo wype\u0142niony najpi\u0119kniejszymi z ludzkich uczu\u0107, w\u015br\u00f3d kt\u00f3rych t\u0119sknota i samotno\u015b\u0107 s\u0105 bodaj najwa\u017cniejsze. \n\t\t\t\t\t\t\t<\/rs-layer><!--\n-->\t\t\t\t\t\t<\/rs-slide>\n\t\t\t\t\t<\/rs-slides>\n\t\t\t\t<\/rs-module>\n\t\t\t\t<script>\n\t\t\t\t\tsetREVStartSize({c: 'rev_slider_3_1',rl:[1240,1024,778,480],el:[698],gw:[1240],gh:[698],type:'standard',justify:'',layout:'fullwidth',mh:\"0\"});if (window.RS_MODULES!==undefined && window.RS_MODULES.modules!==undefined && window.RS_MODULES.modules[\"revslider31\"]!==undefined) {window.RS_MODULES.modules[\"revslider31\"].once = false;window.revapi3 = undefined;if (window.RS_MODULES.checkMinimal!==undefined) window.RS_MODULES.checkMinimal()}\n\t\t\t\t<\/script>\n\t\t\t<\/rs-module-wrap>\n\t\t\t<!-- END REVOLUTION SLIDER -->\n<\/div>[vc_empty_space][vc_separator border_width=&#8221;3&#8243;][vc_empty_space]<div class=\"columns_wrap sc_columns columns_nofluid sc_columns_count_2\"><div class=\"column-1_2 sc_column_item sc_column_item_1 odd first\">[vc_column_text]Jak powsta\u0142a? Po prostu \u2013 napisa\u0142em j\u0105. Co by\u0142o zadaniem nieco u\u0142atwionym z tej racji, \u017ce ju\u017c od kilku lat zbiera\u0142em materia\u0142y do monograficznej opowie\u015bci o pierwszych polskich nauciarzach. O absolwentach pierwszej polskiej szko\u0142y morskiej Tczewie. Dwa poka\u017anej obj\u0119to\u015bci tomy wyl\u0105dowa\u0142y w gda\u0144skim Wydawnictwie Morskim. Podkupione pzrez szczeci\u0144ski GLOB &#8211; wr\u00f3ci\u0142y na moj\u0105 p\u00f3\u0142k\u0119, po likwidacji wydawnictwa.<\/p>\n<p>Wa\u017cniejsz\u0105 od powy\u017cszego pytania jest kwestia \u2013 dlaczego ksi\u0105\u017cka ta powsta\u0142a?<\/p>\n<p>Po wielkim przesileniu prze\u0142omu lat siedemdziesi\u0105tych i osiemdziesi\u0105tych XX stulecia, w atmosferze ci\u0105g\u0142ej dyskusji i warto\u015bciowania postaw \u2013 sylwetka i dokonania kapitana Konstantego Matyjewicza-Maciejewicza jawi la si\u0119 jak diament po\u015br\u00f3d popio\u0142\u00f3w.<\/p>\n<p>Legenda polskiej marynarki, cz\u0142owiek, spod r\u0119ki kt\u00f3rego wysz\u0142o kilka pokole\u0144 polskich marynarzy i oficer\u00f3w. Wz\u00f3r cn\u00f3t i warto\u015bci.<\/p>\n<p>W tamtych latach s\u0142owa powy\u017csze mia\u0142y &#8211; jeszcze &#8211; swoj\u0105 wag\u0119. Autorytet by\u0142 w cenie. By\u0142 wr\u0119cz nieodzownym elementem budowania skali ocen i warto\u015bci.<\/p>\n<p>Maciejewicz rodzi\u0142 si\u0119 trzy razy. Gdy wydosta\u0142 siebie i swoich marynarzy z zatopionego okr\u0119tu podwodnego, gdy stan\u0105\u0142 na pok\u0142adzie \u201eLwowa\u201d by z polecenia swojego przyjaciela i prze\u0142o\u017conego wykona\u0107 rozkaz: \u201eZnaczy, panie Konstanty niech Pan co\u015b zrobi z tymi \u017caglami\u201d oraz po II wojnie \u015bwiatowej, gdy go\u0142ymi r\u0119koma rozgrzebywa\u0142 gruzy wok\u00f3\u0142 gdy\u0144skiej szko\u0142y morskiej, a w trzy lata p\u00f3\u017aniej \u2013 od podstaw tworzy\u0142 szczeci\u0144sk\u0105 kolebk\u0119 nawigator\u00f3w, bo tu kszta\u0142ci\u0107 si\u0119 mieli oficerowie pok\u0142adowi odradzaj\u0105cej si\u0119 floty.<\/p>\n<p>Nic bez Macaja w dziejach nowo\u017cytnych polskiej bandery si\u0119 nie wydarzy\u0142o. O nikim z tak\u0105 serdeczno\u015bci\u0105 nie opowiadano w mesach i kantynach, w g\u0142\u0119bi l\u0105du i na wybrze\u017cu. \u017beglarska fachowo\u015b\u0107 Maciejewicza wzbudza\u0142a szacunek i podziw. Nawet je\u015bli graniczy\u0142a z czarami i gus\u0142ami \u2013 morze nigdy go nie z\u0142ama\u0142o. Nikogo tak mocno nie do\u015bwiadczy\u0142o wskazuj\u0105c zarazem, \u017ce jest on po\u015br\u00f3d \u015bmiertelnych jego, morza wybra\u0144cem. Najlepszym przyk\u0142adem &#8211; holowanie przysz\u0142ej Bia\u0142ej Damy Ocean\u00f3w do Polski, w morderczym, apokaliptycznym sztormie.<\/p>\n<p>Po ukazaniu si\u0119 drugiego wydania tej ksi\u0105\u017cki, w okresie odwil\u017cy i rozlicze\u0144 z przesz\u0142o\u015bci\u0105, rozgorza\u0142a dyskusja, kt\u00f3rej sens do\u015b\u0107 trafnie uj\u0105\u0142 kapitan Eugeniusz Daszkowski. Zarzuci\u0142 pisz\u0105cemu te s\u0142owa, i\u017c ten \u201enie doko\u0144czy\u0142 trzynastego rozdzia\u0142u\u201d opowie\u015bci o Macaju, pomijaj\u0105c wiele fakt\u00f3w z \u017cycia szczeci\u0144skiej szko\u0142y morskiej, w jej okresie pionierskim, na prze\u0142omie lat 50. i 60. minionego stulecia.<\/p>\n<p>Ca\u0142\u0105 t\u0119 prasow\u0105 polemik\u0119 umieszcz\u0119 na tej stronie. W\u00f3wczas, gdy jeszcze funkcjonowa\u0142 Urz\u0105d Kontroli Prasy i Wydawnictw, dziennikarz podj\u0105\u0142 pr\u00f3b\u0119 naszkicowania sylwetki \u201ekapitana kapitan\u00f3w\u201d. Nie stan\u0105\u0142 przy sztaludze \u017caden z wychowa\u0144c\u00f3w Macaja, a ci spo\u015br\u00f3d p\u0142ywaj\u0105cych literat\u00f3w, je\u015bli przywo\u0142ywali Jego posta\u0107, to g\u0142\u00f3wnie i a\u017c w zakresie powtarzania wspania\u0142ych anegdot i sytuacji zwi\u0105zanych z ich Kapitanem. Tyle i a\u017c tyle.<\/p>\n<p>W polemice prasowej pojawi\u0142y si\u0119 nowe w\u0105tki. Kolejne \u2013 przytoczy\u0142em i rozwin\u0105\u0142em w drugim wydaniu ksi\u0105\u017cki. Wiele innych \u2013 dalej spoczywa w szufladzie. Bo w gruncie rzeczy nie maj\u0105 one nic wsp\u00f3lnego z Macajem! S\u0105 z nie Jego \u015bwiata. Dotycz\u0105 intryg, wa\u015bni, bezkompromisowego karierowiczostwa. A Macaj by\u0142 marynarzem, by\u0142 \u017ceglarzem, kierowa\u0142 szko\u0142\u0105 najtrudniejszej sztuki nawigacji po bezkresnym morzu. Przez \u015bwiat ocean\u00f3w, pozbawiony czyhaj\u0105cych za w\u0119g\u0142em prostaczk\u00f3w (ludzi, kt\u00f3rzy szybko i prosto d\u0105\u017cyli do kariery administracyjnej), ale wymagaj\u0105cy ci\u0105g\u0142ych zwrot\u00f3w i manewr\u00f3w cho\u0107 nie wida\u0107 na nim \u017cadnych dr\u00f3g, a na horyzoncie od wschodu do zachodu wabi\u0105 \u017ceglarzy mrugaj\u0105ce gwiazdy.<\/p>\n<p>Kilka w\u0105tk\u00f3w z \u017cycia Konstantego Matyjewicza-Maciejewicza przywo\u0142am, inne uzupe\u0142ni\u0119 i rozwin\u0119, ale ch\u0119tnie do portretu dodam uwagi Czytelnik\u00f3w, materia\u0142y przechowywane w domowych archiwach uczni\u00f3w Kapitana \u2013 listy, zdj\u0119cia, notatki, zapiski.<\/p>\n<p><strong>Prosz\u0119 si\u0119 nimi podzieli\u0107 ze mn\u0105, z nami. <\/strong><\/p>\n<p>Moja praca nie by\u0142aby mo\u017cliwa do wykonania, gdyby nie pomoc in\u017c. Olgierda Maciejewicza, syna Kapitana. Przez ca\u0142e \u017cycie dokumentowa\u0142 i propagowa\u0142 wiedz\u0119 o morzu Jego Ojca. By\u0142 kronikarzem \u015brodowiska, w jakim \u017cyli i pracowali Jego rodzice, w kt\u00f3rym On sam si\u0119 wychowywa\u0142. Wsp\u00f3\u0142sekundowali panu Olgierdowi siostra i starszy brat \u2013 Danuta i Konstanty.<\/p>\n<p>Dziekuj\u0119! [\/vc_column_text]<\/div><div class=\"column-1_2 sc_column_item sc_column_item_2 even\">[evc_image_with_text title=&#8221;Kadet Konstanty Matyjewicz-Maciejewicz&#8221; text=&#8221;Zdj\u0119cie z okresy po\u0142tawskiego, odnalezione i udost\u0119pnione przez pani\u0105 Ludmi\u0142\u0119 Kopyci\u0144sk\u0105&#8221; image=&#8221;3941&#8243;][vc_empty_space][vc_separator border_width=&#8221;3&#8243;][vc_empty_space][vc_column_text]<\/p>\n<p style=\"text-align: right;\"><strong>Spis tre\u015bci:<\/strong><\/p>\n<p style=\"text-align: right;\">00 <a href=\"http:\/\/koszur.net\/index.php\/kapitan-kapitanow-2\/00-wstep\/\">Wst\u0119p<\/a><\/p>\n<p style=\"text-align: right;\">01 <a href=\"http:\/\/koszur.net\/index.php\/kapitan-kapitanow-2\/01-rozdzial-pierwszy\/\">Rozdzia\u0142 pierwszy<\/a><\/p>\n<p style=\"text-align: right;\">02 <a href=\"http:\/\/koszur.net\/index.php\/kapitan-kapitanow-2\/02-rozdzial-drugi\/\">Rozdzia\u0142 drugi<\/a><\/p>\n<p style=\"text-align: right;\">03 <a href=\"http:\/\/koszur.net\/index.php\/kapitan-kapitanow-2\/03-rozdzial-trzeci\/\">Rozdzia\u0142 trzeci<\/a><\/p>\n<p style=\"text-align: right;\">04 <a href=\"http:\/\/koszur.net\/index.php\/kapitan-kapitanow-2\/04-rozdzial-czwarty\/\">Rozdzia\u0142 czwarty<\/a><\/p>\n<p style=\"text-align: right;\">05 <a href=\"http:\/\/koszur.net\/index.php\/kapitan-kapitanow-2\/05-rozdzial-piaty\/\">Rozdzia\u0142 pi\u0105ty<\/a><\/p>\n<p style=\"text-align: right;\">06 <a href=\"http:\/\/koszur.net\/index.php\/kapitan-kapitanow-2\/06-rozdzial-szosty\/\">Rozdzia\u0142 sz\u00f3sty<\/a><\/p>\n<p style=\"text-align: right;\">07 <a href=\"http:\/\/koszur.net\/index.php\/kapitan-kapitanow-2\/07-rozdzial-siodmy\/\">Rozdzia\u0142 si\u00f3dmy<\/a><\/p>\n<p style=\"text-align: right;\">08 <a href=\"http:\/\/koszur.net\/index.php\/kapitan-kapitanow-2\/08-rozdzial-osmy\/\">Rozdzia\u0142 \u00f3smy<\/a><\/p>\n<p style=\"text-align: right;\">09 <a href=\"http:\/\/koszur.net\/index.php\/kapitan-kapitanow-2\/09-rozdzial-dziewiaty\/\">Rozdzia\u0142 dziewi\u0105ty<\/a><\/p>\n<p style=\"text-align: right;\">10 <a href=\"http:\/\/koszur.net\/index.php\/kapitan-kapitanow-2\/10-rozdzial-dziesiaty\/\">Rozdzia\u0142 dziesi\u0105ty<\/a><\/p>\n<p style=\"text-align: right;\">11 <a href=\"http:\/\/koszur.net\/index.php\/kapitan-kapitanow-2\/11-rozdzial-jedenasty\/\">Rozdzia\u0142 jedenasty<\/a><\/p>\n<p style=\"text-align: right;\">12 <a href=\"http:\/\/koszur.net\/index.php\/kapitan-kapitanow-2\/12-rozdzial-dwunasty\/\">Rozdzia\u0142 dwunasty<\/a><\/p>\n<p style=\"text-align: right;\">13 <a href=\"http:\/\/koszur.net\/index.php\/kapitan-kapitanow-2\/13-rozdzial-trzynasty\/\">Rozdzia\u0142 trzynasty<\/a><\/p>\n<p style=\"text-align: right;\">14 <a href=\"http:\/\/koszur.net\/index.php\/kapitan-kapitanow-2\/14-rozdzial-czternasty\/\">Rozdzia\u0142 czternasty<\/a><\/p>\n<p style=\"text-align: right;\">15 <a href=\"http:\/\/koszur.net\/index.php\/kapitan-kapitanow-2\/15-rozdzial-pietnasty\/\">Rozdzia\u0142 pi\u0119tnasty<\/a><\/p>\n<p style=\"text-align: right;\">16 <a href=\"http:\/\/koszur.net\/index.php\/kapitan-kapitanow-2\/16-poslowie\/\">Pos\u0142owie<\/a><\/p>\n<p>[\/vc_column_text][vc_empty_space][evc_image_with_text title=&#8221;Z\u0142oty Delfin 1991&#8243; text=&#8221;statuetka Z\u0142otego Delfina za osi\u0105gni\u0119cia marynistyczne w pisarstwie i publicystyce<br \/>\n(Kurier Szczeci\u0144ski, 1991)&#8221; image=&#8221;7946&#8243; image_size=&#8221;800&#215;1164&#8243; custom_link=&#8221;url:https%3A%2F%2Fkoszur.net%2Fwp-content%2Fuploads%2F2022%2F01%2Fzloty-delfin-1991.jpg||target:%20_blank|&#8221;][vc_empty_space]<\/div><\/div><\/div><\/div>[vc_empty_space][vc_separator style=&#8221;shadow&#8221; border_width=&#8221;3&#8243;][vc_empty_space][vc_text_separator title=&#8221;Kapitan kapitan\u00f3w &#8211; uzupe\u0142nienia i komentarze&#8221; i_icon_fontawesome=&#8221;fa fa-anchor&#8221; add_icon=&#8221;true&#8221;][vc_empty_space]\n<div class=\"wpcf7 no-js\" id=\"wpcf7-f7212-o1\" lang=\"pl-PL\" dir=\"ltr\" data-wpcf7-id=\"7212\">\n<div class=\"screen-reader-response\"><p role=\"status\" aria-live=\"polite\" aria-atomic=\"true\"><\/p> <ul><\/ul><\/div>\n<form action=\"\/index.php\/wp-json\/wp\/v2\/pages\/3606#wpcf7-f7212-o1\" method=\"post\" class=\"wpcf7-form init\" aria-label=\"Formularz kontaktowy\" novalidate=\"novalidate\" data-status=\"init\">\n<fieldset class=\"hidden-fields-container\"><input type=\"hidden\" name=\"_wpcf7\" value=\"7212\" \/><input type=\"hidden\" name=\"_wpcf7_version\" value=\"6.1.5\" \/><input type=\"hidden\" name=\"_wpcf7_locale\" value=\"pl_PL\" \/><input type=\"hidden\" name=\"_wpcf7_unit_tag\" value=\"wpcf7-f7212-o1\" \/><input type=\"hidden\" name=\"_wpcf7_container_post\" value=\"0\" \/><input type=\"hidden\" name=\"_wpcf7_posted_data_hash\" value=\"\" \/><input type=\"hidden\" name=\"_wpcf7_recaptcha_response\" value=\"\" \/>\n<\/fieldset>\n<div class=\"form_info\">\n\t<p><span class=\"wpcf7-form-control-wrap\" data-name=\"text-173\"><input size=\"40\" maxlength=\"400\" class=\"wpcf7-form-control wpcf7-text wpcf7-validates-as-required\" aria-required=\"true\" aria-invalid=\"false\" placeholder=\"Imie i nazwisko*\" value=\"\" type=\"text\" name=\"text-173\" \/><\/span><span class=\"wpcf7-form-control-wrap\" data-name=\"email-273\"><input size=\"40\" maxlength=\"400\" class=\"wpcf7-form-control wpcf7-email wpcf7-validates-as-required wpcf7-text wpcf7-validates-as-email\" aria-required=\"true\" aria-invalid=\"false\" placeholder=\"E-mail*\" value=\"\" type=\"email\" name=\"email-273\" \/><\/span>\n\t<\/p>\n<\/div>\n<div class=\"form_subject\">\n\t<p><span class=\"wpcf7-form-control-wrap\" data-name=\"your-subject\"><input size=\"40\" maxlength=\"400\" class=\"wpcf7-form-control wpcf7-text\" aria-invalid=\"false\" placeholder=\"Temat\" value=\"\" type=\"text\" name=\"your-subject\" \/><\/span>\n\t<\/p>\n<\/div>\n<p><span class=\"wpcf7-form-control-wrap\" data-name=\"textarea-472\"><textarea cols=\"40\" rows=\"10\" maxlength=\"2000\" class=\"wpcf7-form-control wpcf7-textarea wpcf7-validates-as-required\" aria-required=\"true\" aria-invalid=\"false\" placeholder=\"Message\" name=\"textarea-472\"><\/textarea><\/span><br \/>\n<span class=\"wpcf7-form-control-wrap\" data-name=\"acceptance-381\"><span class=\"wpcf7-form-control wpcf7-acceptance\"><span class=\"wpcf7-list-item\"><label><input type=\"checkbox\" name=\"acceptance-381\" value=\"1\" aria-invalid=\"false\" \/><span class=\"wpcf7-list-item-label\">Wyra\u017cam zgod\u0119 na gromadzenie i przechowywanie moich danych adresowych na potrzeby tej korespondencji.<\/span><\/label><\/span><\/span><\/span>\n<\/p>\n<div class=\"form_button\">\n\t<p><input class=\"wpcf7-form-control wpcf7-submit has-spinner\" type=\"submit\" value=\"Wysy\u0142am\" \/>\n\t<\/p>\n<\/div><div class=\"wpcf7-response-output\" aria-hidden=\"true\"><\/div>\n<\/form>\n<\/div>\n[\/vc_column][\/vc_row]<\/p>\n","protected":false},"excerpt":{"rendered":"<p>[vc_row][vc_column][vc_empty_space][vc_separator style=&#8221;shadow&#8221; border_width=&#8221;3&#8243;][vc_empty_space][vc_text_separator title=&#8221;Kapitan kapitan\u00f3w &#8211; uzupe\u0142nienia i komentarze&#8221; i_icon_fontawesome=&#8221;fa fa-anchor&#8221; add_icon=&#8221;true&#8221;][vc_empty_space][\/vc_column][\/vc_row]<\/p>\n","protected":false},"author":990004,"featured_media":0,"parent":0,"menu_order":0,"comment_status":"closed","ping_status":"closed","template":"","meta":{"footnotes":""},"class_list":["post-3606","page","type-page","status-publish","hentry"],"_links":{"self":[{"href":"https:\/\/koszur.net\/index.php\/wp-json\/wp\/v2\/pages\/3606","targetHints":{"allow":["GET"]}}],"collection":[{"href":"https:\/\/koszur.net\/index.php\/wp-json\/wp\/v2\/pages"}],"about":[{"href":"https:\/\/koszur.net\/index.php\/wp-json\/wp\/v2\/types\/page"}],"author":[{"embeddable":true,"href":"https:\/\/koszur.net\/index.php\/wp-json\/wp\/v2\/users\/990004"}],"replies":[{"embeddable":true,"href":"https:\/\/koszur.net\/index.php\/wp-json\/wp\/v2\/comments?post=3606"}],"version-history":[{"count":22,"href":"https:\/\/koszur.net\/index.php\/wp-json\/wp\/v2\/pages\/3606\/revisions"}],"predecessor-version":[{"id":7948,"href":"https:\/\/koszur.net\/index.php\/wp-json\/wp\/v2\/pages\/3606\/revisions\/7948"}],"wp:attachment":[{"href":"https:\/\/koszur.net\/index.php\/wp-json\/wp\/v2\/media?parent=3606"}],"curies":[{"name":"wp","href":"https:\/\/api.w.org\/{rel}","templated":true}]}}