{"id":3536,"date":"2020-02-18T19:55:52","date_gmt":"2020-02-18T18:55:52","guid":{"rendered":"http:\/\/koszur.net\/?page_id=3536"},"modified":"2021-12-04T06:51:07","modified_gmt":"2021-12-04T05:51:07","slug":"przez-trzy-oceany","status":"publish","type":"page","link":"https:\/\/koszur.net\/index.php\/przez-trzy-oceany\/","title":{"rendered":"Przez trzy oceany"},"content":{"rendered":"<p>[vc_row][vc_column]<div class=\"sc_section\"><div class=\"sc_section_inner\"><div class=\"sc_section\"><div class=\"sc_section_inner\">[vc_raw_html]JTNDaDElMjBzdHlsZSUzRCUyMnRleHQtYWxpZ24lM0ElMjBjZW50ZXIlMjIlMjBjbGFzcyUzRCUyMnZjX2N1c3RvbV9oZWFkaW5nJTIyJTNFUHJ6ZXolMjB0cnp5JTIwb2NlYW55JTNDJTJGaDElM0UlMEElM0NoNSUyMHN0eWxlJTNEJTIydGV4dC1hbGlnbiUzQSUyMGNlbnRlciUyMiUyMGNsYXNzJTNEJTIydmNfY3VzdG9tX2hlYWRpbmclMjIlM0VEb2t1bWVudGFjamElMjBwaWVyd3N6ZWdvJTIwdyUyMGR6aWVqYWNoJTIwcG9sc2tpZWolMjBiYW5kZXJ5JTIwd29rJUMzJUIzJUM1JTgyemllbXNraWVnbyUyMHJlanN1JTIwc3RhdGt1JTIwc3prb2xuZWdvJTIwJTIyRGFyJTIwUG9tb3J6YSUyMiUyMC0lMjAxOTM0JTJGMzUlM0MlMkZoNSUzRSUyMCU1Qm5vX3RvYyU1RA==[\/vc_raw_html]<div class=\"evc-image-gallery evc-shortcode evc-element-has-columns  evc-ig-grid-type evc-four-columns evc-tiny-space  \">\n\t<div class=\"evc-ig-wrapper evc-element-wrapper\">\n\t\t\t\t\t<div class=\"evc-ig-image-item evc-element-item\">\n\t\t\t\t<div class=\"evc-ig-image evc-ib-lightbox\">\n\t\t\t\t\t\t\t\t\t\t\n\t\t\t\t\t\t\t\t\t\t\t<a class=\"evc-ig-lightbox\" href=\"https:\/\/koszur.net\/wp-content\/uploads\/2021\/12\/meissner-dookola-swiata-1.jpg\" data-lightbox=\"evc-ig-lb-2001\" data-title=\"Tadeusz Meissner Dooko\u0142a \u015bwiata na 'Darze Pomorza&#8217; strona tytu\u0142owa\">\n\t\t\t\t\t\t\t\t\t\t\n\t\t\t\t\t<img decoding=\"async\" src=\"https:\/\/koszur.net\/wp-content\/uploads\/2021\/12\/meissner-dookola-swiata-1-300x474.jpg\" alt=\"Tadeusz Meissner Dooko\u0142a \u015bwiata na &#039;Darze Pomorza&#039; strona tytu\u0142owa\" width=\"300\" height=\"474\" \/>\t\t\t\t\t\n\t\t\t\t\t\t\t\t\t\t\t<\/a>\n\t\t\t\t\t\t\t\t\t<\/div>\n\t\t\t<\/div>\n\t\t\t\t\t<div class=\"evc-ig-image-item evc-element-item\">\n\t\t\t\t<div class=\"evc-ig-image evc-ib-lightbox\">\n\t\t\t\t\t\t\t\t\t\t\n\t\t\t\t\t\t\t\t\t\t\t<a class=\"evc-ig-lightbox\" href=\"https:\/\/koszur.net\/wp-content\/uploads\/2018\/05\/Meissner-A.jpg\" data-lightbox=\"evc-ig-lb-2001\" data-title=\"Tadeusz Meissner Dooko\u0142a \u015bwiata na 'Darze Pomorza&#8217; strona tytu\u0142owa 2\">\n\t\t\t\t\t\t\t\t\t\t\n\t\t\t\t\t<img decoding=\"async\" src=\"https:\/\/koszur.net\/wp-content\/uploads\/2018\/05\/Meissner-A-300x474.jpg\" alt=\"Tadeusz Meissner Dooko\u0142a \u015bwiata na &#039;Darze Pomorza&#039; strona tytu\u0142owa 2\" width=\"300\" height=\"474\" \/>\t\t\t\t\t\n\t\t\t\t\t\t\t\t\t\t\t<\/a>\n\t\t\t\t\t\t\t\t\t<\/div>\n\t\t\t<\/div>\n\t\t\t\t\t<div class=\"evc-ig-image-item evc-element-item\">\n\t\t\t\t<div class=\"evc-ig-image evc-ib-lightbox\">\n\t\t\t\t\t\t\t\t\t\t\n\t\t\t\t\t\t\t\t\t\t\t<a class=\"evc-ig-lightbox\" href=\"https:\/\/koszur.net\/wp-content\/uploads\/2018\/05\/Rokicinski-B.jpg\" data-lightbox=\"evc-ig-lb-2001\" data-title=\"Zbigniew Rokici\u0144ski &#8222;Darem Pomorza&#8221; naoko\u0142o \u015bwiata &#8211; strona tytu\u0142owa\">\n\t\t\t\t\t\t\t\t\t\t\n\t\t\t\t\t<img decoding=\"async\" src=\"https:\/\/koszur.net\/wp-content\/uploads\/2018\/05\/Rokicinski-B-300x474.jpg\" alt=\"Zbigniew Rokici\u0144ski &quot;Darem Pomorza&quot; naoko\u0142o \u015bwiata - strona tytu\u0142owa\" width=\"300\" height=\"474\" \/>\t\t\t\t\t\n\t\t\t\t\t\t\t\t\t\t\t<\/a>\n\t\t\t\t\t\t\t\t\t<\/div>\n\t\t\t<\/div>\n\t\t\t\t\t<div class=\"evc-ig-image-item evc-element-item\">\n\t\t\t\t<div class=\"evc-ig-image evc-ib-lightbox\">\n\t\t\t\t\t\t\t\t\t\t\n\t\t\t\t\t\t\t\t\t\t\t<a class=\"evc-ig-lightbox\" href=\"https:\/\/koszur.net\/wp-content\/uploads\/2018\/05\/Rokicinski-A.jpg\" data-lightbox=\"evc-ig-lb-2001\" data-title=\"Zbigniew Rokici\u0144ski &#8222;Darem Pomorza&#8221; naoko\u0142o \u015bwiata &#8211; ok\u0142adka\">\n\t\t\t\t\t\t\t\t\t\t\n\t\t\t\t\t<br \/>\n<b>Warning<\/b>:  file_exists(): open_basedir restriction in effect. File(\/-300x474.) is not within the allowed path(s): (\/home\/klient.dhosting.pl\/ccdpl\/koszur.net\/:\/home\/klient.dhosting.pl\/ccdpl\/.tmp\/:\/demonek\/www\/public\/bledy.demonek.com\/:\/usr\/local\/lsws\/share\/autoindex:\/usr\/local\/php\/:\/dev\/urandom:\/opt\/alt\/php74\/usr\/share\/pear\/:\/opt\/alt\/php74\/usr\/share\/php:\/opt\/alt\/php74\/) in <b>\/home\/klient.dhosting.pl\/ccdpl\/koszur.net\/public_html\/wp-content\/plugins\/extensive-vc-addon\/lib\/helpers-functions.php<\/b> on line <b>300<\/b><br \/>\n<img decoding=\"async\" src=\"https:\/\/koszur.net\/wp-content\/uploads\/2018\/05\/Rokicinski-A.jpg\" alt=\"Zbigniew Rokici\u0144ski &quot;Darem Pomorza&quot; naoko\u0142o \u015bwiata - ok\u0142adka\" width=\"300\" height=\"474\" \/>\t\t\t\t\t\n\t\t\t\t\t\t\t\t\t\t\t<\/a>\n\t\t\t\t\t\t\t\t\t<\/div>\n\t\t\t<\/div>\n\t\t\t\t\t<div class=\"evc-ig-image-item evc-element-item\">\n\t\t\t\t<div class=\"evc-ig-image evc-ib-lightbox\">\n\t\t\t\t\t\t\t\t\t\t\n\t\t\t\t\t\t\t\t\t\t\t<a class=\"evc-ig-lightbox\" href=\"https:\/\/koszur.net\/wp-content\/uploads\/2021\/12\/Kulleschitz-rejs-dookola-swiata-1.jpg\" data-lightbox=\"evc-ig-lb-2001\" data-title=\"Fryderyk Kulleschitz Rejs dooko\u0142a \u015bwiata &#8211; strona tytu\u0142owa\">\n\t\t\t\t\t\t\t\t\t\t\n\t\t\t\t\t<img decoding=\"async\" src=\"https:\/\/koszur.net\/wp-content\/uploads\/2021\/12\/Kulleschitz-rejs-dookola-swiata-1-300x474.jpg\" alt=\"Fryderyk Kulleschitz Rejs dooko\u0142a \u015bwiata - strona tytu\u0142owa\" width=\"300\" height=\"474\" \/>\t\t\t\t\t\n\t\t\t\t\t\t\t\t\t\t\t<\/a>\n\t\t\t\t\t\t\t\t\t<\/div>\n\t\t\t<\/div>\n\t\t\t\t\t<div class=\"evc-ig-image-item evc-element-item\">\n\t\t\t\t<div class=\"evc-ig-image evc-ib-lightbox\">\n\t\t\t\t\t\t\t\t\t\t\n\t\t\t\t\t\t\t\t\t\t\t<a class=\"evc-ig-lightbox\" href=\"https:\/\/koszur.net\/wp-content\/uploads\/2021\/12\/KUlleschitz-A-rejs-dookola-swiata-1.jpg\" data-lightbox=\"evc-ig-lb-2001\" data-title=\"Fryderyk Kulleschitz Rejs dooko\u0142a \u015bwiata &#8211; ok\u0142adka\">\n\t\t\t\t\t\t\t\t\t\t\n\t\t\t\t\t<img decoding=\"async\" src=\"https:\/\/koszur.net\/wp-content\/uploads\/2021\/12\/KUlleschitz-A-rejs-dookola-swiata-1-300x474.jpg\" alt=\"Fryderyk Kulleschitz Rejs dooko\u0142a \u015bwiata - ok\u0142adka\" width=\"300\" height=\"474\" \/>\t\t\t\t\t\n\t\t\t\t\t\t\t\t\t\t\t<\/a>\n\t\t\t\t\t\t\t\t\t<\/div>\n\t\t\t<\/div>\n\t\t\t\t\t<div class=\"evc-ig-image-item evc-element-item\">\n\t\t\t\t<div class=\"evc-ig-image evc-ib-lightbox\">\n\t\t\t\t\t\t\t\t\t\t\n\t\t\t\t\t\t\t\t\t\t\t<a class=\"evc-ig-lightbox\" href=\"https:\/\/koszur.net\/wp-content\/uploads\/2021\/12\/Kosko-przez-trzy-oceany-b-1.jpg\" data-lightbox=\"evc-ig-lb-2001\" data-title=\"Stanis\u0142aw Kosko Przez trzy oceany &#8211; strona tytu\u0142owa\">\n\t\t\t\t\t\t\t\t\t\t\n\t\t\t\t\t<img decoding=\"async\" src=\"https:\/\/koszur.net\/wp-content\/uploads\/2021\/12\/Kosko-przez-trzy-oceany-b-1-300x474.jpg\" alt=\"Stanis\u0142aw Kosko Przez trzy oceany - strona tytu\u0142owa\" width=\"300\" height=\"474\" \/>\t\t\t\t\t\n\t\t\t\t\t\t\t\t\t\t\t<\/a>\n\t\t\t\t\t\t\t\t\t<\/div>\n\t\t\t<\/div>\n\t\t\t\t\t<div class=\"evc-ig-image-item evc-element-item\">\n\t\t\t\t<div class=\"evc-ig-image evc-ib-lightbox\">\n\t\t\t\t\t\t\t\t\t\t\n\t\t\t\t\t\t\t\t\t\t\t<a class=\"evc-ig-lightbox\" href=\"https:\/\/koszur.net\/wp-content\/uploads\/2021\/12\/kosko-A-7przez-trzy-oceany-1.jpg\" data-lightbox=\"evc-ig-lb-2001\" data-title=\"Stanis\u0142aw Kosko Przez trzy oceany &#8211; ok\u0142adka\">\n\t\t\t\t\t\t\t\t\t\t\n\t\t\t\t\t<img decoding=\"async\" src=\"https:\/\/koszur.net\/wp-content\/uploads\/2021\/12\/kosko-A-7przez-trzy-oceany-1-300x474.jpg\" alt=\"Stanis\u0142aw Kosko Przez trzy oceany - ok\u0142adka\" width=\"300\" height=\"474\" \/>\t\t\t\t\t\n\t\t\t\t\t\t\t\t\t\t\t<\/a>\n\t\t\t\t\t\t\t\t\t<\/div>\n\t\t\t<\/div>\n\t\t\t<\/div>\n<\/div>\n<\/div><\/div><\/div><\/div>[vc_empty_space][\/vc_column][\/vc_row][vc_row][vc_column]<div class=\"sc_section\"><div class=\"sc_section_inner\">[vc_empty_space el_class=&#8221;`{`no_toc`}`&#8221;]<\/div><\/div>[vc_text_separator title=&#8221;Od Redaktora&#8221;][vc_empty_space]<div class=\"evc-blog-list evc-shortcode evc-element-has-columns  evc-bl-standard  evc-three-columns evc-small-space evc-has-pagination evc-load-more \" data-options=\"{&quot;module&quot;:&quot;shortcodes&quot;,&quot;shortcode_name&quot;:&quot;blog-list&quot;,&quot;post_type&quot;:&quot;post&quot;,&quot;next_page&quot;:&quot;2&quot;,&quot;max_pages_num&quot;:1,&quot;type&quot;:&quot;standard&quot;,&quot;number_of_posts&quot;:&quot;3&quot;,&quot;number_of_columns&quot;:&quot;three&quot;,&quot;space_between_items&quot;:&quot;small&quot;,&quot;category&quot;:&quot;przez-trzy-oceany&quot;,&quot;orderby&quot;:&quot;date&quot;,&quot;order&quot;:&quot;ASC&quot;,&quot;pagination_type&quot;:&quot;load-more&quot;,&quot;image_proportions&quot;:&quot;full&quot;,&quot;title_tag&quot;:&quot;h4&quot;,&quot;enable_excerpt&quot;:&quot;yes&quot;,&quot;enable_category&quot;:&quot;yes&quot;,&quot;enable_author&quot;:&quot;yes&quot;,&quot;enable_date&quot;:&quot;yes&quot;,&quot;button_text&quot;:&quot;Load More&quot;}\">\n\t<div class=\"evc-bl-wrapper evc-element-wrapper\">\n\t\t<div class=\"evc-bl-item evc-element-item\">\n\t<div class=\"evc-bli-inner\">\n\t\t\t<div class=\"evc-bli-image evc-ib-zoom\">\n\t\t<a href=\"https:\/\/koszur.net\/index.php\/2020\/02\/18\/przez-trzy-oceany\/\"><img decoding=\"async\" width=\"1200\" height=\"1687\" src=\"https:\/\/koszur.net\/wp-content\/uploads\/2019\/12\/przez-trzy-oceany-maszynopis-1-strona.jpg\" class=\"attachment-full size-full wp-post-image\" alt=\"\" srcset=\"https:\/\/koszur.net\/wp-content\/uploads\/2019\/12\/przez-trzy-oceany-maszynopis-1-strona.jpg 1200w, https:\/\/koszur.net\/wp-content\/uploads\/2019\/12\/przez-trzy-oceany-maszynopis-1-strona-650x914.jpg 650w, https:\/\/koszur.net\/wp-content\/uploads\/2019\/12\/przez-trzy-oceany-maszynopis-1-strona-213x300.jpg 213w, https:\/\/koszur.net\/wp-content\/uploads\/2019\/12\/przez-trzy-oceany-maszynopis-1-strona-728x1024.jpg 728w, https:\/\/koszur.net\/wp-content\/uploads\/2019\/12\/przez-trzy-oceany-maszynopis-1-strona-768x1080.jpg 768w, https:\/\/koszur.net\/wp-content\/uploads\/2019\/12\/przez-trzy-oceany-maszynopis-1-strona-1093x1536.jpg 1093w\" sizes=\"(max-width: 1200px) 100vw, 1200px\" \/><\/a>\n\t<\/div>\n\t\t<div class=\"evc-bli-content\">\n\t\t\t<div class=\"evc-bli-post-info evc-bli-post-info-top\">\n\t\t\t\t\t<div class=\"evc-bli-category\"><a href=\"https:\/\/koszur.net\/index.php\/category\/post\/\" rel=\"category tag\">Post<\/a>, <a href=\"https:\/\/koszur.net\/index.php\/category\/post\/przez-trzy-oceany\/\" rel=\"category tag\">Przez trzy oceany<\/a><\/div>\n\t\t\t\t\t<div class=\"evc-bli-date entry-date published updated\">\n\t\t<a href=\"https:\/\/koszur.net\/index.php\/02\/2020\/\">18 lutego 2020<\/a>\n\t<\/div>\n\t\t\t<\/div>\n\t\t\t<h4 class=\"evc-bli-title entry-title\"><a href=\"https:\/\/koszur.net\/index.php\/2020\/02\/18\/przez-trzy-oceany\/\">Przez trzy oceany &#8211; Maszynopis<\/a><\/h4>\t\t\t\t<p class=\"evc-bli-excerpt\">Przez trzy oceany &#8211; Maszynopis Zachowa\u0142 si\u0119. Z autorskimi poprawkami. Jeszcze przed korekt\u0105<\/p>\n\t\t\t<div class=\"evc-bli-post-info evc-bli-post-info-bottom\">\n\t\t\t\t\t<div class=\"evc-bli-author\">\n\t\t<a class=\"evc-bli-author-link\" href=\"https:\/\/koszur.net\/index.php\/author\/marekk\/\">\n\t\t\t<span class=\"evc-bli-author-label\">by<\/span>\n\t\t\t<span class=\"evc-bli-author-name\">Marek Koszur<\/span>\n\t\t<\/a>\n\t<\/div>\n\t\t\t<\/div>\n\t\t<\/div>\n\t<\/div>\n<\/div><div class=\"evc-bl-item evc-element-item\">\n\t<div class=\"evc-bli-inner\">\n\t\t\t<div class=\"evc-bli-image evc-ib-zoom\">\n\t\t<a href=\"https:\/\/koszur.net\/index.php\/2020\/02\/18\/stanislaw-kosko-przez-trzy-oceany-nota-edytorska\/\"><img decoding=\"async\" width=\"800\" height=\"1172\" src=\"https:\/\/koszur.net\/wp-content\/uploads\/2018\/06\/okladka-pzrez-trzy-oceany-01.jpg\" class=\"attachment-full size-full wp-post-image\" alt=\"\" srcset=\"https:\/\/koszur.net\/wp-content\/uploads\/2018\/06\/okladka-pzrez-trzy-oceany-01.jpg 800w, https:\/\/koszur.net\/wp-content\/uploads\/2018\/06\/okladka-pzrez-trzy-oceany-01-650x952.jpg 650w, https:\/\/koszur.net\/wp-content\/uploads\/2018\/06\/okladka-pzrez-trzy-oceany-01-205x300.jpg 205w, https:\/\/koszur.net\/wp-content\/uploads\/2018\/06\/okladka-pzrez-trzy-oceany-01-699x1024.jpg 699w, https:\/\/koszur.net\/wp-content\/uploads\/2018\/06\/okladka-pzrez-trzy-oceany-01-768x1125.jpg 768w\" sizes=\"(max-width: 800px) 100vw, 800px\" \/><\/a>\n\t<\/div>\n\t\t<div class=\"evc-bli-content\">\n\t\t\t<div class=\"evc-bli-post-info evc-bli-post-info-top\">\n\t\t\t\t\t<div class=\"evc-bli-category\"><a href=\"https:\/\/koszur.net\/index.php\/category\/post\/\" rel=\"category tag\">Post<\/a>, <a href=\"https:\/\/koszur.net\/index.php\/category\/post\/przez-trzy-oceany\/\" rel=\"category tag\">Przez trzy oceany<\/a><\/div>\n\t\t\t\t\t<div class=\"evc-bli-date entry-date published updated\">\n\t\t<a href=\"https:\/\/koszur.net\/index.php\/02\/2020\/\">18 lutego 2020<\/a>\n\t<\/div>\n\t\t\t<\/div>\n\t\t\t<h4 class=\"evc-bli-title entry-title\"><a href=\"https:\/\/koszur.net\/index.php\/2020\/02\/18\/stanislaw-kosko-przez-trzy-oceany-nota-edytorska\/\">Stanis\u0142aw Kosko PRZEZ TRZY OCEANY &#8211; Nota edytorska<\/a><\/h4>\t\t\t\t<p class=\"evc-bli-excerpt\">Nota edytorska Przez trzy oceany. Notatki z podr\u00f3\u017cy \u201eDaru Pomorza&#8221; dooko\u0142a \u015bwiata. Warsz<\/p>\n\t\t\t<div class=\"evc-bli-post-info evc-bli-post-info-bottom\">\n\t\t\t\t\t<div class=\"evc-bli-author\">\n\t\t<a class=\"evc-bli-author-link\" href=\"https:\/\/koszur.net\/index.php\/author\/marekk\/\">\n\t\t\t<span class=\"evc-bli-author-label\">by<\/span>\n\t\t\t<span class=\"evc-bli-author-name\">Marek Koszur<\/span>\n\t\t<\/a>\n\t<\/div>\n\t\t\t<\/div>\n\t\t<\/div>\n\t<\/div>\n<\/div><div class=\"evc-bl-item evc-element-item\">\n\t<div class=\"evc-bli-inner\">\n\t\t\t<div class=\"evc-bli-image evc-ib-zoom\">\n\t\t<a href=\"https:\/\/koszur.net\/index.php\/2020\/02\/27\/stanislaw-kosko-przez-trzy-oceany-wstep\/\"><img decoding=\"async\" width=\"1100\" height=\"1594\" src=\"https:\/\/koszur.net\/wp-content\/uploads\/2018\/05\/moj-Kosko-4.jpg\" class=\"attachment-full size-full wp-post-image\" alt=\"\" srcset=\"https:\/\/koszur.net\/wp-content\/uploads\/2018\/05\/moj-Kosko-4.jpg 1100w, https:\/\/koszur.net\/wp-content\/uploads\/2018\/05\/moj-Kosko-4-650x942.jpg 650w, https:\/\/koszur.net\/wp-content\/uploads\/2018\/05\/moj-Kosko-4-207x300.jpg 207w, https:\/\/koszur.net\/wp-content\/uploads\/2018\/05\/moj-Kosko-4-707x1024.jpg 707w, https:\/\/koszur.net\/wp-content\/uploads\/2018\/05\/moj-Kosko-4-768x1113.jpg 768w, https:\/\/koszur.net\/wp-content\/uploads\/2018\/05\/moj-Kosko-4-1060x1536.jpg 1060w\" sizes=\"(max-width: 1100px) 100vw, 1100px\" \/><\/a>\n\t<\/div>\n\t\t<div class=\"evc-bli-content\">\n\t\t\t<div class=\"evc-bli-post-info evc-bli-post-info-top\">\n\t\t\t\t\t<div class=\"evc-bli-category\"><a href=\"https:\/\/koszur.net\/index.php\/category\/post\/\" rel=\"category tag\">Post<\/a>, <a href=\"https:\/\/koszur.net\/index.php\/category\/post\/przez-trzy-oceany\/\" rel=\"category tag\">Przez trzy oceany<\/a><\/div>\n\t\t\t\t\t<div class=\"evc-bli-date entry-date published updated\">\n\t\t<a href=\"https:\/\/koszur.net\/index.php\/02\/2020\/\">27 lutego 2020<\/a>\n\t<\/div>\n\t\t\t<\/div>\n\t\t\t<h4 class=\"evc-bli-title entry-title\"><a href=\"https:\/\/koszur.net\/index.php\/2020\/02\/27\/stanislaw-kosko-przez-trzy-oceany-wstep\/\">Stanis\u0142aw Kosko PRZEZ TRZY OCEANY \u2013 Wst\u0119p<\/a><\/h4>\t\t\t\t<p class=\"evc-bli-excerpt\">Wst\u0119p &#8211;\u00a0 To dobra ksi\u0105\u017cka, kapitanie! \u015awietny reporta\u017c! Czy doprawdy tak bardzo t\u0119sknil<\/p>\n\t\t\t<div class=\"evc-bli-post-info evc-bli-post-info-bottom\">\n\t\t\t\t\t<div class=\"evc-bli-author\">\n\t\t<a class=\"evc-bli-author-link\" href=\"https:\/\/koszur.net\/index.php\/author\/marekk\/\">\n\t\t\t<span class=\"evc-bli-author-label\">by<\/span>\n\t\t\t<span class=\"evc-bli-author-name\">Marek Koszur<\/span>\n\t\t<\/a>\n\t<\/div>\n\t\t\t<\/div>\n\t\t<\/div>\n\t<\/div>\n<\/div>\t<\/div>\n\t\t<div class=\"evc-bl-pagination evc-pagination-holder\">\n\t\t<div class=\"evc-pagination-spinner evc-abs\">\n\t\t\t<div class=\"evc-ps-bounce-1\"><\/div>\n\t\t\t<div class=\"evc-ps-bounce-2\"><\/div>\n\t\t\t<div class=\"evc-ps-bounce-3\"><\/div>\n\t\t<\/div>\n\t\t<a class=\"evc-button evc-shortcode evc-load-more-button evc-btn-solid evc-btn-normal \"   >\n\t\t<span class=\"evc-btn-text\">Load More<\/span>\n<\/a>\n\t<\/div>\n<\/div>[vc_empty_space][vc_gallery type=&#8221;image_grid&#8221; images=&#8221;5573,5572,5570,5583&#8243; img_size=&#8221;medium&#8221; onclick=&#8221;img_link_large&#8221; custom_links_target=&#8221;_blank&#8221; title=&#8221;Pami\u0119tny rejs &#8222;Daru Pomorza&#8222;, \u017bycie Warszawy, 1 pa\u017adziernika 1980&#8243;][\/vc_column][\/vc_row]<\/p>\n","protected":false},"excerpt":{"rendered":"<p>[vc_row][vc_column][vc_empty_space][\/vc_column][\/vc_row][vc_row][vc_column][vc_text_separator title=&#8221;Od Redaktora&#8221;][vc_empty_space][vc_empty_space][vc_gallery type=&#8221;image_grid&#8221; images=&#8221;5573,5572,5570,5583&#8243; img_size=&#8221;medium&#8221; onclick=&#8221;img_link_large&#8221; custom_links_target=&#8221;_blank&#8221; title=&#8221;Pami\u0119tny rejs &#8222;Daru Pomorza&#8222;, \u017bycie Warszawy, 1 pa\u017adziernika 1980&#8243;][\/vc_column][\/vc_row]<\/p>\n","protected":false},"author":990004,"featured_media":0,"parent":0,"menu_order":0,"comment_status":"closed","ping_status":"closed","template":"","meta":{"footnotes":""},"class_list":["post-3536","page","type-page","status-publish","hentry"],"yoast_head":"<!-- This site is optimized with the Yoast SEO plugin v27.4 - https:\/\/yoast.com\/product\/yoast-seo-wordpress\/ -->\n<title>Przez trzy oceany - Marek Koszur<\/title>\n<meta name=\"description\" content=\"wielki reporta\u017c pi\u00f3ra Stanis\u0142awa Koski z rejsu Daru Pomorza dooko\u0142a \u015bwiata. uwagi krytyczne, uzupe\u0142nienia, poprawki\" \/>\n<meta name=\"robots\" content=\"index, follow, max-snippet:-1, max-image-preview:large, max-video-preview:-1\" \/>\n<link rel=\"canonical\" href=\"https:\/\/koszur.net\/index.php\/przez-trzy-oceany\/\" \/>\n<meta property=\"og:locale\" content=\"pl_PL\" \/>\n<meta property=\"og:type\" content=\"article\" \/>\n<meta property=\"og:title\" content=\"Przez trzy oceany - Marek Koszur\" \/>\n<meta property=\"og:description\" content=\"wielki reporta\u017c pi\u00f3ra Stanis\u0142awa Koski z rejsu Daru Pomorza dooko\u0142a \u015bwiata. uwagi krytyczne, uzupe\u0142nienia, poprawki\" \/>\n<meta property=\"og:url\" content=\"https:\/\/koszur.net\/index.php\/przez-trzy-oceany\/\" \/>\n<meta property=\"og:site_name\" content=\"Marek Koszur\" \/>\n<meta property=\"article:modified_time\" content=\"2021-12-04T05:51:07+00:00\" \/>\n<meta name=\"twitter:card\" content=\"summary_large_image\" \/>\n<meta name=\"twitter:label1\" content=\"Szacowany czas czytania\" \/>\n\t<meta name=\"twitter:data1\" content=\"1 minuta\" \/>\n<script type=\"application\/ld+json\" class=\"yoast-schema-graph\">{\"@context\":\"https:\\\/\\\/schema.org\",\"@graph\":[{\"@type\":\"WebPage\",\"@id\":\"https:\\\/\\\/koszur.net\\\/index.php\\\/przez-trzy-oceany\\\/\",\"url\":\"https:\\\/\\\/koszur.net\\\/index.php\\\/przez-trzy-oceany\\\/\",\"name\":\"Przez trzy oceany - Marek Koszur\",\"isPartOf\":{\"@id\":\"https:\\\/\\\/koszur.net\\\/#website\"},\"datePublished\":\"2020-02-18T18:55:52+00:00\",\"dateModified\":\"2021-12-04T05:51:07+00:00\",\"description\":\"wielki reporta\u017c pi\u00f3ra Stanis\u0142awa Koski z rejsu Daru Pomorza dooko\u0142a \u015bwiata. uwagi krytyczne, uzupe\u0142nienia, poprawki\",\"breadcrumb\":{\"@id\":\"https:\\\/\\\/koszur.net\\\/index.php\\\/przez-trzy-oceany\\\/#breadcrumb\"},\"inLanguage\":\"pl-PL\",\"potentialAction\":[{\"@type\":\"ReadAction\",\"target\":[\"https:\\\/\\\/koszur.net\\\/index.php\\\/przez-trzy-oceany\\\/\"]}]},{\"@type\":\"BreadcrumbList\",\"@id\":\"https:\\\/\\\/koszur.net\\\/index.php\\\/przez-trzy-oceany\\\/#breadcrumb\",\"itemListElement\":[{\"@type\":\"ListItem\",\"position\":1,\"name\":\"Strona g\u0142\u00f3wna\",\"item\":\"https:\\\/\\\/koszur.net\\\/\"},{\"@type\":\"ListItem\",\"position\":2,\"name\":\"Przez trzy oceany\"}]},{\"@type\":\"WebSite\",\"@id\":\"https:\\\/\\\/koszur.net\\\/#website\",\"url\":\"https:\\\/\\\/koszur.net\\\/\",\"name\":\"Marek Koszur\",\"description\":\"\",\"potentialAction\":[{\"@type\":\"SearchAction\",\"target\":{\"@type\":\"EntryPoint\",\"urlTemplate\":\"https:\\\/\\\/koszur.net\\\/?s={search_term_string}\"},\"query-input\":{\"@type\":\"PropertyValueSpecification\",\"valueRequired\":true,\"valueName\":\"search_term_string\"}}],\"inLanguage\":\"pl-PL\"}]}<\/script>\n<!-- \/ Yoast SEO plugin. -->","yoast_head_json":{"title":"Przez trzy oceany - Marek Koszur","description":"wielki reporta\u017c pi\u00f3ra Stanis\u0142awa Koski z rejsu Daru Pomorza dooko\u0142a \u015bwiata. uwagi krytyczne, uzupe\u0142nienia, poprawki","robots":{"index":"index","follow":"follow","max-snippet":"max-snippet:-1","max-image-preview":"max-image-preview:large","max-video-preview":"max-video-preview:-1"},"canonical":"https:\/\/koszur.net\/index.php\/przez-trzy-oceany\/","og_locale":"pl_PL","og_type":"article","og_title":"Przez trzy oceany - Marek Koszur","og_description":"wielki reporta\u017c pi\u00f3ra Stanis\u0142awa Koski z rejsu Daru Pomorza dooko\u0142a \u015bwiata. uwagi krytyczne, uzupe\u0142nienia, poprawki","og_url":"https:\/\/koszur.net\/index.php\/przez-trzy-oceany\/","og_site_name":"Marek Koszur","article_modified_time":"2021-12-04T05:51:07+00:00","twitter_card":"summary_large_image","twitter_misc":{"Szacowany czas czytania":"1 minuta"},"schema":{"@context":"https:\/\/schema.org","@graph":[{"@type":"WebPage","@id":"https:\/\/koszur.net\/index.php\/przez-trzy-oceany\/","url":"https:\/\/koszur.net\/index.php\/przez-trzy-oceany\/","name":"Przez trzy oceany - Marek Koszur","isPartOf":{"@id":"https:\/\/koszur.net\/#website"},"datePublished":"2020-02-18T18:55:52+00:00","dateModified":"2021-12-04T05:51:07+00:00","description":"wielki reporta\u017c pi\u00f3ra Stanis\u0142awa Koski z rejsu Daru Pomorza dooko\u0142a \u015bwiata. uwagi krytyczne, uzupe\u0142nienia, poprawki","breadcrumb":{"@id":"https:\/\/koszur.net\/index.php\/przez-trzy-oceany\/#breadcrumb"},"inLanguage":"pl-PL","potentialAction":[{"@type":"ReadAction","target":["https:\/\/koszur.net\/index.php\/przez-trzy-oceany\/"]}]},{"@type":"BreadcrumbList","@id":"https:\/\/koszur.net\/index.php\/przez-trzy-oceany\/#breadcrumb","itemListElement":[{"@type":"ListItem","position":1,"name":"Strona g\u0142\u00f3wna","item":"https:\/\/koszur.net\/"},{"@type":"ListItem","position":2,"name":"Przez trzy oceany"}]},{"@type":"WebSite","@id":"https:\/\/koszur.net\/#website","url":"https:\/\/koszur.net\/","name":"Marek Koszur","description":"","potentialAction":[{"@type":"SearchAction","target":{"@type":"EntryPoint","urlTemplate":"https:\/\/koszur.net\/?s={search_term_string}"},"query-input":{"@type":"PropertyValueSpecification","valueRequired":true,"valueName":"search_term_string"}}],"inLanguage":"pl-PL"}]}},"_links":{"self":[{"href":"https:\/\/koszur.net\/index.php\/wp-json\/wp\/v2\/pages\/3536","targetHints":{"allow":["GET"]}}],"collection":[{"href":"https:\/\/koszur.net\/index.php\/wp-json\/wp\/v2\/pages"}],"about":[{"href":"https:\/\/koszur.net\/index.php\/wp-json\/wp\/v2\/types\/page"}],"author":[{"embeddable":true,"href":"https:\/\/koszur.net\/index.php\/wp-json\/wp\/v2\/users\/990004"}],"replies":[{"embeddable":true,"href":"https:\/\/koszur.net\/index.php\/wp-json\/wp\/v2\/comments?post=3536"}],"version-history":[{"count":19,"href":"https:\/\/koszur.net\/index.php\/wp-json\/wp\/v2\/pages\/3536\/revisions"}],"predecessor-version":[{"id":7614,"href":"https:\/\/koszur.net\/index.php\/wp-json\/wp\/v2\/pages\/3536\/revisions\/7614"}],"wp:attachment":[{"href":"https:\/\/koszur.net\/index.php\/wp-json\/wp\/v2\/media?parent=3536"}],"curies":[{"name":"wp","href":"https:\/\/api.w.org\/{rel}","templated":true}]}}