{"id":3528,"date":"2020-02-18T19:34:43","date_gmt":"2020-02-18T18:34:43","guid":{"rendered":"http:\/\/koszur.net\/?page_id=3528"},"modified":"2023-05-28T14:05:51","modified_gmt":"2023-05-28T12:05:51","slug":"o-mnie","status":"publish","type":"page","link":"https:\/\/koszur.net\/index.php\/o-mnie\/","title":{"rendered":"O mnie"},"content":{"rendered":"<p>[vc_row][vc_column]<div class=\"sc_section\"><div class=\"sc_section_inner\"><h2 class=\"sc_section_title sc_item_title\">Dru\u017cyna Czarnego Kosmicznego Kota<br \/>\nO Czarnych Kosmicznych Oczach<\/h2>[vc_empty_space]<\/div><\/div><div class=\"columns_wrap sc_columns columns_nofluid sc_columns_count_2\"><div class=\"column-1_2 sc_column_item sc_column_item_1 odd first\">[vc_column_text css=&#8221;.vc_custom_1685274577095{padding-top: 15px !important;padding-right: 15px !important;padding-bottom: 15px !important;padding-left: 15px !important;background-color: #eaeaea !important;}&#8221;]OK, to kt\u00f3rego dzi\u015b mamy?<\/p>\n<p>Bez wzgl\u0119du na dat\u0119, ka\u017cdego dzi\u015b mija po\u0142owa mojego \u017cycia. Nie, to nie znaczy, \u017ce zamierzam \u017cy\u0107 140 lat. Tylko 140 lat&#8230; Na taki okres planuj\u0119 jedynie zawodow\u0105 aktywno\u015b\u0107. \u017beby zarabia\u0107 na chleb.<br \/>\nA jak ju\u017c ten ostatni kawa\u0142ek zjem &#8211; przejd\u0119 na emerytur\u0119. Ale poniewa\u017c oceniam, i\u017c przez ca\u0142e \u017cycie pracowa\u0142em do\u015b\u0107 intensywnie, wi\u0119c nale\u017cy mi si\u0119 r\u00f3wnie d\u0142ugi jak sta\u017c pracy &#8211; czas wypoczynku.<br \/>\nCzyli, gdzie\u015b do roku 2099. A potem? Zdradz\u0119 w stosownym czasie&#8230;<\/p>\n<blockquote><p>Stan dezercji?<\/p><\/blockquote>\n<p>Moje \u017cycie? P\u0119dzi bezwiednie, pl\u0105cz\u0105c w\u0105tki samopisz\u0105cych si\u0119 scenariuszy. Jedne w\u0105tki krzy\u017cuje z innymi. Te &#8211; ustawia przeciw sobie, tamte &#8211; jednoczy i zespala. Nie ujawnia swoich plan\u00f3w wobec mnie, nie ostrzega i nie nagradza. Robi ze mn\u0105, co chce.<\/p>\n<p>Czy\u017c wi\u0119c warto si\u0119 nim, \u017bYCIEM, zajmowa\u0107? \u017byciem jako ci\u0105giem wzajemnie uzasadnionych, wynikaj\u0105cych z siebie, logicznie uwarunkowanych relacji i zdarze\u0144? To kompletna bzdura! To nawet nie jest poz\u00f3r. \u017bycie nie kryje swojej alogiczno\u015bci! To my, za wszelk\u0105 cen\u0119, pr\u00f3bujemy je kodyfikowa\u0107, porz\u0105dkowa\u0107, uzasadnia\u0107, wywodzi\u0107, potwierdza\u0107, wnioskowa\u0107&#8230; Dlaczego? Bo nas nie lubi? Tak jak my nie lubimy \u017cycia pe\u0142nego, odpowiedzialnego, spe\u0142nionego?<\/p>\n<p>Nawet, je\u015bli wydaje nam si\u0119, \u017ce mamy wp\u0142yw na \u017cycie i sterujemy nim, \u017ce dokonujemy wybor\u00f3w, realizujemy postanowienia, to ono i tak wszystko zagmatwa \u2013 i to w najmniej spodziewanym momencie pchnie nas na tory prosto przed p\u0119dz\u0105cy poci\u0105g, do\u015bwiadczy ci\u0119\u017ck\u0105 chorob\u0105, nagrodzi fantastycznymi zarobkami, wypraw\u0105 dooko\u0142a \u015bwiata, zmorduje chorob\u0105, udr\u0119czy ludzk\u0105 zawi\u015bci\u0105.<br \/>\nInnym sypnie grosza, \u017ce i ud\u017awign\u0105\u0107 nie b\u0119d\u0105 go w stanie. Tamtym wybije z\u0119by lub ka\u017ce z rozpaczy rwa\u0107 w\u0142osy. Zrobi wszystko, ale to absolutnie wszystko aby\u015bmy na chwil\u0119 nawet o nim nie zapomnieli. Wi\u0119cej &#8211; zrobi wszystko, aby odwr\u00f3ci\u0107 nasz\u0105 uwag\u0119 od&#8230; No w\u0142a\u015bnie, od czego? A mo\u017ce od&#8230; kogo?<\/p>\n<blockquote><p>Co za bzdury!<\/p><\/blockquote>\n<p>Swoj\u0105 nieporadno\u015b\u0107 wobec \u017cycia cz\u0142owiek ukrywa pod szmatkami poj\u0119\u0107, norm, zakaz\u00f3w, polece\u0144. Nie zajmuje si\u0119 \u017cyciem wprost. Jak mo\u017cna posi\u0105\u015b\u0107 Jerozolim\u0119? Trzeba j\u0105 zdoby\u0107 lub zburzy\u0107. A nie zmienia\u0107 jej nazw\u0119 czy wprowadza\u0107 nowych mieszka\u0144c\u00f3w. Ale my tego nie potrafimy, bo nie ma w nas wytrwa\u0142o\u015bci i uporu.<\/p>\n<p>I tym sposobem ludzie zast\u0105pili \u017bycie, wygodnym \u017cyciem. Pisz\u0105 je co prawda przez du\u017ce \u017b. Jak to prawdziwe. Wmawiaj\u0105, \u017ce kieruj\u0105 jego si\u0142\u0105 sprawcz\u0105 i omnipotentn\u0105. Ale gdy zapytasz &#8211; kontrolujesz swoje \u017cycie &#8211; oni tylko wzrusz\u0105 ramionami. Bo jak mo\u017cna kierowa\u0107 czym\u015b, czego w istocie&#8230; nie ma. A przynajmniej nie ma dowod\u00f3w na jego istnienie. \u017bycie jest bytem i kategori\u0105 ca\u0142kowicie wirtualn\u0105 o cechach realnych w zakresie nadawanym mu przez ka\u017cdego z nas.<\/p>\n<p>Nikt nigdy nie sformu\u0142owa\u0142 definicji \u017cycia. Nikt nie do\u015bwiadczy\u0142 stanu, kt\u00f3ry m\u00f3g\u0142by jednoznacznie skwitowa\u0107 stwierdzeniem: tak, to jest \u017cycie! Tak jak m\u00f3wimy: to jest st\u00f3\u0142, to jest drzewo. To s\u0105 marzenia&#8230; To s\u0105 moje marzenia&#8230;<\/p>\n<p>I kiedy fakt \u00f3w odkryjemy, kiedy zdemaskujemy nieistnienie \u017cycia, kt\u00f3re stworzyli\u015bmy nasz\u0105 imaginacj\u0105, nie starcza nam ju\u017c si\u0142y ani przenikliwo\u015bci, by znale\u017a\u0107 odpowied\u017a na g\u0142\u00f3wne pytanie: dlaczego? Co \u017cycie przed nami ukrywa, dlaczego nie pozwala nam siebie odkry\u0107 do ko\u0144ca, w ca\u0142o\u015bci? Nieustannie zajmuje nas czymkolwiek, odci\u0105ga, ale niezmiennie, w skryto\u015bci ducha, jak fatamorgana &#8211; magnetyzuje. Co \u017bycie przed nami chowa? Nie chce, aby\u015bmy czego\u015b nie doznali, nie poznali, nie do\u015bwiadczyli? Czego? I dlaczego?<\/p>\n<blockquote><p>Wyrok nieu\u015bwiadomiony<\/p><\/blockquote>\n<p>Jest li \u017cycie naszym wi\u0119zieniem? I czy kiedykolwiek uda si\u0119 nam wyrwa\u0107 z tego 'jakiego\u015b&#8217; cylindra pe\u0142nego przypadk\u00f3w, z kt\u00f3rego dadaista wyjmuje kolejne, ca\u0142kiem niespodziewane losy i rzuca je, niczym ko\u015bci do gry, w\u0142a\u015bnie na arenie \u017bycia? Czy i kiedy wyrwiemy si\u0119 z tego zakl\u0119tego kr\u0119gu? Kiedy utraci on swoje panowanie nad nami? A je\u015bli tak, to&#8230; no w\u0142a\u015bnie? R\u00f3wnie\u017c na ten temat nikt nie ma wiarygodnych informacji.<\/p>\n<p>Wi\u0119c \u2013 wyrzuci\u0142em ju\u017c jaki\u015b czas temu lusterko wsteczne. Nie wracam, nie ogl\u0105dam si\u0119, nie \u017ca\u0142uj\u0119, nie t\u0119skni\u0119 i nie wzdycham.<br \/>\nCa\u0142\u0105 uwag\u0119 koncentruj\u0119 na wpatrywaniu si\u0119 w przysz\u0142o\u015b\u0107, ostrz\u0119 wszelkie zmys\u0142y i apetyty, a pok\u0142ady emocjonalno\u015bci przygotowuj\u0119 na doznania tylko pozytywne. I te najwa\u017cniejsze. Na \u017cyciowy deser.<\/p>\n<p><em>Czarny<\/em> Kosmiczny Kot o Czarnych Kosmicznych Oczach&#8230;<\/p>\n<p>Nic nie cieszy mnie bardziej nad promieniej\u0105ce u\u015bmiechy i wrzaski mojej Dru\u017cyny. Na te zdziwienia i grymasy w reakcji na ods\u0142oni\u0119cie kolejnej tajemnicy \u017bycia, jego tricki i malutkie tajemnice. Dlaczego lew ryczy, jakie kwiatki najch\u0119tniej chrupa\u0142y dinozaury, czym nadziewane s\u0105 kosmiczne pierogi? Uwielbiam patrze\u0107, jak daj\u0105 si\u0119 \u017byciu zan\u0119ci\u0107, jak \u0142akomie po\u0142ykaj\u0105 haczyk, zamaskowany smako\u0142ykiem ze spi\u017carni \u017bycia. Kocham ich sprzeczki i przekomarzanki, saturacj\u0119 fantastycznych pomys\u0142\u00f3w, pi\u0119trz\u0105cych si\u0119 twor\u00f3w wyobra\u017ani, granicz\u0105cych z fantastycznymi wizjami, wyrastaj\u0105cymi z zacieru, jaki \u017bycie im nieustannie podsuwa, pokazuj\u0105c zabawki, gad\u017cety oraz nowe, nieznane przedmioty. Wytrzeszczam ga\u0142y, gdy buchaj\u0105 gniewem, \u017ce to Dziadek a nie oni szybciej przebiegli dystans od latarni do latarni. \u015acieram \u0142zy gniewu, \u017ce nie tak powinienem przewr\u00f3ci\u0107 si\u0119 na piasek, zaatakowany rozw\u015bcieczon\u0105 band\u0105 wojownik\u00f3w Imperium. Mi\u0119kn\u0119 wobec determinacji, gdy z ca\u0142ych si\u0142 wyci\u0105gaj\u0105 mnie spod nadbiegaj\u0105cej, gro\u017anej fali, kt\u00f3ra swoim dziesi\u0119ciocentymetrowym grzebieniem mog\u0142aby zmy\u0107 nas wszystkich na \u015brodek oceanu. Ale najwa\u017cniejsze i najbardziej emocjonuj\u0105ce s\u0105 te wyprawy przez samborskie chaszcze i krzaczyska, z patykami anten oraz czujnik\u00f3w wykrywaj\u0105cych \u015blady obecno\u015bci Czarnego Kosmicznego Kota o Czarnych Oczach. Nikt potwora nie widzia\u0142, ale w ich wyobra\u017ani jest on o wiele bardziej realny ni\u017ali kubek gor\u0105cego kakao, wypijanego po powrocie z wyprawy.<\/p>\n<p>Je\u015bli mia\u0142bym zapa\u015b\u0107 na jak\u0105\u015b chorob\u0119 nieuleczaln\u0105, to niech ni\u0105 b\u0119dzie syndrom Falstaffa.<\/p>\n<p>Niech mnie \u0142oj\u0105 i poszturchuj\u0105, z\u0142orzecz\u0105 i przep\u0119dzaj\u0105 a humoru i sk\u0142onno\u015bci do sowizdrzalstwa i tak mi nie odbior\u0105.[\/vc_column_text]<\/div><div class=\"column-1_2 sc_column_item sc_column_item_2 even\">[vc_column_text]Marek Koszur, ur. 4 maja 1953 r. w Szczecinie. Absolwent Technikum Mechaniczno-Energetycznego, wy\u017csze wykszta\u0142cenie polonistyczne, WSP w Szczecinie.<\/p>\n<p>Tw\u00f3rca Studenckiego Teatru \u201eciep\u0142y\u201d. Zwi\u0105zany ze szczeci\u0144skim oddzia\u0142em\u00a0<a href=\"https:\/\/pl.wikipedia.org\/wiki\/Polskie_Radio\">Polskiego Radia<\/a>\u00a0i\u00a0<a href=\"https:\/\/pl.wikipedia.org\/wiki\/Telewizja_Polska\">Telewizji<\/a>. Prac\u0119 w mediach rozpocz\u0105\u0142 w trakcie studi\u00f3w w 1972 roku. W Akademickim Radiu Pomorze pisa\u0142 scenariusze i re\u017cyserowa\u0142 programy poetyckie oraz s\u0142uchowiska (m.in. \u010capek, D\u00fcrrenmatt, Przybo\u015b, Bruno Schultz). Realizowa\u0142 (1975) progra\u00admy m.in. dla \u201ePegaza\u201d, by\u0142 wsp\u00f3\u0142tw\u00f3rc\u0105 (1976) pierw\u00adszych w Polskim Radiu audycji reporterskich i klasycznych reporta\u017cy w technice stereofonicznej. Stworzy\u0142 radiowe cykle\u00a0<em>Ludzie morza<\/em>,\u00a0<em>Morze w kulturach \u015bwiata<\/em>,\u00a0<em>Staro\u017cytni \u017ceglarze<\/em>,\u00a0<em>Cz\u0142owiek i morze, Tajemnice staro\u017cytnej \u017ceglugi, Polskie morze<\/em>. Dla Teatru Polskiego Radia zrealizowa\u0142 s\u0142uchowiska <em>AG-15 zaton\u0119\u0142a (kpt. Konstanty Maciejewicz), Wypadek w Gibraltarze (gen. W\u0142adys\u0142aw Sikorski), Je\u015bli Panie Bo\u017ce chcesz (Anton Bruckner). <\/em><\/p>\n<p>By\u0142 sta\u0142ym korespondentem (od 1977) \u201e\u017bycia Warszawy\u201d, \u201eG\u0142osu Szczeci\u0144skiego\u201d, wsp\u00f3\u0142pracownikiem tygodnika \u201eMorze i Ziemia\u201d, miesi\u0119cznika \u201eMorze\u201d (kierowa\u0142 oddzia\u0142em szczeci\u0144skim tego pisma), wsp\u00f3\u0142organizowa\u0142 Kongres Kultury Morskiej, by\u0142 w gronie inicjator\u00f3w reaktywowania Ligi Morskiej, otrzyma\u0142 nominacj\u0119 na red. naczelnego tygodnika \u201eFregata\u201d, kt\u00f3rego pierwszy numer mia\u0142 si\u0119 ukaza\u0107 w styczniu 1981 r. Przygotowania te przerwa\u0142 stan wojenny. Na papierze sprowadzonym do Polski ze Szwecji przez Polsk\u0105 \u017beglug\u0119 Morsk\u0105 wydrukowano pierwszy numer tygodnika \u201cMorze i Ziemia\u201d.<\/p>\n<p>Od 1980 roku kierowa\u0142 redakcj\u0105 Publicystyki i Informacji Polskiego Radia w Szczecinie. W czasie strajk\u00f3w stoczniowc\u00f3w Warskiego \u2013 jako jedyny przedstawiciel medi\u00f3w szczeci\u0144skich, obok redakcji PAP, relacjonowa\u0142 wydarzenia bezpo\u015brednio z terenu stoczni. Pierwszy poinformowa\u0142 o zako\u0144czeniu strajku w nocy, 30 sierpnia, organizuj\u0105c poranne transmisje radiowe i telewizyjne z podpisania porozumienia szczeci\u0144skiego.<\/p>\n<p>W dniach 9-11 listopada 1989 roku, wsp\u00f3lnie z operatorem Janem Kuczer\u0105, jako jedyna ekipa dziennikarska z Polski, relacjonowa\u0142 upadek muru berli\u0144skiego. Przez kolejne sze\u015b\u0107 miesi\u0119cy przygotowywa\u0142 relacje z Berlina dla TVP.<\/p>\n<p>Wsp\u00f3\u0142organizator mi\u0119dzynarodowych regat rodzinnych Baltic Traditional, w latach 1988-1994.<\/p>\n<p>Nawi\u0105za\u0142 wsp\u00f3\u0142prac\u0119 (1984) z zagranicznymi stacjami tele\u00adwizyjnymi i radiowymi, wcho\u00addz\u0105c z ramienia TVP do zarz\u0105du (1985) i grupy juror\u00f3w (1989) organizacji \u201eCircom Regional\u201d, zrzeszaj\u0105cej regionalne stacje telewizji publicznych w ca\u0142ej Europie.\u00a0W 1991 roku zorganizowa\u0142 w Szczecinie drug\u0105 edycj\u0119 Prix Circom International.<\/p>\n<p>Organizator redakcji telewizyjnej Polskiej \u017beglugi Morskiej, redaktor Kroniki Morskiej i innych program\u00f3w wysy\u0142anych do za\u0142\u00f3g na statkach polskich armator\u00f3w (1986-1992).<\/p>\n<p>Autor i realizator popularnego programu Magazyn\u00a0<a href=\"https:\/\/pl.wikipedia.org\/wiki\/Morze_(program_telewizyjny)\"><em>Morze<\/em><\/a>\u00a0z lat 1987-1996 emitowanego w niedzielne po\u0142udnie w TVP1 oraz magazynu ekologicznego <em>\u017by\u0107, <\/em>budowanego w oparciu o materia\u0142y w\u0142asne oraz europejsk\u0105 koprodukcj\u0119 stacji zrzeszonych w grupie ekologicznej Circom Regional.<\/p>\n<p>Tw\u00f3rca pierwszych komercyjnych program\u00f3w nocnych, nadawanych po zako\u0144czeniu emisji przez TVP2 \u2013 <em>Kana\u0142 MIX (1989)<\/em>. P\u00f3\u017aniej \u2013 rozbudowanych do wielogodzinnych og\u00f3lnopolskich program\u00f3w nocnych w TVP 1 \u2013 <em>Noc z gwiazdami (1990-92)<\/em>.<\/p>\n<p>W latach 1991-1995 by\u0142 dyrektorem programowym Telewizji Szczecin. Zbudowa\u0142 wtedy najwi\u0119kszy w Polsce katalog zagranicznych program\u00f3w i koncert\u00f3w (kilka tysi\u0119cy godzin), wykorzystywany przez wszystkie sieci kablowej telewizji. Zorganizowa\u0142 profesjonalne centrum satelitarne, kt\u00f3re dostarcza\u0142o obu kana\u0142om Telewizji Polskiej transmisje <em>live<\/em> z najwi\u0119kszych i najwa\u017cniejszych imprez kulturalnych i sportowych na \u015bwiecie m.in. koncert na rzecz Kurd\u00f3w &#8211; Simple Truth, Tribute to Fredy Mercury, Pavarotti in Hyde Park. Pierwszy raz w historii widzowie TVP mogli obserwowa\u0107 wszystkie rozgrywki Australian Open, Rolland Garros czy Wimbledon. Nigdy wcze\u015bniej TVP nie transmitowa\u0142a <em>live<\/em> Super Bowl, ligi NHL, Oscar\u00f3w, uroczysto\u015bci wr\u0119czania nagr\u00f3d Nobla, Miss World i wielu innych spektakularnych imprez. TVP otrzymywa\u0142a przez szczeci\u0144skie centrum satelitarne codzienne pakiety news\u00f3w i relacji sportowych dnia wykorzystywanych we w\u0142asnych serwisach informacyjnych.<\/p>\n<p>Tw\u00f3r\u00adca Kana\u0142u 7 TV Szczecin \u2013 (08.03.1992) pierwszego ca\u0142odziennego pro\u00adgramu miejskiego telewizji pu\u00adblicznej; wsp\u00f3\u0142inicjator wznowienia budowy studia TV w Szczeci\u00adnie.<\/p>\n<p>Wprowadzi\u0142 na anten\u0119 TVP polsk\u0105 edycj\u0119 America&#8217;s Funniest Home Videos (\u015amiechu warte, prowadzon\u0105 przez Tadeusza Drozd\u0119) oraz Niby na serio \u2013 ze Stefanem Friedmanem (format typu \u201eukryta kamera\u201d). Ponadto kilkana\u015bcie wieloodcinkowych seriali typu <em>soap opera<\/em> (greckie, brazylijskie, hiszpa\u0144skie), z kt\u00f3rych najpopularniejszym by\u0142a <em>R\u00f3\u017cowa dama\u201d. <\/em>Uzyska\u0142 licencj\u0119 dla TVP na serial <em>Das Boot<\/em>, i kilkaset seriali BBC, z kt\u00f3rych m.in. \u201eCo ludzie powiedz\u0105\u201d (w mistrzowskim opracowaniu Marii Okulicz) jest ci\u0105gle obecny w wielu polskich stacjach telewizyjnych.<\/p>\n<p>Doprowadzi\u0142 do \u015bcis\u0142ej wsp\u00f3\u0142pracy TVP z MTV i Nickelodeon. Zainicjowa\u0142 w ten spos\u00f3b powstanie kilku nowych studi\u00f3w dubbingu w Szczecinie i innych o\u015brodkach.<\/p>\n<p>Autor ksi\u0105\u017cki\u00a0<em>Kapitan kapitan\u00f3w<\/em>\u00a0\u2013 monografii po\u015bwi\u0119conej kapitanowi \u017c.w.\u00a0<a href=\"https:\/\/pl.wikipedia.org\/wiki\/Konstanty_Matyjewicz-Maciejewicz\">Konstantemu Matyjewiczowi-Maciejewiczowi<\/a><a href=\"https:\/\/pl.wikipedia.org\/wiki\/Marek_Koszur#cite_note-2\"><sup>[2]<\/sup><\/a>. Laureat <em>Z\u0142otego delfina<\/em> za t\u0119 publikacj\u0119 oraz 200 wyda\u0144 magazynu Morze, nagrody za najlepsza ksi\u0105\u017ck\u0119 marynistyczn\u0105 oraz nagrod\u0119 resortowego ministra.<\/p>\n<p>Nagrodzony na V Atlantyckim Festiwalu Film\u00f3w Morskich za reporta\u017c <em>Pierwsza <\/em>o kpt. Krystynie Chojnowskiej-Liskiewicz, pierwszej kobiecie, kt\u00f3ra samotnie, non stop op\u0142yn\u0119\u0142a \u015bwiat.<\/p>\n<p>Odznaczony Srebrnym Krzy\u017cem Zas\u0142ugi \u2013 1980<\/p>\n<p>Zwyci\u0119zca pierwszej edycji konkursu Dziennikarz Roku (1991) w \u015brodowisku szczeci\u0144skim.<\/p>\n<p>Przewodnicz\u0105cy Korporacji Tw\u00f3rc\u00f3w, Artyst\u00f3w i Dziennikarzy XIII Muz (1991-93).<\/p>\n<p>Organizator, przy wsp\u00f3\u0142pracy Warcis\u0142awa Kunca z Opery na Zamku, wielkich koncert\u00f3w na Zamku w roku 750-lecia miasta (Jose Carreras, Paco de Lucia, Rick Wackeman) oraz, we wsp\u00f3\u0142pracy z Bogdanem Bogielem &#8211; ca\u0142odziennego festiwalu Rock\u201970 na stadionie Pogoni, w kt\u00f3rym wyst\u0105pili najs\u0142ynniejsi arty\u015bci, kszta\u0142tuj\u0105cy gusta muzyczne \u015bwiata tamtego okresu.<\/p>\n<p>Jest pomys\u0142odawc\u0105 i wsp\u00f3\u0142realizatorem (1994) po\u00adrozumienia o\u015bmiu oddzia\u00ad\u0142\u00f3w TVP S.A., w ramach tzw. wsp\u00f3lnej polityki programowej i zakupo\u00adwej. Kierowa\u0142 zespo\u0142em zapew\u00adniaj\u0105cym tym oddzia\u0142om cztery go\u00addziny program\u00f3w dziennie. Bloki programowe by\u0142y opracowywane i multiplikowane przez utworzon\u0105 specjalnie do tego celu grup\u0119 kilkudziesi\u0119ciu autor\u00f3w i realizator\u00f3w w OTVP Szczecin. Jesieni\u0105 1996 roku pa\u00adsma wsp\u00f3lne zosta\u0142y rozbudowane i przekszta\u0142cone w sie\u0107 Twoja Telewizja Regionalna. Konsekwencj\u0105 rozwoju tej idei by\u0142o powstanie TVP3 i TVP Info.<\/p>\n<p>Po odej\u015bciu z TVP w 2001 roku, we w\u0142asnym wydawnictwie i studiu opracowywa\u0142 polskie wersje j\u0119zykowe a tak\u017ce zrealizowa\u0142 dla Polskiego Radia monograficzny cykl 29 godzinnych s\u0142uchowisk <em>Verdi i jego \u015bwiat<\/em>.<\/p>\n<p>Zorganizowa\u0142 i przeprowadzi\u0142 pierwsze w Polsce internetowe transmisje spektakli operowych z Opery na Zamku.<\/p>\n<p>Przez ca\u0142y ten czas wsp\u00f3\u0142pracowa\u0142 g\u0142\u00f3wnie z niemieckimi stacjami telewizyjnymi: WDR (Europaplatz), NDR (Ostsee Report), MDR oraz SFB.<\/p>\n<p>W 2007 roku kierowa\u0142 biurem prasowym pierwszego Zlotu \u017baglowc\u00f3w w Szczecinie. Przygotowa\u0142 z aktorami niemieckimi wielogodzinne widowisko na Targi Turystyczne w Berlinie, propaguj\u0105ce Pomorze Zachodnie.<\/p>\n<p>Za\u0142o\u017cyciel firmy MK NET, w\u0142a\u015bciciela Clubu CD, Cleartone.de, HiFi Channel oraz RogersHiFi.de<\/p>\n<p>Tw\u00f3rca MediaWiki (maj 2022) \u2013 <a href=\"http:\/\/www.ludziemorza.com\">www.ludziemorza.com<\/a> (w przygotowaniu)<\/p>\n<p>Prowadzi portal <a href=\"https:\/\/www.facebook.com\/TvSiodemkapl\/\">https:\/\/www.facebook.com\/TvSiodemkapl\/<\/a><\/p>\n<p>Tw\u00f3rca mi\u0119dzynarodowej platformy dokumentuj\u0105cej powstanie i dzia\u0142alno\u015b\u0107 radia na terenie Szczecina w Republice Weimarskiej, w latach 1925-1945 &#8211; <a href=\"https:\/\/www.facebook.com\/rundfunkstettin\">https:\/\/www.facebook.com\/rundfunkstettin<\/a><\/p>\n<p>Najnowsze przedsi\u0119wzi\u0119cie &#8211; <a href=\"https:\/\/www.facebook.com\/RedaktorSzczecinski\/\">https:\/\/www.facebook.com\/RedaktorSzczecinski\/<\/a> podejmie kwestie kszta\u0142cenia dziennikarzy, etosu, etyki oraz przywr\u00f3cenia najlepszych tradycji tego zawodu.<\/p>\n<p>Kolekcjoner p\u0142yt winylowych, pierwszych wyda\u0144 sztuk i dramat\u00f3w polskich, gramofon\u00f3w, patefon\u00f3w, magnetofon\u00f3w i przedwojennych odbiornik\u00f3w radiowych.[\/vc_column_text]<\/div><\/div>[vc_empty_space][vc_single_image][\/vc_column][\/vc_row][vc_row][vc_column][vc_empty_space][vc_media_grid element_width=&#8221;3&#8243; grid_id=&#8221;vc_gid:1685274589160-37498f55-6db9-1&#8243; include=&#8221;2180,2177,2176,2168,2167,2186,2184,2183,917,916&#8243;][\/vc_column][\/vc_row][vc_row][vc_column][\/vc_column][\/vc_row][vc_row][vc_column][\/vc_column][\/vc_row][vc_row][vc_column][\/vc_column][\/vc_row][vc_row][vc_column][\/vc_column][\/vc_row]<\/p>\n","protected":false},"excerpt":{"rendered":"<p>[vc_row][vc_column][vc_empty_space][vc_single_image][\/vc_column][\/vc_row][vc_row][vc_column][vc_empty_space][vc_media_grid element_width=&#8221;3&#8243; grid_id=&#8221;vc_gid:1685274589160-37498f55-6db9-1&#8243; include=&#8221;2180,2177,2176,2168,2167,2186,2184,2183,917,916&#8243;][\/vc_column][\/vc_row][vc_row][vc_column][\/vc_column][\/vc_row][vc_row][vc_column][\/vc_column][\/vc_row][vc_row][vc_column][\/vc_column][\/vc_row][vc_row][vc_column][\/vc_column][\/vc_row]<\/p>\n","protected":false},"author":990004,"featured_media":0,"parent":0,"menu_order":0,"comment_status":"closed","ping_status":"closed","template":"","meta":{"footnotes":""},"class_list":["post-3528","page","type-page","status-publish","hentry"],"yoast_head":"<!-- This site is optimized with the Yoast SEO plugin v27.5 - https:\/\/yoast.com\/product\/yoast-seo-wordpress\/ -->\n<title>O mnie - Marek Koszur<\/title>\n<meta name=\"robots\" content=\"index, follow, max-snippet:-1, max-image-preview:large, max-video-preview:-1\" \/>\n<link rel=\"canonical\" href=\"https:\/\/koszur.net\/index.php\/o-mnie\/\" \/>\n<meta property=\"og:locale\" content=\"pl_PL\" \/>\n<meta property=\"og:type\" content=\"article\" \/>\n<meta property=\"og:title\" content=\"O mnie - Marek Koszur\" \/>\n<meta property=\"og:description\" content=\"[vc_row][vc_column][vc_empty_space][vc_single_image][\/vc_column][\/vc_row][vc_row][vc_column][vc_empty_space][vc_media_grid element_width=&#8221;3&#8243; grid_id=&#8221;vc_gid:1685274589160-37498f55-6db9-1&#8243; include=&#8221;2180,2177,2176,2168,2167,2186,2184,2183,917,916&#8243;][\/vc_column][\/vc_row][vc_row][vc_column][\/vc_column][\/vc_row][vc_row][vc_column][\/vc_column][\/vc_row][vc_row][vc_column][\/vc_column][\/vc_row][vc_row][vc_column][\/vc_column][\/vc_row]\" \/>\n<meta property=\"og:url\" content=\"https:\/\/koszur.net\/index.php\/o-mnie\/\" \/>\n<meta property=\"og:site_name\" content=\"Marek Koszur\" \/>\n<meta property=\"article:modified_time\" content=\"2023-05-28T12:05:51+00:00\" \/>\n<meta name=\"twitter:card\" content=\"summary_large_image\" \/>\n<meta name=\"twitter:label1\" content=\"Szacowany czas czytania\" \/>\n\t<meta name=\"twitter:data1\" content=\"12 minut\" \/>\n<script type=\"application\/ld+json\" class=\"yoast-schema-graph\">{\"@context\":\"https:\\\/\\\/schema.org\",\"@graph\":[{\"@type\":\"WebPage\",\"@id\":\"https:\\\/\\\/koszur.net\\\/index.php\\\/o-mnie\\\/\",\"url\":\"https:\\\/\\\/koszur.net\\\/index.php\\\/o-mnie\\\/\",\"name\":\"O mnie - Marek Koszur\",\"isPartOf\":{\"@id\":\"https:\\\/\\\/koszur.net\\\/#website\"},\"datePublished\":\"2020-02-18T18:34:43+00:00\",\"dateModified\":\"2023-05-28T12:05:51+00:00\",\"breadcrumb\":{\"@id\":\"https:\\\/\\\/koszur.net\\\/index.php\\\/o-mnie\\\/#breadcrumb\"},\"inLanguage\":\"pl-PL\",\"potentialAction\":[{\"@type\":\"ReadAction\",\"target\":[\"https:\\\/\\\/koszur.net\\\/index.php\\\/o-mnie\\\/\"]}]},{\"@type\":\"BreadcrumbList\",\"@id\":\"https:\\\/\\\/koszur.net\\\/index.php\\\/o-mnie\\\/#breadcrumb\",\"itemListElement\":[{\"@type\":\"ListItem\",\"position\":1,\"name\":\"Strona g\u0142\u00f3wna\",\"item\":\"https:\\\/\\\/koszur.net\\\/\"},{\"@type\":\"ListItem\",\"position\":2,\"name\":\"O mnie\"}]},{\"@type\":\"WebSite\",\"@id\":\"https:\\\/\\\/koszur.net\\\/#website\",\"url\":\"https:\\\/\\\/koszur.net\\\/\",\"name\":\"Marek Koszur\",\"description\":\"\",\"potentialAction\":[{\"@type\":\"SearchAction\",\"target\":{\"@type\":\"EntryPoint\",\"urlTemplate\":\"https:\\\/\\\/koszur.net\\\/?s={search_term_string}\"},\"query-input\":{\"@type\":\"PropertyValueSpecification\",\"valueRequired\":true,\"valueName\":\"search_term_string\"}}],\"inLanguage\":\"pl-PL\"}]}<\/script>\n<!-- \/ Yoast SEO plugin. -->","yoast_head_json":{"title":"O mnie - Marek Koszur","robots":{"index":"index","follow":"follow","max-snippet":"max-snippet:-1","max-image-preview":"max-image-preview:large","max-video-preview":"max-video-preview:-1"},"canonical":"https:\/\/koszur.net\/index.php\/o-mnie\/","og_locale":"pl_PL","og_type":"article","og_title":"O mnie - Marek Koszur","og_description":"[vc_row][vc_column][vc_empty_space][vc_single_image][\/vc_column][\/vc_row][vc_row][vc_column][vc_empty_space][vc_media_grid element_width=&#8221;3&#8243; grid_id=&#8221;vc_gid:1685274589160-37498f55-6db9-1&#8243; include=&#8221;2180,2177,2176,2168,2167,2186,2184,2183,917,916&#8243;][\/vc_column][\/vc_row][vc_row][vc_column][\/vc_column][\/vc_row][vc_row][vc_column][\/vc_column][\/vc_row][vc_row][vc_column][\/vc_column][\/vc_row][vc_row][vc_column][\/vc_column][\/vc_row]","og_url":"https:\/\/koszur.net\/index.php\/o-mnie\/","og_site_name":"Marek Koszur","article_modified_time":"2023-05-28T12:05:51+00:00","twitter_card":"summary_large_image","twitter_misc":{"Szacowany czas czytania":"12 minut"},"schema":{"@context":"https:\/\/schema.org","@graph":[{"@type":"WebPage","@id":"https:\/\/koszur.net\/index.php\/o-mnie\/","url":"https:\/\/koszur.net\/index.php\/o-mnie\/","name":"O mnie - Marek Koszur","isPartOf":{"@id":"https:\/\/koszur.net\/#website"},"datePublished":"2020-02-18T18:34:43+00:00","dateModified":"2023-05-28T12:05:51+00:00","breadcrumb":{"@id":"https:\/\/koszur.net\/index.php\/o-mnie\/#breadcrumb"},"inLanguage":"pl-PL","potentialAction":[{"@type":"ReadAction","target":["https:\/\/koszur.net\/index.php\/o-mnie\/"]}]},{"@type":"BreadcrumbList","@id":"https:\/\/koszur.net\/index.php\/o-mnie\/#breadcrumb","itemListElement":[{"@type":"ListItem","position":1,"name":"Strona g\u0142\u00f3wna","item":"https:\/\/koszur.net\/"},{"@type":"ListItem","position":2,"name":"O mnie"}]},{"@type":"WebSite","@id":"https:\/\/koszur.net\/#website","url":"https:\/\/koszur.net\/","name":"Marek Koszur","description":"","potentialAction":[{"@type":"SearchAction","target":{"@type":"EntryPoint","urlTemplate":"https:\/\/koszur.net\/?s={search_term_string}"},"query-input":{"@type":"PropertyValueSpecification","valueRequired":true,"valueName":"search_term_string"}}],"inLanguage":"pl-PL"}]}},"_links":{"self":[{"href":"https:\/\/koszur.net\/index.php\/wp-json\/wp\/v2\/pages\/3528","targetHints":{"allow":["GET"]}}],"collection":[{"href":"https:\/\/koszur.net\/index.php\/wp-json\/wp\/v2\/pages"}],"about":[{"href":"https:\/\/koszur.net\/index.php\/wp-json\/wp\/v2\/types\/page"}],"author":[{"embeddable":true,"href":"https:\/\/koszur.net\/index.php\/wp-json\/wp\/v2\/users\/990004"}],"replies":[{"embeddable":true,"href":"https:\/\/koszur.net\/index.php\/wp-json\/wp\/v2\/comments?post=3528"}],"version-history":[{"count":7,"href":"https:\/\/koszur.net\/index.php\/wp-json\/wp\/v2\/pages\/3528\/revisions"}],"predecessor-version":[{"id":11587,"href":"https:\/\/koszur.net\/index.php\/wp-json\/wp\/v2\/pages\/3528\/revisions\/11587"}],"wp:attachment":[{"href":"https:\/\/koszur.net\/index.php\/wp-json\/wp\/v2\/media?parent=3528"}],"curies":[{"name":"wp","href":"https:\/\/api.w.org\/{rel}","templated":true}]}}