{"id":3495,"date":"2020-02-17T22:18:58","date_gmt":"2020-02-17T21:18:58","guid":{"rendered":"http:\/\/koszur.net\/?page_id=3495"},"modified":"2021-04-15T23:11:23","modified_gmt":"2021-04-15T21:11:23","slug":"regulamin","status":"publish","type":"page","link":"https:\/\/koszur.net\/index.php\/regulamin\/","title":{"rendered":"Regulamin"},"content":{"rendered":"<p><\/p>\r\n<h2>Polityka prywatno\u015bci opisuje zasady przetwarzania przez nas informacji na Tw\u00f3j temat, w tym danych osobowych oraz ciasteczek, czyli tzw. cookies.<\/h2>\r\n<hr \/>\r\n<div class=\"lh166\">\r\n<h2 class=\"pb-12\"><strong>1. Informacje og\u00f3lne<\/strong><\/h2>\r\n<ol class=\"wp-block-list\">\r\n<li>Niniejsza polityka dotyczy Serwisu www, funkcjonuj\u0105cego pod adresem url:\u00a0<b>koszur.net<\/b><\/li>\r\n<li>Operatorem serwisu oraz Administratorem danych osobowych jest: Marek Koszur<\/li>\r\n<li>Adres kontaktowy poczty elektronicznej operatora: marek@koszur.net<\/li>\r\n<li>Operator jest Administratorem Twoich danych osobowych w odniesieniu do danych podanych dobrowolnie w Serwisie.<\/li>\r\n<li>Serwis wykorzystuje dane osobowe w nast\u0119puj\u0105cych celach:\r\n<ul>\r\n<li>Prowadzenie newslettera<\/li>\r\n<li>Obs\u0142uga zapyta\u0144 przez formularz<\/li>\r\n<li>Przygotowanie, pakowanie, wysy\u0142ka towar\u00f3w<\/li>\r\n<\/ul>\r\n<\/li>\r\n<li>Serwis realizuje funkcje pozyskiwania informacji o u\u017cytkownikach i ich zachowaniu w nast\u0119puj\u0105cy spos\u00f3b:\r\n<ol>\r\n<li>Poprzez dobrowolnie wprowadzone w formularzach dane, kt\u00f3re zostaj\u0105 wprowadzone do system\u00f3w Operatora.<\/li>\r\n<li>Poprzez zapisywanie w urz\u0105dzeniach ko\u0144cowych plik\u00f3w cookie (tzw. \u201eciasteczka\u201d).<\/li>\r\n<\/ol>\r\n<\/li>\r\n<\/ol>\r\n<h2 class=\"pb-12\"><strong>2. Wybrane metody ochrony danych stosowane przez Operatora<\/strong><\/h2>\r\n<ol>\r\n<li>Miejsca logowania i wprowadzania danych osobowych s\u0105 chronione w warstwie transmisji (certyfikat SSL). Dzi\u0119ki temu dane osobowe i dane logowania, wprowadzone na stronie, zostaj\u0105 zaszyfrowane w komputerze u\u017cytkownika i mog\u0105 by\u0107 odczytane jedynie na docelowym serwerze.<\/li>\r\n<li>Has\u0142a u\u017cytkownik\u00f3w s\u0105 przechowywane w postaci hashowanej. Funkcja hashuj\u0105ca dzia\u0142a jednokierunkowo &#8211; nie jest mo\u017cliwe odwr\u00f3cenie jej dzia\u0142ania, co stanowi obecnie wsp\u00f3\u0142czesny standard w zakresie przechowywania hase\u0142 u\u017cytkownik\u00f3w.<\/li>\r\n<li>W celu ochrony danych Operator regularnie wykonuje kopie bezpiecze\u0144stwa.<\/li>\r\n<li>Istotnym elementem ochrony danych jest regularna aktualizacja wszelkiego oprogramowania, wykorzystywanego przez Operatora do przetwarzania danych osobowych, co w szczeg\u00f3lno\u015bci oznacza regularne aktualizacje komponent\u00f3w programistycznych.<\/li>\r\n<\/ol>\r\n<h2 class=\"pb-12\"><strong>3. Hosting<\/strong><\/h2>\r\n<ol>\r\n<li>Serwis jest hostowany (technicznie utrzymywany) na serwera operatora: dhosting<\/li>\r\n<\/ol>\r\n<h2 class=\"pb-12\"><strong>4. Twoje prawa i dodatkowe informacje o sposobie wykorzystania danych<\/strong><\/h2>\r\n<ol>\r\n<li>W niekt\u00f3rych sytuacjach Administrator ma prawo przekazywa\u0107 Twoje dane osobowe innym odbiorcom, je\u015bli b\u0119dzie to niezb\u0119dne do wykonania zawartej z Tob\u0105 umowy lub do zrealizowania obowi\u0105zk\u00f3w ci\u0105\u017c\u0105cych na Administratorze. Dotyczy to takich grup odbiorc\u00f3w:\r\n<ul>\r\n<li>firma hostingowa na zasadzie powierzenia<\/li>\r\n<\/ul>\r\n<\/li>\r\n<li>Twoje dane osobowe przetwarzane przez Administratora nie d\u0142u\u017cej, ni\u017c jest to konieczne do wykonania zwi\u0105zanych z nimi czynno\u015bci okre\u015blonych osobnymi przepisami (np. o prowadzeniu rachunkowo\u015bci). W odniesieniu do danych marketingowych dane nie b\u0119d\u0105 przetwarzane d\u0142u\u017cej ni\u017c przez 3 lata.<\/li>\r\n<li>Przys\u0142uguje Ci prawo \u017c\u0105dania od Administratora:\r\n<ul>\r\n<li>dost\u0119pu do danych osobowych Ciebie dotycz\u0105cych,<\/li>\r\n<li>ich sprostowania,<\/li>\r\n<li>usuni\u0119cia,<\/li>\r\n<li>ograniczenia przetwarzania,<\/li>\r\n<li>oraz przenoszenia danych.<\/li>\r\n<\/ul>\r\n<\/li>\r\n<li>Przys\u0142uguje Ci prawo do z\u0142o\u017cenia sprzeciwu w zakresie przetwarzania wskazanego w pkt 3.3 c) wobec przetwarzania danych osobowych w celu wykonania prawnie uzasadnionych interes\u00f3w realizowanych przez Administratora, w tym profilowania, przy czym prawo sprzeciwu nie b\u0119dzie mog\u0142o by\u0107 wykonane w przypadku istnienia wa\u017cnych prawnie uzasadnionych podstaw do przetwarzania, nadrz\u0119dnych wobec Ciebie interes\u00f3w, praw i wolno\u015bci, w szczeg\u00f3lno\u015bci ustalenia, dochodzenia lub obrony roszcze\u0144.<\/li>\r\n<li>Na dzia\u0142ania Administratora przys\u0142uguje skarga do Prezesa Urz\u0119du Ochrony Danych Osobowych, ul. Stawki 2, 00-193 Warszawa.<\/li>\r\n<li>Podanie danych osobowych jest dobrowolne, lecz niezb\u0119dne do obs\u0142ugi Serwisu.<\/li>\r\n<li>W stosunku do Ciebie mog\u0105 by\u0107 podejmowane czynno\u015bci polegaj\u0105ce na zautomatyzowanym podejmowaniu decyzji, w tym profilowaniu w celu \u015bwiadczenia us\u0142ug w ramach zawartej umowy oraz w celu prowadzenia przez Administratora marketingu bezpo\u015bredniego.<\/li>\r\n<li>Dane osobowe nie s\u0105 przekazywane od kraj\u00f3w trzecich w rozumieniu przepis\u00f3w o ochronie danych osobowych. Oznacza to, \u017ce nie przesy\u0142amy ich poza teren Unii Europejskiej.<\/li>\r\n<\/ol>\r\n<h2 class=\"pb-12\"><strong>5. Informacje w formularzach<\/strong><\/h2>\r\n<ol>\r\n<li>Serwis zbiera informacje podane dobrowolnie przez u\u017cytkownika, w tym dane osobowe, o ile zostan\u0105 one podane.<\/li>\r\n<li>Serwis mo\u017ce zapisa\u0107 informacje o parametrach po\u0142\u0105czenia (oznaczenie czasu, adres IP).<\/li>\r\n<li>Serwis, w niekt\u00f3rych wypadkach, mo\u017ce zapisa\u0107 informacj\u0119 u\u0142atwiaj\u0105c\u0105 powi\u0105zanie danych w formularzu z adresem e-mail u\u017cytkownika wype\u0142niaj\u0105cego formularz. W takim wypadku adres e-mail u\u017cytkownika pojawia si\u0119 wewn\u0105trz adresu url strony zawieraj\u0105cej formularz.<\/li>\r\n<li>Dane podane w formularzu s\u0105 przetwarzane w celu wynikaj\u0105cym z funkcji konkretnego formularza, np. w celu dokonania procesu obs\u0142ugi zg\u0142oszenia serwisowego lub kontaktu handlowego, rejestracji us\u0142ug itp. Ka\u017cdorazowo kontekst i opis formularza w czytelny spos\u00f3b informuje, do czego on s\u0142u\u017cy.<\/li>\r\n<\/ol>\r\n<h2 class=\"pb-12\"><strong>6. Logi Administratora<\/strong><\/h2>\r\n<ol>\r\n<li>Informacje zachowaniu u\u017cytkownik\u00f3w w serwisie mog\u0105 podlega\u0107 logowaniu. Dane te s\u0105 wykorzystywane w celu administrowania serwisem.<\/li>\r\n<\/ol>\r\n<h2 class=\"pb-12\"><strong>7. Istotne techniki marketingowe<\/strong><\/h2>\r\n<ol>\r\n<li>Operator stosuje analiz\u0119 statystyczn\u0105 ruchu na stronie, poprzez Google Analytics (Google Inc. z siedzib\u0105 w USA). Operator nie przekazuje do operatora tej us\u0142ugi danych osobowych, a jedynie zanonimizowane informacje. Us\u0142uga bazuje na wykorzystaniu ciasteczek w urz\u0105dzeniu ko\u0144cowym u\u017cytkownika. W zakresie informacji o preferencjach u\u017cytkownika gromadzonych przez sie\u0107 reklamow\u0105 Google u\u017cytkownik mo\u017ce przegl\u0105da\u0107 i edytowa\u0107 informacje wynikaj\u0105ce z plik\u00f3w cookies przy pomocy narz\u0119dzia: https:\/\/www.google.com\/ads\/preferences\/<\/li>\r\n<\/ol>\r\n<h2 class=\"pb-12\"><strong>8. Informacja o plikach cookies<\/strong><\/h2>\r\n<ol>\r\n<li>Serwis korzysta z plik\u00f3w cookies.<\/li>\r\n<li>Pliki cookies (tzw. \u201eciasteczka\u201d) stanowi\u0105 dane informatyczne, w szczeg\u00f3lno\u015bci pliki tekstowe, kt\u00f3re przechowywane s\u0105 w urz\u0105dzeniu ko\u0144cowym U\u017cytkownika Serwisu i przeznaczone s\u0105 do korzystania ze stron internetowych Serwisu. Cookies zazwyczaj zawieraj\u0105 nazw\u0119 strony internetowej, z kt\u00f3rej pochodz\u0105, czas przechowywania ich na urz\u0105dzeniu ko\u0144cowym oraz unikalny numer.<\/li>\r\n<li>Podmiotem zamieszczaj\u0105cym na urz\u0105dzeniu ko\u0144cowym U\u017cytkownika Serwisu pliki cookies oraz uzyskuj\u0105cym do nich dost\u0119p jest operator Serwisu.<\/li>\r\n<li>Pliki cookies wykorzystywane s\u0105 w nast\u0119puj\u0105cych celach:\r\n<ol>\r\n<li>utrzymanie sesji u\u017cytkownika Serwisu (po zalogowaniu), dzi\u0119ki kt\u00f3rej u\u017cytkownik nie musi na ka\u017cdej podstronie Serwisu ponownie wpisywa\u0107 loginu i has\u0142a;<\/li>\r\n<li>realizacji cel\u00f3w okre\u015blonych powy\u017cej w cz\u0119\u015bci &#8222;Istotne techniki marketingowe&#8221;;<\/li>\r\n<\/ol>\r\n<\/li>\r\n<li>W ramach Serwisu stosowane s\u0105 dwa zasadnicze rodzaje plik\u00f3w cookies: \u201esesyjne\u201d (session cookies) oraz \u201esta\u0142e\u201d (persistent cookies). Cookies \u201esesyjne\u201d s\u0105 plikami tymczasowymi, kt\u00f3re przechowywane s\u0105 w urz\u0105dzeniu ko\u0144cowym U\u017cytkownika do czasu wylogowania, opuszczenia strony internetowej lub wy\u0142\u0105czenia oprogramowania (przegl\u0105darki internetowej). \u201eSta\u0142e\u201d pliki cookies przechowywane s\u0105 w urz\u0105dzeniu ko\u0144cowym U\u017cytkownika przez czas okre\u015blony w parametrach plik\u00f3w cookies lub do czasu ich usuni\u0119cia przez U\u017cytkownika.<\/li>\r\n<li>Oprogramowanie do przegl\u0105dania stron internetowych (przegl\u0105darka internetowa) zazwyczaj domy\u015blnie dopuszcza przechowywanie plik\u00f3w cookies w urz\u0105dzeniu ko\u0144cowym U\u017cytkownika. U\u017cytkownicy Serwisu mog\u0105 dokona\u0107 zmiany ustawie\u0144 w tym zakresie.\u00a0Przegl\u0105darka internetowa umo\u017cliwia usuni\u0119cie plik\u00f3w cookies. Mo\u017cliwe jest tak\u017ce automatyczne blokowanie plik\u00f3w cookies Szczeg\u00f3\u0142owe informacje na ten temat zawiera pomoc lub dokumentacja przegl\u0105darki internetowej.<\/li>\r\n<li>Ograniczenia stosowania plik\u00f3w cookies mog\u0105 wp\u0142yn\u0105\u0107 na niekt\u00f3re funkcjonalno\u015bci dost\u0119pne na stronach internetowych Serwisu.<\/li>\r\n<li>Pliki cookies zamieszczane w urz\u0105dzeniu ko\u0144cowym U\u017cytkownika Serwisu wykorzystywane mog\u0105 by\u0107 r\u00f3wnie\u017c przez wsp\u00f3\u0142pracuj\u0105ce z operatorem Serwisu podmioty, w szczeg\u00f3lno\u015bci dotyczy to firm: Google (Google Inc. z siedzib\u0105 w USA), Facebook (Facebook Inc. z siedzib\u0105 w USA), Twitter (Twitter Inc. z siedzib\u0105 w USA).<\/li>\r\n<\/ol>\r\n<h2 class=\"pb-12\"><strong>9. Zarz\u0105dzanie plikami cookies \u2013 jak w praktyce wyra\u017ca\u0107 i cofa\u0107 zgod\u0119?<\/strong><\/h2>\r\n<ol>\r\n<li>Je\u015bli u\u017cytkownik nie chce otrzymywa\u0107 plik\u00f3w cookies, mo\u017ce zmieni\u0107 ustawienia przegl\u0105darki. Zastrzegamy, \u017ce wy\u0142\u0105czenie obs\u0142ugi plik\u00f3w cookies niezb\u0119dnych dla proces\u00f3w uwierzytelniania, bezpiecze\u0144stwa, utrzymania preferencji u\u017cytkownika mo\u017ce utrudni\u0107,\u00a0a w skrajnych przypadkach mo\u017ce uniemo\u017cliwi\u0107 korzystanie ze stron www<\/li>\r\n<li>W celu zarz\u0105dzania ustawienia cookies wybierz z listy poni\u017cej przegl\u0105dark\u0119 internetow\u0105, kt\u00f3rej u\u017cywasz i post\u0119puj zgodnie z instrukcjami:\r\n<ul>\r\n<li><a href=\"https:\/\/support.microsoft.com\/pl-pl\/help\/10607\/microsoft-edge-view-delete-browser-history\">Edge<\/a><\/li>\r\n<li><a href=\"https:\/\/support.microsoft.com\/pl-pl\/help\/278835\/how-to-delete-cookie-files-in-internet-explorer\">Internet Explorer<\/a><\/li>\r\n<li><a href=\"http:\/\/support.google.com\/chrome\/bin\/answer.py?hl=pl&amp;answer=95647\">Chrome<\/a><\/li>\r\n<li><a href=\"http:\/\/support.apple.com\/kb\/PH5042\">Safari<\/a><\/li>\r\n<li><a href=\"http:\/\/support.mozilla.org\/pl\/kb\/W%C5%82%C4%85czanie%20i%20wy%C5%82%C4%85czanie%20obs%C5%82ugi%20ciasteczek\">Firefox<\/a><\/li>\r\n<li><a href=\"http:\/\/help.opera.com\/Windows\/12.10\/pl\/cookies.html\">Opera<\/a><\/li>\r\n<\/ul>\r\n<p>Urz\u0105dzenia mobilne:<\/p>\r\n<ul>\r\n<li><a href=\"http:\/\/support.google.com\/chrome\/bin\/answer.py?hl=pl&amp;answer=95647\">Android<\/a><\/li>\r\n<li><a href=\"http:\/\/support.apple.com\/kb\/HT1677?viewlocale=pl_PL\">Safari (iOS)<\/a><\/li>\r\n<li><a href=\"http:\/\/www.windowsphone.com\/pl-pl\/how-to\/wp7\/web\/changing-privacy-and-other-browser-settings\">Windows Phone<\/a><\/li>\r\n<\/ul>\r\n<\/li>\r\n<\/ol>\r\n<div class=\"disclaimer pt-36\">\r\n<p>Niniejszy wz\u00f3r polityki zosta\u0142 wygenerowany bezp\u0142atnie, w celach informacyjnych, w oparciu o nasz\u0105 wiedz\u0119, bran\u017cowe praktyki i przepisy prawa obowi\u0105zuj\u0105ce na dzie\u0144 2018-08-14. Zalecamy sprawdzenie wzoru polityki przed u\u017cyciem jej na stronie. Wz\u00f3r opiera si\u0119 na najcz\u0119\u015bciej wyst\u0119puj\u0105cych na stronach internetowych sytuacjach, ale mo\u017ce nie odzwierciedla\u0107 pe\u0142nej i dok\u0142adnej specyfiki Twojej strony www. Przeczytaj uwa\u017cnie wygenerowany dokument i w razie potrzeb dostosuj go do Twojej sytuacji lub zasi\u0119gnij porady prawnej. Nie bierzemy odpowiedziano\u015bci za skutki pos\u0142ugiwania si\u0119 tym dokumentem, poniewa\u017c tylko Ty masz wp\u0142w na to, czy wszystkie informacje w nim zawarte s\u0105 zgodne z prawd\u0105. Zwr\u00f3\u0107 tak\u017ce uwag\u0119, \u017ce Polityka Prywatno\u015bci, nawet najlepsza, jest tylko jednym z ekment\u00f3w Twojej troski o dane osobowe i prywatno\u015b\u0107 u\u017cytkownika na stronie www.<\/p>\r\n<\/div>\r\n<\/div>\r\n<h3>Regulamin sklepu<\/h3>\r\n<ol>\r\n<li>Wszystkie towary sprzedawane przez przez MK NET dostarczane s\u0105 Klientom za po\u015brednictwem Poczty Polskiej lub poczty kurierskiej.<\/li>\r\n<li>Cena za zam\u00f3wione towary nie zawiera koszt\u00f3w przesy\u0142ki.<\/li>\r\n<li>Proponujemy dwie formy p\u0142atno\u015bci: za zaliczeniem pocztowym lub przelew nale\u017cno\u015bci na konto bankowe po uprzednim przes\u0142aniu mailowego potwierdzenia dost\u0119pno\u015bci zam\u00f3wionych p\u0142yt lub sprz\u0119tu.<\/li>\r\n<li>W przypadku oczywistych wad fabrycznych towar\u00f3w, MK NET dostarczy na w\u0142asny koszt towary wolne od wad technicznych lub zwr\u00f3ci nale\u017cno\u015b\u0107. Reklamacje przyjmowane s\u0105 w ci\u0105gu siedmiu dni roboczych od dnia dor\u0119czenia przesy\u0142ki.<\/li>\r\n<li>Po z\u0142o\u017ceniu zam\u00f3wienia rezerwujemy zam\u00f3wione towary przez 5 dni roboczych.<\/li>\r\n<li>Wszystkie przesy\u0142ki pobraniowe o wysoko\u015bci pobrania powy\u017cej 200 z\u0142 wysy\u0142amy jako pakiety warto\u015bciowe.<\/li>\r\n<li>Ze wzgl\u0119du na gwa\u0142towne i codziennie zmieniaj\u0105ce si\u0119 kursy waluty &#8211; podane na stronie ceny towar\u00f3w s\u0105 orientacyjne. Wszystkie ceny zostan\u0105 ka\u017cdorazowo potwierdzone w mailu od Sprzedawcy.<\/li>\r\n<li>Koszty wysy\u0142ki uzale\u017cnione s\u0105 od taryfikatora wybranego przewo\u017anika, wielko\u015bci i wagi przesy\u0142ki. O kosztach tych poinformujemy w mailu potwierdzaj\u0105cym gotowo\u015b\u0107 do realizacji zam\u00f3wienia.<\/li>\r\n<\/ol>\r\n\r\n\r\n\r\n<h3 class=\"wp-block-heading\"><strong>WARUNKI ODST\u0104PIENIA PRZEZ KONSUMENTA OD UMOWY SPRZEDA\u017bY TOWARU<\/strong><\/h3>\r\n\r\n\r\n\r\n<ol class=\"wp-block-list\">\r\n<li>Kupuj\u0105cy, kt\u00f3ry zawar\u0142 umow\u0119 na odleg\u0142o\u015b\u0107, mo\u017ce od niej odst\u0105pi\u0107 bez podania przyczyn, sk\u0142adaj\u0105c o\u015bwiadczenie na pi\u015bmie w terminie do 14\u00a0dni (czternastu dni) od dnia wydania Towaru.<br \/>Aby skutecznie odst\u0105pi\u0107 od umowy wystarczy wys\u0142a\u0107 do Sprzedaj\u0105cego (skan drog\u0105 elektroniczn\u0105 pod adres marek@koszur.net lub w oryginale poczt\u0105 pod adres Sprzedaj\u0105cego (MK NET, Samborska 10, 71-018 Szczecin)\u00a0 podpisane o\u015bwiadczenie o odst\u0105pieniu od umowy.<\/li>\r\n<li>Zwrot Towaru powinien nast\u0105pi\u0107 niezw\u0142ocznie, najlepiej wraz z wys\u0142aniem o\u015bwiadczenia o odst\u0105pieniu, albo oddzielnie \u2013 jednak nie p\u00f3\u017aniej ni\u017c w terminie czternastu 14 dni (czternastu dni) od dnia wys\u0142ania o\u015bwiadczenia o odst\u0105pieniu od umowy.<br \/>Do przesy\u0142ki ze zwracanym towarem powinien zosta\u0107 do\u0142\u0105czony orygina\u0142 podpisanego o\u015bwiadczenia o odst\u0105pieniu od umowy, chyba \u017ce wcze\u015bniej takie o\u015bwiadczenie zosta\u0142o wys\u0142ane poczt\u0105 lub kurierem.<\/li>\r\n<li>Sprzedaj\u0105cy ponosi koszt zwrotu Towaru wg najni\u017cszej stawki wskazanego przewo\u017anika. Je\u015bli Kupuj\u0105cy wybierze inny spos\u00f3b przesy\u0142ki, op\u0142aca nadwy\u017ck\u0119 za koszt dostarczenia zwracanego towaru.<\/li>\r\n<li>W razie skutecznego odst\u0105pienia od umowy, umowa jest uwa\u017cana za niezawart\u0105, a Kupuj\u0105cy jest zwolniony z wszelkich zobowi\u0105za\u0144.<\/li>\r\n<li>Zwracany Towar powinien znajdowa\u0107 si\u0119 w stanie niezmienionym.<\/li>\r\n<li>Kupuj\u0105cy zwraca Towar w takim sk\u0142adzie ilo\u015bciowym i jako\u015bciowym, w jakim go otrzyma\u0142. Do Towaru musz\u0105 by\u0107 do\u0142\u0105czone wszelkie otrzymane wraz z Towarem cz\u0119\u015bci, akcesoria, instrukcje, warunki u\u017cytkowania i inne dokumenty, a tak\u017ce dokument po\u015bwiadczaj\u0105cy zakup. Wymagane jest, aby zwracany Towar by\u0142 zapakowany w oryginalne opakowanie.<\/li>\r\n<li>Zwrot uiszczonej przez Konsumenta ceny Towaru i poniesionych przez Konsumenta koszt\u00f3w dostawy zwracanych Towar\u00f3w zostanie dokonany w terminie czternastu 14 dni (czternastu dni).<\/li>\r\n<li>Prawo odst\u0105pienia od umowy zawartej na odleg\u0142o\u015b\u0107 nie przys\u0142uguje Konsumentowi w przypadku sprzeda\u017cy:\r\n<ol>\r\n<li>nagra\u0144 audialnych i wizualnych oraz zapisanych na informatycznych no\u015bnikach danych \u2013 po usuni\u0119ciu przez Konsumenta ich oryginalnego opakowania;<\/li>\r\n<li>urz\u0105dze\u0144 elektronicznych, okablowania, akcesori\u00f3w gramofonowych, w tym szczeg\u00f3lnie przetwornik\u00f3w (wk\u0142adek gramofonowych) oraz g\u0142o\u015bnik\u00f3w, je\u015bli ich opakowania oryginalne zosta\u0142y usuni\u0119te, zerwane zosta\u0142y banderole, zdj\u0119te ochronne folie.<\/li>\r\n<li>\u015bwiadcze\u0144, kt\u00f3re z uwagi na ich charakter nie mog\u0105 zosta\u0107 zwr\u00f3cone (np. w przypadku produkt\u00f3w, w przypadku kt\u00f3rych dokonane zosta\u0142y przer\u00f3bki, modyfikacje, a w szczeg\u00f3lno\u015bci wskutek imiennej rejestracji produktu (dokumentu gwarancyjnego) przez Konsumenta w bazie danych producenta, co powoduje przypisanie produktu do Konsumenta).<\/li>\r\n<\/ol>\r\n<\/li>\r\n<li>Przedsi\u0119biorcom i osobom prawnym nie przys\u0142uguje prawo do ustawowego odst\u0105pienia od umowy zawieranej na odleg\u0142o\u015b\u0107.<\/li>\r\n<li>MK NET\u00a0 zastrzega sobie prawo do odmowy przyj\u0119cia zwrotu zgodnie z procedurami firmy (patrz p. 6).<\/li>\r\n<\/ol>\r\n","protected":false},"excerpt":{"rendered":"<p>Polityka prywatno\u015bci opisuje zasady przetwarzania przez nas informacji na Tw\u00f3j temat, w tym danych osobowych oraz ciasteczek, czyli tzw. cookies. 1. Informacje og\u00f3lne Niniejsza polityka dotyczy Serwisu www, funkcjonuj\u0105cego pod adresem url:\u00a0koszur.net Operatorem serwisu oraz Administratorem danych osobowych jest: Marek Koszur Adres kontaktowy poczty elektronicznej operatora: marek@koszur.net Operator jest Administratorem Twoich danych osobowych w odniesieniu [&hellip;]<\/p>\n","protected":false},"author":990004,"featured_media":0,"parent":0,"menu_order":0,"comment_status":"closed","ping_status":"closed","template":"","meta":{"footnotes":""},"class_list":["post-3495","page","type-page","status-publish","hentry"],"_links":{"self":[{"href":"https:\/\/koszur.net\/index.php\/wp-json\/wp\/v2\/pages\/3495","targetHints":{"allow":["GET"]}}],"collection":[{"href":"https:\/\/koszur.net\/index.php\/wp-json\/wp\/v2\/pages"}],"about":[{"href":"https:\/\/koszur.net\/index.php\/wp-json\/wp\/v2\/types\/page"}],"author":[{"embeddable":true,"href":"https:\/\/koszur.net\/index.php\/wp-json\/wp\/v2\/users\/990004"}],"replies":[{"embeddable":true,"href":"https:\/\/koszur.net\/index.php\/wp-json\/wp\/v2\/comments?post=3495"}],"version-history":[{"count":6,"href":"https:\/\/koszur.net\/index.php\/wp-json\/wp\/v2\/pages\/3495\/revisions"}],"predecessor-version":[{"id":6968,"href":"https:\/\/koszur.net\/index.php\/wp-json\/wp\/v2\/pages\/3495\/revisions\/6968"}],"wp:attachment":[{"href":"https:\/\/koszur.net\/index.php\/wp-json\/wp\/v2\/media?parent=3495"}],"curies":[{"name":"wp","href":"https:\/\/api.w.org\/{rel}","templated":true}]}}