{"id":3452,"date":"2020-02-15T20:36:05","date_gmt":"2020-02-15T19:36:05","guid":{"rendered":"http:\/\/koszur.net\/?page_id=3452"},"modified":"2021-12-05T11:38:06","modified_gmt":"2021-12-05T10:38:06","slug":"magazyn-morze-2","status":"publish","type":"page","link":"https:\/\/koszur.net\/index.php\/moje-morze\/magazyn-morze-2\/","title":{"rendered":"Magazyn MORZE"},"content":{"rendered":"<p>[vc_row][vc_column]<div class=\"sc_section\"><div class=\"sc_section_inner\"><h6 class=\"sc_section_subtitle sc_item_subtitle\">Afrodyta wysz\u0142a z morskiej piany, my - z katastrofy Exxon Valdez na Alasce...<\/h6><h2 class=\"sc_section_title sc_item_title\">Magazyn MORZE<\/h2>[vc_video link=&#8221;https:\/\/vimeo.com\/396186798&#8243;]<div class=\"sc_section\"><div class=\"sc_section_inner\"><div class=\"columns_wrap sc_columns columns_nofluid sc_columns_count_2\"><div class=\"column-1_2 sc_column_item sc_column_item_1 odd first\">[vc_empty_space]<blockquote class=\"sc_quote\"><p>Pochwyci\u0107 morze&#8230;<\/p><\/blockquote>[vc_column_text]Oczywi\u015bcie, Ajwazowski. On\u00a0 mnie nak\u0142oni\u0142&#8230;<\/p>\n<hr \/>\n<p>Raz w tygodniu jecha\u0142em z Ojcem do Mi\u0119dzynarodowego Klubu Prasy i Ksi\u0105\u017cki. Strome wej\u015bcie na pierwsze pi\u0119tro, obok chorej na polio akacji. Zawsze intrygowa\u0142y mnie jej kszta\u0142ty \u2013 drzewo z ga\u0142\u0119ziami pomi\u0119tymi jakby kto\u015b chcia\u0142 koniecznie zamieni\u0107 je w kul\u0119\u2026<\/p>\n<p>Dlatego tam, bo nie by\u0142o w mie\u015bcie ksi\u0119garni z ta\u0144szymi ksi\u0105\u017ckami. A to, \u017ce by\u0142y po rosyjsku \u2013 nie mia\u0142o znaczenia. Tam kupi\u0142em pierwszy album z reprodukcjami obraz\u00f3w Ajwazowskiego. Za trzy, mo\u017ce cztery z\u0142ote?<\/p>\n<p>Aby dobrze zrozumie\u0107 tekst tej i innych ksi\u0105\u017cek \u2013 t\u0142umaczy\u0142em je lub streszcza\u0142em, zapisuj\u0105c kolejny \u201eNotatnik akademicki\u201d \u2026 Jak to brzmia\u0142o\u2026 Akademicki pisany r\u0119k\u0105 si\u00f3dmo, \u00f3smoklasisty.<\/p>\n<hr \/>\n<p>Malarstwo jest moj\u0105 wielk\u0105 pasj\u0105. Oczywi\u015bcie, malowa\u0142em. Rysowa\u0142em. Min\u0105\u0142em si\u0119 z architektur\u0105. Ale je\u015bli rzeczywi\u015bcie chcia\u0142em poczu\u0107 moc obraz\u00f3w \u2013 si\u0119ga\u0142em po Rembrandta i Ajwazowskiego.<\/p>\n<p>Ale morza, kt\u00f3re on utrwala\u0142 na p\u0142\u00f3tnie \u2013 nie widzia\u0142em w Mi\u0119dzyzdrojach. Dramatyczne sceny, rozbuchany krajobraz nieba zmagaj\u0105cego si\u0119 z oceanem, \u017caglowiec zmaltretowany sztormem, mordercze ska\u0142y, o kt\u00f3re za chwil\u0119 rozbije si\u0119 inny statek.<\/p>\n<p>Studium fali, przejrzysto\u015bci wody, eteryczno\u015b\u0107 mg\u0142y, kolory zachodz\u0105cego s\u0142o\u0144ca.<\/p>\n<p>Ale gdzie jest takie morze? Gdzie te rozbryzguj\u0105ce si\u0119 o ska\u0142y w\u015bciek\u0142e fale?<\/p>\n<p>Musz\u0119 to zobaczy\u0107. Prze\u017cy\u0107\u2026<\/p>\n<hr \/>\n<p>Najpierw by\u0142 <em>Rejs. <\/em>Nie pami\u0119tam, kto by\u0142 jego pomys\u0142odawc\u0105. Zacz\u0105\u0142em otrzymywa\u0107 zlecenia na kr\u00f3tkie felietony. Rutyna, sztampa, szablon i bana\u0142. Towarzysze dyrektorzy opowiadali o milionach prze\u0142adowanych ton towar\u00f3w, tysi\u0105cach ton wyporno\u015bci zwodowanych statk\u00f3w, z\u0142owionych ryb, przetransportowanych fosfat\u00f3w, rudy ze Szwecji czy \u2013 a nie, o tych \u0142adunkach oficjalnie nie m\u00f3wili\u015bmy.<\/p>\n<p>Otrzyma\u0142em autorski odcinek \u2013 czwartkow\u0105 Kronik\u0119 Morsk\u0105. Po serwisie informacyjnym \u2013 20 minut publicystyki. Wkr\u00f3tce \u2013 pe\u0142ne morskie 30 minut.<\/p>\n<p>Promy pasa\u017cerskie, nowatorskie konstrukcje statkowe, s\u0142ynni \u017ceglarze. I \u2013 pierwsze wyjazdy zagraniczne. Z rybakami. Na podmiany za\u0142\u00f3g.<\/p>\n<p>Vancouver, Montevideo, potem Anchorage na Alasce.<\/p>\n<p>No i zacz\u0119\u0142o si\u0119\u2026 Sztormy, nawa\u0142nice, pr\u0105dy morskie i potwory w morzu redakcyjnym p\u0142ywaj\u0105ce. Intrygi, donosy, zarzuty warsztatowe \u2013 \u017ce reporta\u017ce s\u0105 \u201eradiowe\u201d, a tu jest telewizja\u2026 Nigdy nie dowiedzia\u0142em si\u0119 jednak, na czym polega radiowo\u015b\u0107 reporta\u017cu telewizyjnego\u2026<\/p>\n<hr \/>\n<p>Kilka lat wcze\u015bniej, bodaj w 1983 roku otrzyma\u0142em zezwolenie nr 4 na instalacj\u0119 anteny satelitarnej. Ale nie na \u015bcianie osiedlowego budynku. Tylko po\u015br\u00f3d winoro\u015bli rachitycznie os\u0142aniaj\u0105cej balkon w domu Rodzic\u00f3w. Pod balkonem \u2013 przez wiele dni stali milicjanci. Kt\u00f3rego\u015b dnia, psio zimnego i deszczowego Matka zaprosi\u0142a ich do mieszkania.<\/p>\n<p>&#8211; Herbaty si\u0119 panowie napij\u0105. Zimno tak na dworze.<\/p>\n<p>Po chwili jeden z nich odwa\u017cy\u0142 si\u0119 i zapyta\u0142:<\/p>\n<p>&#8211; Czego my tutaj pilnujemy?<\/p>\n<p>&#8211; No&#8230; \u2013 odezwa\u0142 si\u0119 drugi &#8211; mamy zapisywa\u0107, kto tu przychodzi i czy ta blaszana konstrukcja si\u0119 obraca. Co to za konstrukcja?<\/p>\n<hr \/>\n<ol start=\"1989\">\n<li>MT Exxon Valdez, tankowiec o d\u0142ugo\u015bci 300 metr\u00f3w rozbi\u0142 si\u0119 u wybrze\u017cy Alaski. Nagra\u0142em relacj\u0119 CNN, potem przekazy satelitarne innych stacji. Moja Alaska, morska katastrofa, znak czasu epoki rozwijaj\u0105cego si\u0119 transportu morskiego w oparciu o p\u0142ywaj\u0105ce mamuty. Przejmuj\u0105ce zdj\u0119cia ptak\u00f3w morskich gin\u0105cych w nieprzebranym morzu rozlanej ropy. Na innym kanale \u2013 osza\u0142amiaj\u0105ce uj\u0119cia skuter\u00f3w wodnych, surfingowc\u00f3w na Hawajach, uj\u0119cia raju rafy koralowej.<\/li>\n<\/ol>\n<p>Sklei\u0142em te obrazy.<\/p>\n<p>Andrzej Turski zosta\u0142 wtedy dyrektorem TVP1. Po tylu latach wsp\u00f3\u0142pracy w Radiokurierze, w Tr\u00f3jce wiedzia\u0142em, \u017ce jest to temat dla Andrzeja.<\/p>\n<p>Dynamiczne ci\u0119cia (jak w Radiokurierze), rytmiczna muzyka, dramatyzm uj\u0119\u0107: tak jest, a tak mo\u017ce by\u0107 \u2013 zr\u00f3bmy co\u015b.<\/p>\n<p>Telefon. Sekretariat. Do szefa. Jacek Popio\u0142ek podaje mi s\u0142uchawk\u0119.<\/p>\n<p>&#8211; Cze\u015b\u0107 Kiszkurno \u2013 (Andrzej Domagalik, niegdy\u015b redaktor naczelny &#8222;\u015awiata M\u0142odych&#8221;, od 1968 roku kierownik Naczelnej Redakcji Program\u00f3w dla Dzieci w\u00a0Polskim Radiu twierdzi\u0142 zawsze, \u017ce przypominam mu naszego olimpijczyka, J\u00f3zefa Kiszkurno, wi\u0119c \u2013 mawia\u0142 \u2013 po co si\u0119 uczy\u0107 nowego nazwiska, skoro stare jest dobre, a zawodnik podobny) \u2013 Ile masz tego materia\u0142u?<\/p>\n<p>&#8211; P\u00f3\u0142 godziny, co tydzie\u0144 \u2013 wystrzeli\u0142em, a Jacek Popio\u0142ek a\u017c przysiad\u0142.<\/p>\n<p>&#8211; Dobra, jest u mnie Zbyszek Pawelec, zaraz do ciebie zadzwoni. Masz odcinek w niedziel\u0119 w po\u0142udnie. Czo\u0142\u00f3wka jest ok. Oni tu si\u0119 za g\u0142ow\u0119 \u0142api\u0105! Policzyli, \u017ce masz pi\u0119\u0107 razy wi\u0119cej uj\u0119\u0107 na minut\u0119 ni\u017c oni w swoich programach. Nie odpuszczaj.<\/p>\n<p>Dla o\u015brodka regionalnego 30 minut w niedziel\u0119 na antenie Jedynki to by\u0142a gratka. Tak\u017ce finansowa. Najbardziej atrakcyjny czas antenowy. Najdro\u017csze reklamy. Od\u0142o\u017cy\u0142em s\u0142uchawk\u0119.<\/p>\n<p>&#8211; To co Panu potrzeba? \u2013 Jacek Popio\u0142ek roz\u0142o\u017cy\u0142 r\u0119ce w ekumenicznym ge\u015bcie.<\/p>\n<p>&#8211; Osobny pok\u00f3j. Osobny monta\u017c. Sta\u0142ego ooperatora. Drugi monta\u017c i kamer\u0119 mam z P\u017bMu.<\/p>\n<p>Przez kolejne lata Jacek Popio\u0142ek nie wychodzi\u0142 z roli permanentnej akuszerki programu. Uchyla\u0142 drzwi do mojego pokoju zastawionego sprz\u0119tem, wsuwa\u0142 g\u0142ow\u0119 i pyta\u0142:<\/p>\n<p>&#8211; Czy co\u015b potrzeba?<\/p>\n<p>Nie pami\u0119tam, czy podzi\u0119kowa\u0142em Mu, gdy wyje\u017cd\u017ca\u0142 ze Szczecina. Dzi\u0119ki!<\/p>\n<p>Program zaistnia\u0142.<\/p>\n<hr \/>\n<p>Kt\u00f3rego\u015b dnia zatelefonowa\u0142a\u2026 czarodziejka. Joanna.<\/p>\n<p>&#8211; Pan jest autorem tego programu Morze? To my kupimy ten program.<\/p>\n<p>&#8211; A Pani\u2026<\/p>\n<p>&#8211; Sp\u00f3\u0142ka Universal z Warszawy. Chc\u0119 zam\u00f3wi\u0107 reklam\u0119 przed i po programie, ale na wy\u0142\u0105czno\u015b\u0107. \u017beby nikt inny si\u0119 tam nie doklei\u0142.<\/p>\n<p>&#8211; Ale to\u2026<\/p>\n<p>&#8211; Ju\u017c sprawdza\u0142am \u2013 za ca\u0142y blok przed i po to b\u0119dzie dwa razy po 30 milion\u00f3w. Bilboard sponsorki osiem sekund. Albo nazwa sponsora w czo\u0142\u00f3wce. Fajna. Poza tym szef poleci\u0142 mi, abym zaproponowa\u0142a pomoc w realizacji materia\u0142\u00f3w. Mamy plac\u00f3wki handlowe praktycznie w ka\u017cdym miejscu na \u015bwiecie. Wi\u0119c rozumie Pan\u2026<\/p>\n<p>Czarodziejka Joanna\u2026<\/p>\n<p>Bywa\u0142o, wpada\u0142a na lotnisko, odbiera\u0142a nas w sali przylot\u00f3w, wr\u0119cza\u0142a torby z ciuchami i bilety na nast\u0119pny lot. Za nieca\u0142\u0105 godzin\u0119.<\/p>\n<p>Nam, Jasiowi Kuczerze i mnie. Bywa\u0142o, \u017ce jecha\u0142 Stasio Brychcy i Tomek Kosior. Cz\u0119\u015bciej \u2013 siada\u0142a na przednim siedzeniu auta i wydziela\u0142a nam papierosy na trasie Szczecin &#8211; Barcelona czy Cannes, Cherbourg lub Rotterdam.<\/p>\n<p>Znikn\u0119\u0142a na obwodnicy Pary\u017ca\u2026 Widz\u0119 j\u0105 oprawion\u0105 w ram\u0119 tylnej szyby autokaru skr\u0119caj\u0105cego w stron\u0119 granicy niemieckiej, podczas gdy my p\u0119dzili\u015bmy do Monaco, filmowa\u0107 wylew ropy naftowej z tankowca.<\/p>\n<p>Kropka.<\/p>\n<hr \/>\n<p>Nie pami\u0119tam, ile odcink\u00f3w wyprodukowa\u0142em przez sze\u015b\u0107 lat. Na cudem zachowanych kasetach widz\u0119 wyblak\u0142y napis: Universal \u2013 odcinki od 140\u2026 A kaset jest kilka. Inne \u2013 przepad\u0142y, a m\u00f3wi\u0105c precyzyjnie \u2013 zosta\u0142y nadpisane innymi programami lub skasowane.<\/p>\n<p>Zapisy, kt\u00f3re do mnie dotar\u0142y \u2013 na ta\u015bmach VHS, licz\u0105 sobie ponad 30 lat. Ich stan techniczny \u2013 jak przysta\u0142o na VHS, natywnie zawsze by\u0142 s\u0142aby, ale archiwalnie \u2013 zachowa\u0142y si\u0119 w zaskakuj\u0105co dobrej jako\u015bci.[\/vc_column_text][vc_empty_space]<\/div><div class=\"column-1_2 sc_column_item sc_column_item_2 even\"><div class=\"sc_column_item_inner\" style=\"background-color:#eaeaea;\">[vc_empty_space]<blockquote class=\"sc_quote\"><p>Przed-Magazynowe 'Morze&#8217;<\/p><\/blockquote>[vc_empty_space][evc_image_with_text image=&#8221;4348&#8243; custom_link=&#8221;url:https%3A%2F%2Fkoszur.net%2Findex.php%2F2020%2F03%2F07%2Fwodowanie%2F|||&#8221; title=&#8221;W\u00f3dowanie&#8221; text=&#8221;Leksykalno artykulacyjne wprawki ch\u00f3ralne&#8221;][vc_separator border_width=&#8221;2&#8243;][vc_empty_space][evc_image_with_text image=&#8221;4655&#8243; custom_link=&#8221;url:https%3A%2F%2Fkoszur.net%2Findex.php%2Fmoje-morze%2Fvancouver-jak-swinoujscie%2F||target:%20_blank|&#8221; title=&#8221;Vancouver&#8221; text=&#8221;Tyle statk\u00f3w ile wie\u017cowc\u00f3w&#8221;][vc_separator border_width=&#8221;2&#8243;][vc_empty_space][evc_image_with_text image=&#8221;4133&#8243; custom_link=&#8221;url:http%3A%2F%2Fkoszur.net%2Findex.php%2Fmoje-morze%2Fmagazyn-morze-2%2Fmontevideo%2F|title:W%C3%B3dowanie||&#8221; title=&#8221;Montevideo&#8221; text=&#8221;Marynarskie worki na cenzurowanym&#8221;][vc_separator border_width=&#8221;2&#8243;][vc_empty_space][evc_image_with_text image=&#8221;4131&#8243; custom_link=&#8221;url:https%3A%2F%2Fkoszur.net%2Findex.php%2Fmagazyn-morze%2Falaska-cz-1-2%2F|title:Alaska%20cz.%20I%20%26%20II|target:%20_blank|&#8221; title=&#8221;Alaska&#8221; text=&#8221;Tak blisko jak daleko&#8230;&#8221;][vc_empty_space][evc_image_with_text image_behavior=&#8221;lightbox&#8221; image=&#8221;5462&#8243; custom_link=&#8221;url:https%3A%2F%2Fkoszur.net%2Findex.php%2Fmagazyn-morze%2Falaska-cz-1-2%2F|title:Alaska%20cz.%20I%20%26%20II|target:%20_blank|&#8221; title=&#8221;Alaska &#8211; Kronika Morska&#8221; text=&#8221;Dokumentacja programu&#8221; image_size=&#8221;large&#8221;][vc_separator border_width=&#8221;2&#8243;]<\/div><\/div><\/div><\/div><\/div><\/div><\/div>[\/vc_column][\/vc_row]<\/p>\n","protected":false},"excerpt":{"rendered":"<p>[vc_row][vc_column][\/vc_column][\/vc_row]<\/p>\n","protected":false},"author":990004,"featured_media":0,"parent":2994,"menu_order":0,"comment_status":"closed","ping_status":"closed","template":"","meta":{"footnotes":""},"class_list":["post-3452","page","type-page","status-publish","hentry"],"_links":{"self":[{"href":"https:\/\/koszur.net\/index.php\/wp-json\/wp\/v2\/pages\/3452","targetHints":{"allow":["GET"]}}],"collection":[{"href":"https:\/\/koszur.net\/index.php\/wp-json\/wp\/v2\/pages"}],"about":[{"href":"https:\/\/koszur.net\/index.php\/wp-json\/wp\/v2\/types\/page"}],"author":[{"embeddable":true,"href":"https:\/\/koszur.net\/index.php\/wp-json\/wp\/v2\/users\/990004"}],"replies":[{"embeddable":true,"href":"https:\/\/koszur.net\/index.php\/wp-json\/wp\/v2\/comments?post=3452"}],"version-history":[{"count":48,"href":"https:\/\/koszur.net\/index.php\/wp-json\/wp\/v2\/pages\/3452\/revisions"}],"predecessor-version":[{"id":7661,"href":"https:\/\/koszur.net\/index.php\/wp-json\/wp\/v2\/pages\/3452\/revisions\/7661"}],"up":[{"embeddable":true,"href":"https:\/\/koszur.net\/index.php\/wp-json\/wp\/v2\/pages\/2994"}],"wp:attachment":[{"href":"https:\/\/koszur.net\/index.php\/wp-json\/wp\/v2\/media?parent=3452"}],"curies":[{"name":"wp","href":"https:\/\/api.w.org\/{rel}","templated":true}]}}