{"id":3341,"date":"2020-02-15T11:06:38","date_gmt":"2020-02-15T10:06:38","guid":{"rendered":"http:\/\/koszur.net\/?page_id=3341"},"modified":"2022-01-30T12:37:48","modified_gmt":"2022-01-30T11:37:48","slug":"radio","status":"publish","type":"page","link":"https:\/\/koszur.net\/index.php\/radio\/","title":{"rendered":"Radio"},"content":{"rendered":"<p>[vc_row][vc_column][vc_empty_space]<div class=\"sc_section\"><div class=\"sc_section_inner\"><div class=\"sc_section\"><div class=\"sc_section_inner\">[vc_separator border_width=&#8221;3&#8243;]<\/div><\/div><\/div><\/div><div class=\"columns_wrap sc_columns columns_nofluid sc_columns_count_2\"><div class=\"column-1_2 sc_column_item sc_column_item_1 odd first\">[vc_empty_space][vc_column_text]Nie wiem, kiedy si\u0119 zacz\u0119\u0142o\u2026<\/p>\n<p>Wiem, \u017ce by\u0107 musia\u0142o.<\/p>\n<p>Chcia\u0142em ch\u0142on\u0105\u0107, odkrywa\u0107, by\u0107 przez otaczaj\u0105cy mnie \u015bwiat czarowanym i zaskakiwanym. Lektura <em>Tajemniczej wyspy<\/em>, pod ko\u0142dr\u0105 z latark\u0105, do kt\u00f3rej gumk\u0105 wekow\u0105 przymocowana by\u0142a druga bateria \u2013 zostawi\u0142a pulsuj\u0105cy do dzi\u015b \u015blad. <em>Robinson Cruzoe, Winetou, Porwany za m\u0142odu, Wyspa skarb\u00f3w<\/em>. No, przecie\u017c ka\u017cdy wtedy to czyta\u0142.<\/p>\n<p>Nie, <em>Trylogia<\/em> i <em>Krzy\u017cacy<\/em> to by\u0142 krok wstecz. To buraczano-pszeniczna za\u015bciankowo\u015b\u0107. \u015awiat! Przestrze\u0144! Starcie, zderzenie, katastrofa! Wirowanie, p\u0119d i\u2026 poezja, ale odk\u0142adana na p\u00f3\u017aniej.<\/p>\n<p>Ojciec przez ca\u0142e noce s\u0142ucha\u0142 radia. Moj\u0105 ko\u0142ysank\u0105 by\u0142y nieustannie modulowane zmienn\u0105 propagacj\u0105 strz\u0119py s\u0142\u00f3w Wolnej Europy, G\u0142osu Ameryki. Wraca\u0142 wieczorem z pracy, chwyta\u0142 swojego guliwera lub siada\u0142 przy adze i kr\u0119ci\u0142. Mo\u017ce p\u00f3\u017aniej b\u0119dzie lepiej, jak si\u0119 \u015bciemni. Kto\u015b mu w\u0142a\u015bnie powiedzia\u0142, \u017ce na 16 metrach. Nie zag\u0142uszaj\u0105. A tamci wal\u0105 jak w b\u0119ben&#8230;<\/p>\n<p>Propagacja, fale, detekcja, cz\u0119stotliwo\u015b\u0107.<\/p>\n<p>Do dzi\u015b pami\u0119tam zapach kalafonii i rozgrzan\u0105 r\u0105czk\u0119 lutownicy, gdy Ojciec pozwala\u0142 przylutowa\u0107 opornik do nowego radia, kt\u00f3re w\u0142a\u015bnie montowa\u0142. Na stole przykrytym kocem le\u017ca\u0142a o\u015bmiornica prowizorycznie polutowanych element\u00f3w. G\u0142o\u015bnik oparty o jak\u0105\u015b ksi\u0105\u017ck\u0119. Chyba <em>Nowoczesne zabawki<\/em>. I ten magiczny moment: pstryk. Lampy wybuchaj\u0105 \u017carem, przygasaj\u0105. Wolno si\u0119 roz\u015bwietlaj\u0105, a z g\u0142o\u015bnika, jak zza \u015bwiat\u00f3w wyp\u0142ywa szum, trzaski i\u2026 g\u0142os\u2026<\/p>\n<p>&#8211; Co to jest? \u2013 lekka korekcja kondensatora strojeniowego. \u2013 Albania\u2026 Nie, to j\u0119zyk grecki\u2026<\/p>\n<p>Z wolna wyobra\u017ania zape\u0142nia si\u0119 atrybutami: ciep\u0142o, statki, bogowie\u2026 Nie rozumiem ani s\u0142owa. Ale \u017cadnego nie chc\u0119 uroni\u0107. Ws\u0142uchuj\u0119 si\u0119 w melodi\u0119 przekazu. Widz\u0119 cz\u0142owieka, mikrofon, nie za bardzo widz\u0119, co jest za nim. Ale to jedno: cz\u0142owiek przed mikrofonem sta\u0142 si\u0119 elementem mojej wirtualnej rzeczywisto\u015bci. Atrybutem to\u017csamo\u015bci. Oczywisto\u015bci\u0105.<\/p>\n<p>To kto\u015b wa\u017cny.<\/p>\n<p>Pstryk\u2026<\/p>\n<p>Zapada cisza. Co\u015b m\u00f3wi\u0105\u2026 Ci\u2026<\/p>\n<p>A potem to ju\u017c\u2026[\/vc_column_text][vc_empty_space][vc_text_separator title=&#8221;Resume&#8230;&#8221;][vc_empty_space][vc_column_text]Informacje, felietony, komentarze, rozmowy, wywiady, magazyny, audycje dokumentalne, programy nocne, bloki s\u0142owno-muzyczne, multipleksy (\u0142\u0105czenie kilku rozg\u0142o\u015bni na kilku cz\u0119stotliwo\u015bciach jednocze\u015bnie), transmisje. Po nocnym programie, ze studia spikerskiego relacja do Porannych sygna\u0142\u00f3w, chwil\u0119 potem &#8211; powitanie s\u0142uchaczy Studia Ba\u0142tyk. Kilka minut po dziewi\u0105tej rano &#8211; telekonferencja z Warszaw\u0105 &#8211; co mamy do po\u0142udniowego wydania magazynu Z kraju i ze \u015bwiata? Za chwil\u0119 telekonferencja Radiokuriera. Bywa\u0142o, \u017ce o 13.05 &#8211; komentarz aktualny dla Programu pierwszego. W przerwie nagrania, monta\u017c, pisanie tekst\u00f3w do popo\u0142udniowego Przegl\u0105du Aktualno\u015bci Wybrze\u017ca. o 18.00 &#8211; wej\u015bcie na \u017cywo do Radiokuriera. O 19.00 &#8211; wieczorne wydanie magazynu Z kraju i ze \u015bwiata. Po 21.00 &#8211; audycje edukacyjne, literackie, magazyny&#8230;<\/p>\n<p>I od pocz\u0105tku&#8230;<\/p>\n<p>I jeszcze raz&#8230;<\/p>\n<p>Kilkadziesi\u0105t lat&#8230;<\/p>\n<p>I niemal nic si\u0119 nie osta\u0142o&#8230;<\/p>\n<p>Mo\u017ce troch\u0119&#8230;<\/p>\n<p>Ludzie morza<\/p>\n<p>Morze w kulturach \u015bwiata<\/p>\n<p>Tajemnice \u017ceglugi<\/p>\n<p><a href=\"https:\/\/koszur.net\/index.php\/reportaze-radiowe\/\">Reporta\u017ce\u00a0 \u2192<\/a><\/p>\n<p>S\u0142uchowiska,<\/p>\n<p>Magazyny<\/p>\n<p>Publicystyka<\/p>\n<p>Transmisje i relacje<\/p>\n<div id=\"attachment_7943\" style=\"width: 1116px\" class=\"wp-caption aligncenter\"><a href=\"https:\/\/koszur.net\/wp-content\/uploads\/2022\/01\/PR-Szczecin-montaz-Red-Mlodziezowa-1976.jpg.jpg\"><img decoding=\"async\" aria-describedby=\"caption-attachment-7943\" class=\"size-full wp-image-7943\" src=\"https:\/\/koszur.net\/wp-content\/uploads\/2022\/01\/PR-Szczecin-montaz-Red-Mlodziezowa-1976.jpg.jpg\" alt=\"Polskie Radio Szczecin 1976 monta\u017c Redakcja M\u0142odzie\u017cowa\" width=\"1106\" height=\"775\" srcset=\"https:\/\/koszur.net\/wp-content\/uploads\/2022\/01\/PR-Szczecin-montaz-Red-Mlodziezowa-1976.jpg.jpg 1106w, https:\/\/koszur.net\/wp-content\/uploads\/2022\/01\/PR-Szczecin-montaz-Red-Mlodziezowa-1976.jpg-300x210.jpg 300w, https:\/\/koszur.net\/wp-content\/uploads\/2022\/01\/PR-Szczecin-montaz-Red-Mlodziezowa-1976.jpg-1024x718.jpg 1024w, https:\/\/koszur.net\/wp-content\/uploads\/2022\/01\/PR-Szczecin-montaz-Red-Mlodziezowa-1976.jpg-768x538.jpg 768w, https:\/\/koszur.net\/wp-content\/uploads\/2022\/01\/PR-Szczecin-montaz-Red-Mlodziezowa-1976.jpg-650x455.jpg 650w\" sizes=\"(max-width: 1106px) 100vw, 1106px\" \/><\/a><p id=\"caption-attachment-7943\" class=\"wp-caption-text\">Polskie Radio Szczecin 1976 monta\u017c Redakcja M\u0142odzie\u017cowa<\/p><\/div>[\/vc_column_text]<\/div><div class=\"column-1_2 sc_column_item sc_column_item_2 even\">[vc_empty_space][evc_image_gallery type=&#8221;grid&#8221; number_of_columns=&#8221;one&#8221; images=&#8221;3350,3349,3348,3347,3346&#8243;]<\/div><\/div>[\/vc_column][\/vc_row][vc_row][vc_column][vc_empty_space][vc_empty_space]<div class=\"sc_line sc_line_position_center_center sc_line_style_solid\" style=\"border-top-style:solid;\"><\/div><div id=\"sc_blogger_452661711\" class=\"sc_blogger layout_square_4 template_portfolio no_margins sc_blogger_horizontal\"><h6 class=\"sc_blogger_subtitle sc_item_subtitle\">Teczka znaleziona za szaf\u0105...<\/h6><h2 class=\"sc_blogger_title sc_item_title\">Radio w Szczecinie<\/h2><div class=\"sc_blogger_descr sc_item_descr\">Przy Al. Wojska Polskiego 73, na poddaszu, by\u0142 pokoik monta\u017cowy. I dwie szafy, w kt\u00f3rych trzymali\u015bmy swoje skarby - \u017cyletk\u0119, lepik, rozbieg\u00f3wk\u0119. Latem - piekielny skwar, zim\u0105 - palce grabia\u0142y od ch\u0142odu. Poddasze.<br \/>\nPot\u0119\u017cny (cudowny!!! brzmieniowo) g\u0142o\u015bnik chyba goodmansa z lampowym wzmacniaczem, mo\u017ce typu 300B, nie pami\u0119tam, pozwala\u0142 wys\u0142ysze\u0107 najdrobniejszy szczeg\u00f3\u0142 nagrania reporterskiego. S\u0142ysz\u0119 go do dzi\u015b... Na tym poddaszu, za jedn\u0105 z tych starych szaf, gdy wpad\u0142a mi pod ni\u0105 \u017cyletka - znalaz\u0142em stare dokumenty. My\u015bl\u0119, \u017ce by\u0142 to rok 1975, mo\u017ce 1976...<\/div><div class=\"isotope_wrap\" data-columns=\"4\">\t\t\t<div class=\"isotope_item isotope_item_square isotope_item_square_4 isotope_column_4\t\t\t\t\t\t\">\n\t\t\t\t<div class=\"post_item post_item_square post_item_square_4\t\t\t\t\tpost_format_standard odd\">\n\t\n\t\t\t\t\t<div class=\"post_content isotope_item_content ih-item colored square effect_shift left_to_right\">\n\t\t\t\t\t\t\t\t\t\t\t\t<div class=\"post_featured img\">\n\t\t\t\t\t\t\t<a href=\"https:\/\/koszur.net\/index.php\/2020\/01\/08\/u-nas-w-szczecinie-ku-ujsciu-odry\/\"><img decoding=\"async\" class=\"wp-post-image\" width=\"370\" height=\"370\" alt=\"Tymoteusz Karpowicz &#8211; U nas w Szczecinie &#8211; Ku uj\u015bciu Odry\" src=\"https:\/\/koszur.net\/wp-content\/uploads\/2020\/01\/Karpowicz-Ku-ujsciu-Odry01-370x370.jpg\"><\/a>\t\t\t\t\t\t<\/div>\n\t\t\t\t\t\t\t\t\n\t\t\t\t\t\t\t<div class=\"post_info_wrap info\"><div class=\"info-back\">\n\t\t\n\t\t\t\t\t\t\t\t<h4 class=\"post_title\"><a href=\"https:\/\/koszur.net\/index.php\/2020\/01\/08\/u-nas-w-szczecinie-ku-ujsciu-odry\/\">Tymoteusz Karpowicz &#8211; U nas w Szczecinie &#8211; Ku uj\u015bciu Odry<\/a><\/h4>\t\t\n\t\t\t\t\t\t\t\t<div class=\"post_descr\">\n\t\t\t\t\t\t\t\t\t\t\t\t\t\t<p class=\"post_info\">\n\t\t\t\t\t\t\t\t\t<span class=\"post_info_item post_info_posted\"> <a href=\"https:\/\/koszur.net\/index.php\/2020\/01\/08\/u-nas-w-szczecinie-ku-ujsciu-odry\/\" class=\"post_info_date\">8 January 2020<\/a><\/span>\n\t\t\t\t\t\t\t\t\t\t<span class=\"post_info_item post_info_counters\">\t<a class=\"post_counters_item post_counters_comments icon-chat\" title=\"Comments - 0\" href=\"https:\/\/koszur.net\/index.php\/2020\/01\/08\/u-nas-w-szczecinie-ku-ujsciu-odry\/#respond\"><span class=\"post_counters_number\">0 Comments<\/span><\/a>\n\t<\/span>\n\t\t\t\t\t\t\t\t<\/p>\n<p><a href=\"https:\/\/koszur.net\/index.php\/2020\/01\/08\/u-nas-w-szczecinie-ku-ujsciu-odry\/\">w opr. Tymoteusza Karpowicza. Niedziela dn. 18.8.46 r...<\/a><\/p><p class=\"post_buttons\"><\/p>\t\t\t\t\t\t\t\t<\/div>\n\t\t\t\t\t\t\t<\/div><\/div>\t<!-- \/.info-back \/.info -->\n\t\t\t\t\t\t\t\t\t\t\t\t\t\t\t\t\t\t<\/div>\t\t\t\t<!-- \/.post_content -->\n\t\t\t\t<\/div>\t<!-- \/.post_item -->\n\t\t\t<\/div>\t\t\t\t\t\t<!-- \/.isotope_item -->\n\t\t\t\t\t\t<div class=\"isotope_item isotope_item_square isotope_item_square_4 isotope_column_4\t\t\t\t\t\t\">\n\t\t\t\t<div class=\"post_item post_item_square post_item_square_4\t\t\t\t\tpost_format_standard even\">\n\t\n\t\t\t\t\t<div class=\"post_content isotope_item_content ih-item colored square effect_shift left_to_right\">\n\t\t\t\t\t\t\t\t\t\t\t\t<div class=\"post_featured img\">\n\t\t\t\t\t\t\t<a href=\"https:\/\/koszur.net\/index.php\/2020\/01\/09\/marek-korejwo-reportaz-z-konferencji-w-sprawach-wybrzeza\/\"><img decoding=\"async\" class=\"wp-post-image\" width=\"370\" height=\"370\" alt=\"Marek Koreywo &#8211; Reporta\u017c z konferencji w sprawach Wybrze\u017ca.\" src=\"https:\/\/koszur.net\/wp-content\/uploads\/2020\/01\/Marek-Koreywo-reportaz01-370x370.jpg\"><\/a>\t\t\t\t\t\t<\/div>\n\t\t\t\t\t\t\t\t\n\t\t\t\t\t\t\t<div class=\"post_info_wrap info\"><div class=\"info-back\">\n\t\t\n\t\t\t\t\t\t\t\t<h4 class=\"post_title\"><a href=\"https:\/\/koszur.net\/index.php\/2020\/01\/09\/marek-korejwo-reportaz-z-konferencji-w-sprawach-wybrzeza\/\">Marek Koreywo &#8211; Reporta\u017c z konferencji w sprawach Wybrze\u017ca.<\/a><\/h4>\t\t\n\t\t\t\t\t\t\t\t<div class=\"post_descr\">\n\t\t\t\t\t\t\t\t\t\t\t\t\t\t<p class=\"post_info\">\n\t\t\t\t\t\t\t\t\t<span class=\"post_info_item post_info_posted\"> <a href=\"https:\/\/koszur.net\/index.php\/2020\/01\/09\/marek-korejwo-reportaz-z-konferencji-w-sprawach-wybrzeza\/\" class=\"post_info_date\">9 January 2020<\/a><\/span>\n\t\t\t\t\t\t\t\t\t\t<span class=\"post_info_item post_info_counters\">\t<a class=\"post_counters_item post_counters_comments icon-chat\" title=\"Comments - 0\" href=\"https:\/\/koszur.net\/index.php\/2020\/01\/09\/marek-korejwo-reportaz-z-konferencji-w-sprawach-wybrzeza\/#respond\"><span class=\"post_counters_number\">0 Comments<\/span><\/a>\n\t<\/span>\n\t\t\t\t\t\t\t\t<\/p>\n<p><a href=\"https:\/\/koszur.net\/index.php\/2020\/01\/09\/marek-korejwo-reportaz-z-konferencji-w-sprawach-wybrzeza\/\">8. sierpnia.1946, 18.50-19.00 (tekst) dla lektora! Marek Koreywo Reporta\u017c z konferencji w...<\/a><\/p><p class=\"post_buttons\"><\/p>\t\t\t\t\t\t\t\t<\/div>\n\t\t\t\t\t\t\t<\/div><\/div>\t<!-- \/.info-back \/.info -->\n\t\t\t\t\t\t\t\t\t\t\t\t\t\t\t\t\t\t<\/div>\t\t\t\t<!-- \/.post_content -->\n\t\t\t\t<\/div>\t<!-- \/.post_item -->\n\t\t\t<\/div>\t\t\t\t\t\t<!-- \/.isotope_item -->\n\t\t\t\t\t\t<div class=\"isotope_item isotope_item_square isotope_item_square_4 isotope_column_4\t\t\t\t\t\t\">\n\t\t\t\t<div class=\"post_item post_item_square post_item_square_4\t\t\t\t\tpost_format_standard odd\">\n\t\n\t\t\t\t\t<div class=\"post_content isotope_item_content ih-item colored square effect_shift left_to_right\">\n\t\t\t\t\t\t\t\t\t\t\t\t<div class=\"post_featured img\">\n\t\t\t\t\t\t\t<a href=\"https:\/\/koszur.net\/index.php\/2020\/01\/09\/zygmunt-fijas-o-ksiazkach-rybach-i-barylce-rumu\/\"><img decoding=\"async\" class=\"wp-post-image\" width=\"370\" height=\"370\" alt=\"Zygmunt Fijas &#8211; O ksi\u0105\u017ckach, rybach i bary\u0142ce rumu&#8230;\" src=\"https:\/\/koszur.net\/wp-content\/uploads\/2020\/01\/Zygmunt-Fijas-O-ksiazkach-rybach-i-barylce-rumu-1-370x370.jpg\"><\/a>\t\t\t\t\t\t<\/div>\n\t\t\t\t\t\t\t\t\n\t\t\t\t\t\t\t<div class=\"post_info_wrap info\"><div class=\"info-back\">\n\t\t\n\t\t\t\t\t\t\t\t<h4 class=\"post_title\"><a href=\"https:\/\/koszur.net\/index.php\/2020\/01\/09\/zygmunt-fijas-o-ksiazkach-rybach-i-barylce-rumu\/\">Zygmunt Fijas &#8211; O ksi\u0105\u017ckach, rybach i bary\u0142ce rumu&#8230;<\/a><\/h4>\t\t\n\t\t\t\t\t\t\t\t<div class=\"post_descr\">\n\t\t\t\t\t\t\t\t\t\t\t\t\t\t<p class=\"post_info\">\n\t\t\t\t\t\t\t\t\t<span class=\"post_info_item post_info_posted\"> <a href=\"https:\/\/koszur.net\/index.php\/2020\/01\/09\/zygmunt-fijas-o-ksiazkach-rybach-i-barylce-rumu\/\" class=\"post_info_date\">9 January 2020<\/a><\/span>\n\t\t\t\t\t\t\t\t\t\t<span class=\"post_info_item post_info_counters\">\t<a class=\"post_counters_item post_counters_comments icon-chat\" title=\"Comments - 0\" href=\"https:\/\/koszur.net\/index.php\/2020\/01\/09\/zygmunt-fijas-o-ksiazkach-rybach-i-barylce-rumu\/#respond\"><span class=\"post_counters_number\">0 Comments<\/span><\/a>\n\t<\/span>\n\t\t\t\t\t\t\t\t<\/p>\n<p><a href=\"https:\/\/koszur.net\/index.php\/2020\/01\/09\/zygmunt-fijas-o-ksiazkach-rybach-i-barylce-rumu\/\">Zygmunt Fijas &#8211; O ksi\u0105\u017ckach, rybach i bary\u0142ce rumu\u2026 Z cyklu: Wiatr od morza Nr. 5...<\/a><\/p><p class=\"post_buttons\"><\/p>\t\t\t\t\t\t\t\t<\/div>\n\t\t\t\t\t\t\t<\/div><\/div>\t<!-- \/.info-back \/.info -->\n\t\t\t\t\t\t\t\t\t\t\t\t\t\t\t\t\t\t<\/div>\t\t\t\t<!-- \/.post_content -->\n\t\t\t\t<\/div>\t<!-- \/.post_item -->\n\t\t\t<\/div>\t\t\t\t\t\t<!-- \/.isotope_item -->\n\t\t\t<\/div><\/div>[\/vc_column][\/vc_row][vc_row][vc_column][\/vc_column][\/vc_row]<\/p>\n","protected":false},"excerpt":{"rendered":"<p>[vc_row][vc_column][vc_empty_space][\/vc_column][\/vc_row][vc_row][vc_column][vc_empty_space][vc_empty_space][\/vc_column][\/vc_row][vc_row][vc_column][\/vc_column][\/vc_row]<\/p>\n","protected":false},"author":990004,"featured_media":3345,"parent":0,"menu_order":0,"comment_status":"closed","ping_status":"closed","template":"","meta":{"footnotes":""},"class_list":["post-3341","page","type-page","status-publish","has-post-thumbnail","hentry"],"_links":{"self":[{"href":"https:\/\/koszur.net\/index.php\/wp-json\/wp\/v2\/pages\/3341","targetHints":{"allow":["GET"]}}],"collection":[{"href":"https:\/\/koszur.net\/index.php\/wp-json\/wp\/v2\/pages"}],"about":[{"href":"https:\/\/koszur.net\/index.php\/wp-json\/wp\/v2\/types\/page"}],"author":[{"embeddable":true,"href":"https:\/\/koszur.net\/index.php\/wp-json\/wp\/v2\/users\/990004"}],"replies":[{"embeddable":true,"href":"https:\/\/koszur.net\/index.php\/wp-json\/wp\/v2\/comments?post=3341"}],"version-history":[{"count":32,"href":"https:\/\/koszur.net\/index.php\/wp-json\/wp\/v2\/pages\/3341\/revisions"}],"predecessor-version":[{"id":7944,"href":"https:\/\/koszur.net\/index.php\/wp-json\/wp\/v2\/pages\/3341\/revisions\/7944"}],"wp:featuredmedia":[{"embeddable":true,"href":"https:\/\/koszur.net\/index.php\/wp-json\/wp\/v2\/media\/3345"}],"wp:attachment":[{"href":"https:\/\/koszur.net\/index.php\/wp-json\/wp\/v2\/media?parent=3341"}],"curies":[{"name":"wp","href":"https:\/\/api.w.org\/{rel}","templated":true}]}}