{"id":3156,"date":"2020-02-01T11:33:12","date_gmt":"2020-02-01T10:33:12","guid":{"rendered":"http:\/\/koszur.net\/?page_id=3156"},"modified":"2020-05-15T20:45:34","modified_gmt":"2020-05-15T18:45:34","slug":"ludzie-morza","status":"publish","type":"page","link":"https:\/\/koszur.net\/index.php\/moje-morze\/ludzie-morza\/","title":{"rendered":"Ludzie morza"},"content":{"rendered":"<p>[vc_row][vc_column]<div class=\"sc_section\"><div class=\"sc_section_inner\"><div class=\"sc_section\"><div class=\"sc_section_inner\"><div class=\"columns_wrap sc_columns columns_nofluid sc_columns_count_2\"><div class=\"column-1_2 sc_column_item sc_column_item_1 odd first\">[vc_video link=&#8221;https:\/\/vimeo.com\/388804043&#8243; el_aspect=&#8221;43&#8243; title=&#8221;Ludzie z morza&#8221;][vc_empty_space]<\/div><div class=\"column-1_2 sc_column_item sc_column_item_2 even\">[vc_column_text css_animation=&#8221;none&#8221;]Ci\u0119\u017cko si\u0119 z nimi rozmawia. Lepiej \u2013 milczy.<\/p>\n<p>Kapitan niech\u0119tnie zgodzi\u0142 si\u0119 na spotkanie. Moje argumenty \u2013 zbierzmy to wszystko raz jeszcze, w ca\u0142o\u015b\u0107, dopowiedzmy, zr\u00f3bmy t\u0119 ostatni\u0105 kresk\u0119 na portrecie \u2013 jakby mija\u0142y go, nie zostawiaj\u0105c \u015bladu na niewzruszonej twarzy.<\/p>\n<p>\u017bycie rodzinne\u2026 Ale o czym tu m\u00f3wi\u0107? Same kl\u0119ski. Dzieci? B\u00f3l jeszcze bardziej piek\u0105cy\u2026 Praca \u2013 kto pami\u0119ta o tych wyczynach, o brawurze i kawaleryjskich manewrach, najpierw pod Murma\u0144skiem, gdzie mimo obrony niszczycieli trzeba by\u0142o si\u00f3dmym zmys\u0142em swingowa\u0107 mi\u0119dzy sun\u0105cymi torpedami\u2026 Potem \u2013 weryfikacja prawa p\u0142ywania. Picie w\u00f3dki z ubekami. Ochmistrz sta\u0142 i czeka\u0142, jak tylko zaczn\u0105 wychodzi\u0107 by przekaza\u0107 im pocz\u0119stunek z wysp egzotycznych. Narady armatorskie, dogadywanie si\u0119 z nadzorem stoczniowym, bunkrowanie paliwa we W\u0142oszech, Algierze i Konstantynopolu. Pieni\u0105dze, cygara, alkohol, upa\u0142, py\u0142 fosfat\u00f3w, w\u0119glowy mia\u0142, skrzynie z armatami, rozebrane samoloty, na Daleki Wsch\u00f3d albo nie wiadomo, gdzie\u2026 I ten b\u0142ogos\u0142awiony moment, gdy pilot po sztormtrapie schodzi\u0142 do swojej motor\u00f3wki daj\u0105c uniesion\u0105 r\u0119k\u0105 znak \u2013 p\u0142y\u0144, i niech ci\u0119 B\u00f3g ma w opiece\u2026<\/p>\n<p><!--more--><\/p>\n<p>Statek, jak uwolniona z portowych okow\u00f3w d\u0142o\u0144 sunie przed siebie, nie ogl\u0105daj\u0105c si\u0119 na gin\u0105ce za horyzontem portowe \u015bwiat\u0142a.<\/p>\n<p>Noc. Pod Krzy\u017cem Po\u0142udnia, w \u015bwietle Gwiazdy P\u00f3\u0142nocy, w sztormie lub flaucie. Nikt nie potrzebuje s\u0142\u00f3w, nie ma potrzeby m\u00f3wi\u0107 o tym, co ich otacza. Ka\u017cdy prze\u017cywa to samo. A reszta \u2013 nie zrozumie.<\/p>\n<p>Obrazy si\u0119 zacieraj\u0105, nak\u0142adaj\u0105 na siebie. Ale ani na chwil\u0119 nie cichnie w uszach szum morza.<\/p>\n<p>On, statek, wdziera si\u0119 we\u0144, trze, napiera, ono, morze, obejmuje go z ca\u0142\u0105 nami\u0119tno\u015bci\u0105, bezwolne, uleg\u0142e\u2026<\/p>\n<p>Morze\u2026 jest jednak innym wymiarem. Nie ka\u017cdy mo\u017ce na nim \u017cy\u0107. Nieliczni nie potrafi\u0105 nigdzie indziej\u2026<\/p>\n<pre><\/pre>\n<p>[\/vc_column_text]<\/div><\/div><\/div><\/div><\/div><\/div>[\/vc_column][\/vc_row][vc_row][vc_column][vc_separator border_width=&#8221;3&#8243;][vc_empty_space]<div id=\"sc_team_134856534_wrap\" class=\"sc_team_wrap\"><div id=\"sc_team_134856534\" class=\"sc_team sc_team_style_team-1  sc_slider_nopagination sc_slider_nocontrols\" style=\"width:100%;\" data-interval=\"9195\" data-slides-per-view=\"3\"><h6 class=\"sc_team_subtitle sc_item_subtitle\">Tyle oni bez niego, ile ono bez nich jest wa\u017cne. Morze...<\/h6><h2 class=\"sc_team_title sc_item_title\">Ludzie morza<\/h2><div class=\"sc_team_descr sc_item_descr\">Przypadkiem, \u015bwiadomie, z ciekawo\u015bci, pod presj\u0105, nie maj\u0105c innego wyj\u015bcia... Trafiali na nie wiedzeni jakby nieokre\u015blonym g\u0142osem. Ale pytani - zawsze twierdzili, \u017ce innego \u017cycia nie s\u0105 w stanie sobie wyobrazi\u0107.<\/div><div class=\"sc_columns columns_wrap\"><div class=\"column-1_3 column_padding_bottom\">\t\t\t<div id=\"sc_team_134856534_1\"\t\t\t\tclass=\"sc_team_item sc_team_item_1 odd first\"\n\t\t\t\t>\n\t\t\t\t<div class=\"sc_team_item_avatar\"><img decoding=\"async\" class=\"wp-post-image\" width=\"370\" height=\"370\" alt=\"Kazimierz Bay\" src=\"https:\/\/koszur.net\/wp-content\/uploads\/2020\/07\/kazimierz-bay-mlody-marynarz-370x370.jpg\"><\/div>\n\t\t\t\t<div class=\"sc_team_item_info\">\n\t\t\t\t\t<h5 class=\"sc_team_item_title\"><a href=\"https:\/\/koszur.net\/index.php\/moje-morze\/ludzie-morza\/kazimierz-bay\/\">Kazimierz Bay<\/a><\/h5>\n\t\t\t\t\t<div class=\"sc_team_item_position\">szef artylerii<\/div>\n\t\t\t\t\t<div class=\"sc_team_item_description\">przewalczy\u0107 ca\u0142e \u017cycie&#8230;<\/div>\n\t\t\t\t\t\t\t\t\t<\/div>\n\t\t\t<\/div>\n\t\t<\/div><div class=\"column-1_3 column_padding_bottom\">\t\t\t<div id=\"sc_team_134856534_2\"\t\t\t\tclass=\"sc_team_item sc_team_item_2 even\"\n\t\t\t\t>\n\t\t\t\t<div class=\"sc_team_item_avatar\"><img decoding=\"async\" class=\"wp-post-image\" width=\"370\" height=\"370\" alt=\"Kpt. \u017c.w.j. Henryk Jasku\u0142a\" src=\"https:\/\/koszur.net\/wp-content\/uploads\/2020\/05\/jaskula-370x370.jpg\"><\/div>\n\t\t\t\t<div class=\"sc_team_item_info\">\n\t\t\t\t\t<h5 class=\"sc_team_item_title\"><a href=\"https:\/\/koszur.net\/index.php\/2020\/05\/15\/non-stop-do-zycia\/\">Kpt. \u017c.w.j. Henryk Jasku\u0142a<\/a><\/h5>\n\t\t\t\t\t<div class=\"sc_team_item_position\">\u017ceglarz<\/div>\n\t\t\t\t\t<div class=\"sc_team_item_description\">wyp\u0142yn\u0105\u0142 na morze aby dop\u0142yn\u0105\u0107 do l\u0105du&#8230;<\/div>\n\t\t\t\t\t\t\t\t\t<\/div>\n\t\t\t<\/div>\n\t\t<\/div><div class=\"column-1_3 column_padding_bottom\">\t\t\t<div id=\"sc_team_134856534_3\"\t\t\t\tclass=\"sc_team_item sc_team_item_3 odd\"\n\t\t\t\t>\n\t\t\t\t<div class=\"sc_team_item_avatar\"><img decoding=\"async\" class=\"wp-post-image\" width=\"370\" height=\"370\" alt=\"Red. Ryszard Bogunowicz\" src=\"https:\/\/koszur.net\/wp-content\/uploads\/2020\/05\/Ryszard-Bogunowicz-370x370.jpg\"><\/div>\n\t\t\t\t<div class=\"sc_team_item_info\">\n\t\t\t\t\t<h5 class=\"sc_team_item_title\"><a href=\"https:\/\/koszur.net\/index.php\/2020\/05\/06\/red-ryszard-bogunowicz\/\">Red. Ryszard Bogunowicz<\/a><\/h5>\n\t\t\t\t\t<div class=\"sc_team_item_position\">publicysta morski<\/div>\n\t\t\t\t\t<div class=\"sc_team_item_description\">autor cyklu &#8222;Z port\u00f3w i m\u00f3rz&#8221;, kt\u00f3ry redagowa\u0142 przez kilkadziesi\u0105t lat &nbsp;<\/div>\n\t\t\t\t\t\t\t\t\t<\/div>\n\t\t\t<\/div>\n\t\t<\/div><div class=\"column-1_3 column_padding_bottom\">\t\t\t<div id=\"sc_team_134856534_4\"\t\t\t\tclass=\"sc_team_item sc_team_item_4 even\"\n\t\t\t\t>\n\t\t\t\t<div class=\"sc_team_item_avatar\"><img decoding=\"async\" class=\"wp-post-image\" width=\"370\" height=\"370\" alt=\"Kontradmira\u0142 Kazimierz Por\u0119bski\" src=\"https:\/\/koszur.net\/wp-content\/uploads\/2020\/04\/kazimierz-porebski-avatar-370x370.jpg\"><\/div>\n\t\t\t\t<div class=\"sc_team_item_info\">\n\t\t\t\t\t<h5 class=\"sc_team_item_title\"><a href=\"https:\/\/koszur.net\/index.php\/2020\/04\/23\/kontradmiral-kazimierz-porebski\/\">Kontradmira\u0142 Kazimierz Por\u0119bski<\/a><\/h5>\n\t\t\t\t\t<div class=\"sc_team_item_position\">kontradmira\u0142<\/div>\n\t\t\t\t\t<div class=\"sc_team_item_description\">tw\u00f3rca polskiej Marynarki Wojennej, ojciec chrzestny Gdyni<\/div>\n\t\t\t\t\t\t\t\t\t<\/div>\n\t\t\t<\/div>\n\t\t<\/div><div class=\"column-1_3 column_padding_bottom\">\t\t\t<div id=\"sc_team_134856534_5\"\t\t\t\tclass=\"sc_team_item sc_team_item_5 odd\"\n\t\t\t\t>\n\t\t\t\t<div class=\"sc_team_item_avatar\"><img decoding=\"async\" class=\"wp-post-image\" width=\"370\" height=\"370\" alt=\"Jerzy Pertek\" src=\"https:\/\/koszur.net\/wp-content\/uploads\/2020\/04\/jerzy-pertek-avatar-370x370.jpg\"><\/div>\n\t\t\t\t<div class=\"sc_team_item_info\">\n\t\t\t\t\t<h5 class=\"sc_team_item_title\"><a href=\"https:\/\/koszur.net\/index.php\/moje-morze\/ludzie-morza\/jerzy-pertek\/\">Jerzy Pertek<\/a><\/h5>\n\t\t\t\t\t<div class=\"sc_team_item_position\">kronikarz, marynista, publicysta<\/div>\n\t\t\t\t\t<div class=\"sc_team_item_description\">l\u0105dowy admira\u0142 polskich flot, nikt o nich nie wiedzia\u0142 wi\u0119cej, w ka\u017cdym aspekcie<\/div>\n\t\t\t\t\t\t\t\t\t<\/div>\n\t\t\t<\/div>\n\t\t<\/div><div class=\"column-1_3 column_padding_bottom\">\t\t\t<div id=\"sc_team_134856534_6\"\t\t\t\tclass=\"sc_team_item sc_team_item_6 even\"\n\t\t\t\t>\n\t\t\t\t<div class=\"sc_team_item_avatar\"><img decoding=\"async\" class=\"wp-post-image\" width=\"370\" height=\"370\" alt=\"Rudolf Kreutschneider\" src=\"https:\/\/koszur.net\/wp-content\/uploads\/2020\/04\/rudolf-kreutschneider-avatar-370x370.jpg\"><\/div>\n\t\t\t\t<div class=\"sc_team_item_info\">\n\t\t\t\t\t<h5 class=\"sc_team_item_title\"><a href=\"https:\/\/koszur.net\/index.php\/rudolf-kreutschneider\/\">Rudolf Kreutschneider<\/a><\/h5>\n\t\t\t\t\t<div class=\"sc_team_item_position\">\u017ceglarz<\/div>\n\t\t\t\t\t<div class=\"sc_team_item_description\">marzyciel z pi\u0142\u0105 drwala w d\u0142oni, kolory widzi tam, gdzie wszyscy inni tylko szaro\u015b\u0107, ster jachtu r\u00f3wnie dobrze le\u017cy mu w d\u0142oni jak pi\u00f3ro&#8230;<\/div>\n\t\t\t\t\t\t\t\t\t<\/div>\n\t\t\t<\/div>\n\t\t<\/div><div class=\"column-1_3 column_padding_bottom\">\t\t\t<div id=\"sc_team_134856534_7\"\t\t\t\tclass=\"sc_team_item sc_team_item_7 odd\"\n\t\t\t\t>\n\t\t\t\t<div class=\"sc_team_item_avatar\"><img decoding=\"async\" class=\"wp-post-image\" width=\"370\" height=\"370\" alt=\"Stanis\u0142aw Wojciechowski\" src=\"https:\/\/koszur.net\/wp-content\/uploads\/2020\/04\/stanislaw-wojciechowski-avatar-370x370.jpg\"><\/div>\n\t\t\t\t<div class=\"sc_team_item_info\">\n\t\t\t\t\t<h5 class=\"sc_team_item_title\"><a href=\"https:\/\/koszur.net\/index.php\/moje-morze\/ludzie-morza\/stanislaw-wojciechowski\/\">Stanis\u0142aw Wojciechowski<\/a><\/h5>\n\t\t\t\t\t<div class=\"sc_team_item_position\">oficer mechanik<\/div>\n\t\t\t\t\t<div class=\"sc_team_item_description\">wynalazca, konstruktor, ekonomista, wyk\u0142adowca, publicysta<\/div>\n\t\t\t\t\t\t\t\t\t<\/div>\n\t\t\t<\/div>\n\t\t<\/div><\/div><\/div><!-- \/.sc_team --><\/div><!-- \/.sc_team_wrap -->[\/vc_column][\/vc_row]<\/p>\n","protected":false},"excerpt":{"rendered":"<p>[vc_row][vc_column][vc_column_text css_animation=&#8221;none&#8221;]Ci\u0119\u017cko si\u0119 z nimi rozmawia. Lepiej \u2013 milczy. Kapitan niech\u0119tnie zgodzi\u0142 si\u0119 na spotkanie. Moje argumenty \u2013 zbierzmy to wszystko raz jeszcze, w ca\u0142o\u015b\u0107, dopowiedzmy, zr\u00f3bmy t\u0119 ostatni\u0105 kresk\u0119 na portrecie \u2013 jakby mija\u0142y go, nie zostawiaj\u0105c \u015bladu na niewzruszonej twarzy. \u017bycie rodzinne\u2026 Ale o czym tu m\u00f3wi\u0107? Same kl\u0119ski. Dzieci? B\u00f3l jeszcze bardziej [&hellip;]<\/p>\n","protected":false},"author":990004,"featured_media":5770,"parent":2994,"menu_order":0,"comment_status":"closed","ping_status":"closed","template":"","meta":{"footnotes":""},"class_list":["post-3156","page","type-page","status-publish","has-post-thumbnail","hentry"],"_links":{"self":[{"href":"https:\/\/koszur.net\/index.php\/wp-json\/wp\/v2\/pages\/3156","targetHints":{"allow":["GET"]}}],"collection":[{"href":"https:\/\/koszur.net\/index.php\/wp-json\/wp\/v2\/pages"}],"about":[{"href":"https:\/\/koszur.net\/index.php\/wp-json\/wp\/v2\/types\/page"}],"author":[{"embeddable":true,"href":"https:\/\/koszur.net\/index.php\/wp-json\/wp\/v2\/users\/990004"}],"replies":[{"embeddable":true,"href":"https:\/\/koszur.net\/index.php\/wp-json\/wp\/v2\/comments?post=3156"}],"version-history":[{"count":31,"href":"https:\/\/koszur.net\/index.php\/wp-json\/wp\/v2\/pages\/3156\/revisions"}],"predecessor-version":[{"id":5813,"href":"https:\/\/koszur.net\/index.php\/wp-json\/wp\/v2\/pages\/3156\/revisions\/5813"}],"up":[{"embeddable":true,"href":"https:\/\/koszur.net\/index.php\/wp-json\/wp\/v2\/pages\/2994"}],"wp:featuredmedia":[{"embeddable":true,"href":"https:\/\/koszur.net\/index.php\/wp-json\/wp\/v2\/media\/5770"}],"wp:attachment":[{"href":"https:\/\/koszur.net\/index.php\/wp-json\/wp\/v2\/media?parent=3156"}],"curies":[{"name":"wp","href":"https:\/\/api.w.org\/{rel}","templated":true}]}}