{"id":3087,"date":"2020-01-19T13:02:41","date_gmt":"2020-01-19T12:02:41","guid":{"rendered":"http:\/\/koszur.net\/?page_id=3087"},"modified":"2021-12-05T15:44:22","modified_gmt":"2021-12-05T14:44:22","slug":"polnoc","status":"publish","type":"page","link":"https:\/\/koszur.net\/index.php\/polnoc\/","title":{"rendered":"P\u00f3\u0142noc"},"content":{"rendered":"<p>[vc_row][vc_column]<div class=\"sc_section\"><div class=\"sc_section_inner\">[vc_single_image image=&#8221;1861&#8243; img_size=&#8221;large&#8221; add_caption=&#8221;yes&#8221; style=&#8221;vc_box_shadow&#8221; onclick=&#8221;link_image&#8221; title=&#8221;P\u00f3\u0142noc&#8221;][vc_empty_space height=&#8221;50px&#8221;][vc_separator border_width=&#8221;3&#8243;][vc_custom_heading text=&#8221;Moje polarne&#8230; dreszcze&#8221; font_container=&#8221;tag:h2|text_align:center|color:%23d6d6d6|line_height:3&#8243; google_fonts=&#8221;font_family:Raleway%3A100%2C200%2C300%2Cregular%2C500%2C600%2C700%2C800%2C900|font_style:400%20regular%3A400%3Anormal&#8221;]<div class=\"columns_wrap sc_columns columns_nofluid sc_columns_count_2\"><div class=\"column-1_2 sc_column_item sc_column_item_1 odd first\">[vc_media_grid style=&#8221;lazy&#8221; items_per_page=&#8221;2&#8243; element_width=&#8221;12&#8243; gap=&#8221;20&#8243; item=&#8221;masonryMedia_SimpleOverlay&#8221; grid_id=&#8221;vc_gid:1636060230015-6867eb49-6439-3&#8243; include=&#8221;3103,3108,3133,3135,3134&#8243;]<\/div><div class=\"column-1_2 sc_column_item sc_column_item_2 even\">[vc_column_text]Tak&#8230; Tam wr\u00f3ci\u0142bym najch\u0119tniej.<\/p>\n<p>Im d\u0142u\u017cej si\u0119 nad tym zastanawiam, tym bardziej wierz\u0119 w dzieci\u0119ce zniewolenie&#8230;<\/p>\n<p>S\u0105dz\u0119, \u017ce idee, zasady, pomys\u0142y, marzenia, cele okre\u015blone w najm\u0142odszych latach rzeczywi\u015bcie determinuj\u0105, profiluj\u0105 nasz rozw\u00f3j.<\/p>\n<p>Nie umiem powiedzie\u0107, co by\u0142o tym impulsem, tym pierwszym sygna\u0142em, \u017ce warto pozna\u0107 \u015bwiat, ale musia\u0142 on by\u0107 silny. Pewnie Ojciec&#8230; Wtedy \u2013 \u00f3w cel mia\u0142 wymiar praktyczny, przestrzenny i geograficzny. Egzotyczne kraje, wielkie wyprawy, tajemnicze l\u0105dy, ukryte w nich skarby. G\u0142owa p\u0119ka\u0142a od emocji podczas lektury \u201ePorwanego za m\u0142odu\u201d czy wszystkich powie\u015bci Juliusza Verne\u2019a. Albo Robinson Cruzoe. Winnetou. No a Guliwer? Doskonale pami\u0119tam ten dylemat \u2013 jak mo\u017cna mieszka\u0107 w domu z lodu? Nie mog\u0142em uwierzy\u0107, \u017ce jest w nim ciep\u0142o i przytulnie, \u017ce weso\u0142o skacze p\u0142omie\u0144 w lampce wype\u0142nionej t\u0142uszczem z foki. A co z roso\u0142em? Czy oni jedz\u0105 ros\u00f3\u0142? A makaron maj\u0105 kupny czy robiony przez mam\u0119, na desce i rozwa\u0142kowywanego na niej ciasta, krojonego potem w cieniutkie paski?<\/p>\n<p>Znaleziona na strychu ksi\u0105\u017cka o wyprawach odkrywc\u00f3w by\u0142a szokiem i chyba powodem lekkiej gor\u0105czki. Tu podr\u00f3\u017cnicy porwani nurtem rzeki nieuchronnie p\u0119dz\u0105 w stron\u0119 wodospadu, tam \u2013 uciekaj\u0105 przed rozjuszonym stadem s\u0142oni, ale najbardziej wstrz\u0105saj\u0105ce by\u0142y opisy ukazuj\u0105ce dramat polarnik\u00f3w. Napieraj\u0105ce kry mia\u017cd\u017c\u0105 ich statek, a oni dryfuj\u0105 na lodowej tafli w stron\u0119 otwartego oceanu. Zapada zmierzch. Mokre ubranie, brak po\u017cywienia, narastaj\u0105cy wiatr, deszcz i \u015bnieg. A oni na tej krze\u2026<\/p>\n<p>Dzieci nie powinny czyta\u0107 takich ksi\u0105\u017cek.<\/p>\n<p>A je\u015bli si\u0119 ju\u017c tak zdarzy, mo\u017cna mie\u0107 pewno\u015b\u0107, \u017ce ich umys\u0142owo\u015b\u0107, ich psychika b\u0119d\u0105 obci\u0105\u017cone tymi wstrz\u0105saj\u0105cymi wizjami.<\/p>\n<p>Oczywi\u015bcie, \u017ce w pobliskich krzakach mieli\u015bmy baz\u0119. Marzyli\u015bmy, aby na pobliskim drzewie zbudowa\u0107 platform\u0119 z podci\u0105gan\u0105 drabin\u0105 linow\u0105. Chata wuja Toma, Tomek Sawyer, Huckleberry Fin. Najgorzej jednak przychodzi\u0142o nam wymy\u015blanie menu. Czy mo\u017cna zje\u015b\u0107 pokrzyw\u0119? Na \u201ebo\u017cy chlebek\u201d spogl\u0105dali\u015bmy nawet z pewnym apetytem. Ale co z \u0142opianem? Na szcz\u0119\u015bcie kto\u015b zg\u0142osi\u0142 w\u0105tpliwo\u015b\u0107 \u2013 ale w Brazylii mo\u017ce nie ma pokrzyw albo ost\u00f3w, a s\u0105 tylko&#8230; pomara\u0144cze?! Od razu \u015bwiat zacz\u0105\u0142 wygl\u0105da\u0107 inaczej, ciekawiej i jak smakowicie.<\/p>\n<p>Mo\u017ce teoretyzuj\u0119\u2026<\/p>\n<p>Pewnie wiele os\u00f3b nigdy nie czyta\u0142o tych ksi\u0105\u017cek, nie budowa\u0142o bazy poszukiwaczy i odkrywc\u00f3w, a znalaz\u0142o si\u0119 na safari, w Alpach czy za ko\u0142em podbiegunowym. Mo\u017ce poznawali tamte \u015bwiaty w spos\u00f3b czysto pragmatyczny, wolny od literackich obci\u0105\u017ce\u0144 i archetyp\u00f3w, od utartych znacze\u0144, symboli i \u2013 uprzedze\u0144?<\/p>\n<p>By\u0142em w tylu miejscach. Wszystkimi zachwyca\u0142em si\u0119 rado\u015bci\u0105 neofity i dzieciaka. Ale P\u00f3\u0142noc wywar\u0142a na mnie najwi\u0119ksze wra\u017cenie.<\/p>\n<p>Tak, tam chcia\u0142bym wr\u00f3ci\u0107 najch\u0119tniej\u2026[\/vc_column_text][vc_empty_space height=&#8221;50px&#8221;]<div class=\"sc_line sc_line_position_center_center sc_line_style_solid\" style=\"border-top-style:solid;border-top-color:#808080;\"><\/div>[vc_empty_space height=&#8221;50px&#8221;][evc_single_image image=&#8221;3953&#8243; custom_link=&#8221;url:http%3A%2F%2Fkoszur.net%2Findex.php%2Fpolnoc%2F|title:P%C3%B3%C5%82noc||&#8221;][vc_empty_space height=&#8221;50px&#8221;][vc_column_text]<\/p>\n<h2><a href=\"http:\/\/koszur.net\/index.php\/zatoka-bialego-niedzwiedzia\/\">Zatoka Bia\u0142ego Nied\u017awiedzia<\/a><\/h2>\n<p>notatki reporterskie nie tylko na \u015bniegu zapisywane<\/p>\n<p class=\"toc_title\">Contents\u00a0<span class=\"toc_toggle\">[<a href=\"http:\/\/koszur.net\/index.php\/zatoka-bialego-niedzwiedzia\/?preview_id=3085&amp;preview_nonce=7a18a9ffc8&amp;_thumbnail_id=-1&amp;preview=true#\">hide<\/a>]<\/span><\/p>\n<ul class=\"toc_list\">\n<li><a href=\"http:\/\/koszur.net\/index.php\/zatoka-bialego-niedzwiedzia\/spitsbergen-po-raz-pierwszy\/\"><span class=\"toc_number toc_depth_1\">1<\/span>\u00a0Spitsbergen po raz pierwszy<\/a><\/li>\n<li><a href=\"http:\/\/koszur.net\/index.php\/zatoka-bialego-niedzwiedzia\/02-nieco-historii\/\"><span class=\"toc_number toc_depth_1\">2<\/span>\u00a0Nieco historii<\/a><\/li>\n<li><a href=\"http:\/\/koszur.net\/index.php\/zatoka-bialego-niedzwiedzia\/03-fiolki-w-hornsundzie\/\"><span class=\"toc_number toc_depth_1\">3<\/span>\u00a0Fio\u0142ki w Hornsundzie<\/a><\/li>\n<li><a href=\"http:\/\/koszur.net\/index.php\/zatoka-bialego-niedzwiedzia\/04-przetrwanie\/\"><span class=\"toc_number toc_depth_1\">4<\/span>\u00a0Przetrwanie<\/a><\/li>\n<li><a href=\"http:\/\/koszur.net\/index.php\/zatoka-bialego-niedzwiedzia\/05-spitsbergenskie-metropolie\/\"><span class=\"toc_number toc_depth_1\">5<\/span>\u00a0Spitsberge\u0144skie metropolie<\/a><\/li>\n<li><a href=\"http:\/\/koszur.net\/index.php\/zatoka-bialego-niedzwiedzia\/06-polarny-dreszczowiec\/\"><span class=\"toc_number toc_depth_1\">6<\/span>\u00a0Polarny dreszczowiec<\/a><\/li>\n<li><a href=\"http:\/\/koszur.net\/index.php\/zatoka-bialego-niedzwiedzia\/07-tylko-lod\/\"><span class=\"toc_number toc_depth_1\">7<\/span>\u00a0Tylko l\u00f3d\u2026<\/a><\/li>\n<li><a href=\"http:\/\/koszur.net\/index.php\/zatoka-bialego-niedzwiedzia\/08-trzynascie-dlugich-miesiecy\/\"><span class=\"toc_number toc_depth_1\">8<\/span>\u00a0Trzyna\u015bcie d\u0142ugich miesi\u0119cy<\/a><\/li>\n<li><a href=\"http:\/\/koszur.net\/index.php\/zatoka-bialego-niedzwiedzia\/09-ruud-i-inni\/\"><span class=\"toc_number toc_depth_1\">9<\/span>\u00a0Ruud i inni<\/a><\/li>\n<li><a href=\"http:\/\/koszur.net\/index.php\/zatoka-bialego-niedzwiedzia\/10-wyprawa-do-hytteviki\/\"><span class=\"toc_number toc_depth_1\">10<\/span>\u00a0Wyprawa do Hytteviki<\/a><\/li>\n<li><a href=\"http:\/\/koszur.net\/index.php\/zatoka-bialego-niedzwiedzia\/11-ten-dostojny-horn\/\"><span class=\"toc_number toc_depth_1\">11<\/span>\u00a0Ten dostojny Horn<\/a><\/li>\n<li><a href=\"http:\/\/koszur.net\/index.php\/zatoka-bialego-niedzwiedzia\/12-wyladunek\/\"><span class=\"toc_number toc_depth_1\">12<\/span>\u00a0Wy\u0142adunek<\/a><\/li>\n<li><a href=\"http:\/\/koszur.net\/index.php\/zatoka-bialego-niedzwiedzia\/13-trzecie-spitsbergenskie-mocarstwo\/\"><span class=\"toc_number toc_depth_1\">13<\/span>\u00a0Trzecie spitsberge\u0144skie\u2026 mocarstwo<\/a><\/li>\n<li><a href=\"http:\/\/koszur.net\/index.php\/zatoka-bialego-niedzwiedzia\/14-slowniczek\/\"><span class=\"toc_number toc_depth_1\">14<\/span>\u00a0S\u0141OWNICZEK<\/a><\/li>\n<li><a href=\"http:\/\/koszur.net\/index.php\/zatoka-bialego-niedzwiedzia\/15-przypisy\/\">15 Przypisy<\/a><\/li>\n<\/ul>\n<p>&nbsp;<\/p>\n<hr \/>\n<p>&nbsp;<\/p>\n<p>Z\u0142o\u017cony do druku latem 1980 roku maszynopis reporta\u017cu &#8211; przepad\u0142.<\/p>\n<p>Stan wojenny, lata aktywno\u015bci dziennikarskiej w \u015bwiecie jak\u017ce odleg\u0142ym od stref podbiegunowych nie zatar\u0142y wra\u017ce\u0144 i prze\u017cy\u0107 z tej wyprawy. Dzi\u015b, przegl\u0105daj\u0105c stare zapiski, kartony, pude\u0142ka ze zdj\u0119ciami i ta\u015bmami magnetofonowymi &#8211; zebra\u0142em materia\u0142y, kt\u00f3re cz\u0119\u015bciowo publikowane by\u0142y na antenie mojej macierzystej rozg\u0142o\u015bni oraz na antenach og\u00f3lnopolskich Polskiego Radia, na \u0142amach prasy lokalnej i krajowej, w dziennikach i miesi\u0119cznikach.<\/p>\n<p>Szczeg\u00f3lnym rodzajem dokumentacji s\u0105 fragmenty wielogodzinnych nagra\u0144 rozm\u00f3w, jakie prowadzi\u0142em w\u00f3wczas przez kilka lat ze stacjami w Arktyce i na Antarktydzie. C\u00f3\u017c\u00a0 za cudowny, po latach, seans sentymentalny! W dobie \u0142\u0105czno\u015bci satelitarnej, poczty mailowej, telefon\u00f3w kom\u00f3rkowych z transmisj\u0105 obrazu &#8211; zachowa\u0142y si\u0119 na radiowej ta\u015bmie ledwie s\u0142yszalne, trudne niekiedy do zrozumienia meldunki naszych polarnik\u00f3w uzyskiwane drog\u0105 \u0142\u0105czno\u015bci radiowej. Na falach kr\u00f3tkich, poprzez burze i dewiacje magnetyczne, w lawinie trzask\u00f3w i zmieniaj\u0105cej si\u0119 nieustannie modulacji i propagacji &#8211; specjaln\u0105 technik\u0105 kr\u00f3tkich, wyrazistych zda\u0144 p\u0142yn\u0119\u0142y opowie\u015bci o tym, co TAM u nich s\u0142ycha\u0107!<\/p>\n<p>Nawi\u0105zanie takiej \u0142\u0105czno\u015bci cz\u0119sto by\u0142o dzie\u0142em przypadku. Po\u0142\u0105czenia rwa\u0142y si\u0119 wielokrotnie. Sesje trwa\u0142y niekiedy kilka godzin. Zawsze z nadziej\u0105, \u017ce uda si\u0119 zapisa\u0107 na ta\u015bmie kilka zda\u0144 z kra\u0144c\u00f3w \u015bwiata.<\/p>\n<p>Reakcja radios\u0142uchaczy i bliskich naszych polarnik\u00f3w by\u0142y najlepsz\u0105 motywacj\u0105 do podejmowania tych pr\u00f3b.<\/p>\n<p>Hm&#8230; Na tej samej Ziemi, kilka tysi\u0119cy kilometr\u00f3w od nas, pod firanami zorzy polarnej, bez najmniejszej szansy na wyjazd lub dotarcie ekip np. ratunkowych &#8211; \u0142\u0105czno\u015b\u0107 radiowa by\u0142a szalenie iluzoryczn\u0105 ale jednak p\u0119powin\u0105 \u0142\u0105cz\u0105c\u0105 nas ze sob\u0105.<\/p>\n<p>Opracowanie tych materia\u0142\u00f3w zajmie zapewnie kilka lat. Ale zrobi\u0119 to z najwi\u0119ksza przyjemno\u015bci\u0105. Dla prze\u017cycia tych emocji jeszcze raz, dla dania \u015bwiadectwa, \u017ce \u015bwiat wygl\u0105da\u0142 wtedy nieco inaczej. \u017be liczy\u0142o si\u0119 i wa\u017cy\u0142o jak\u017ce serdecznie, to ledwo s\u0142yszalne: pozdrawiam i do us\u0142yszenia![\/vc_column_text][vc_empty_space height=&#8221;50px&#8221;][evc_single_image image=&#8221;3954&#8243; custom_link=&#8221;url:http%3A%2F%2Fkoszur.net%2Findex.php%2Fpolnoc%2F|title:P%C3%B3%C5%82noc||&#8221;]<\/div><\/div><\/div><\/div>[\/vc_column][\/vc_row][vc_row][vc_column][vc_empty_space height=&#8221;50px&#8221;]<div class=\"sc_line sc_line_position_center_center sc_line_style_solid\" style=\"border-top-style:solid;border-top-color:#808080;\"><\/div>[vc_masonry_media_grid style=&#8221;lazy&#8221; element_width=&#8221;6&#8243; gap=&#8221;35&#8243; grid_id=&#8221;vc_gid:1636060230016-163e7918-8d31-6&#8243; include=&#8221;1914,1915,1917,1916,1918,1919,1921,1920,1922,1923,1924,1925,1926,1927,1929,1928,1931,1930,1932,1933,1934,1935,1936,1937,1938,1939,1940,1942,1944,1946,1947&#8243;][\/vc_column][\/vc_row]<\/p>\n","protected":false},"excerpt":{"rendered":"<p>[vc_row][vc_column][\/vc_column][\/vc_row][vc_row][vc_column][vc_empty_space height=&#8221;50px&#8221;][vc_masonry_media_grid style=&#8221;lazy&#8221; element_width=&#8221;6&#8243; gap=&#8221;35&#8243; grid_id=&#8221;vc_gid:1636060230016-163e7918-8d31-6&#8243; include=&#8221;1914,1915,1917,1916,1918,1919,1921,1920,1922,1923,1924,1925,1926,1927,1929,1928,1931,1930,1932,1933,1934,1935,1936,1937,1938,1939,1940,1942,1944,1946,1947&#8243;][\/vc_column][\/vc_row]<\/p>\n","protected":false},"author":990004,"featured_media":0,"parent":0,"menu_order":0,"comment_status":"closed","ping_status":"closed","template":"","meta":{"footnotes":""},"class_list":["post-3087","page","type-page","status-publish","hentry"],"_links":{"self":[{"href":"https:\/\/koszur.net\/index.php\/wp-json\/wp\/v2\/pages\/3087","targetHints":{"allow":["GET"]}}],"collection":[{"href":"https:\/\/koszur.net\/index.php\/wp-json\/wp\/v2\/pages"}],"about":[{"href":"https:\/\/koszur.net\/index.php\/wp-json\/wp\/v2\/types\/page"}],"author":[{"embeddable":true,"href":"https:\/\/koszur.net\/index.php\/wp-json\/wp\/v2\/users\/990004"}],"replies":[{"embeddable":true,"href":"https:\/\/koszur.net\/index.php\/wp-json\/wp\/v2\/comments?post=3087"}],"version-history":[{"count":49,"href":"https:\/\/koszur.net\/index.php\/wp-json\/wp\/v2\/pages\/3087\/revisions"}],"predecessor-version":[{"id":7646,"href":"https:\/\/koszur.net\/index.php\/wp-json\/wp\/v2\/pages\/3087\/revisions\/7646"}],"wp:attachment":[{"href":"https:\/\/koszur.net\/index.php\/wp-json\/wp\/v2\/media?parent=3087"}],"curies":[{"name":"wp","href":"https:\/\/api.w.org\/{rel}","templated":true}]}}