{"id":3085,"date":"2020-01-19T15:01:15","date_gmt":"2020-01-19T14:01:15","guid":{"rendered":"http:\/\/koszur.net\/?page_id=3085"},"modified":"2024-07-14T10:48:12","modified_gmt":"2024-07-14T08:48:12","slug":"zatoka-bialego-niedzwiedzia","status":"publish","type":"page","link":"https:\/\/koszur.net\/index.php\/polnoc\/zatoka-bialego-niedzwiedzia\/","title":{"rendered":"Zatoka Bia\u0142ego Nied\u017awiedzia"},"content":{"rendered":"<p>[vc_row][vc_column]<div class=\"sc_section\"><div class=\"sc_section_inner\">[vc_video link=&#8221;https:\/\/vimeo.com\/396034795&#8243; title=&#8221;Svalbard&#8221;]<div class=\"columns_wrap sc_columns columns_nofluid sc_columns_count_2\"><div class=\"column-1_2 sc_column_item sc_column_item_1 odd first\">[vc_column_text]<\/p>\n<h2>Zatoka Bia\u0142ego Nied\u017awiedzia<\/h2>\n<p>notatki reporterskie nie tylko na \u015bniegu zapisywane<\/p>\n<p class=\"toc_title\">Contents\u00a0<span class=\"toc_toggle\">[<a href=\"http:\/\/koszur.net\/index.php\/zatoka-bialego-niedzwiedzia\/?preview_id=3085&amp;preview_nonce=7a18a9ffc8&amp;_thumbnail_id=-1&amp;preview=true#\">hide<\/a>]<\/span><\/p>\n<ul class=\"toc_list\">\n<li><a href=\"http:\/\/koszur.net\/index.php\/zatoka-bialego-niedzwiedzia\/spitsbergen-po-raz-pierwszy\/\"><span class=\"toc_number toc_depth_1\">1<\/span>\u00a0Spitsbergen po raz pierwszy<\/a><\/li>\n<li><a href=\"http:\/\/koszur.net\/index.php\/zatoka-bialego-niedzwiedzia\/02-nieco-historii\/\"><span class=\"toc_number toc_depth_1\">2<\/span>\u00a0Nieco historii<\/a><\/li>\n<li><a href=\"http:\/\/koszur.net\/index.php\/zatoka-bialego-niedzwiedzia\/03-fiolki-w-hornsundzie\/\"><span class=\"toc_number toc_depth_1\">3<\/span>\u00a0Fio\u0142ki w Hornsundzie<\/a><\/li>\n<li><a href=\"http:\/\/koszur.net\/index.php\/zatoka-bialego-niedzwiedzia\/04-przetrwanie\/\"><span class=\"toc_number toc_depth_1\">4<\/span>\u00a0Przetrwanie<\/a><\/li>\n<li><a href=\"http:\/\/koszur.net\/index.php\/zatoka-bialego-niedzwiedzia\/05-spitsbergenskie-metropolie\/\"><span class=\"toc_number toc_depth_1\">5<\/span>\u00a0Spitsberge\u0144skie metropolie<\/a><\/li>\n<li><a href=\"http:\/\/koszur.net\/index.php\/zatoka-bialego-niedzwiedzia\/06-polarny-dreszczowiec\/\"><span class=\"toc_number toc_depth_1\">6<\/span>\u00a0Polarny dreszczowiec<\/a><\/li>\n<li><a href=\"http:\/\/koszur.net\/index.php\/zatoka-bialego-niedzwiedzia\/07-tylko-lod\/\"><span class=\"toc_number toc_depth_1\">7<\/span>\u00a0Tylko l\u00f3d\u2026<\/a><\/li>\n<li><a href=\"http:\/\/koszur.net\/index.php\/zatoka-bialego-niedzwiedzia\/08-trzynascie-dlugich-miesiecy\/\"><span class=\"toc_number toc_depth_1\">8<\/span>\u00a0Trzyna\u015bcie d\u0142ugich miesi\u0119cy<\/a><\/li>\n<li><a href=\"http:\/\/koszur.net\/index.php\/zatoka-bialego-niedzwiedzia\/09-ruud-i-inni\/\"><span class=\"toc_number toc_depth_1\">9<\/span>\u00a0Ruud i inni<\/a><\/li>\n<li><a href=\"http:\/\/koszur.net\/index.php\/zatoka-bialego-niedzwiedzia\/10-wyprawa-do-hytteviki\/\"><span class=\"toc_number toc_depth_1\">10<\/span>\u00a0Wyprawa do Hytteviki<\/a><\/li>\n<li><a href=\"http:\/\/koszur.net\/index.php\/zatoka-bialego-niedzwiedzia\/11-ten-dostojny-horn\/\"><span class=\"toc_number toc_depth_1\">11<\/span>\u00a0Ten dostojny Horn<\/a><\/li>\n<li><a href=\"http:\/\/koszur.net\/index.php\/zatoka-bialego-niedzwiedzia\/12-wyladunek\/\"><span class=\"toc_number toc_depth_1\">12<\/span>\u00a0Wy\u0142adunek<\/a><\/li>\n<li><a href=\"http:\/\/koszur.net\/index.php\/zatoka-bialego-niedzwiedzia\/13-trzecie-spitsbergenskie-mocarstwo\/\"><span class=\"toc_number toc_depth_1\">13<\/span>\u00a0Trzecie spitsberge\u0144skie\u2026 mocarstwo<\/a><\/li>\n<li><a href=\"http:\/\/koszur.net\/index.php\/zatoka-bialego-niedzwiedzia\/14-slowniczek\/\"><span class=\"toc_number toc_depth_1\">14<\/span>\u00a0S\u0141OWNICZEK<\/a><\/li>\n<li><a href=\"http:\/\/koszur.net\/index.php\/zatoka-bialego-niedzwiedzia\/15-przypisy\/\">15 Przypisy<\/a><\/li>\n<\/ul>\n<p>[\/vc_column_text]<\/div><div class=\"column-1_2 sc_column_item sc_column_item_2 even\">[vc_empty_space][vc_empty_space][vc_column_text css_animation=&#8221;none&#8221;]913 albo ksi\u0105\u017cka telefoniczna. Rozpadaj\u0105cy si\u0119 od nieustannego wertowania notatnik z numerami telefon\u00f3w. Je\u015bli nie mia\u0142em numeru telefonu poszukiwanej osoby, szybko lokalizowa\u0142em numer s\u0105siada, a pani telefonistka spod 911 dzwoni\u0142a tam i prosi\u0142a, aby ci Pa\u0144stwo poszli do s\u0105siada i powiedzieli, \u017ce jaki\u015b redaktor z radia do nich dzwoni. Niewiarygodne? Tak by\u0142o!<\/p>\n<p>~Cudowny \u015bwiat bez&#8230; RODO! Ludzie nie kryli si\u0119 za blokadami i zastrze\u017ceniami. Byli jak\u017ce otwarci i gotowi na kontakt ze \u015bwiatem.<\/p>\n<p>Poni\u017csze notatki ze Spitsbergenu musz\u0119 uzupe\u0142ni\u0107, dopisa\u0107 do biogram\u00f3w moich bohater\u00f3w informacje o tym, co robili po wyprawie, czy wr\u00f3cili kiedykolwiek do Arktyki, czym si\u0119 zajmowali po zimowaniu, jak sp\u0119dzony na wyspie rok \u017cycia zawa\u017cy\u0142 na ich dalszej karierze? Mo\u017ce co\u015b przeci\u0105\u0142, mo\u017ce silniej zespoli\u0142? Jak dalece zmieni\u0142 stosunek polarnik\u00f3w do \u015bwiata, do skali warto\u015bci, gradacji ocen i priorytet\u00f3w?<\/p>\n<p>Prosz\u0119 o pomoc w dopisaniu dalszego ci\u0105gu rozdzia\u0142\u00f3w naszkicowanych wtedy, tam, w Zatoce Bia\u0142ego Nied\u017awiedzia.<\/p>\n<p>A uczestnicy kolejnych wypraw? Prosz\u0119 &#8211; prosz\u0119 opowiedzie\u0107 o kolejnych zimowaniach, prosz\u0119 wysun\u0105\u0107 szuflad\u0119 ze zdj\u0119ciami, z filmami, z notatkami. Prosz\u0119 da\u0107 innym namiastk\u0119 Pa\u0144stwa polarnych fascynacji.[\/vc_column_text][vc_empty_space][vc_text_separator title=&#8221;Spitsbergen &#8211; Zimownicy 1978\/79&#8243; i_icon_fontawesome=&#8221;fa fa-snowflake-o&#8221; add_icon=&#8221;true&#8221;]\n<div class=\"wpcf7 no-js\" id=\"wpcf7-f7212-o1\" lang=\"pl-PL\" dir=\"ltr\" data-wpcf7-id=\"7212\">\n<div class=\"screen-reader-response\"><p role=\"status\" aria-live=\"polite\" aria-atomic=\"true\"><\/p> <ul><\/ul><\/div>\n<form action=\"\/index.php\/wp-json\/wp\/v2\/pages\/3085#wpcf7-f7212-o1\" method=\"post\" class=\"wpcf7-form init\" aria-label=\"Formularz kontaktowy\" novalidate=\"novalidate\" data-status=\"init\">\n<fieldset class=\"hidden-fields-container\"><input type=\"hidden\" name=\"_wpcf7\" value=\"7212\" \/><input type=\"hidden\" name=\"_wpcf7_version\" value=\"6.1.5\" \/><input type=\"hidden\" name=\"_wpcf7_locale\" value=\"pl_PL\" \/><input type=\"hidden\" name=\"_wpcf7_unit_tag\" value=\"wpcf7-f7212-o1\" \/><input type=\"hidden\" name=\"_wpcf7_container_post\" value=\"0\" \/><input type=\"hidden\" name=\"_wpcf7_posted_data_hash\" value=\"\" \/><input type=\"hidden\" name=\"_wpcf7_recaptcha_response\" value=\"\" \/>\n<\/fieldset>\n<div class=\"form_info\">\n\t<p><span class=\"wpcf7-form-control-wrap\" data-name=\"text-173\"><input size=\"40\" maxlength=\"400\" class=\"wpcf7-form-control wpcf7-text wpcf7-validates-as-required\" aria-required=\"true\" aria-invalid=\"false\" placeholder=\"Imie i nazwisko*\" value=\"\" type=\"text\" name=\"text-173\" \/><\/span><span class=\"wpcf7-form-control-wrap\" data-name=\"email-273\"><input size=\"40\" maxlength=\"400\" class=\"wpcf7-form-control wpcf7-email wpcf7-validates-as-required wpcf7-text wpcf7-validates-as-email\" aria-required=\"true\" aria-invalid=\"false\" placeholder=\"E-mail*\" value=\"\" type=\"email\" name=\"email-273\" \/><\/span>\n\t<\/p>\n<\/div>\n<div class=\"form_subject\">\n\t<p><span class=\"wpcf7-form-control-wrap\" data-name=\"your-subject\"><input size=\"40\" maxlength=\"400\" class=\"wpcf7-form-control wpcf7-text\" aria-invalid=\"false\" placeholder=\"Temat\" value=\"\" type=\"text\" name=\"your-subject\" \/><\/span>\n\t<\/p>\n<\/div>\n<p><span class=\"wpcf7-form-control-wrap\" data-name=\"textarea-472\"><textarea cols=\"40\" rows=\"10\" maxlength=\"2000\" class=\"wpcf7-form-control wpcf7-textarea wpcf7-validates-as-required\" aria-required=\"true\" aria-invalid=\"false\" placeholder=\"Message\" name=\"textarea-472\"><\/textarea><\/span><br \/>\n<span class=\"wpcf7-form-control-wrap\" data-name=\"acceptance-381\"><span class=\"wpcf7-form-control wpcf7-acceptance\"><span class=\"wpcf7-list-item\"><label><input type=\"checkbox\" name=\"acceptance-381\" value=\"1\" aria-invalid=\"false\" \/><span class=\"wpcf7-list-item-label\">Wyra\u017cam zgod\u0119 na gromadzenie i przechowywanie moich danych adresowych na potrzeby tej korespondencji.<\/span><\/label><\/span><\/span><\/span>\n<\/p>\n<div class=\"form_button\">\n\t<p><input class=\"wpcf7-form-control wpcf7-submit has-spinner\" type=\"submit\" value=\"Wysy\u0142am\" \/>\n\t<\/p>\n<\/div><div class=\"wpcf7-response-output\" aria-hidden=\"true\"><\/div>\n<\/form>\n<\/div>\n[vc_empty_space][vc_separator border_width=&#8221;2&#8243;]<\/div><\/div><\/div><\/div>[vc_separator][\/vc_column][\/vc_row]<\/p>\n","protected":false},"excerpt":{"rendered":"<p>[vc_row][vc_column][vc_separator][\/vc_column][\/vc_row]<\/p>\n","protected":false},"author":990004,"featured_media":0,"parent":3087,"menu_order":0,"comment_status":"closed","ping_status":"closed","template":"","meta":{"footnotes":""},"class_list":["post-3085","page","type-page","status-publish","hentry"],"_links":{"self":[{"href":"https:\/\/koszur.net\/index.php\/wp-json\/wp\/v2\/pages\/3085","targetHints":{"allow":["GET"]}}],"collection":[{"href":"https:\/\/koszur.net\/index.php\/wp-json\/wp\/v2\/pages"}],"about":[{"href":"https:\/\/koszur.net\/index.php\/wp-json\/wp\/v2\/types\/page"}],"author":[{"embeddable":true,"href":"https:\/\/koszur.net\/index.php\/wp-json\/wp\/v2\/users\/990004"}],"replies":[{"embeddable":true,"href":"https:\/\/koszur.net\/index.php\/wp-json\/wp\/v2\/comments?post=3085"}],"version-history":[{"count":22,"href":"https:\/\/koszur.net\/index.php\/wp-json\/wp\/v2\/pages\/3085\/revisions"}],"predecessor-version":[{"id":13877,"href":"https:\/\/koszur.net\/index.php\/wp-json\/wp\/v2\/pages\/3085\/revisions\/13877"}],"up":[{"embeddable":true,"href":"https:\/\/koszur.net\/index.php\/wp-json\/wp\/v2\/pages\/3087"}],"wp:attachment":[{"href":"https:\/\/koszur.net\/index.php\/wp-json\/wp\/v2\/media?parent=3085"}],"curies":[{"name":"wp","href":"https:\/\/api.w.org\/{rel}","templated":true}]}}