{"id":2996,"date":"2020-03-16T17:02:14","date_gmt":"2020-03-16T16:02:14","guid":{"rendered":"http:\/\/koszur.net\/?page_id=2996"},"modified":"2021-12-05T16:01:02","modified_gmt":"2021-12-05T15:01:02","slug":"materialy-prasowe","status":"publish","type":"page","link":"https:\/\/koszur.net\/index.php\/polnoc\/materialy-prasowe\/","title":{"rendered":"Materia\u0142y prasowe"},"content":{"rendered":"<p>[vc_row][vc_column][vc_single_image image=&#8221;4261&#8243; img_size=&#8221;full&#8221; title=&#8221;Materia\u0142y prasowe&#8221;][vc_empty_space][vc_column_text]<\/p>\n<h3><span style=\"color: #993300;\">1979 &#8211; Arktyka i Antarktyda<\/span><\/h3>\n<p>[\/vc_column_text][vc_empty_space][vc_separator border_width=&#8221;3&#8243;][vc_empty_space][evc_image_with_text image_behavior=&#8221;zoom&#8221; title_tag=&#8221;h2&#8243; image=&#8221;4321&#8243; image_size=&#8221;medium&#8221; custom_link=&#8221;url:https%3A%2F%2Fkoszur.net%2Fwp-content%2Fuploads%2F2020%2F03%2FAntarktyda-Eugeniusz-Moczydlowski.jpg|||&#8221; title=&#8221;Polskie badania polarne &#8211; \u017bycie Warszawy, 1979&#8243; text=&#8221;Przegl\u0105d polskiej aktywno\u015bci badawczej w strefach biegunowych Ziemi.&#8221;][vc_empty_space][evc_image_with_text image_behavior=&#8221;zoom&#8221; title_tag=&#8221;h2&#8243; image=&#8221;4427&#8243; image_size=&#8221;medium&#8221; custom_link=&#8221;url:https%3A%2F%2Fkoszur.net%2Fwp-content%2Fuploads%2F2020%2F03%2FWsrod-lodow-mchow-i-ptasich-gniazd.jpg||target:%20_blank|&#8221; title=&#8221;W\u015br\u00f3d lod\u00f3w, mch\u00f3w i ptasich gniazd, G\u0142os Szczeci\u0144ski, 25.07.1979&#8243; text=&#8221;Korespondencja z podmiany ekip zimuj\u0105cych w Zatoce Bia\u0142ego Nied\u017awiedzia&#8221;][vc_empty_space][evc_image_with_text image=&#8221;4428&#8243; image_size=&#8221;medium&#8221; custom_link=&#8221;url:https%3A%2F%2Fkoszur.net%2Fwp-content%2Fuploads%2F2020%2F03%2Fwsrod-lodow-w-blasku-bialej-teczy.jpg||target:%20_blank|&#8221; title=&#8221;W\u015br\u00f3d lod\u00f3w, w blasku bia\u0142ej t\u0119czy, G\u0142os Szczeci\u0144ski, 30.07.1979&#8243; text=&#8221;Korespondencja z podmiany ekip zimuj\u0105cych w Zatoce Bia\u0142ego Nied\u017awiedzia&#8221;][vc_empty_space][evc_image_with_text image=&#8221;4431&#8243; image_size=&#8221;medium&#8221; custom_link=&#8221;url:https%3A%2F%2Fkoszur.net%2Fwp-content%2Fuploads%2F2020%2F03%2FSpitsbergen-ciagle-pasjonujacy.jpg||target:%20_blank|&#8221; title=&#8221;Spitsbergen ci\u0105gle pasjonuj\u0105cy, G\u0142os Szczeci\u0144ski, 30.07.1979&#8243; text=&#8221;Korespondencja z podmiany ekip zimuj\u0105cych w Zatoce Bia\u0142ego Nied\u017awiedzia, prof. Jan Szupryczy\u0144ski&#8221;][vc_empty_space][evc_image_with_text image=&#8221;4429&#8243; image_size=&#8221;medium&#8221; custom_link=&#8221;url:https%3A%2F%2Fkoszur.net%2Fwp-content%2Fuploads%2F2020%2F03%2Fms-kapitan-Ledochowski-wraca-do-kraju.jpg||target:%20_blank|&#8221; title=&#8221;M\/S 'Kapitan Led\u00f3chowski&#8217; wraca do kraju., G\u0142os Szczeci\u0144ski, 31.07.1979&#8243; text=&#8221;Korespondencja z podmiany ekip zimuj\u0105cych w Zatoce Bia\u0142ego Nied\u017awiedzia&#8221;][vc_empty_space][evc_image_with_text image=&#8221;4425&#8243; image_size=&#8221;medium&#8221; custom_link=&#8221;url:https%3A%2F%2Fkoszur.net%2Fwp-content%2Fuploads%2F2020%2F03%2FWiesci-z-dwoch-krancow-globusa.jpg||target:%20_blank|&#8221; title=&#8221;Wie\u015bci z dw\u00f3ch kra\u0144c\u00f3w globusa, G\u0142os Szczeci\u0144ski, 26.09.1979&#8243; text=&#8221;Przegl\u0105d polskiej aktywno\u015bci badawczej w strefach biegunowych Ziemi&#8221;][vc_empty_space][evc_image_with_text image=&#8221;4422&#8243; image_size=&#8221;medium&#8221; custom_link=&#8221;url:https%3A%2F%2Fkoszur.net%2Fwp-content%2Fuploads%2F2020%2F03%2FPolarna-noc-na-Spitsbergenie.jpg|||&#8221; title=&#8221;Polarna noc na Spitsbergenie &#8211; \u017bycie Warszawy, 03.11.1979&#8243; text=&#8221;Stefan Matalewski, zast\u0119pca kierownika II wyprawy PAN do Zatoki Bia\u0142ego Nied\u017awiedzia o pracach i \u017cyciu uczestnik\u00f3w zimowania&#8221;][vc_empty_space][evc_image_with_text image=&#8221;4416&#8243; image_size=&#8221;medium&#8221; custom_link=&#8221;url:https%3A%2F%2Fkoszur.net%2Fwp-content%2Fuploads%2F2020%2F03%2FWiosna-nad-Zatoka-Admiralicji.jpg||target:%20_blank|&#8221; title=&#8221;Wiosna nad Zatok\u0105 Admiralicji, \u017bycie Warszawy, 13.11.1979&#8243; text=&#8221;Dr Maciej Rembiszewski o przebytej zimie antarktycznej i pracach badawczych na okres wiosny i lata&#8221;][vc_empty_space][evc_image_with_text image=&#8221;4414&#8243; image_size=&#8221;medium&#8221; custom_link=&#8221;url:https%3A%2F%2Fkoszur.net%2Fwp-content%2Fuploads%2F2020%2F03%2FSwieta-pod-biegunami.jpg||target:%20_blank|&#8221; title=&#8221;\u015awi\u0119ta pod biegunami, \u017bycie Warszawy, 26.12.1979&#8243; text=&#8221;Bie\u017c\u0105ca informacja o polskich polarnikach&#8221;][vc_empty_space][evc_image_with_text image=&#8221;4419&#8243; image_size=&#8221;medium&#8221; custom_link=&#8221;url:https%3A%2F%2Fkoszur.net%2Fwp-content%2Fuploads%2F2020%2F03%2FSzczecin-Spitsbergen-Antarktyda-ms-Garnuszewski.jpg||target:%20_blank|&#8221; title=&#8221;Szczecin &#8211; Spitsbergen &#8211; Antarktyda &#8211; m\/s 'Garnuszewski&#8217;, G\u0142os Szczeci\u0144ski, 27.12.1979&#8243; text=&#8221;\u015awi\u0119ta i sylwester w\u015br\u00f3d porarnik\u00f3w i badaczy podbiegunowych m\u00f3rz &#8211; doc. Marian Pulina, dr Maciej Rembiszewski&#8221;][vc_empty_space][evc_image_with_text image=&#8221;4326&#8243; image_size=&#8221;medium&#8221; custom_link=&#8221;url:https%3A%2F%2Fkoszur.net%2Fwp-content%2Fuploads%2F2020%2F03%2FAntarktyda-Eugeniusz-Moczydlowski.jpg|||&#8221; title=&#8221;Spitsbergen &#8211; kraj ostrych szczyt\u00f3w &#8211; Agpol, 1979&#8243; text=&#8221;Polska sprzed tysi\u0119cy lat &#8211; wszechstronne badania \u015brodowiska, kt\u00f3re na terenie Polski wyst\u0119powa\u0142o wiele tysi\u0119cy lat temu&#8221;][vc_empty_space][vc_separator border_width=&#8221;3&#8243;][vc_column_text]<\/p>\n<h3><span style=\"color: #993300;\">1980 &#8211; Arktyka i Antarktyda<\/span><\/h3>\n<p>[\/vc_column_text][vc_separator border_width=&#8221;3&#8243;][vc_empty_space][evc_image_with_text image=&#8221;4334&#8243; image_size=&#8221;medium&#8221; custom_link=&#8221;url:https%3A%2F%2Fkoszur.net%2Fwp-content%2Fuploads%2F2020%2F03%2FDwa-krance-swiata.jpg|||&#8221; title=&#8221;Dwa kra\u0144ce \u015bwiata, G\u0142os Szczeci\u0144ski 05.04.1980&#8243; text=&#8221;Bie\u017c\u0105ca informacja z po\u0142udnia i p\u00f3\u0142nocy, gdzie pracuj\u0105 badacze stref polarnych&#8221;][vc_empty_space][evc_image_with_text image=&#8221;4413&#8243; image_size=&#8221;medium&#8221; custom_link=&#8221;url:https%3A%2F%2Fkoszur.net%2Fwp-content%2Fuploads%2F2020%2F03%2FDom-Pod-Gwiazda-Polnocy.jpg||target:%20_blank|&#8221; title=&#8221;Dom 'Pod Gwiazd\u0105 P\u00f3\u0142nocy&#8221;, G\u0142os Szczeci\u0144ski, 09.02.1980&#8243; text=&#8221;Stefan Matalewski, zast\u0119pca kierownika wyprawy o bie\u017c\u0105cych sprawach, pogodzie i jedenastym polarniku&#8221;][vc_empty_space][evc_image_with_text image=&#8221;4411&#8243; image_size=&#8221;medium&#8221; custom_link=&#8221;url:https%3A%2F%2Fkoszur.net%2Fwp-content%2Fuploads%2F2020%2F03%2FNa-Spitsbergenie-Po-nocy-polarnej.jpg||target:%20_blank|&#8221; title=&#8221;Na Spitsbergenie &#8211; po nocy polarnej, G\u0142os Szczeci\u0144ski, 23.02.1980&#8243; text=&#8221;Osiem miesi\u0119cy prac polskich naukowc\u00f3w w Zatoce Bia\u0142ego Nied\u017awiedzia podsumowuje Stefan Matalewski, zast\u0119pca kierownika wyprawy&#8221;][vc_empty_space][evc_image_with_text image=&#8221;4407&#8243; image_size=&#8221;medium&#8221; custom_link=&#8221;url:https%3A%2F%2Fkoszur.net%2Fwp-content%2Fuploads%2F2020%2F03%2FKoniec-polarnej-nocy-na-Spitsbergenie.jpg|||&#8221; title=&#8221;Koniec polarnej nocy na Spitsbergenie, \u017bycie Warszawy, 25.02.1980&#8243; text=&#8221;Osiem miesi\u0119cy prac polskich naukowc\u00f3w w Zatoce Bia\u0142ego Nied\u017awiedzia podsumowuje Stefan Matalewski, zast\u0119pca kierownika wyprawy&#8221;][vc_empty_space][vc_separator border_width=&#8221;3&#8243;][vc_empty_space][evc_image_with_text image=&#8221;4409&#8243; image_size=&#8221;medium&#8221; custom_link=&#8221;url:https%3A%2F%2Fkoszur.net%2Fwp-content%2Fuploads%2F2020%2F03%2FPionierskie-prace-badawcze-wnetrza-Ziemi.jpg||target:%20_blank|&#8221; title=&#8221;Pionierskie prace badawcze wn\u0119trza Ziemi, \u017bycie Warszawy, 29.02.1980&#8243; text=&#8221;Statek 'Kopernik&#8217; u wybrze\u017cy Antarktydy bada\u0142 obszary na powierzchni stub tysi\u0119cy kilometr\u00f3w kwadratowych&#8221;][vc_empty_space][evc_image_with_text image=&#8221;4404&#8243; image_size=&#8221;medium&#8221; custom_link=&#8221;url:https%3A%2F%2Fkoszur.net%2Fwp-content%2Fuploads%2F2020%2F03%2FKonczy-sie-antarktyczne-lato.jpg|||&#8221; title=&#8221;Ko\u0144czy si\u0119 antarktyczne lato, \u017bycie Warszawy, 11.03.1980&#8243; text=&#8221;O pracach czwartej wyprawy PAN na Antarktydzie informuje doc. Andrzej Myrcha, kierownik wyprawy&#8221;][vc_empty_space][vc_separator border_width=&#8221;3&#8243;][vc_empty_space][evc_image_with_text image=&#8221;4314&#8243; image_size=&#8221;medium&#8221; custom_link=&#8221;url:https%3A%2F%2Fkoszur.net%2Fwp-content%2Fuploads%2F2020%2F03%2FAntarktyda-Eugeniusz-Moczydlowski.jpg|||&#8221; title=&#8221;\u015awi\u0119to po\u0142owy zimy &#8211; \u017bycie Warszawy, 19-20.07.1980&#8243; text=&#8221;Okoliczno\u015bci pogodowe towarzysz\u0105ce zimownikom w polskiej stacji polarnej na Antarktydzie.&#8221;][vc_empty_space][vc_separator border_width=&#8221;3&#8243;][vc_empty_space][evc_image_with_text image=&#8221;4318&#8243; image_size=&#8221;medium&#8221; custom_link=&#8221;url:https%3A%2F%2Fkoszur.net%2Fwp-content%2Fuploads%2F2020%2F03%2FSpitsbergen-1980-wtmiana-ekpip-zimownikow.jpg|||&#8221; title=&#8221;Wymiana ekip na Spitsbergenie &#8211; \u017bycie Warszawy, 12-13.07.1980&#8243; text=&#8221;Podsumowanie, informacja o nowej stacji na P\u0142acie Amundsena&#8221;][vc_empty_space][vc_separator border_width=&#8221;3&#8243;][vc_empty_space][evc_image_with_text image=&#8221;4329&#8243; image_size=&#8221;medium&#8221; custom_link=&#8221;url:https%3A%2F%2Fkoszur.net%2Fwp-content%2Fuploads%2F2020%2F03%2F11-miesiecy-na-Spitsbergenie-scaled.jpg|||&#8221; title=&#8221;11 miesi\u0119cy na Spitsbergenie &#8211; \u017bycie Warszawy, 10.06.1980&#8243; text=&#8221;Stefan Matalewski o dobiegaj\u0105cym ko\u0144ca sezonie zimowania w polskiej stacji polarnej w Hornsundzie&#8221;][vc_empty_space][evc_image_with_text image=&#8221;4332&#8243; image_size=&#8221;medium&#8221; custom_link=&#8221;url:https%3A%2F%2Fkoszur.net%2Fwp-content%2Fuploads%2F2020%2F03%2F11-miesiecy-na-Spitsbergenie-scaled.jpg|||&#8221; title=&#8221;W stacji polarnej na Antarktydzie &#8211; \u017bycie Warszawy, 06.06.1980&#8243; text=&#8221;Przygotowania do antarktycznej zimy w polskiej bazie, kt\u00f3r\u0105 kieruje Eugeniusz Moczyd\u0142owski&#8221;][vc_empty_space][vc_separator border_width=&#8221;3&#8243;][vc_empty_space][vc_column_text]Morze i Ziemia, Tygodnik Wybrze\u017ca, Szczecin, sierpie\u0144 1980[\/vc_column_text][evc_image_gallery type=&#8221;grid&#8221; image_behavior=&#8221;lightbox&#8221; number_of_columns=&#8221;two&#8221; images=&#8221;5007,5006&#8243; image_size=&#8221;full&#8221;][vc_empty_space][vc_column_text]<\/p>\n<h3><span style=\"color: #993300;\">1981 &#8211; Arktyka i Antarktyda<\/span><\/h3>\n<p>[\/vc_column_text][vc_empty_space][vc_column_text]Bia\u0142o czerwona flaga na Antarktydzie &#8211; Antarktyda a nauka polska &#8211; Wanga, 1 (45) wiosna 1981 Agpol[\/vc_column_text][evc_image_gallery type=&#8221;grid&#8221; image_behavior=&#8221;lightbox&#8221; number_of_columns=&#8221;two&#8221; images=&#8221;4323,5278,5277&#8243; image_size=&#8221;large&#8221;][vc_empty_space][evc_image_with_text image_behavior=&#8221;lightbox&#8221; image=&#8221;6954&#8243; image_size=&#8221;large&#8221; custom_link=&#8221;url:https%3A%2F%2Fkoszur.net%2Fwp-content%2Fuploads%2F2020%2F03%2F11-miesiecy-na-Spitsbergenie-scaled.jpg|||&#8221; title=&#8221;G\u0142os Szczeci\u0144ski, 25.11.1981&#8243; text=&#8221;Przygotowania do nocy polarnej&#8221;][vc_empty_space][vc_column_text]<\/p>\n<h3><span style=\"color: #993300;\">1982 &#8211; Arktyka i Antarktyda<\/span><\/h3>\n<p>[\/vc_column_text][vc_empty_space][vc_column_text]Poznaj \u015bwiat, Magazyn geograficzny Nr 1, marzec 1982[\/vc_column_text][evc_image_gallery type=&#8221;grid&#8221; image_behavior=&#8221;lightbox&#8221; images=&#8221;4586,4585,4584&#8243; image_size=&#8221;medium&#8221;][vc_empty_space][vc_column_text]<\/p>\n<h3><span style=\"color: #993300;\">1983 &#8211; Arktyka i Antarktyda<\/span><\/h3>\n<p>[\/vc_column_text][vc_empty_space][evc_image_with_text image_behavior=&#8221;lightbox&#8221; image=&#8221;4985&#8243; image_size=&#8221;medium&#8221; custom_link=&#8221;url:https%3A%2F%2Fkoszur.net%2Fwp-content%2Fuploads%2F2020%2F03%2F11-miesiecy-na-Spitsbergenie-scaled.jpg|||&#8221; title=&#8221;Morze i Ziemia, Tygodnik Wybrze\u017ca, Nr II (15), Szczecin, 17.03.1983&#8243; text=&#8221;Udzia\u0142 i znaczenie polskich bada\u0144 prowadzonych w strefach podbiegunowych&#8221;][vc_empty_space][evc_image_with_text image_behavior=&#8221;lightbox&#8221; image=&#8221;5282&#8243; image_size=&#8221;medium&#8221; custom_link=&#8221;url:https%3A%2F%2Fkoszur.net%2Fwp-content%2Fuploads%2F2020%2F03%2F11-miesiecy-na-Spitsbergenie-scaled.jpg|||&#8221; title=&#8221;Polarny jubileusz, \u017bycie Warszawy, Nr 227, 24-25 wrze\u015bnia 1983&#8243; text=&#8221;Udzia\u0142 i znaczenie polskich bada\u0144 prowadzonych w strefach podbiegunowych&#8221;][vc_empty_space][\/vc_column][\/vc_row]<\/p>\n","protected":false},"excerpt":{"rendered":"<p>[vc_row][vc_column][vc_single_image image=&#8221;4261&#8243; img_size=&#8221;full&#8221; title=&#8221;Materia\u0142y prasowe&#8221;][vc_empty_space][vc_column_text] 1979 &#8211; Arktyka i Antarktyda [\/vc_column_text][vc_empty_space][vc_separator border_width=&#8221;3&#8243;][vc_empty_space][evc_image_with_text image_behavior=&#8221;zoom&#8221; title_tag=&#8221;h2&#8243; image=&#8221;4321&#8243; image_size=&#8221;medium&#8221; custom_link=&#8221;url:https%3A%2F%2Fkoszur.net%2Fwp-content%2Fuploads%2F2020%2F03%2FAntarktyda-Eugeniusz-Moczydlowski.jpg|||&#8221; title=&#8221;Polskie badania polarne &#8211; \u017bycie Warszawy, 1979&#8243; text=&#8221;Przegl\u0105d polskiej aktywno\u015bci badawczej w strefach biegunowych Ziemi.&#8221;][vc_empty_space][evc_image_with_text image_behavior=&#8221;zoom&#8221; title_tag=&#8221;h2&#8243; image=&#8221;4427&#8243; image_size=&#8221;medium&#8221; custom_link=&#8221;url:https%3A%2F%2Fkoszur.net%2Fwp-content%2Fuploads%2F2020%2F03%2FWsrod-lodow-mchow-i-ptasich-gniazd.jpg||target:%20_blank|&#8221; title=&#8221;W\u015br\u00f3d lod\u00f3w, mch\u00f3w i ptasich gniazd, G\u0142os Szczeci\u0144ski, 25.07.1979&#8243; text=&#8221;Korespondencja z podmiany ekip zimuj\u0105cych w Zatoce Bia\u0142ego Nied\u017awiedzia&#8221;][vc_empty_space][evc_image_with_text [&hellip;]<\/p>\n","protected":false},"author":990004,"featured_media":0,"parent":3087,"menu_order":0,"comment_status":"closed","ping_status":"closed","template":"","meta":{"footnotes":""},"class_list":["post-2996","page","type-page","status-publish","hentry"],"_links":{"self":[{"href":"https:\/\/koszur.net\/index.php\/wp-json\/wp\/v2\/pages\/2996","targetHints":{"allow":["GET"]}}],"collection":[{"href":"https:\/\/koszur.net\/index.php\/wp-json\/wp\/v2\/pages"}],"about":[{"href":"https:\/\/koszur.net\/index.php\/wp-json\/wp\/v2\/types\/page"}],"author":[{"embeddable":true,"href":"https:\/\/koszur.net\/index.php\/wp-json\/wp\/v2\/users\/990004"}],"replies":[{"embeddable":true,"href":"https:\/\/koszur.net\/index.php\/wp-json\/wp\/v2\/comments?post=2996"}],"version-history":[{"count":59,"href":"https:\/\/koszur.net\/index.php\/wp-json\/wp\/v2\/pages\/2996\/revisions"}],"predecessor-version":[{"id":7647,"href":"https:\/\/koszur.net\/index.php\/wp-json\/wp\/v2\/pages\/2996\/revisions\/7647"}],"up":[{"embeddable":true,"href":"https:\/\/koszur.net\/index.php\/wp-json\/wp\/v2\/pages\/3087"}],"wp:attachment":[{"href":"https:\/\/koszur.net\/index.php\/wp-json\/wp\/v2\/media?parent=2996"}],"curies":[{"name":"wp","href":"https:\/\/api.w.org\/{rel}","templated":true}]}}