{"id":2994,"date":"2020-01-04T13:51:49","date_gmt":"2020-01-04T12:51:49","guid":{"rendered":"http:\/\/koszur.net\/?page_id=2994"},"modified":"2024-03-23T23:53:32","modified_gmt":"2024-03-23T22:53:32","slug":"moje-morze","status":"publish","type":"page","link":"https:\/\/koszur.net\/index.php\/moje-morze\/","title":{"rendered":"Moje morze"},"content":{"rendered":"<p>[vc_row][vc_column]<div class=\"sc_section\"><div class=\"sc_section_inner\"><div class=\"columns_wrap sc_columns columns_nofluid sc_columns_count_2\"><div class=\"column-1_2 sc_column_item sc_column_item_1 odd first\">[vc_column_text]<\/p>\n<blockquote><p>&nbsp;<\/p>\n<p><em>Ja jestem marynarzem,<\/em><\/p>\n<p><em>Bia\u0142\u0105 czapeczk\u0119 mam<\/em><\/p>\n<p><em>I granatowy ko\u0142nierz<\/em><\/p>\n<p><em>I morze dobrze znam.<\/em><\/p>\n<p style=\"padding-left: 40px;\"><em>Niczego si\u0119 nie boj\u0119,<\/em><\/p>\n<p style=\"padding-left: 40px;\"><em>Odwa\u017cnie ruszam w \u015bwiat.<\/em><\/p>\n<p style=\"padding-left: 40px;\"><em>Marynarz, dzieci\u0119 moje,<\/em><\/p>\n<p style=\"padding-left: 40px;\"><em>To chwat, to chwat, to chwat&#8230;<\/em><\/p>\n<\/blockquote>\n<p>&nbsp;<\/p>\n<p>Marynarzem nigdy nie zosta\u0142em. Nie mam ju\u017c nawet tej bia\u0142ej czapeczki i marynarskiego ko\u0142nierza. Ze strachem jako\u015b sobie radz\u0119.<\/p>\n<p>Ale przy pierwszej sposobno\u015bci &#8211; ruszy\u0142em w \u015bwiat. Ten daleki i ten za rogiem. Ten egzotyczny i przysypany codziennymi troskami. Z up\u0142ywem lat coraz cz\u0119\u015bciej i g\u0142\u0119biej zanurza\u0142em si\u0119 w kosmos wyobra\u017ani oraz fa\u0142szu i prawdy. Rozbija\u0142em si\u0119 o ska\u0142y ludzkiej nieprzewidywalno\u015bci, a ka\u017cdy przejaw racjonalno\u015bci i dobra wita\u0142em sakramentalnym okrzykiem odkrywc\u00f3w: Ziemia! Ziemia na kursie!<\/p>\n<p>Ca\u0142y ten \u015bwiat za wszelk\u0105 cen\u0119 chcia\u0142em zmie\u015bci\u0107&#8230; w d\u0142oni.<\/p>\n<p>Po co?<\/p>\n<p>Poszukajmy odpowiedzi razem&#8230;<\/p>\n<p>[\/vc_column_text]<\/div><div class=\"column-1_2 sc_column_item sc_column_item_2 even\"><figure class=\"sc_image  sc_image_shape_square\"><img decoding=\"async\" src=\"https:\/\/koszur.net\/wp-content\/uploads\/2019\/12\/ja-jestem-marynarzem_800.jpg\" alt=\"\" \/><figcaption><span><\/span> 1961<\/figcaption><\/figure><\/div><\/div><div class=\"sc_section\"><div class=\"sc_section_inner\"><\/div><\/div><\/div><\/div>[vc_empty_space][vc_separator border_width=&#8221;3&#8243;][vc_empty_space][\/vc_column][\/vc_row][vc_row][vc_column width=&#8221;1\/4&#8243;]<div class=\"evc-image-with-text evc-shortcode  evc-shortcode-has-link\">\n\t<div class=\"evc-iwt-image evc-ib-zoom\">\n\t\t\t\t\t<a href=\"http:\/\/koszur.net\/index.php\/moje-morze\/magazyn-morze-2\/\">\n\t\t\t\t\n\t\t\t\t\n\t\t<img decoding=\"async\" width=\"500\" height=\"370\" src=\"https:\/\/koszur.net\/wp-content\/uploads\/2020\/01\/czolowka_morze.jpg\" class=\"attachment-full size-full\" alt=\"Magazyn MORZE\" srcset=\"https:\/\/koszur.net\/wp-content\/uploads\/2020\/01\/czolowka_morze.jpg 500w, https:\/\/koszur.net\/wp-content\/uploads\/2020\/01\/czolowka_morze-300x222.jpg 300w\" sizes=\"(max-width: 500px) 100vw, 500px\" \/>\t\t\n\t\t\t\t\t<\/a>\n\t\t\t<\/div>\n\t<div class=\"evc-iwt-content\">\n\t\t\t\t\t<h4 class=\"evc-iwt-title\" >\n\t\t\t\tMagazyn MORZE\t\t\t<\/h4>\n\t\t\t\t\t\t\t<p class=\"evc-iwt-text\" >celuloidowej fali szum...<\/p>\n\t\t\t<\/div>\n<\/div>\n[vc_empty_space][vc_separator border_width=&#8221;3&#8243;][vc_empty_space]<div class=\"evc-image-with-text evc-shortcode  evc-shortcode-has-link\">\n\t<div class=\"evc-iwt-image evc-ib-zoom\">\n\t\t\t\t\t<a href=\"https:\/\/koszur.net\/index.php\/miasta-z-morza\/\">\n\t\t\t\t\n\t\t\t\t\n\t\t<img decoding=\"async\" width=\"500\" height=\"370\" src=\"https:\/\/koszur.net\/wp-content\/uploads\/2020\/04\/miasta-z-morza-avatar.jpg\" class=\"attachment-full size-full\" alt=\"\" srcset=\"https:\/\/koszur.net\/wp-content\/uploads\/2020\/04\/miasta-z-morza-avatar.jpg 500w, https:\/\/koszur.net\/wp-content\/uploads\/2020\/04\/miasta-z-morza-avatar-300x222.jpg 300w\" sizes=\"(max-width: 500px) 100vw, 500px\" \/>\t\t\n\t\t\t\t\t<\/a>\n\t\t\t<\/div>\n\t<div class=\"evc-iwt-content\">\n\t\t\t\t\t<h4 class=\"evc-iwt-title\" >\n\t\t\t\tMiasta z morza\t\t\t<\/h4>\n\t\t\t\t\t\t\t<p class=\"evc-iwt-text\" >przez nie morze wdziera si\u0119 wg\u0142\u0105b l\u0105dy czy... odwrotnie?<\/p>\n\t\t\t<\/div>\n<\/div>\n[\/vc_column][vc_column width=&#8221;1\/4&#8243;]<div class=\"evc-image-with-text evc-shortcode  evc-shortcode-has-link\">\n\t<div class=\"evc-iwt-image evc-ib-zoom\">\n\t\t\t\t\t<a href=\"http:\/\/koszur.net\/index.php\/ludzie-morza\/\">\n\t\t\t\t\n\t\t\t\t\n\t\t<img decoding=\"async\" width=\"500\" height=\"370\" src=\"https:\/\/koszur.net\/wp-content\/uploads\/2020\/01\/ludzie_z_morza.jpg\" class=\"attachment-full size-full\" alt=\"Ludzie z morza\" srcset=\"https:\/\/koszur.net\/wp-content\/uploads\/2020\/01\/ludzie_z_morza.jpg 500w, https:\/\/koszur.net\/wp-content\/uploads\/2020\/01\/ludzie_z_morza-300x222.jpg 300w\" sizes=\"(max-width: 500px) 100vw, 500px\" \/>\t\t\n\t\t\t\t\t<\/a>\n\t\t\t<\/div>\n\t<div class=\"evc-iwt-content\">\n\t\t\t\t\t<h4 class=\"evc-iwt-title\" >\n\t\t\t\tLudzie z morza\t\t\t<\/h4>\n\t\t\t\t\t\t\t<p class=\"evc-iwt-text\" >Zast\u0119pcy Pana Boga<\/p>\n\t\t\t<\/div>\n<\/div>\n[vc_empty_space][vc_separator border_width=&#8221;3&#8243;][vc_empty_space]<div class=\"evc-image-with-text evc-shortcode  evc-shortcode-has-link\">\n\t<div class=\"evc-iwt-image evc-ib-zoom\">\n\t\t\t\t\t<a href=\"https:\/\/koszur.net\/index.php\/morze_org\/\" target=\"_blank\" title=\"MORZE.ORG\">\n\t\t\t\t\n\t\t\t\t\n\t\t<img decoding=\"async\" width=\"540\" height=\"400\" src=\"https:\/\/koszur.net\/wp-content\/uploads\/2024\/03\/logo_MORZE_ORG_koszur_net.jpg\" class=\"attachment-full size-full\" alt=\"\" srcset=\"https:\/\/koszur.net\/wp-content\/uploads\/2024\/03\/logo_MORZE_ORG_koszur_net.jpg 540w, https:\/\/koszur.net\/wp-content\/uploads\/2024\/03\/logo_MORZE_ORG_koszur_net-300x222.jpg 300w\" sizes=\"(max-width: 540px) 100vw, 540px\" \/>\t\t\n\t\t\t\t\t<\/a>\n\t\t\t<\/div>\n\t<div class=\"evc-iwt-content\">\n\t\t\t\t\t<h4 class=\"evc-iwt-title\" >\n\t\t\t\tMORZE.ORG\t\t\t<\/h4>\n\t\t\t\t\t\t\t<p class=\"evc-iwt-text\" >Tematy, kt\u00f3rym nigdy nie sprzyja\u0142y przyjazne wiatry<\/p>\n\t\t\t<\/div>\n<\/div>\n[\/vc_column][vc_column width=&#8221;1\/4&#8243;]<div class=\"evc-image-with-text evc-shortcode  evc-shortcode-has-link\">\n\t<div class=\"evc-iwt-image evc-ib-zoom\">\n\t\t\t\t\t<a href=\"https:\/\/koszur.net\/index.php\/moje-morze\/morze-w-kulturach-swiata\/\">\n\t\t\t\t\n\t\t\t\t\n\t\t<img decoding=\"async\" width=\"500\" height=\"370\" src=\"https:\/\/koszur.net\/wp-content\/uploads\/2020\/03\/egipscy-wioslarze.jpg\" class=\"attachment-full size-full\" alt=\"\" srcset=\"https:\/\/koszur.net\/wp-content\/uploads\/2020\/03\/egipscy-wioslarze.jpg 500w, https:\/\/koszur.net\/wp-content\/uploads\/2020\/03\/egipscy-wioslarze-300x222.jpg 300w\" sizes=\"(max-width: 500px) 100vw, 500px\" \/>\t\t\n\t\t\t\t\t<\/a>\n\t\t\t<\/div>\n\t<div class=\"evc-iwt-content\">\n\t\t\t\t\t<h4 class=\"evc-iwt-title\" >\n\t\t\t\tMorze w kulturach \u015bwiata\t\t\t<\/h4>\n\t\t\t\t\t\t\t<p class=\"evc-iwt-text\" >Niby to samo, a dla ka\u017cdego inne<\/p>\n\t\t\t<\/div>\n<\/div>\n[\/vc_column][vc_column width=&#8221;1\/4&#8243;]<div class=\"evc-image-with-text evc-shortcode  evc-shortcode-has-link\">\n\t<div class=\"evc-iwt-image evc-ib-zoom\">\n\t\t\t\t\t<a href=\"http:\/\/koszur.net\/index.php\/moje-morze\/legendarne-rejsy\/\" target=\"_blank\" title=\"pierwszy raz naooko\u0142o \u015bwiata\">\n\t\t\t\t\n\t\t\t\t\n\t\t<img decoding=\"async\" width=\"500\" height=\"370\" src=\"https:\/\/koszur.net\/wp-content\/uploads\/2020\/03\/Dar-Pomorza-do-Helsinek-1.jpg\" class=\"attachment-full size-full\" alt=\"\" srcset=\"https:\/\/koszur.net\/wp-content\/uploads\/2020\/03\/Dar-Pomorza-do-Helsinek-1.jpg 500w, https:\/\/koszur.net\/wp-content\/uploads\/2020\/03\/Dar-Pomorza-do-Helsinek-1-300x222.jpg 300w\" sizes=\"(max-width: 500px) 100vw, 500px\" \/>\t\t\n\t\t\t\t\t<\/a>\n\t\t\t<\/div>\n\t<div class=\"evc-iwt-content\">\n\t\t\t\t\t<h4 class=\"evc-iwt-title\" >\n\t\t\t\tLegendarne rejsy\t\t\t<\/h4>\n\t\t\t\t\t\t\t<p class=\"evc-iwt-text\" >Gdy wszystko robiono po raz pierwszy<\/p>\n\t\t\t<\/div>\n<\/div>\n[vc_empty_space][vc_separator border_width=&#8221;3&#8243;][vc_empty_space]<div class=\"evc-image-with-text evc-shortcode  evc-shortcode-has-link\">\n\t<div class=\"evc-iwt-image evc-ib-zoom\">\n\t\t\t\t\t<a href=\"https:\/\/koszur.net\/index.php\/zeglarstwo\/\" target=\"_blank\" title=\"pierwszy raz naooko\u0142o \u015bwiata\">\n\t\t\t\t\n\t\t\t\t\n\t\t<img decoding=\"async\" width=\"500\" height=\"370\" src=\"https:\/\/koszur.net\/wp-content\/uploads\/2020\/04\/zeglarstwo_avatar.jpg\" class=\"attachment-full size-full\" alt=\"Byle na pok\u0142adzie\" srcset=\"https:\/\/koszur.net\/wp-content\/uploads\/2020\/04\/zeglarstwo_avatar.jpg 500w, https:\/\/koszur.net\/wp-content\/uploads\/2020\/04\/zeglarstwo_avatar-300x222.jpg 300w\" sizes=\"(max-width: 500px) 100vw, 500px\" \/>\t\t\n\t\t\t\t\t<\/a>\n\t\t\t<\/div>\n\t<div class=\"evc-iwt-content\">\n\t\t\t\t\t<h4 class=\"evc-iwt-title\" >\n\t\t\t\t\u017beglarstwo\t\t\t<\/h4>\n\t\t\t\t\t\t\t<p class=\"evc-iwt-text\" >Arogancja, lekkomy\u015blno\u015b\u0107 czy wr\u0119cz... konieczno\u015b\u0107?<\/p>\n\t\t\t<\/div>\n<\/div>\n[\/vc_column][\/vc_row]<\/p>\n","protected":false},"excerpt":{"rendered":"<p>[vc_row][vc_column][vc_empty_space][vc_separator border_width=&#8221;3&#8243;][vc_empty_space][\/vc_column][\/vc_row][vc_row][vc_column width=&#8221;1\/4&#8243;][vc_empty_space][vc_separator border_width=&#8221;3&#8243;][vc_empty_space][\/vc_column][vc_column width=&#8221;1\/4&#8243;][vc_empty_space][vc_separator border_width=&#8221;3&#8243;][vc_empty_space][\/vc_column][vc_column width=&#8221;1\/4&#8243;][\/vc_column][vc_column width=&#8221;1\/4&#8243;][vc_empty_space][vc_separator border_width=&#8221;3&#8243;][vc_empty_space][\/vc_column][\/vc_row]<\/p>\n","protected":false},"author":990004,"featured_media":0,"parent":0,"menu_order":0,"comment_status":"closed","ping_status":"closed","template":"","meta":{"footnotes":""},"class_list":["post-2994","page","type-page","status-publish","hentry"],"yoast_head":"<!-- This site is optimized with the Yoast SEO plugin v27.4 - https:\/\/yoast.com\/product\/yoast-seo-wordpress\/ -->\n<title>Moje morze - Marek Koszur tre\u015b\u0107 i cel aktywno\u015bci zawodowej<\/title>\n<meta name=\"description\" content=\"Moje morze we wszelkich jego przejawach w tw\u00f3rczo\u015bci dziennikarskiej, publicystycznej, literackiej. docieranie do \u015bwiadomo\u015bci widz\u00f3w i czytelnik\u00f3w\" \/>\n<meta name=\"robots\" content=\"index, follow, max-snippet:-1, max-image-preview:large, max-video-preview:-1\" \/>\n<link rel=\"canonical\" href=\"https:\/\/koszur.net\/index.php\/moje-morze\/\" \/>\n<meta property=\"og:locale\" content=\"pl_PL\" \/>\n<meta property=\"og:type\" content=\"article\" \/>\n<meta property=\"og:title\" content=\"Moje morze - Marek Koszur tre\u015b\u0107 i cel aktywno\u015bci zawodowej\" \/>\n<meta property=\"og:description\" content=\"Moje morze we wszelkich jego przejawach w tw\u00f3rczo\u015bci dziennikarskiej, publicystycznej, literackiej. docieranie do \u015bwiadomo\u015bci widz\u00f3w i czytelnik\u00f3w\" \/>\n<meta property=\"og:url\" content=\"https:\/\/koszur.net\/index.php\/moje-morze\/\" \/>\n<meta property=\"og:site_name\" content=\"Marek Koszur\" \/>\n<meta property=\"article:modified_time\" content=\"2024-03-23T22:53:32+00:00\" \/>\n<meta name=\"twitter:card\" content=\"summary_large_image\" \/>\n<meta name=\"twitter:label1\" content=\"Szacowany czas czytania\" \/>\n\t<meta name=\"twitter:data1\" content=\"1 minuta\" \/>\n<script type=\"application\/ld+json\" class=\"yoast-schema-graph\">{\"@context\":\"https:\\\/\\\/schema.org\",\"@graph\":[{\"@type\":\"WebPage\",\"@id\":\"https:\\\/\\\/koszur.net\\\/index.php\\\/moje-morze\\\/\",\"url\":\"https:\\\/\\\/koszur.net\\\/index.php\\\/moje-morze\\\/\",\"name\":\"Moje morze - Marek Koszur tre\u015b\u0107 i cel aktywno\u015bci zawodowej\",\"isPartOf\":{\"@id\":\"https:\\\/\\\/koszur.net\\\/#website\"},\"datePublished\":\"2020-01-04T12:51:49+00:00\",\"dateModified\":\"2024-03-23T22:53:32+00:00\",\"description\":\"Moje morze we wszelkich jego przejawach w tw\u00f3rczo\u015bci dziennikarskiej, publicystycznej, literackiej. docieranie do \u015bwiadomo\u015bci widz\u00f3w i czytelnik\u00f3w\",\"breadcrumb\":{\"@id\":\"https:\\\/\\\/koszur.net\\\/index.php\\\/moje-morze\\\/#breadcrumb\"},\"inLanguage\":\"pl-PL\",\"potentialAction\":[{\"@type\":\"ReadAction\",\"target\":[\"https:\\\/\\\/koszur.net\\\/index.php\\\/moje-morze\\\/\"]}]},{\"@type\":\"BreadcrumbList\",\"@id\":\"https:\\\/\\\/koszur.net\\\/index.php\\\/moje-morze\\\/#breadcrumb\",\"itemListElement\":[{\"@type\":\"ListItem\",\"position\":1,\"name\":\"Strona g\u0142\u00f3wna\",\"item\":\"https:\\\/\\\/koszur.net\\\/\"},{\"@type\":\"ListItem\",\"position\":2,\"name\":\"Moje morze\"}]},{\"@type\":\"WebSite\",\"@id\":\"https:\\\/\\\/koszur.net\\\/#website\",\"url\":\"https:\\\/\\\/koszur.net\\\/\",\"name\":\"Marek Koszur\",\"description\":\"\",\"potentialAction\":[{\"@type\":\"SearchAction\",\"target\":{\"@type\":\"EntryPoint\",\"urlTemplate\":\"https:\\\/\\\/koszur.net\\\/?s={search_term_string}\"},\"query-input\":{\"@type\":\"PropertyValueSpecification\",\"valueRequired\":true,\"valueName\":\"search_term_string\"}}],\"inLanguage\":\"pl-PL\"}]}<\/script>\n<!-- \/ Yoast SEO plugin. -->","yoast_head_json":{"title":"Moje morze - Marek Koszur tre\u015b\u0107 i cel aktywno\u015bci zawodowej","description":"Moje morze we wszelkich jego przejawach w tw\u00f3rczo\u015bci dziennikarskiej, publicystycznej, literackiej. docieranie do \u015bwiadomo\u015bci widz\u00f3w i czytelnik\u00f3w","robots":{"index":"index","follow":"follow","max-snippet":"max-snippet:-1","max-image-preview":"max-image-preview:large","max-video-preview":"max-video-preview:-1"},"canonical":"https:\/\/koszur.net\/index.php\/moje-morze\/","og_locale":"pl_PL","og_type":"article","og_title":"Moje morze - Marek Koszur tre\u015b\u0107 i cel aktywno\u015bci zawodowej","og_description":"Moje morze we wszelkich jego przejawach w tw\u00f3rczo\u015bci dziennikarskiej, publicystycznej, literackiej. docieranie do \u015bwiadomo\u015bci widz\u00f3w i czytelnik\u00f3w","og_url":"https:\/\/koszur.net\/index.php\/moje-morze\/","og_site_name":"Marek Koszur","article_modified_time":"2024-03-23T22:53:32+00:00","twitter_card":"summary_large_image","twitter_misc":{"Szacowany czas czytania":"1 minuta"},"schema":{"@context":"https:\/\/schema.org","@graph":[{"@type":"WebPage","@id":"https:\/\/koszur.net\/index.php\/moje-morze\/","url":"https:\/\/koszur.net\/index.php\/moje-morze\/","name":"Moje morze - Marek Koszur tre\u015b\u0107 i cel aktywno\u015bci zawodowej","isPartOf":{"@id":"https:\/\/koszur.net\/#website"},"datePublished":"2020-01-04T12:51:49+00:00","dateModified":"2024-03-23T22:53:32+00:00","description":"Moje morze we wszelkich jego przejawach w tw\u00f3rczo\u015bci dziennikarskiej, publicystycznej, literackiej. docieranie do \u015bwiadomo\u015bci widz\u00f3w i czytelnik\u00f3w","breadcrumb":{"@id":"https:\/\/koszur.net\/index.php\/moje-morze\/#breadcrumb"},"inLanguage":"pl-PL","potentialAction":[{"@type":"ReadAction","target":["https:\/\/koszur.net\/index.php\/moje-morze\/"]}]},{"@type":"BreadcrumbList","@id":"https:\/\/koszur.net\/index.php\/moje-morze\/#breadcrumb","itemListElement":[{"@type":"ListItem","position":1,"name":"Strona g\u0142\u00f3wna","item":"https:\/\/koszur.net\/"},{"@type":"ListItem","position":2,"name":"Moje morze"}]},{"@type":"WebSite","@id":"https:\/\/koszur.net\/#website","url":"https:\/\/koszur.net\/","name":"Marek Koszur","description":"","potentialAction":[{"@type":"SearchAction","target":{"@type":"EntryPoint","urlTemplate":"https:\/\/koszur.net\/?s={search_term_string}"},"query-input":{"@type":"PropertyValueSpecification","valueRequired":true,"valueName":"search_term_string"}}],"inLanguage":"pl-PL"}]}},"_links":{"self":[{"href":"https:\/\/koszur.net\/index.php\/wp-json\/wp\/v2\/pages\/2994","targetHints":{"allow":["GET"]}}],"collection":[{"href":"https:\/\/koszur.net\/index.php\/wp-json\/wp\/v2\/pages"}],"about":[{"href":"https:\/\/koszur.net\/index.php\/wp-json\/wp\/v2\/types\/page"}],"author":[{"embeddable":true,"href":"https:\/\/koszur.net\/index.php\/wp-json\/wp\/v2\/users\/990004"}],"replies":[{"embeddable":true,"href":"https:\/\/koszur.net\/index.php\/wp-json\/wp\/v2\/comments?post=2994"}],"version-history":[{"count":35,"href":"https:\/\/koszur.net\/index.php\/wp-json\/wp\/v2\/pages\/2994\/revisions"}],"predecessor-version":[{"id":7851,"href":"https:\/\/koszur.net\/index.php\/wp-json\/wp\/v2\/pages\/2994\/revisions\/7851"}],"wp:attachment":[{"href":"https:\/\/koszur.net\/index.php\/wp-json\/wp\/v2\/media?parent=2994"}],"curies":[{"name":"wp","href":"https:\/\/api.w.org\/{rel}","templated":true}]}}