{"id":11401,"date":"2023-05-10T10:33:06","date_gmt":"2023-05-10T08:33:06","guid":{"rendered":"https:\/\/koszur.net\/?page_id=11401"},"modified":"2023-05-10T10:33:06","modified_gmt":"2023-05-10T08:33:06","slug":"kanal-7","status":"publish","type":"page","link":"https:\/\/koszur.net\/index.php\/kanal-7\/","title":{"rendered":"Kana\u0142 7"},"content":{"rendered":"<p>[vc_row][vc_column]<div class=\"sc_section\"><div class=\"sc_section_inner\"><\/div><\/div>[vc_column_text]Od czego rozpocz\u0105\u0107 opowie\u015b\u0107 o powstaniu Kana\u0142u 7 Telewizji Szczecin?<\/p>\n<p>Najlepiej \u2013 od pocz\u0105tku.<\/p>\n<p>A co, je\u015bli tych pocz\u0105tk\u00f3w jest kilka?<\/p>\n<p>Od pierwszego z nich.<\/p>\n<p><strong>I tak zrobi\u0119, cho\u0107 nie mog\u0119 si\u0119 powstrzyma\u0107 od stwierdzenia, \u017ce z perspektywy lat widz\u0119 Kana\u0142 7 jako dow\u00f3d na skuteczno\u015b\u0107 alchemii.<\/strong><\/p>\n<p>Wszystko co realnie i materialne, formalne i prawne, finansowe i techniczne \u2013 nie gwarantowa\u0142o sukcesu realizacji tej idei. Trzeba wi\u0119c by\u0142o postawi\u0107 fundament na niezniszczalnym marzeniu i pragnieniu, scalanych pasj\u0105, wielk\u0105 prac\u0105 oraz determinacj\u0105 spotykan\u0105 tylko w gronie neofit\u00f3w. Ludzi wolnych od rutyny i gnu\u015bno\u015bci, odwa\u017cnych i przekonanych, \u017ce \u2013 jak mawia\u0142 pewien \u017ceglarz: rzeczy niemo\u017cliwe wykonujemy natychmiast; cuda \u2013 zabieraj\u0105 nam nieco wi\u0119cej czasu.<\/p>\n<p>&nbsp;<\/p>\n<p>OPOWIE\u015a\u0106 O KANALE 7<\/p>\n<blockquote><p><em>Starszym ku przypomnieniu, <\/em><\/p>\n<p><em>m\u0142odym \u2013 ku o\u015bwieceniu.<\/em><\/p><\/blockquote>\n<p>[\/vc_column_text][vc_empty_space][vc_text_separator title=&#8221;KANA\u0141 7 Telewizji Szczecin 1992 &#8211; 1994&#8243; border_width=&#8221;4&#8243;][vc_empty_space][evc_blog_list type=&#8221;standard&#8221; layout_collections=&#8221;date-on-image&#8221; number_of_columns=&#8221;three&#8221; number_of_posts=&#8221;30&#8243; category=&#8221;kablowka&#8221;][\/vc_column][\/vc_row]<\/p>\n","protected":false},"excerpt":{"rendered":"<p>[vc_row][vc_column][vc_column_text]Od czego rozpocz\u0105\u0107 opowie\u015b\u0107 o powstaniu Kana\u0142u 7 Telewizji Szczecin? Najlepiej \u2013 od pocz\u0105tku. A co, je\u015bli tych pocz\u0105tk\u00f3w jest kilka? Od pierwszego z nich. I tak zrobi\u0119, cho\u0107 nie mog\u0119 si\u0119 powstrzyma\u0107 od stwierdzenia, \u017ce z perspektywy lat widz\u0119 Kana\u0142 7 jako dow\u00f3d na skuteczno\u015b\u0107 alchemii. Wszystko co realnie i materialne, formalne i prawne, [&hellip;]<\/p>\n","protected":false},"author":990004,"featured_media":11417,"parent":0,"menu_order":0,"comment_status":"closed","ping_status":"closed","template":"","meta":{"footnotes":""},"class_list":["post-11401","page","type-page","status-publish","has-post-thumbnail","hentry"],"_links":{"self":[{"href":"https:\/\/koszur.net\/index.php\/wp-json\/wp\/v2\/pages\/11401","targetHints":{"allow":["GET"]}}],"collection":[{"href":"https:\/\/koszur.net\/index.php\/wp-json\/wp\/v2\/pages"}],"about":[{"href":"https:\/\/koszur.net\/index.php\/wp-json\/wp\/v2\/types\/page"}],"author":[{"embeddable":true,"href":"https:\/\/koszur.net\/index.php\/wp-json\/wp\/v2\/users\/990004"}],"replies":[{"embeddable":true,"href":"https:\/\/koszur.net\/index.php\/wp-json\/wp\/v2\/comments?post=11401"}],"version-history":[{"count":7,"href":"https:\/\/koszur.net\/index.php\/wp-json\/wp\/v2\/pages\/11401\/revisions"}],"predecessor-version":[{"id":11416,"href":"https:\/\/koszur.net\/index.php\/wp-json\/wp\/v2\/pages\/11401\/revisions\/11416"}],"wp:featuredmedia":[{"embeddable":true,"href":"https:\/\/koszur.net\/index.php\/wp-json\/wp\/v2\/media\/11417"}],"wp:attachment":[{"href":"https:\/\/koszur.net\/index.php\/wp-json\/wp\/v2\/media?parent=11401"}],"curies":[{"name":"wp","href":"https:\/\/api.w.org\/{rel}","templated":true}]}}