{"id":10283,"date":"2023-01-01T15:20:07","date_gmt":"2023-01-01T14:20:07","guid":{"rendered":"https:\/\/koszur.net\/?page_id=10283"},"modified":"2023-03-17T17:09:07","modified_gmt":"2023-03-17T16:09:07","slug":"wozny","status":"publish","type":"page","link":"https:\/\/koszur.net\/index.php\/wozny\/","title":{"rendered":"Raporty Wo\u017anego"},"content":{"rendered":"<p>[vc_row][vc_column]<div class=\"sc_section\"><div class=\"sc_section_inner\">[vc_separator border_width=&#8221;4&#8243;][vc_empty_space][vc_column_text]Korytarz.<\/p>\n<p>Ten najwa\u017cniejszy.<\/p>\n<p>Po lewej i po prawej stronie szeregi zamkni\u0119tych drzwi, kt\u00f3rych nie wida\u0107. Na \u015brodku &#8211; moje biurko. Za nim d\u0142ugie, lekko faluj\u0105ce kotary. Cisza&#8230; W k\u0105cie &#8211; jakie\u015b Skulisko z zamkni\u0119tymi oczami? Im bardziej si\u0119 w nie wpatruj\u0119, tym mniej szczeg\u00f3\u0142\u00f3w dostrzegam. Odnosz\u0119 wra\u017cenie, \u017ce sk\u0105d\u015b dobiega ten charakterystyczny odg\u0142os spadaj\u0105cej gwiazdy. Co ona w sobie niesie?<\/p>\n<p>Patrz\u0119 i s\u0142ucham. Raportuj\u0119. Przekazuj\u0119 dalej pro\u015bby, wnioski, postulaty odwiedzaj\u0105cych mnie os\u00f3b. Trafia tu ka\u017cdy, kto wyczerpie wszystkie dost\u0119pne mu mo\u017cliwo\u015bci.<\/p>\n<p>Zdaj\u0119 sobie spraw\u0119 z odpowiedzialno\u015bci, jak\u0105 ponosz\u0119 wobec wszystkich petent\u00f3w. Ufaj\u0105 mi, wierz\u0105, \u017ce pomog\u0119.<\/p>\n<p>Tak, jestem<strong> Wo\u017anym Korytarza<\/strong>&#8230;[\/vc_column_text]<\/div><\/div>[vc_empty_space][vc_text_separator title=&#8221;Marzec 2023&#8243; border_width=&#8221;3&#8243;][vc_empty_space][evc_blog_list type=&#8221;standard&#8221; layout_collections=&#8221;date-on-image&#8221; number_of_columns=&#8221;three&#8221; image_proportions=&#8221;medium&#8221; title_tag=&#8221;h1&#8243; number_of_posts=&#8221;32&#8243; excerpt_length=&#8221;250&#8243; category=&#8221;wozny03&#8243;][vc_empty_space][vc_text_separator title=&#8221;Luty 2023&#8243; border_width=&#8221;3&#8243;][vc_empty_space][evc_blog_list type=&#8221;standard&#8221; layout_collections=&#8221;date-on-image&#8221; number_of_columns=&#8221;three&#8221; image_proportions=&#8221;medium&#8221; title_tag=&#8221;h1&#8243; number_of_posts=&#8221;30&#8243; excerpt_length=&#8221;250&#8243; category=&#8221;wozny02&#8243;][vc_empty_space][vc_text_separator title=&#8221;Stycze\u0144 2023&#8243; border_width=&#8221;3&#8243;][vc_empty_space][evc_blog_list type=&#8221;standard&#8221; layout_collections=&#8221;date-on-image&#8221; number_of_columns=&#8221;three&#8221; image_proportions=&#8221;medium&#8221; title_tag=&#8221;h1&#8243; number_of_posts=&#8221;365&#8243; excerpt_length=&#8221;250&#8243; category=&#8221;wozny&#8221;][vc_empty_space][\/vc_column][\/vc_row]<\/p>\n","protected":false},"excerpt":{"rendered":"<p>[vc_row][vc_column][vc_empty_space][vc_text_separator title=&#8221;Marzec 2023&#8243; border_width=&#8221;3&#8243;][vc_empty_space][evc_blog_list type=&#8221;standard&#8221; layout_collections=&#8221;date-on-image&#8221; number_of_columns=&#8221;three&#8221; image_proportions=&#8221;medium&#8221; title_tag=&#8221;h1&#8243; number_of_posts=&#8221;32&#8243; excerpt_length=&#8221;250&#8243; category=&#8221;wozny03&#8243;][vc_empty_space][vc_text_separator title=&#8221;Luty 2023&#8243; border_width=&#8221;3&#8243;][vc_empty_space][evc_blog_list type=&#8221;standard&#8221; layout_collections=&#8221;date-on-image&#8221; number_of_columns=&#8221;three&#8221; image_proportions=&#8221;medium&#8221; title_tag=&#8221;h1&#8243; number_of_posts=&#8221;30&#8243; excerpt_length=&#8221;250&#8243; category=&#8221;wozny02&#8243;][vc_empty_space][vc_text_separator title=&#8221;Stycze\u0144 2023&#8243; border_width=&#8221;3&#8243;][vc_empty_space][evc_blog_list type=&#8221;standard&#8221; layout_collections=&#8221;date-on-image&#8221; number_of_columns=&#8221;three&#8221; image_proportions=&#8221;medium&#8221; title_tag=&#8221;h1&#8243; number_of_posts=&#8221;365&#8243; excerpt_length=&#8221;250&#8243; category=&#8221;wozny&#8221;][vc_empty_space][\/vc_column][\/vc_row]<\/p>\n","protected":false},"author":990004,"featured_media":10285,"parent":0,"menu_order":0,"comment_status":"closed","ping_status":"closed","template":"","meta":{"footnotes":""},"class_list":["post-10283","page","type-page","status-publish","has-post-thumbnail","hentry"],"_links":{"self":[{"href":"https:\/\/koszur.net\/index.php\/wp-json\/wp\/v2\/pages\/10283","targetHints":{"allow":["GET"]}}],"collection":[{"href":"https:\/\/koszur.net\/index.php\/wp-json\/wp\/v2\/pages"}],"about":[{"href":"https:\/\/koszur.net\/index.php\/wp-json\/wp\/v2\/types\/page"}],"author":[{"embeddable":true,"href":"https:\/\/koszur.net\/index.php\/wp-json\/wp\/v2\/users\/990004"}],"replies":[{"embeddable":true,"href":"https:\/\/koszur.net\/index.php\/wp-json\/wp\/v2\/comments?post=10283"}],"version-history":[{"count":15,"href":"https:\/\/koszur.net\/index.php\/wp-json\/wp\/v2\/pages\/10283\/revisions"}],"predecessor-version":[{"id":11256,"href":"https:\/\/koszur.net\/index.php\/wp-json\/wp\/v2\/pages\/10283\/revisions\/11256"}],"wp:featuredmedia":[{"embeddable":true,"href":"https:\/\/koszur.net\/index.php\/wp-json\/wp\/v2\/media\/10285"}],"wp:attachment":[{"href":"https:\/\/koszur.net\/index.php\/wp-json\/wp\/v2\/media?parent=10283"}],"curies":[{"name":"wp","href":"https:\/\/api.w.org\/{rel}","templated":true}]}}